{"id":28739,"date":"2026-02-24T14:10:34","date_gmt":"2026-02-24T13:10:34","guid":{"rendered":"https:\/\/itwgse.com\/installations-et-bureaux\/"},"modified":"2026-03-18T15:35:30","modified_gmt":"2026-03-18T14:35:30","slug":"installations-et-bureaux","status":"publish","type":"page","link":"https:\/\/itwgse.com\/fr\/installations-et-bureaux\/","title":{"rendered":"Installations et bureaux"},"content":{"rendered":"<div id=\"pl-28739\"  class=\"panel-layout\" ><div id=\"pg-28739-0\"  class=\"panel-grid panel-no-style\" ><div id=\"pgc-28739-0-0\"  class=\"panel-grid-cell\" ><div id=\"panel-28739-0-0-0\" class=\"so-panel widget widget_mtt-cover-section panel-first-child panel-last-child\" data-index=\"0\" ><div\n\t\t\t\n\t\t\tclass=\"so-widget-mtt-cover-section so-widget-mtt-cover-section-base\"\n\t\t\t\n\t\t>\n<div class=\"mtt-cover-section-wrap compact extra-small\">\n\t<div class=\"mtt-cover-curve\">\n\t\t<img decoding=\"async\"  src=\"https:\/\/itwgse.com\/wp-content\/themes\/mtt-standard-theme\/assets\/img\/cover\/itwgse_cut.svg\">\t<\/div>\n    <div class=\"mtt-cover-compact-background object-fit\">\n                    <img decoding=\"async\"\n                src=\"https:\/\/itwgse.com\/wp-content\/uploads\/2022\/01\/ITWGSE-facilities-cover.png\"\n                alt=\"\"\n                data-skip-lazy\n            >\n                            <\/div>\n    <div class=\"mtt-cover-compact-container\">\n        <div class=\"mtt-cover-section-text\">\n            <h1>Installations et bureaux<\/h1>\n                    <\/div>\n    <\/div>\n<\/div>\n<\/div><\/div><\/div><\/div><div id=\"pg-28739-1\"  class=\"panel-grid panel-no-style\" ><div id=\"pgc-28739-1-0\"  class=\"panel-grid-cell\" ><div id=\"panel-28739-1-0-0\" class=\"so-panel widget widget_mtt-contact-info panel-first-child\" data-index=\"1\" ><div\n\t\t\t\n\t\t\tclass=\"so-widget-mtt-contact-info so-widget-mtt-contact-info-base\"\n\t\t\t\n\t\t>\n<div class=\"mtt-contact-info-wrapper\">\n    <div class=\"mtt-contact-info-container page_container\">\n        \n                            <div class=\"mtt-contact-info-content formatted_content\">\n                <div class=\"mtt-contact-info-title\">\n                    ITW GSE ApS                <\/div>\n                <ul>\n<li>Smedebakken 31-33<\/li>\n<li>DK-5270 Odense N<\/li>\n<li>Danemark<\/li>\n<li>Tel : <a href=\"tel:+4563186000\">(+45) 63 18 60 00<\/a><\/li>\n<li>Courrier : <a href=\"mailto:sales@itwgse.com\">sales@itwgse.com<\/a><\/li>\n<li>Courrier : <a href=\"mailto:support@itwgse.com\">support@itwgse.com<\/a><\/li>\n<li><strong>Heures d'ouverture<\/strong><\/li>\n<li>Lundi - jeudi : 8.00 - 16.00 CET<\/li>\n<li>Vendredi : 8.00 - 15.00 CET<\/li>\n<\/ul>\n            <\/div>\n                    <div class=\"mtt-contact-info-content formatted_content\">\n                <div class=\"mtt-contact-info-title\">\n                    ITW GSE Inc.                <\/div>\n                <ul>\n<li>11001 US Highway 41 North<\/li>\n<li>Palmetto, FL 34221<\/li>\n<li>\u00c9TATS-UNIS<\/li>\n<li>T\u00e9l : <a href=\"tel:+0019417211000\">(+1) 941 721 1000<\/a><\/li>\n<li>Courrier : <a href=\"mailto:sales.americas@itwgse.com\">sales.americas@itwgse.com<\/a><\/li>\n<li>Courrier : <a href=\"mailto:support.americas@itwgse.com\">support.americas@itwgse.com<\/a><\/li>\n<li>\n<\/li><\/ul>\n            <\/div>\n                    <div class=\"mtt-contact-info-content formatted_content\">\n                <div class=\"mtt-contact-info-title\">\n                    ITW GSE (Branche)                <\/div>\n                <ul>\n<li>Bureau 29G - \u00c9tage 29<\/li>\n<li>Tour d'or<\/li>\n<li>Tour des lacs de Jumeirah<\/li>\n<li>Duba\u00ef<\/li>\n<li>Courrier : <a href=\"mailto:sales@itwgse.com\">sales@itwgse.com<\/a><\/li>\n<li>Courrier : <a href=\"mailto:support@itwgse.com\">support@itwgse.com<\/a><\/li>\n<\/ul>\n            <\/div>\n                    <div class=\"mtt-contact-info-content formatted_content\">\n                <div class=\"mtt-contact-info-title\">\n                                    <\/div>\n                            <\/div>\n                    <div class=\"mtt-contact-info-content formatted_content\">\n                <div class=\"mtt-contact-info-title\">\n                    ITW GSE Asie-Pacifique                <\/div>\n                <ul>\n<li>Platinum 28<br>28 Genting Lane, #05-04,<br>Singapour 349585<\/li>\n<li>Courrier : <a href=\"mailto:sales@itwgse.com\">sales@itwgse.com<\/a><\/li>\n<li>Courrier : <a href=\"mailto:support@itwgse.com\">support@itwgse.com<\/a><\/li>\n<\/ul>\n            <\/div>\n            <\/div>\n<\/div><\/div><\/div><div id=\"panel-28739-1-0-1\" class=\"so-panel widget widget_mtt-customer-support panel-last-child\" data-index=\"2\" ><div\n\t\t\t\n\t\t\tclass=\"so-widget-mtt-customer-support so-widget-mtt-customer-support-base\"\n\t\t\t\n\t\t>\n<div class=\"mtt-text-image-wrap less-top-padding less-bottom-padding grey-bg\">\n        <!-- Content -->\n    <div class=\"mtt-text-image-container\">\n        <div class=\"mtt-text-image-col\">\n            <div class=\"mtt-text-image-content formatted_content\">\n                                <h2>Assistance client\u00e8le<\/h2>\n                <p><strong>Comment pouvons-nous vous aider\u00a0?<\/strong><\/p>\n<p>Besoin de sch\u00e9mas, de listes de pi\u00e8ces d\u00e9tach\u00e9es ou de tutoriels vid\u00e9o\u00a0? Cliquez sur le bouton \u00ab\u00a0Assistance produit\u00a0\u00bb.<\/p>\n<p>Des questions pour l\u2019assistance client\u00e8le\u00a0? Cliquez sur le bouton \u00ab\u00a0Contacter l\u2019assistance client\u00e8le\u00a0\u00bb.<\/p>\n<p>Si votre question concerne un produit sp\u00e9cifique, veuillez indiquer son num\u00e9ro de s\u00e9rie.<\/p>\n\n                                    <div class=\"button-wrap\">\n                                                    <a href=\"https:\/\/itwgse.com\/fr\/soutien-et-service\/\" class=\"button\">\n                                Assistance produit                            <\/a>\n                                                    <a href=\"https:\/\/itwgse.com\/fr\/contact\/\" class=\"button\">\n                                Contacter l\u2019assistance client\u00e8le                            <\/a>\n                                            <\/div>\n                            <\/div>\n        <\/div>\n                    <div class=\"mtt-text-image-col img center\">\n                <div class=\"mtt-text-image-content\">\n                    <img decoding=\"async\" width=\"1800\" height=\"1023\" src=\"https:\/\/itwgse.com\/wp-content\/uploads\/2018\/06\/ITWGSE_hero_cleanest-1.jpg\" class=\"attachment-full size-full\" alt=\"\" srcset=\"https:\/\/itwgse.com\/wp-content\/uploads\/2018\/06\/ITWGSE_hero_cleanest-1.jpg 1800w, https:\/\/itwgse.com\/wp-content\/uploads\/2018\/06\/ITWGSE_hero_cleanest-1-300x171.jpg 300w, https:\/\/itwgse.com\/wp-content\/uploads\/2018\/06\/ITWGSE_hero_cleanest-1-1024x582.jpg 1024w\" sizes=\"(max-width: 1800px) 100vw, 1800px\" \/>                \n                    \n                    \n                <\/div>\n            <\/div>\n            <\/div>\n<\/div>\n\n<script>\nfunction sendEvent(action, element) {\n    var videoTitle = jQuery(element).data('title');  \n\n    if (dataLayer && videoTitle) {\n        dataLayer.push({\n            'event': 'video',\n            'eventCategory': 'Video',\n            'eventAction': action,\n            'eventLabel': videoTitle\n        });\n    }\n    else if (ga && videoTitle) {\n        ga('send', 'event', 'Video', action, videoTitle);\n    }  \n}\n<\/script>\n<\/div><\/div><\/div><\/div><\/div>","protected":false},"excerpt":{"rendered":"<p>Installations et bureaux ITW GSE ApS Smedebakken 31-33 DK-5270 Odense N Danemark Tel : (+45) 63 18 60 00 Courrier : sales@itwgse.com Courrier :&#8230;<\/p>\n","protected":false},"author":1,"featured_media":0,"parent":0,"menu_order":290,"comment_status":"closed","ping_status":"closed","template":"","meta":{"_acf_changed":false,"_relevanssi_hide_post":"","_relevanssi_hide_content":"","_relevanssi_pin_for_all":"","_relevanssi_pin_keywords":"","_relevanssi_unpin_keywords":"","_relevanssi_related_keywords":"","_relevanssi_related_include_ids":"","_relevanssi_related_exclude_ids":"","_relevanssi_related_no_append":"","_relevanssi_related_not_related":"","_relevanssi_related_posts":"","_relevanssi_noindex_reason":"","footnotes":""},"class_list":["post-28739","page","type-page","status-publish","hentry"],"acf":[],"yoast_head":"<!-- This site is optimized with the Yoast SEO plugin v27.0 - https:\/\/yoast.com\/product\/yoast-seo-wordpress\/ -->\n<title>Installations et bureaux - Trouvez l&#039;installation ou le bureau que vous cherchez | ITW GSE<\/title>\n<meta name=\"description\" content=\"Trouvez ici les installations et les bureaux d&#039;ITW GSE. Entrez en contact par e-mail ou par t\u00e9l\u00e9phone avec l&#039;installation ou le bureau que vous recherchez. Trouvez l&#039;information ici.\" \/>\n<meta name=\"robots\" content=\"index, follow, max-snippet:-1, max-image-preview:large, max-video-preview:-1\" \/>\n<link rel=\"canonical\" href=\"https:\/\/itwgse.com\/fr\/installations-et-bureaux\/\" \/>\n<meta property=\"og:locale\" content=\"fr_FR\" \/>\n<meta property=\"og:type\" content=\"article\" \/>\n<meta property=\"og:title\" content=\"Installations et bureaux - Trouvez l&#039;installation ou le bureau que vous cherchez | ITW GSE\" \/>\n<meta property=\"og:description\" content=\"Trouvez ici les installations et les bureaux d&#039;ITW GSE. Entrez en contact par e-mail ou par t\u00e9l\u00e9phone avec l&#039;installation ou le bureau que vous recherchez. Trouvez l&#039;information ici.\" \/>\n<meta property=\"og:url\" content=\"https:\/\/itwgse.com\/fr\/installations-et-bureaux\/\" \/>\n<meta property=\"og:site_name\" content=\"ITW GSE\" \/>\n<meta property=\"article:publisher\" content=\"https:\/\/www.facebook.com\/ITWGSE\/\" \/>\n<meta property=\"article:modified_time\" content=\"2026-03-18T14:35:30+00:00\" \/>\n<meta name=\"twitter:card\" content=\"summary_large_image\" \/>\n<script type=\"application\/ld+json\" class=\"yoast-schema-graph\">{\"@context\":\"https:\/\/schema.org\",\"@graph\":[{\"@type\":\"WebPage\",\"@id\":\"https:\/\/itwgse.com\/fr\/installations-et-bureaux\/\",\"url\":\"https:\/\/itwgse.com\/fr\/installations-et-bureaux\/\",\"name\":\"Installations et bureaux - Trouvez l'installation ou le bureau que vous cherchez | ITW GSE\",\"isPartOf\":{\"@id\":\"https:\/\/itwgse.com\/#website\"},\"datePublished\":\"2026-02-24T13:10:34+00:00\",\"dateModified\":\"2026-03-18T14:35:30+00:00\",\"description\":\"Trouvez ici les installations et les bureaux d'ITW GSE. Entrez en contact par e-mail ou par t\u00e9l\u00e9phone avec l'installation ou le bureau que vous recherchez. Trouvez l'information ici.\",\"breadcrumb\":{\"@id\":\"https:\/\/itwgse.com\/fr\/installations-et-bureaux\/#breadcrumb\"},\"inLanguage\":\"fr-FR\",\"potentialAction\":[{\"@type\":\"ReadAction\",\"target\":[\"https:\/\/itwgse.com\/fr\/installations-et-bureaux\/\"]}]},{\"@type\":\"BreadcrumbList\",\"@id\":\"https:\/\/itwgse.com\/fr\/installations-et-bureaux\/#breadcrumb\",\"itemListElement\":[{\"@type\":\"ListItem\",\"position\":1,\"name\":\"Home\",\"item\":\"https:\/\/itwgse.com\/fr\/\"},{\"@type\":\"ListItem\",\"position\":2,\"name\":\"Installations et bureaux\"}]},{\"@type\":\"WebSite\",\"@id\":\"https:\/\/itwgse.com\/#website\",\"url\":\"https:\/\/itwgse.com\/\",\"name\":\"ITW GSE\",\"description\":\"It&#039;s all about connections\",\"publisher\":{\"@id\":\"https:\/\/itwgse.com\/#organization\"},\"potentialAction\":[{\"@type\":\"SearchAction\",\"target\":{\"@type\":\"EntryPoint\",\"urlTemplate\":\"https:\/\/itwgse.com\/?s={search_term_string}\"},\"query-input\":{\"@type\":\"PropertyValueSpecification\",\"valueRequired\":true,\"valueName\":\"search_term_string\"}}],\"inLanguage\":\"fr-FR\"},{\"@type\":\"Organization\",\"@id\":\"https:\/\/itwgse.com\/#organization\",\"name\":\"ITW GSE\",\"url\":\"https:\/\/itwgse.com\/\",\"logo\":{\"@type\":\"ImageObject\",\"inLanguage\":\"fr-FR\",\"@id\":\"https:\/\/itwgse.com\/#\/schema\/logo\/image\/\",\"url\":\"https:\/\/itwgse.com\/wp-content\/uploads\/2018\/11\/logo.png\",\"contentUrl\":\"https:\/\/itwgse.com\/wp-content\/uploads\/2018\/11\/logo.png\",\"width\":302,\"height\":237,\"caption\":\"ITW GSE\"},\"image\":{\"@id\":\"https:\/\/itwgse.com\/#\/schema\/logo\/image\/\"},\"sameAs\":[\"https:\/\/www.facebook.com\/ITWGSE\/\",\"https:\/\/www.linkedin.com\/company\/itw-gse\/\",\"https:\/\/www.youtube.com\/channel\/UCTUIMvyaOPfYIqzP8enZ8yw\"]}]}<\/script>\n<!-- \/ Yoast SEO plugin. -->","yoast_head_json":{"title":"Installations et bureaux - Trouvez l'installation ou le bureau que vous cherchez | ITW GSE","description":"Trouvez ici les installations et les bureaux d'ITW GSE. Entrez en contact par e-mail ou par t\u00e9l\u00e9phone avec l'installation ou le bureau que vous recherchez. Trouvez l'information ici.","robots":{"index":"index","follow":"follow","max-snippet":"max-snippet:-1","max-image-preview":"max-image-preview:large","max-video-preview":"max-video-preview:-1"},"canonical":"https:\/\/itwgse.com\/fr\/installations-et-bureaux\/","og_locale":"fr_FR","og_type":"article","og_title":"Installations et bureaux - Trouvez l'installation ou le bureau que vous cherchez | ITW GSE","og_description":"Trouvez ici les installations et les bureaux d'ITW GSE. Entrez en contact par e-mail ou par t\u00e9l\u00e9phone avec l'installation ou le bureau que vous recherchez. Trouvez l'information ici.","og_url":"https:\/\/itwgse.com\/fr\/installations-et-bureaux\/","og_site_name":"ITW GSE","article_publisher":"https:\/\/www.facebook.com\/ITWGSE\/","article_modified_time":"2026-03-18T14:35:30+00:00","twitter_card":"summary_large_image","schema":{"@context":"https:\/\/schema.org","@graph":[{"@type":"WebPage","@id":"https:\/\/itwgse.com\/fr\/installations-et-bureaux\/","url":"https:\/\/itwgse.com\/fr\/installations-et-bureaux\/","name":"Installations et bureaux - Trouvez l'installation ou le bureau que vous cherchez | ITW GSE","isPartOf":{"@id":"https:\/\/itwgse.com\/#website"},"datePublished":"2026-02-24T13:10:34+00:00","dateModified":"2026-03-18T14:35:30+00:00","description":"Trouvez ici les installations et les bureaux d'ITW GSE. Entrez en contact par e-mail ou par t\u00e9l\u00e9phone avec l'installation ou le bureau que vous recherchez. Trouvez l'information ici.","breadcrumb":{"@id":"https:\/\/itwgse.com\/fr\/installations-et-bureaux\/#breadcrumb"},"inLanguage":"fr-FR","potentialAction":[{"@type":"ReadAction","target":["https:\/\/itwgse.com\/fr\/installations-et-bureaux\/"]}]},{"@type":"BreadcrumbList","@id":"https:\/\/itwgse.com\/fr\/installations-et-bureaux\/#breadcrumb","itemListElement":[{"@type":"ListItem","position":1,"name":"Home","item":"https:\/\/itwgse.com\/fr\/"},{"@type":"ListItem","position":2,"name":"Installations et bureaux"}]},{"@type":"WebSite","@id":"https:\/\/itwgse.com\/#website","url":"https:\/\/itwgse.com\/","name":"ITW GSE","description":"It&#039;s all about connections","publisher":{"@id":"https:\/\/itwgse.com\/#organization"},"potentialAction":[{"@type":"SearchAction","target":{"@type":"EntryPoint","urlTemplate":"https:\/\/itwgse.com\/?s={search_term_string}"},"query-input":{"@type":"PropertyValueSpecification","valueRequired":true,"valueName":"search_term_string"}}],"inLanguage":"fr-FR"},{"@type":"Organization","@id":"https:\/\/itwgse.com\/#organization","name":"ITW GSE","url":"https:\/\/itwgse.com\/","logo":{"@type":"ImageObject","inLanguage":"fr-FR","@id":"https:\/\/itwgse.com\/#\/schema\/logo\/image\/","url":"https:\/\/itwgse.com\/wp-content\/uploads\/2018\/11\/logo.png","contentUrl":"https:\/\/itwgse.com\/wp-content\/uploads\/2018\/11\/logo.png","width":302,"height":237,"caption":"ITW GSE"},"image":{"@id":"https:\/\/itwgse.com\/#\/schema\/logo\/image\/"},"sameAs":["https:\/\/www.facebook.com\/ITWGSE\/","https:\/\/www.linkedin.com\/company\/itw-gse\/","https:\/\/www.youtube.com\/channel\/UCTUIMvyaOPfYIqzP8enZ8yw"]}]}},"_links":{"self":[{"href":"https:\/\/itwgse.com\/fr\/wp-json\/wp\/v2\/pages\/28739","targetHints":{"allow":["GET"]}}],"collection":[{"href":"https:\/\/itwgse.com\/fr\/wp-json\/wp\/v2\/pages"}],"about":[{"href":"https:\/\/itwgse.com\/fr\/wp-json\/wp\/v2\/types\/page"}],"author":[{"embeddable":true,"href":"https:\/\/itwgse.com\/fr\/wp-json\/wp\/v2\/users\/1"}],"replies":[{"embeddable":true,"href":"https:\/\/itwgse.com\/fr\/wp-json\/wp\/v2\/comments?post=28739"}],"version-history":[{"count":1,"href":"https:\/\/itwgse.com\/fr\/wp-json\/wp\/v2\/pages\/28739\/revisions"}],"predecessor-version":[{"id":45468,"href":"https:\/\/itwgse.com\/fr\/wp-json\/wp\/v2\/pages\/28739\/revisions\/45468"}],"wp:attachment":[{"href":"https:\/\/itwgse.com\/fr\/wp-json\/wp\/v2\/media?parent=28739"}],"curies":[{"name":"wp","href":"https:\/\/api.w.org\/{rel}","templated":true}]}}