{"id":28744,"date":"2026-02-24T14:10:37","date_gmt":"2026-02-24T13:10:37","guid":{"rendered":"https:\/\/itwgse.com\/conditions-generales-de-garantie\/"},"modified":"2026-02-24T14:10:37","modified_gmt":"2026-02-24T13:10:37","slug":"conditions-generales-de-garantie","status":"publish","type":"page","link":"https:\/\/itwgse.com\/fr\/conditions-generales-de-garantie\/","title":{"rendered":"Conditions g\u00e9n\u00e9rales de garantie"},"content":{"rendered":"<div id=\"pl-28744\"  class=\"panel-layout\" ><div id=\"pg-28744-0\"  class=\"panel-grid panel-no-style\" ><div id=\"pgc-28744-0-0\"  class=\"panel-grid-cell\" ><div id=\"panel-28744-0-0-0\" class=\"so-panel widget widget_mtt-cover-section panel-first-child panel-last-child\" data-index=\"0\" ><div\n\t\t\t\n\t\t\tclass=\"so-widget-mtt-cover-section so-widget-mtt-cover-section-base\"\n\t\t\t\n\t\t>\n<div class=\"mtt-cover-section-wrap compact extra-small\">\n\t<div class=\"mtt-cover-curve\">\n\t\t<img decoding=\"async\"  src=\"https:\/\/itwgse.com\/wp-content\/themes\/mtt-standard-theme\/assets\/img\/cover\/itwgse_cut.svg\">\t<\/div>\n    <div class=\"mtt-cover-compact-background object-fit overlay\">\n                            <\/div>\n    <div class=\"mtt-cover-compact-container\">\n        <div class=\"mtt-cover-section-text\">\n            <h1>Conditions g\u00e9n\u00e9rales de garantie<\/h1>\n                    <\/div>\n    <\/div>\n<\/div>\n<\/div><\/div><\/div><\/div><div id=\"pg-28744-1\"  class=\"panel-grid panel-no-style\" ><div id=\"pgc-28744-1-0\"  class=\"panel-grid-cell\" ><div id=\"panel-28744-1-0-0\" class=\"so-panel widget widget_mtt-two-col-text panel-first-child panel-last-child\" data-index=\"1\" ><div\n\t\t\t\n\t\t\tclass=\"so-widget-mtt-two-col-text so-widget-mtt-two-col-text-base\"\n\t\t\t\n\t\t>\n<div class=\"mtt-two-col-wrapper\">\n    <div class=\"mtt-two-col-container\">\n        <div class=\"mtt-two-col-content has-title\">\n                            <h2>Extrait des conditions g\u00e9n\u00e9rales de vente d'ITW GSE<\/h2>\n                        <div class=\"text-section\">\n                <div class=\"col formatted_content\"><p><strong>Dat\u00e9 du 20 janvier 2020 - R\u00e9vision : A<\/strong><\/p>\n<p>(version compl\u00e8te \u00e0 t\u00e9l\u00e9charger en bas de page)<\/p>\n<p>\u00a7 7. Garantie <\/p>\n<p>Garantie. ITW garantit qu'il transmettra les produits libres et exempts de tous privil\u00e8ges, int\u00e9r\u00eats de s\u00e9curit\u00e9 et charges cr\u00e9\u00e9s par, \u00e0 travers ou sous ITW. ITW garantit en outre que pendant la p\u00e9riode de garantie applicable (d\u00e9finie ci-dessous), dans des conditions normales d'utilisation, d'installation et d'entretien, telles que d\u00e9termin\u00e9es par ITW, les produits : (a) seront conformes aux sp\u00e9cifications \u00e9crites ou autres descriptions convenues d'un commun accord ; et (b) seront exempts de d\u00e9fauts substantiels de mati\u00e8re et de fabrication.    <\/p>\n<p>La p\u00e9riode de garantie commence \u00e0 la date d'exp\u00e9dition et se poursuit pendant la p\u00e9riode indiqu\u00e9e ci-dessous :<br \/>GPU d'entra\u00eenement du moteur (autres que les sous-ensembles du moteur et du g\u00e9n\u00e9rateur) : 24 mois.<br \/>Moteur : 24 mois ou 2 000 heures de fonctionnement, la premi\u00e8re \u00e9ch\u00e9ance pr\u00e9valant. Minimum 12 mois, quelles que soient les heures de fonctionnement du moteur.<br \/>Moteur d'entra\u00eenement GPU G\u00e9n\u00e9rateur : 24 mois.<br \/>\u00c9quipement GPU aliment\u00e9 en ligne : Composants \u00e9lectriques 24 mois.<br \/>\u00c9quipement GPU aliment\u00e9 par ligne : Composants m\u00e9caniques 24 mois.<br \/>\u00c9quipement PCA aliment\u00e9 par ligne : 12 mois.<br \/>\u00c9quipement GPU aliment\u00e9 par batterie : Composants \u00e9lectriques 24 mois.<br \/>\u00c9quipement GPU aliment\u00e9 par batterie : Batteries 60 mois. Les conditions s'appliquent, voir la section 5.0 du manuel d'utilisation original ITW GSE 7400, fourni avec la machine ou disponible sur demande.<br \/>Pi\u00e8ces de rechange garanties : Le reste de la p\u00e9riode de garantie d'origine ou 6 mois, la dur\u00e9e la plus longue \u00e9tant retenue.<br \/>Accessoires : 6 mois.<br \/>Pi\u00e8ces de rechange : 6 mois.  <\/p>\n<\/div>\n                <div class=\"col formatted_content\"><p>En cas de violation des garanties \u00e9nonc\u00e9es ci-dessus (les \" Garanties \"), la seule responsabilit\u00e9 d'ITW et le seul recours de l'Acheteur seront (au choix d'ITW) la r\u00e9paration, le remplacement ou le cr\u00e9dit du compte de l'Acheteur de tout Produit non conforme aux Garanties, \u00e0 condition que (i) pendant la P\u00e9riode de garantie, ITW soit rapidement inform\u00e9 par \u00e9crit de la d\u00e9couverte d'une telle d\u00e9faillance, avec une explication d\u00e9taill\u00e9e des d\u00e9fauts all\u00e9gu\u00e9s ; (ii) ITW ait la possibilit\u00e9 d'examiner toutes les r\u00e9clamations ; et (iii) l'examen du produit par ITW confirme les d\u00e9fauts all\u00e9gu\u00e9s et que les d\u00e9fauts n'ont pas \u00e9t\u00e9 caus\u00e9s par un accident, une mauvaise utilisation, une n\u00e9gligence, une installation incorrecte, une modification ou une r\u00e9paration non autoris\u00e9e ou un test inappropri\u00e9.   <\/p>\n<p>Aucun produit ne peut \u00eatre retourn\u00e9 \u00e0 ITW avant d'avoir \u00e9t\u00e9 inspect\u00e9 et approuv\u00e9 par ITW.<\/p>\n<p>La garantie contre les d\u00e9fauts ne s'applique pas (1) aux composants consommables ou aux articles d'usure ordinaire ; ou (2) \u00e0 l'utilisation des produits avec des \u00e9quipements, des composants ou des pi\u00e8ces non sp\u00e9cifi\u00e9s ou fournis par ITW ou envisag\u00e9s dans la documentation du produit.<\/p>\n<p>\u00c0 l'exception de ce qui est indiqu\u00e9 ci-dessus, ITW n'offre aucune garantie ou repr\u00e9sentation de quelque nature que ce soit, expresse ou implicite (y compris aucune garantie de qualit\u00e9 marchande ou d'ad\u00e9quation \u00e0 un usage particulier).<\/p>\n                                    <\/div>\n            <\/div>\n                    <\/div>\n    <\/div>\n<\/div><\/div><\/div><\/div><\/div><div id=\"pg-28744-2\"  class=\"panel-grid panel-no-style\" ><div id=\"pgc-28744-2-0\"  class=\"panel-grid-cell\" ><div id=\"panel-28744-2-0-0\" class=\"so-panel widget widget_mtt-one-col-text panel-first-child\" data-index=\"2\" ><div\n\t\t\t\n\t\t\tclass=\"so-widget-mtt-one-col-text so-widget-mtt-one-col-text-base\"\n\t\t\t\n\t\t>\n<div class=\"mtt-two-col-wrapper no-top-padding centered\">\n    <div class=\"mtt-two-col-container\">\n        <div class=\"mtt-two-col-content formatted_content\">\n\t\t\t                <h2>Conditions g\u00e9n\u00e9rales de vente et de livraison<\/h2>\n                        <div class=\"text-section one-col\">\n                            <\/div>\n\n            \n                    <div class=\"button-wrap\">\n                \n                                                                <a\n                            href=\"https:\/\/itwgse.com\/wp-content\/uploads\/2020\/02\/ITW-GSE-ApS-Terms-and-Conditions-of-Sale_dated-20-January-2020.pdf\"\n                            class=\"button link button file  button-margin\"\n                            target=\"_blank\" rel=\"noopener noreferrer\"                        >\n                            T\u00e9l\u00e9charger pour ITW GSE ApS                        <\/a>\n                                    \n                                                                <a\n                            href=\"https:\/\/itwgse.com\/wp-content\/uploads\/2023\/03\/ITW_GSE_Inc_Terms_and_Conditions_of_Sale_for_Americas_dated-20-January-2020.pdf\"\n                            class=\"button link button file  button-margin\"\n                            target=\"_blank\" rel=\"noopener noreferrer\"                        >\n                            T\u00e9l\u00e9charger pour ITW GSE Inc.                          <\/a>\n                                                <\/div>\n                        <\/div>\n    <\/div>\n<\/div>\n<\/div><\/div><div id=\"panel-28744-2-0-1\" class=\"so-panel widget widget_mtt-customer-support panel-last-child\" data-index=\"3\" ><div\n\t\t\t\n\t\t\tclass=\"so-widget-mtt-customer-support so-widget-mtt-customer-support-base\"\n\t\t\t\n\t\t>\n<div class=\"mtt-text-image-wrap less-top-padding less-bottom-padding grey-bg\">\n        <!-- Content -->\n    <div class=\"mtt-text-image-container\">\n        <div class=\"mtt-text-image-col\">\n            <div class=\"mtt-text-image-content formatted_content\">\n                                <h2>Assistance client\u00e8le<\/h2>\n                <p><strong>Comment pouvons-nous vous aider\u00a0?<\/strong><\/p>\n<p>Besoin de sch\u00e9mas, de listes de pi\u00e8ces d\u00e9tach\u00e9es ou de tutoriels vid\u00e9o\u00a0? Cliquez sur le bouton \u00ab\u00a0Assistance produit\u00a0\u00bb.<\/p>\n<p>Des questions pour l\u2019assistance client\u00e8le\u00a0? Cliquez sur le bouton \u00ab\u00a0Contacter l\u2019assistance client\u00e8le\u00a0\u00bb.<\/p>\n<p>Si votre question concerne un produit sp\u00e9cifique, veuillez indiquer son num\u00e9ro de s\u00e9rie.<\/p>\n\n                                    <div class=\"button-wrap\">\n                                                    <a href=\"https:\/\/itwgse.com\/fr\/soutien-et-service\/\" class=\"button\">\n                                Assistance produit                            <\/a>\n                                                    <a href=\"https:\/\/itwgse.com\/fr\/contact\/\" class=\"button\">\n                                Contacter l\u2019assistance client\u00e8le                            <\/a>\n                                            <\/div>\n                            <\/div>\n        <\/div>\n                    <div class=\"mtt-text-image-col img center\">\n                <div class=\"mtt-text-image-content\">\n                    <img decoding=\"async\" width=\"1800\" height=\"1023\" src=\"https:\/\/itwgse.com\/wp-content\/uploads\/2018\/06\/ITWGSE_hero_cleanest-1.jpg\" class=\"attachment-full size-full\" alt=\"\" srcset=\"https:\/\/itwgse.com\/wp-content\/uploads\/2018\/06\/ITWGSE_hero_cleanest-1.jpg 1800w, https:\/\/itwgse.com\/wp-content\/uploads\/2018\/06\/ITWGSE_hero_cleanest-1-300x171.jpg 300w, https:\/\/itwgse.com\/wp-content\/uploads\/2018\/06\/ITWGSE_hero_cleanest-1-1024x582.jpg 1024w\" sizes=\"(max-width: 1800px) 100vw, 1800px\" \/>                \n                    \n                    \n                <\/div>\n            <\/div>\n            <\/div>\n<\/div>\n\n<script>\nfunction sendEvent(action, element) {\n    var videoTitle = jQuery(element).data('title');  \n\n    if (dataLayer && videoTitle) {\n        dataLayer.push({\n            'event': 'video',\n            'eventCategory': 'Video',\n            'eventAction': action,\n            'eventLabel': videoTitle\n        });\n    }\n    else if (ga && videoTitle) {\n        ga('send', 'event', 'Video', action, videoTitle);\n    }  \n}\n<\/script>\n<\/div><\/div><\/div><\/div><\/div>","protected":false},"excerpt":{"rendered":"<p>Conditions g\u00e9n\u00e9rales de garantie Extrait des conditions g\u00e9n\u00e9rales de vente d&rsquo;ITW GSE Dat\u00e9 du 20 janvier 2020 &#8211; R\u00e9vision : A (version compl\u00e8te \u00e0&#8230;<\/p>\n","protected":false},"author":1,"featured_media":0,"parent":0,"menu_order":294,"comment_status":"closed","ping_status":"closed","template":"","meta":{"_acf_changed":false,"_relevanssi_hide_post":"","_relevanssi_hide_content":"","_relevanssi_pin_for_all":"","_relevanssi_pin_keywords":"","_relevanssi_unpin_keywords":"","_relevanssi_related_keywords":"","_relevanssi_related_include_ids":"","_relevanssi_related_exclude_ids":"","_relevanssi_related_no_append":"","_relevanssi_related_not_related":"","_relevanssi_related_posts":"","_relevanssi_noindex_reason":"","footnotes":""},"class_list":["post-28744","page","type-page","status-publish","hentry"],"acf":[],"yoast_head":"<!-- This site is optimized with the Yoast SEO plugin v27.0 - https:\/\/yoast.com\/product\/yoast-seo-wordpress\/ -->\n<title>Conditions g\u00e9n\u00e9rales de garantie - Extrait de nos ToS | ITW GSE<\/title>\n<meta name=\"description\" content=\"Les conditions g\u00e9n\u00e9rales de garantie sont extraites des conditions g\u00e9n\u00e9rales de vente d&#039;ITW GSE. T\u00e9l\u00e9chargez nos conditions g\u00e9n\u00e9rales de vente et de livraison ici.\" \/>\n<meta name=\"robots\" content=\"index, follow, max-snippet:-1, max-image-preview:large, max-video-preview:-1\" \/>\n<link rel=\"canonical\" href=\"https:\/\/itwgse.com\/fr\/conditions-generales-de-garantie\/\" \/>\n<meta property=\"og:locale\" content=\"fr_FR\" \/>\n<meta property=\"og:type\" content=\"article\" \/>\n<meta property=\"og:title\" content=\"Conditions g\u00e9n\u00e9rales de garantie - Extrait de nos ToS | ITW GSE\" \/>\n<meta property=\"og:description\" content=\"Les conditions g\u00e9n\u00e9rales de garantie sont extraites des conditions g\u00e9n\u00e9rales de vente d&#039;ITW GSE. T\u00e9l\u00e9chargez nos conditions g\u00e9n\u00e9rales de vente et de livraison ici.\" \/>\n<meta property=\"og:url\" content=\"https:\/\/itwgse.com\/fr\/conditions-generales-de-garantie\/\" \/>\n<meta property=\"og:site_name\" content=\"ITW GSE\" \/>\n<meta property=\"article:publisher\" content=\"https:\/\/www.facebook.com\/ITWGSE\/\" \/>\n<meta name=\"twitter:card\" content=\"summary_large_image\" \/>\n<script type=\"application\/ld+json\" class=\"yoast-schema-graph\">{\"@context\":\"https:\/\/schema.org\",\"@graph\":[{\"@type\":\"WebPage\",\"@id\":\"https:\/\/itwgse.com\/fr\/conditions-generales-de-garantie\/\",\"url\":\"https:\/\/itwgse.com\/fr\/conditions-generales-de-garantie\/\",\"name\":\"Conditions g\u00e9n\u00e9rales de garantie - Extrait de nos ToS | ITW GSE\",\"isPartOf\":{\"@id\":\"https:\/\/itwgse.com\/#website\"},\"datePublished\":\"2026-02-24T13:10:37+00:00\",\"description\":\"Les conditions g\u00e9n\u00e9rales de garantie sont extraites des conditions g\u00e9n\u00e9rales de vente d'ITW GSE. T\u00e9l\u00e9chargez nos conditions g\u00e9n\u00e9rales de vente et de livraison ici.\",\"breadcrumb\":{\"@id\":\"https:\/\/itwgse.com\/fr\/conditions-generales-de-garantie\/#breadcrumb\"},\"inLanguage\":\"fr-FR\",\"potentialAction\":[{\"@type\":\"ReadAction\",\"target\":[\"https:\/\/itwgse.com\/fr\/conditions-generales-de-garantie\/\"]}]},{\"@type\":\"BreadcrumbList\",\"@id\":\"https:\/\/itwgse.com\/fr\/conditions-generales-de-garantie\/#breadcrumb\",\"itemListElement\":[{\"@type\":\"ListItem\",\"position\":1,\"name\":\"Home\",\"item\":\"https:\/\/itwgse.com\/fr\/\"},{\"@type\":\"ListItem\",\"position\":2,\"name\":\"Conditions g\u00e9n\u00e9rales de garantie\"}]},{\"@type\":\"WebSite\",\"@id\":\"https:\/\/itwgse.com\/#website\",\"url\":\"https:\/\/itwgse.com\/\",\"name\":\"ITW GSE\",\"description\":\"It&#039;s all about connections\",\"publisher\":{\"@id\":\"https:\/\/itwgse.com\/#organization\"},\"potentialAction\":[{\"@type\":\"SearchAction\",\"target\":{\"@type\":\"EntryPoint\",\"urlTemplate\":\"https:\/\/itwgse.com\/?s={search_term_string}\"},\"query-input\":{\"@type\":\"PropertyValueSpecification\",\"valueRequired\":true,\"valueName\":\"search_term_string\"}}],\"inLanguage\":\"fr-FR\"},{\"@type\":\"Organization\",\"@id\":\"https:\/\/itwgse.com\/#organization\",\"name\":\"ITW GSE\",\"url\":\"https:\/\/itwgse.com\/\",\"logo\":{\"@type\":\"ImageObject\",\"inLanguage\":\"fr-FR\",\"@id\":\"https:\/\/itwgse.com\/#\/schema\/logo\/image\/\",\"url\":\"https:\/\/itwgse.com\/wp-content\/uploads\/2018\/11\/logo.png\",\"contentUrl\":\"https:\/\/itwgse.com\/wp-content\/uploads\/2018\/11\/logo.png\",\"width\":302,\"height\":237,\"caption\":\"ITW GSE\"},\"image\":{\"@id\":\"https:\/\/itwgse.com\/#\/schema\/logo\/image\/\"},\"sameAs\":[\"https:\/\/www.facebook.com\/ITWGSE\/\",\"https:\/\/www.linkedin.com\/company\/itw-gse\/\",\"https:\/\/www.youtube.com\/channel\/UCTUIMvyaOPfYIqzP8enZ8yw\"]}]}<\/script>\n<!-- \/ Yoast SEO plugin. -->","yoast_head_json":{"title":"Conditions g\u00e9n\u00e9rales de garantie - Extrait de nos ToS | ITW GSE","description":"Les conditions g\u00e9n\u00e9rales de garantie sont extraites des conditions g\u00e9n\u00e9rales de vente d'ITW GSE. T\u00e9l\u00e9chargez nos conditions g\u00e9n\u00e9rales de vente et de livraison ici.","robots":{"index":"index","follow":"follow","max-snippet":"max-snippet:-1","max-image-preview":"max-image-preview:large","max-video-preview":"max-video-preview:-1"},"canonical":"https:\/\/itwgse.com\/fr\/conditions-generales-de-garantie\/","og_locale":"fr_FR","og_type":"article","og_title":"Conditions g\u00e9n\u00e9rales de garantie - Extrait de nos ToS | ITW GSE","og_description":"Les conditions g\u00e9n\u00e9rales de garantie sont extraites des conditions g\u00e9n\u00e9rales de vente d'ITW GSE. T\u00e9l\u00e9chargez nos conditions g\u00e9n\u00e9rales de vente et de livraison ici.","og_url":"https:\/\/itwgse.com\/fr\/conditions-generales-de-garantie\/","og_site_name":"ITW GSE","article_publisher":"https:\/\/www.facebook.com\/ITWGSE\/","twitter_card":"summary_large_image","schema":{"@context":"https:\/\/schema.org","@graph":[{"@type":"WebPage","@id":"https:\/\/itwgse.com\/fr\/conditions-generales-de-garantie\/","url":"https:\/\/itwgse.com\/fr\/conditions-generales-de-garantie\/","name":"Conditions g\u00e9n\u00e9rales de garantie - Extrait de nos ToS | ITW GSE","isPartOf":{"@id":"https:\/\/itwgse.com\/#website"},"datePublished":"2026-02-24T13:10:37+00:00","description":"Les conditions g\u00e9n\u00e9rales de garantie sont extraites des conditions g\u00e9n\u00e9rales de vente d'ITW GSE. T\u00e9l\u00e9chargez nos conditions g\u00e9n\u00e9rales de vente et de livraison ici.","breadcrumb":{"@id":"https:\/\/itwgse.com\/fr\/conditions-generales-de-garantie\/#breadcrumb"},"inLanguage":"fr-FR","potentialAction":[{"@type":"ReadAction","target":["https:\/\/itwgse.com\/fr\/conditions-generales-de-garantie\/"]}]},{"@type":"BreadcrumbList","@id":"https:\/\/itwgse.com\/fr\/conditions-generales-de-garantie\/#breadcrumb","itemListElement":[{"@type":"ListItem","position":1,"name":"Home","item":"https:\/\/itwgse.com\/fr\/"},{"@type":"ListItem","position":2,"name":"Conditions g\u00e9n\u00e9rales de garantie"}]},{"@type":"WebSite","@id":"https:\/\/itwgse.com\/#website","url":"https:\/\/itwgse.com\/","name":"ITW GSE","description":"It&#039;s all about connections","publisher":{"@id":"https:\/\/itwgse.com\/#organization"},"potentialAction":[{"@type":"SearchAction","target":{"@type":"EntryPoint","urlTemplate":"https:\/\/itwgse.com\/?s={search_term_string}"},"query-input":{"@type":"PropertyValueSpecification","valueRequired":true,"valueName":"search_term_string"}}],"inLanguage":"fr-FR"},{"@type":"Organization","@id":"https:\/\/itwgse.com\/#organization","name":"ITW GSE","url":"https:\/\/itwgse.com\/","logo":{"@type":"ImageObject","inLanguage":"fr-FR","@id":"https:\/\/itwgse.com\/#\/schema\/logo\/image\/","url":"https:\/\/itwgse.com\/wp-content\/uploads\/2018\/11\/logo.png","contentUrl":"https:\/\/itwgse.com\/wp-content\/uploads\/2018\/11\/logo.png","width":302,"height":237,"caption":"ITW GSE"},"image":{"@id":"https:\/\/itwgse.com\/#\/schema\/logo\/image\/"},"sameAs":["https:\/\/www.facebook.com\/ITWGSE\/","https:\/\/www.linkedin.com\/company\/itw-gse\/","https:\/\/www.youtube.com\/channel\/UCTUIMvyaOPfYIqzP8enZ8yw"]}]}},"_links":{"self":[{"href":"https:\/\/itwgse.com\/fr\/wp-json\/wp\/v2\/pages\/28744","targetHints":{"allow":["GET"]}}],"collection":[{"href":"https:\/\/itwgse.com\/fr\/wp-json\/wp\/v2\/pages"}],"about":[{"href":"https:\/\/itwgse.com\/fr\/wp-json\/wp\/v2\/types\/page"}],"author":[{"embeddable":true,"href":"https:\/\/itwgse.com\/fr\/wp-json\/wp\/v2\/users\/1"}],"replies":[{"embeddable":true,"href":"https:\/\/itwgse.com\/fr\/wp-json\/wp\/v2\/comments?post=28744"}],"version-history":[{"count":0,"href":"https:\/\/itwgse.com\/fr\/wp-json\/wp\/v2\/pages\/28744\/revisions"}],"wp:attachment":[{"href":"https:\/\/itwgse.com\/fr\/wp-json\/wp\/v2\/media?parent=28744"}],"curies":[{"name":"wp","href":"https:\/\/api.w.org\/{rel}","templated":true}]}}