{"id":28747,"date":"2026-02-24T14:10:46","date_gmt":"2026-02-24T13:10:46","guid":{"rendered":"https:\/\/itwgse.com\/coordonnees-bancaires\/"},"modified":"2026-02-24T14:10:46","modified_gmt":"2026-02-24T13:10:46","slug":"coordonnees-bancaires","status":"publish","type":"page","link":"https:\/\/itwgse.com\/fr\/coordonnees-bancaires\/","title":{"rendered":"Coordonn\u00e9es bancaires"},"content":{"rendered":"<div id=\"pl-28747\"  class=\"panel-layout\" ><div id=\"pg-28747-0\"  class=\"panel-grid panel-no-style\" ><div id=\"pgc-28747-0-0\"  class=\"panel-grid-cell\" ><div id=\"panel-28747-0-0-0\" class=\"so-panel widget widget_mtt-cover-section panel-first-child panel-last-child\" data-index=\"0\" ><div\n\t\t\t\n\t\t\tclass=\"so-widget-mtt-cover-section so-widget-mtt-cover-section-base\"\n\t\t\t\n\t\t>\n<div class=\"mtt-cover-section-wrap compact extra-small\">\n\t<div class=\"mtt-cover-curve\">\n\t\t<img decoding=\"async\"  src=\"https:\/\/itwgse.com\/wp-content\/themes\/mtt-standard-theme\/assets\/img\/cover\/itwgse_cut.svg\">\t<\/div>\n    <div class=\"mtt-cover-compact-background object-fit\">\n                    <img decoding=\"async\"\n                src=\"https:\/\/itwgse.com\/wp-content\/uploads\/2018\/03\/bank-details-back.jpg\"\n                alt=\"\"\n                data-skip-lazy\n            >\n                            <\/div>\n    <div class=\"mtt-cover-compact-container\">\n        <div class=\"mtt-cover-section-text\">\n            <h1>Coordonn\u00e9es bancaires<\/h1>\n                    <\/div>\n    <\/div>\n<\/div>\n<\/div><\/div><\/div><\/div><div id=\"pg-28747-1\"  class=\"panel-grid panel-no-style\" ><div id=\"pgc-28747-1-0\"  class=\"panel-grid-cell\" ><div id=\"panel-28747-1-0-0\" class=\"so-panel widget widget_mtt-two-col-text panel-first-child panel-last-child\" data-index=\"1\" ><div\n\t\t\t\n\t\t\tclass=\"so-widget-mtt-two-col-text so-widget-mtt-two-col-text-base\"\n\t\t\t\n\t\t>\n<div class=\"mtt-two-col-wrapper\">\n    <div class=\"mtt-two-col-container\">\n        <div class=\"mtt-two-col-content has-title\">\n                            <h2>Soyez attentifs aux demandes de modification des coordonn\u00e9es bancaires d'ITW GSE.<\/h2>\n                        <div class=\"text-section\">\n                <div class=\"col formatted_content\"><p><em><strong>Pour que vous en preniez conscience et que vous agissiez en cons\u00e9quence<\/strong><\/em><\/p>\n<p>Cher client,<\/p>\n<p>Les cybercriminels continuent de chercher des moyens de tromper les clients en d\u00e9tournant les paiements de factures vers des comptes bancaires frauduleux.<\/p>\n<p>Une escroquerie de plus en plus fr\u00e9quente consiste en l'envoi par des pirates d'un courriel, d'une lettre ou d'une lettre jointe \u00e0 un courriel. Le message est frauduleux, mais il ressemble \u00e0 un message l\u00e9gitime d'ITW GSE demandant des changements de coordonn\u00e9es bancaires. Dans certains cas, le cybercriminel appelle pour confirmer le changement. Dans d'autres cas, il vous encouragera \u00e0 utiliser les coordonn\u00e9es frauduleuses fournies dans le message.   <\/p>\n<\/div>\n                <div class=\"col formatted_content\"><p><strong>Si vous recevez un message inattendu d'ITW GSE vous demandant de modifier les informations du compte bancaire que vous utilisez pour payer les factures d'ITW GSE, veuillez contacter votre repr\u00e9sentant ITW.  <\/strong><strong>Ne r\u00e9pondez pas au message et ne contactez pas ITW GSE en utilisant les coordonn\u00e9es contenues dans le message. Utilisez les coordonn\u00e9es d'ITW GSE que vous avez dans vos dossiers. <\/strong><\/p>\n<p>Nous vous remercions de l'attention que vous portez \u00e0 cette question importante. Si vous avez des questions concernant ce message, veuillez contacter votre repr\u00e9sentant ITW GSE. <\/p>\n<p>ITW GSE<\/p>\n<p>Date : 22-01-2018<em>(r\u00e9vis\u00e9 le 30 juin 2020<\/em>)<\/p>\n                                    <\/div>\n            <\/div>\n                    <\/div>\n    <\/div>\n<\/div><\/div><\/div><\/div><\/div><div id=\"pg-28747-2\"  class=\"panel-grid panel-no-style\" ><div id=\"pgc-28747-2-0\"  class=\"panel-grid-cell\" ><div id=\"panel-28747-2-0-0\" class=\"so-panel widget widget_mtt-one-col-text panel-first-child panel-last-child\" data-index=\"2\" ><div\n\t\t\t\n\t\t\tclass=\"so-widget-mtt-one-col-text so-widget-mtt-one-col-text-base\"\n\t\t\t\n\t\t>\n<div class=\"mtt-two-col-wrapper\">\n    <div class=\"mtt-two-col-container\">\n        <div class=\"mtt-two-col-content formatted_content has-title-one\">\n\t\t\t                <h2>Contactez les services financiers<\/h2>\n                        <div class=\"text-section one-col\">\n                <p>Am\u00e9riques (Nord et Sud) :<\/p>\n<p>Questions concernant les comptes \u00e0 payer : <a href=\"mailto:AP@itwgse.com\">AP@itwgse.com<\/a><\/p>\n<p>Questions concernant les cr\u00e9ances : <a href=\"mailto:AR@itwgse.com\">AR@itwgse.com<\/a><\/p>\n<p>\u00a0<\/p>\n<p>Questions financi\u00e8res pour l'ext\u00e9rieur des Am\u00e9riques :<\/p>\n<p><a href=\"mailto:finance@itwgse.com\" target=\"_blank\" rel=\"noopener\">finance@itwgse.com<\/a><\/p>\n            <\/div>\n\n            \n                        <\/div>\n    <\/div>\n<\/div>\n<\/div><\/div><\/div><\/div><\/div>","protected":false},"excerpt":{"rendered":"<p>Coordonn\u00e9es bancaires Soyez attentifs aux demandes de modification des coordonn\u00e9es bancaires d&rsquo;ITW GSE. Pour que vous en preniez conscience et que vous agissiez en&#8230;<\/p>\n","protected":false},"author":1,"featured_media":0,"parent":0,"menu_order":308,"comment_status":"closed","ping_status":"closed","template":"","meta":{"_acf_changed":false,"_relevanssi_hide_post":"","_relevanssi_hide_content":"","_relevanssi_pin_for_all":"","_relevanssi_pin_keywords":"","_relevanssi_unpin_keywords":"","_relevanssi_related_keywords":"","_relevanssi_related_include_ids":"","_relevanssi_related_exclude_ids":"","_relevanssi_related_no_append":"","_relevanssi_related_not_related":"","_relevanssi_related_posts":"","_relevanssi_noindex_reason":"","footnotes":""},"class_list":["post-28747","page","type-page","status-publish","hentry"],"acf":[],"yoast_head":"<!-- This site is optimized with the Yoast SEO plugin v27.0 - https:\/\/yoast.com\/product\/yoast-seo-wordpress\/ -->\n<title>Coordonn\u00e9es bancaires - Vous trouverez ici les coordonn\u00e9es de notre compte bancaire.<\/title>\n<meta name=\"description\" content=\"Vous trouverez ici nos coordonn\u00e9es bancaires pour ITW GSE ApS et ITW GSE Inc. Soyez \u00e9galement attentif aux demandes de modification des coordonn\u00e9es bancaires d&#039;ITW GSE. En savoir plus.\" \/>\n<meta name=\"robots\" content=\"index, follow, max-snippet:-1, max-image-preview:large, max-video-preview:-1\" \/>\n<link rel=\"canonical\" href=\"https:\/\/itwgse.com\/fr\/coordonnees-bancaires\/\" \/>\n<meta property=\"og:locale\" content=\"fr_FR\" \/>\n<meta property=\"og:type\" content=\"article\" \/>\n<meta property=\"og:title\" content=\"Coordonn\u00e9es bancaires - Vous trouverez ici les coordonn\u00e9es de notre compte bancaire.\" \/>\n<meta property=\"og:description\" content=\"Vous trouverez ici nos coordonn\u00e9es bancaires pour ITW GSE ApS et ITW GSE Inc. Soyez \u00e9galement attentif aux demandes de modification des coordonn\u00e9es bancaires d&#039;ITW GSE. En savoir plus.\" \/>\n<meta property=\"og:url\" content=\"https:\/\/itwgse.com\/fr\/coordonnees-bancaires\/\" \/>\n<meta property=\"og:site_name\" content=\"ITW GSE\" \/>\n<meta property=\"article:publisher\" content=\"https:\/\/www.facebook.com\/ITWGSE\/\" \/>\n<meta name=\"twitter:card\" content=\"summary_large_image\" \/>\n<script type=\"application\/ld+json\" class=\"yoast-schema-graph\">{\"@context\":\"https:\/\/schema.org\",\"@graph\":[{\"@type\":\"WebPage\",\"@id\":\"https:\/\/itwgse.com\/fr\/coordonnees-bancaires\/\",\"url\":\"https:\/\/itwgse.com\/fr\/coordonnees-bancaires\/\",\"name\":\"Coordonn\u00e9es bancaires - Vous trouverez ici les coordonn\u00e9es de notre compte bancaire.\",\"isPartOf\":{\"@id\":\"https:\/\/itwgse.com\/#website\"},\"datePublished\":\"2026-02-24T13:10:46+00:00\",\"description\":\"Vous trouverez ici nos coordonn\u00e9es bancaires pour ITW GSE ApS et ITW GSE Inc. Soyez \u00e9galement attentif aux demandes de modification des coordonn\u00e9es bancaires d'ITW GSE. En savoir plus.\",\"breadcrumb\":{\"@id\":\"https:\/\/itwgse.com\/fr\/coordonnees-bancaires\/#breadcrumb\"},\"inLanguage\":\"fr-FR\",\"potentialAction\":[{\"@type\":\"ReadAction\",\"target\":[\"https:\/\/itwgse.com\/fr\/coordonnees-bancaires\/\"]}]},{\"@type\":\"BreadcrumbList\",\"@id\":\"https:\/\/itwgse.com\/fr\/coordonnees-bancaires\/#breadcrumb\",\"itemListElement\":[{\"@type\":\"ListItem\",\"position\":1,\"name\":\"Home\",\"item\":\"https:\/\/itwgse.com\/fr\/\"},{\"@type\":\"ListItem\",\"position\":2,\"name\":\"Coordonn\u00e9es bancaires\"}]},{\"@type\":\"WebSite\",\"@id\":\"https:\/\/itwgse.com\/#website\",\"url\":\"https:\/\/itwgse.com\/\",\"name\":\"ITW GSE\",\"description\":\"It&#039;s all about connections\",\"publisher\":{\"@id\":\"https:\/\/itwgse.com\/#organization\"},\"potentialAction\":[{\"@type\":\"SearchAction\",\"target\":{\"@type\":\"EntryPoint\",\"urlTemplate\":\"https:\/\/itwgse.com\/?s={search_term_string}\"},\"query-input\":{\"@type\":\"PropertyValueSpecification\",\"valueRequired\":true,\"valueName\":\"search_term_string\"}}],\"inLanguage\":\"fr-FR\"},{\"@type\":\"Organization\",\"@id\":\"https:\/\/itwgse.com\/#organization\",\"name\":\"ITW GSE\",\"url\":\"https:\/\/itwgse.com\/\",\"logo\":{\"@type\":\"ImageObject\",\"inLanguage\":\"fr-FR\",\"@id\":\"https:\/\/itwgse.com\/#\/schema\/logo\/image\/\",\"url\":\"https:\/\/itwgse.com\/wp-content\/uploads\/2018\/11\/logo.png\",\"contentUrl\":\"https:\/\/itwgse.com\/wp-content\/uploads\/2018\/11\/logo.png\",\"width\":302,\"height\":237,\"caption\":\"ITW GSE\"},\"image\":{\"@id\":\"https:\/\/itwgse.com\/#\/schema\/logo\/image\/\"},\"sameAs\":[\"https:\/\/www.facebook.com\/ITWGSE\/\",\"https:\/\/www.linkedin.com\/company\/itw-gse\/\",\"https:\/\/www.youtube.com\/channel\/UCTUIMvyaOPfYIqzP8enZ8yw\"]}]}<\/script>\n<!-- \/ Yoast SEO plugin. -->","yoast_head_json":{"title":"Coordonn\u00e9es bancaires - Vous trouverez ici les coordonn\u00e9es de notre compte bancaire.","description":"Vous trouverez ici nos coordonn\u00e9es bancaires pour ITW GSE ApS et ITW GSE Inc. Soyez \u00e9galement attentif aux demandes de modification des coordonn\u00e9es bancaires d'ITW GSE. En savoir plus.","robots":{"index":"index","follow":"follow","max-snippet":"max-snippet:-1","max-image-preview":"max-image-preview:large","max-video-preview":"max-video-preview:-1"},"canonical":"https:\/\/itwgse.com\/fr\/coordonnees-bancaires\/","og_locale":"fr_FR","og_type":"article","og_title":"Coordonn\u00e9es bancaires - Vous trouverez ici les coordonn\u00e9es de notre compte bancaire.","og_description":"Vous trouverez ici nos coordonn\u00e9es bancaires pour ITW GSE ApS et ITW GSE Inc. Soyez \u00e9galement attentif aux demandes de modification des coordonn\u00e9es bancaires d'ITW GSE. En savoir plus.","og_url":"https:\/\/itwgse.com\/fr\/coordonnees-bancaires\/","og_site_name":"ITW GSE","article_publisher":"https:\/\/www.facebook.com\/ITWGSE\/","twitter_card":"summary_large_image","schema":{"@context":"https:\/\/schema.org","@graph":[{"@type":"WebPage","@id":"https:\/\/itwgse.com\/fr\/coordonnees-bancaires\/","url":"https:\/\/itwgse.com\/fr\/coordonnees-bancaires\/","name":"Coordonn\u00e9es bancaires - Vous trouverez ici les coordonn\u00e9es de notre compte bancaire.","isPartOf":{"@id":"https:\/\/itwgse.com\/#website"},"datePublished":"2026-02-24T13:10:46+00:00","description":"Vous trouverez ici nos coordonn\u00e9es bancaires pour ITW GSE ApS et ITW GSE Inc. Soyez \u00e9galement attentif aux demandes de modification des coordonn\u00e9es bancaires d'ITW GSE. En savoir plus.","breadcrumb":{"@id":"https:\/\/itwgse.com\/fr\/coordonnees-bancaires\/#breadcrumb"},"inLanguage":"fr-FR","potentialAction":[{"@type":"ReadAction","target":["https:\/\/itwgse.com\/fr\/coordonnees-bancaires\/"]}]},{"@type":"BreadcrumbList","@id":"https:\/\/itwgse.com\/fr\/coordonnees-bancaires\/#breadcrumb","itemListElement":[{"@type":"ListItem","position":1,"name":"Home","item":"https:\/\/itwgse.com\/fr\/"},{"@type":"ListItem","position":2,"name":"Coordonn\u00e9es bancaires"}]},{"@type":"WebSite","@id":"https:\/\/itwgse.com\/#website","url":"https:\/\/itwgse.com\/","name":"ITW GSE","description":"It&#039;s all about connections","publisher":{"@id":"https:\/\/itwgse.com\/#organization"},"potentialAction":[{"@type":"SearchAction","target":{"@type":"EntryPoint","urlTemplate":"https:\/\/itwgse.com\/?s={search_term_string}"},"query-input":{"@type":"PropertyValueSpecification","valueRequired":true,"valueName":"search_term_string"}}],"inLanguage":"fr-FR"},{"@type":"Organization","@id":"https:\/\/itwgse.com\/#organization","name":"ITW GSE","url":"https:\/\/itwgse.com\/","logo":{"@type":"ImageObject","inLanguage":"fr-FR","@id":"https:\/\/itwgse.com\/#\/schema\/logo\/image\/","url":"https:\/\/itwgse.com\/wp-content\/uploads\/2018\/11\/logo.png","contentUrl":"https:\/\/itwgse.com\/wp-content\/uploads\/2018\/11\/logo.png","width":302,"height":237,"caption":"ITW GSE"},"image":{"@id":"https:\/\/itwgse.com\/#\/schema\/logo\/image\/"},"sameAs":["https:\/\/www.facebook.com\/ITWGSE\/","https:\/\/www.linkedin.com\/company\/itw-gse\/","https:\/\/www.youtube.com\/channel\/UCTUIMvyaOPfYIqzP8enZ8yw"]}]}},"_links":{"self":[{"href":"https:\/\/itwgse.com\/fr\/wp-json\/wp\/v2\/pages\/28747","targetHints":{"allow":["GET"]}}],"collection":[{"href":"https:\/\/itwgse.com\/fr\/wp-json\/wp\/v2\/pages"}],"about":[{"href":"https:\/\/itwgse.com\/fr\/wp-json\/wp\/v2\/types\/page"}],"author":[{"embeddable":true,"href":"https:\/\/itwgse.com\/fr\/wp-json\/wp\/v2\/users\/1"}],"replies":[{"embeddable":true,"href":"https:\/\/itwgse.com\/fr\/wp-json\/wp\/v2\/comments?post=28747"}],"version-history":[{"count":0,"href":"https:\/\/itwgse.com\/fr\/wp-json\/wp\/v2\/pages\/28747\/revisions"}],"wp:attachment":[{"href":"https:\/\/itwgse.com\/fr\/wp-json\/wp\/v2\/media?parent=28747"}],"curies":[{"name":"wp","href":"https:\/\/api.w.org\/{rel}","templated":true}]}}