{"id":28751,"date":"2026-02-24T14:11:05","date_gmt":"2026-02-24T13:11:05","guid":{"rendered":"https:\/\/itwgse.com\/histoire-de-la-marque-hobart\/"},"modified":"2026-02-24T14:11:05","modified_gmt":"2026-02-24T13:11:05","slug":"histoire-de-la-marque-hobart","status":"publish","type":"page","link":"https:\/\/itwgse.com\/fr\/histoire-de-la-marque-hobart\/","title":{"rendered":"Histoire de la marque Hobart"},"content":{"rendered":"<div id=\"pl-28751\"  class=\"panel-layout\" ><div id=\"pg-28751-0\"  class=\"panel-grid panel-no-style\" ><div id=\"pgc-28751-0-0\"  class=\"panel-grid-cell\" ><div id=\"panel-28751-0-0-0\" class=\"so-panel widget widget_mtt-cover-section panel-first-child panel-last-child\" data-index=\"0\" ><div\n\t\t\t\n\t\t\tclass=\"so-widget-mtt-cover-section so-widget-mtt-cover-section-base\"\n\t\t\t\n\t\t>\n<div class=\"mtt-cover-section-wrap compact\">\n\t<div class=\"mtt-cover-curve\">\n\t\t<img decoding=\"async\"  src=\"https:\/\/itwgse.com\/wp-content\/themes\/mtt-standard-theme\/assets\/img\/cover\/itwgse_cut.svg\">\t<\/div>\n    <div class=\"mtt-cover-compact-background object-fit overlay\">\n                            <div class=\"mtt-cover-compact-image object-fit\">\n                <img decoding=\"async\"\n                    src=\"https:\/\/itwgse.com\/wp-content\/uploads\/2021\/02\/hobart-4400-gpu-vs4.png\"\n                    data-skip-lazy\n                    alt=\"\"\n                >\n            <\/div>\n                    <\/div>\n    <div class=\"mtt-cover-compact-container\">\n        <div class=\"mtt-cover-section-text\">\n            <h1>Hobart Puissance : in relation to 400Hz redresseur (in relation to 28 VDC)<\/h1>\n                                <div class=\"text\"><p>Hobart a \u00e9t\u00e9 le premier fabricant de convertisseurs ( relation VDC) de puissance au sol pour avions aux \u00c9tats-Unis en 1946.<\/p>\n<p>Aujourd'hui, c'est une marque h\u00e9rit\u00e9e de ITW GSE.<\/p>\n<\/div>\n                            <\/div>\n    <\/div>\n<\/div>\n<\/div><\/div><\/div><\/div><div id=\"pg-28751-1\"  class=\"panel-grid panel-no-style\" ><div id=\"pgc-28751-1-0\"  class=\"panel-grid-cell\" ><div id=\"panel-28751-1-0-0\" class=\"so-panel widget widget_mtt-text-image panel-first-child\" data-index=\"1\" ><div\n\t\t\t\n\t\t\tclass=\"so-widget-mtt-text-image so-widget-mtt-text-image-base\"\n\t\t\t\n\t\t>\n<div class=\"mtt-text-image-wrap no-top-padding no-bottom-padding\">\n        <!-- Content -->\n    <div class=\"mtt-text-image-container\">\n        <div class=\"mtt-text-image-col\">\n            <div class=\"mtt-text-image-content formatted_content\">\n                <div class=\"tagline\">Marque d'h\u00e9ritage<\/div>                <h2>Histoire de la puissance au sol de Hobart<\/h2>\n                <p><strong>Depuis 1946<\/strong>, Hobart a continuellement d\u00e9velopp\u00e9 de nouveaux produits pour r\u00e9pondre aux exigences en constante \u00e9volution de l'industrie a\u00e9rospatiale.<\/p>\n<p>Les convertisseurs au sol Hobart ont \u00e9t\u00e9 con\u00e7us pour fournir une alimentation en courant alternatif ou continu avec les derni\u00e8res technologies Engine Drive et Solid State ; ils conviennent aux plates-formes a\u00e9ronautiques des march\u00e9s commerciaux, g\u00e9n\u00e9raux, d'affaires et militaires.<\/p>\n<p><strong>En 1996<\/strong>, ITW a acquis Hobart Ground Puissance.<\/p>\n<p><strong>En 2012<\/strong>, la production de Troy (Ohio) a \u00e9t\u00e9 transf\u00e9r\u00e9e \u00e0 Palmetto (Floride), dans les installations appartenant \u00e0 ITW pour Trilectron\/Air-a-plane et ITW Military GSE. La refonte des lignes d'assemblage a permis d'augmenter la productivit\u00e9 et, par cons\u00e9quent, les clients d'ITW Military GSE ont pu \u00eatre servis avec des GPU standard de la marque Hobart. <\/p>\n\n                            <\/div>\n        <\/div>\n                    <div class=\"mtt-text-image-col img center\">\n                <div class=\"mtt-text-image-content\">\n                    <img decoding=\"async\" width=\"1378\" height=\"768\" src=\"https:\/\/itwgse.com\/wp-content\/uploads\/2020\/11\/Hobart-Legacy-GPU.jpg\" class=\"attachment-full size-full\" alt=\"Old Hobart GPU\" srcset=\"https:\/\/itwgse.com\/wp-content\/uploads\/2020\/11\/Hobart-Legacy-GPU.jpg 1378w, https:\/\/itwgse.com\/wp-content\/uploads\/2020\/11\/Hobart-Legacy-GPU-300x167.jpg 300w, https:\/\/itwgse.com\/wp-content\/uploads\/2020\/11\/Hobart-Legacy-GPU-1024x571.jpg 1024w\" sizes=\"(max-width: 1378px) 100vw, 1378px\" \/>                \n                    \n                    \n                <\/div>\n            <\/div>\n            <\/div>\n<\/div>\n\n<script>\nfunction sendEvent(action, element) {\n    var videoTitle = jQuery(element).data('title');  \n\n    if (dataLayer && videoTitle) {\n        dataLayer.push({\n            'event': 'video',\n            'eventCategory': 'Video',\n            'eventAction': action,\n            'eventLabel': videoTitle\n        });\n    }\n    else if (ga && videoTitle) {\n        ga('send', 'event', 'Video', action, videoTitle);\n    }  \n}\n<\/script>\n<\/div><\/div><div id=\"panel-28751-1-0-1\" class=\"so-panel widget widget_mtt-two-col-text\" data-index=\"2\" ><div\n\t\t\t\n\t\t\tclass=\"so-widget-mtt-two-col-text so-widget-mtt-two-col-text-base\"\n\t\t\t\n\t\t>\n<div class=\"mtt-two-col-wrapper no-top-padding\">\n    <div class=\"mtt-two-col-container\">\n        <div class=\"mtt-two-col-content\">\n                        <div class=\"text-section\">\n                <div class=\"col formatted_content\"><h3>Vous \u00eates \u00e0 la recherche d'un nouvel appareil ?<\/h3>\n<p>Sortie des <a href=\"https:\/\/itwgse.com\/ground-power-units\/\" target=\"_blank\" rel=\"noopener\">convertisseursseurs de puissance ( in relation 400Hz V<\/a> DC) et des <a href=\"https:\/\/itwgse.com\/pre-conditioned-air\/\" target=\"_blank\" rel=\"noopener\">Pre-Conditioned Air Units<\/a>( in relation 28 VDC).<\/p>\n<\/div>\n                <div class=\"col formatted_content\"><h3>Liste de vid\u00e9os de Hobart sur Youtube<\/h3>\n<p>Nous avons rassembl\u00e9 une petite collection de <a href=\"https:\/\/youtube.com\/playlist?list=PLwNBf240aE8wxYGiONKoFRUp8bsvlMnZE\" target=\"_blank\" rel=\"noopener\">vid\u00e9os Hobart<\/a> pour vous sur notre <a href=\"https:\/\/www.youtube.com\/user\/ITWGSE\" target=\"_blank\" rel=\"noopener\">cha\u00eene Youtube ITW GSE<\/a> - profitez-en !<\/p>\n                                    <\/div>\n            <\/div>\n                    <\/div>\n    <\/div>\n<\/div><\/div><\/div><div id=\"panel-28751-1-0-2\" class=\"so-panel widget widget_mtt-text-image\" data-index=\"3\" ><div\n\t\t\t\n\t\t\tclass=\"so-widget-mtt-text-image so-widget-mtt-text-image-base\"\n\t\t\t\n\t\t>\n<div class=\"mtt-text-image-wrap less-bottom-padding\">\n        <!-- Content -->\n    <div class=\"mtt-text-image-container\">\n        <div class=\"mtt-text-image-col\">\n            <div class=\"mtt-text-image-content formatted_content\">\n                                <h2>Une promenade dans le pass\u00e9<\/h2>\n                <p>En tant que professionnels de l'aviation, nous aimons voyager et c'est pourquoi nous vous invitons \u00e0 un voyage dans le temps.<\/p>\n<p>Ce voyage vous permet de d\u00e9couvrir un ancien manuel d'instructions Hobart, un vieil article de Janes Airport Review et quelques vieilles photos.<\/p>\n\n                                    <div class=\"button-wrap\">\n                                                    <a href=\"https:\/\/itwgse.com\/wp-content\/uploads\/2021\/02\/hobart-early-material.pdf\" class=\"button\">\n                                Manuel d'instruction Hobart Legacy                            <\/a>\n                                                    <a href=\"https:\/\/itwgse.com\/wp-content\/uploads\/2023\/07\/Hobart-Janes-Airport-Review-Jan-2001.pdf\" class=\"button\">\n                                Revue de l'a\u00e9roport de Janes, janvier 2001                            <\/a>\n                                            <\/div>\n                            <\/div>\n        <\/div>\n                    <div class=\"mtt-text-image-col img\">\n                <div class=\"mtt-text-image-content\">\n                    <img decoding=\"async\" width=\"2560\" height=\"1920\" src=\"https:\/\/itwgse.com\/wp-content\/uploads\/2021\/02\/MobileHobart-2400-and-aircraft-scaled.jpg\" class=\"attachment-full size-full\" alt=\"mobile hobart GPU\" srcset=\"https:\/\/itwgse.com\/wp-content\/uploads\/2021\/02\/MobileHobart-2400-and-aircraft-scaled.jpg 2560w, https:\/\/itwgse.com\/wp-content\/uploads\/2021\/02\/MobileHobart-2400-and-aircraft-scaled-300x225.jpg 300w, https:\/\/itwgse.com\/wp-content\/uploads\/2021\/02\/MobileHobart-2400-and-aircraft-scaled-1024x768.jpg 1024w\" sizes=\"(max-width: 2560px) 100vw, 2560px\" \/>                \n                    \n                    \n                <\/div>\n            <\/div>\n            <\/div>\n<\/div>\n\n<script>\nfunction sendEvent(action, element) {\n    var videoTitle = jQuery(element).data('title');  \n\n    if (dataLayer && videoTitle) {\n        dataLayer.push({\n            'event': 'video',\n            'eventCategory': 'Video',\n            'eventAction': action,\n            'eventLabel': videoTitle\n        });\n    }\n    else if (ga && videoTitle) {\n        ga('send', 'event', 'Video', action, videoTitle);\n    }  \n}\n<\/script>\n<\/div><\/div><div id=\"panel-28751-1-0-3\" class=\"so-panel widget widget_mtt-two-col-text\" data-index=\"4\" ><div\n\t\t\t\n\t\t\tclass=\"so-widget-mtt-two-col-text so-widget-mtt-two-col-text-base\"\n\t\t\t\n\t\t>\n<div class=\"mtt-two-col-wrapper no-bottom-padding\">\n    <div class=\"mtt-two-col-container\">\n        <div class=\"mtt-two-col-content\">\n                        <div class=\"text-section\">\n                <div class=\"col formatted_content\"><figure id=\"attachment_16505\" aria-describedby=\"caption-attachment-16505\" style=\"width: 1024px\" class=\"wp-caption aligncenter\"><img decoding=\"async\" class=\"wp-image-16505 size-large\" src=\"https:\/\/itwgse.com\/wp-content\/uploads\/2021\/02\/Delta-Airlines-with-old-Hobart-unit-scaled-1024x725.jpg\" alt=\"itw gse's legacy brand hobart\" width=\"1024\" height=\"725\" srcset=\"https:\/\/itwgse.com\/wp-content\/uploads\/2021\/02\/Delta-Airlines-with-old-Hobart-unit-scaled-1024x725.jpg 1024w, https:\/\/itwgse.com\/wp-content\/uploads\/2021\/02\/Delta-Airlines-with-old-Hobart-unit-scaled-300x212.jpg 300w\" sizes=\"(max-width: 1024px) 100vw, 1024px\" \/><figcaption id=\"caption-attachment-16505\" class=\"wp-caption-text\">Convertisseur au sol Hobart mobile en relation avec l'avion Delta.<\/figcaption><\/figure>\n<\/div>\n                <div class=\"col formatted_content\"><figure id=\"attachment_16508\" aria-describedby=\"caption-attachment-16508\" style=\"width: 1024px\" class=\"wp-caption aligncenter\"><img decoding=\"async\" class=\"wp-image-16508 size-full\" src=\"https:\/\/itwgse.com\/wp-content\/uploads\/2021\/02\/hobart-in-snow-towed-by-tractor.jpg\" alt=\"hobart gpu dans la neige\" width=\"1024\" height=\"768\" srcset=\"https:\/\/itwgse.com\/wp-content\/uploads\/2021\/02\/hobart-in-snow-towed-by-tractor.jpg 1024w, https:\/\/itwgse.com\/wp-content\/uploads\/2021\/02\/hobart-in-snow-towed-by-tractor-300x225.jpg 300w\" sizes=\"(max-width: 1024px) 100vw, 1024px\" \/><figcaption id=\"caption-attachment-16508\" class=\"wp-caption-text\">Convertisseur de sol Hobart mobile tract\u00e9 par un tracteur sur une aire de trafic verglac\u00e9e.<\/figcaption><\/figure>\n                                    <\/div>\n            <\/div>\n                    <\/div>\n    <\/div>\n<\/div><\/div><\/div><div id=\"panel-28751-1-0-4\" class=\"so-panel widget widget_mtt-two-col-text\" data-index=\"5\" ><div\n\t\t\t\n\t\t\tclass=\"so-widget-mtt-two-col-text so-widget-mtt-two-col-text-base\"\n\t\t\t\n\t\t>\n<div class=\"mtt-two-col-wrapper\">\n    <div class=\"mtt-two-col-container\">\n        <div class=\"mtt-two-col-content\">\n                        <div class=\"text-section\">\n                <div class=\"col formatted_content\"><figure id=\"attachment_24434\" aria-describedby=\"caption-attachment-24434\" style=\"width: 1024px\" class=\"wp-caption aligncenter\"><img decoding=\"async\" class=\"wp-image-24434 size-large\" src=\"https:\/\/itwgse.com\/wp-content\/uploads\/2023\/10\/Hobart-Self-Propellel-Perth_1-scaled-1024x768.jpg\" alt=\"\" width=\"1024\" height=\"768\" srcset=\"https:\/\/itwgse.com\/wp-content\/uploads\/2023\/10\/Hobart-Self-Propellel-Perth_1-scaled-1024x768.jpg 1024w, https:\/\/itwgse.com\/wp-content\/uploads\/2023\/10\/Hobart-Self-Propellel-Perth_1-scaled-300x225.jpg 300w\" sizes=\"(max-width: 1024px) 100vw, 1024px\" \/><figcaption id=\"caption-attachment-24434\" class=\"wp-caption-text\">Hobart Self Propellel, situ\u00e9 \u00e0 Perth, en Australie.<\/figcaption><\/figure>\n<\/div>\n                <div class=\"col formatted_content\"><figure id=\"attachment_24437\" aria-describedby=\"caption-attachment-24437\" style=\"width: 674px\" class=\"wp-caption aligncenter\"><img decoding=\"async\" class=\"wp-image-24437 size-full\" src=\"https:\/\/itwgse.com\/wp-content\/uploads\/2023\/10\/Old-TWA.jpg\" alt=\"\" width=\"674\" height=\"790\" srcset=\"https:\/\/itwgse.com\/wp-content\/uploads\/2023\/10\/Old-TWA.jpg 674w, https:\/\/itwgse.com\/wp-content\/uploads\/2023\/10\/Old-TWA-256x300.jpg 256w\" sizes=\"(max-width: 674px) 100vw, 674px\" \/><figcaption id=\"caption-attachment-24437\" class=\"wp-caption-text\">L'ancien Hobart approvisionne la TWA.<\/figcaption><\/figure>\n                                    <\/div>\n            <\/div>\n                    <\/div>\n    <\/div>\n<\/div><\/div><\/div><div id=\"panel-28751-1-0-5\" class=\"so-panel widget widget_mtt-customer-support panel-last-child\" data-index=\"6\" ><div\n\t\t\t\n\t\t\tclass=\"so-widget-mtt-customer-support so-widget-mtt-customer-support-base\"\n\t\t\t\n\t\t>\n<div class=\"mtt-text-image-wrap less-top-padding less-bottom-padding grey-bg\">\n        <!-- Content -->\n    <div class=\"mtt-text-image-container\">\n        <div class=\"mtt-text-image-col\">\n            <div class=\"mtt-text-image-content formatted_content\">\n                                <h2>Assistance client\u00e8le<\/h2>\n                <p><strong>Comment pouvons-nous vous aider\u00a0?<\/strong><\/p>\n<p>Besoin de sch\u00e9mas, de listes de pi\u00e8ces d\u00e9tach\u00e9es ou de tutoriels vid\u00e9o\u00a0? Cliquez sur le bouton \u00ab\u00a0Assistance produit\u00a0\u00bb.<\/p>\n<p>Des questions pour l\u2019assistance client\u00e8le\u00a0? Cliquez sur le bouton \u00ab\u00a0Contacter l\u2019assistance client\u00e8le\u00a0\u00bb.<\/p>\n<p>Si votre question concerne un produit sp\u00e9cifique, veuillez indiquer son num\u00e9ro de s\u00e9rie.<\/p>\n\n                                    <div class=\"button-wrap\">\n                                                    <a href=\"https:\/\/itwgse.com\/fr\/soutien-et-service\/\" class=\"button\">\n                                Assistance produit                            <\/a>\n                                                    <a href=\"https:\/\/itwgse.com\/fr\/contact\/\" class=\"button\">\n                                Contacter l\u2019assistance client\u00e8le                            <\/a>\n                                            <\/div>\n                            <\/div>\n        <\/div>\n                    <div class=\"mtt-text-image-col img center\">\n                <div class=\"mtt-text-image-content\">\n                    <img decoding=\"async\" width=\"1800\" height=\"1023\" src=\"https:\/\/itwgse.com\/wp-content\/uploads\/2018\/06\/ITWGSE_hero_cleanest-1.jpg\" class=\"attachment-full size-full\" alt=\"\" srcset=\"https:\/\/itwgse.com\/wp-content\/uploads\/2018\/06\/ITWGSE_hero_cleanest-1.jpg 1800w, https:\/\/itwgse.com\/wp-content\/uploads\/2018\/06\/ITWGSE_hero_cleanest-1-300x171.jpg 300w, https:\/\/itwgse.com\/wp-content\/uploads\/2018\/06\/ITWGSE_hero_cleanest-1-1024x582.jpg 1024w\" sizes=\"(max-width: 1800px) 100vw, 1800px\" \/>                \n                    \n                    \n                <\/div>\n            <\/div>\n            <\/div>\n<\/div>\n\n<script>\nfunction sendEvent(action, element) {\n    var videoTitle = jQuery(element).data('title');  \n\n    if (dataLayer && videoTitle) {\n        dataLayer.push({\n            'event': 'video',\n            'eventCategory': 'Video',\n            'eventAction': action,\n            'eventLabel': videoTitle\n        });\n    }\n    else if (ga && videoTitle) {\n        ga('send', 'event', 'Video', action, videoTitle);\n    }  \n}\n<\/script>\n<\/div><\/div><\/div><\/div><\/div>","protected":false},"excerpt":{"rendered":"<p>Hobart Puissance : in relation to 400Hz redresseur (in relation to 28 VDC) Hobart a \u00e9t\u00e9 le premier fabricant de convertisseurs ( relation VDC)&#8230;<\/p>\n","protected":false},"author":1,"featured_media":0,"parent":0,"menu_order":255,"comment_status":"closed","ping_status":"closed","template":"","meta":{"_acf_changed":false,"_relevanssi_hide_post":"","_relevanssi_hide_content":"","_relevanssi_pin_for_all":"","_relevanssi_pin_keywords":"","_relevanssi_unpin_keywords":"","_relevanssi_related_keywords":"","_relevanssi_related_include_ids":"","_relevanssi_related_exclude_ids":"","_relevanssi_related_no_append":"","_relevanssi_related_not_related":"","_relevanssi_related_posts":"","_relevanssi_noindex_reason":"","footnotes":""},"class_list":["post-28751","page","type-page","status-publish","hentry"],"acf":[],"yoast_head":"<!-- This site is optimized with the Yoast SEO plugin v27.0 - https:\/\/yoast.com\/product\/yoast-seo-wordpress\/ -->\n<title>Hobart Ground Power - Histoire de la marque Hobart | ITW GSE<\/title>\n<meta name=\"description\" content=\"Les convertisseurs au sol Hobart ont \u00e9t\u00e9 con\u00e7us pour fournir une alimentation en courant alternatif ou continu avec les derni\u00e8res technologies en mati\u00e8re de moteur et d&#039;\u00e9tat solide.\" \/>\n<meta name=\"robots\" content=\"index, follow, max-snippet:-1, max-image-preview:large, max-video-preview:-1\" \/>\n<link rel=\"canonical\" href=\"https:\/\/itwgse.com\/fr\/histoire-de-la-marque-hobart\/\" \/>\n<meta property=\"og:locale\" content=\"fr_FR\" \/>\n<meta property=\"og:type\" content=\"article\" \/>\n<meta property=\"og:title\" content=\"Hobart Ground Power - Histoire de la marque Hobart | ITW GSE\" \/>\n<meta property=\"og:description\" content=\"Les convertisseurs au sol Hobart ont \u00e9t\u00e9 con\u00e7us pour fournir une alimentation en courant alternatif ou continu avec les derni\u00e8res technologies en mati\u00e8re de moteur et d&#039;\u00e9tat solide.\" \/>\n<meta property=\"og:url\" content=\"https:\/\/itwgse.com\/fr\/histoire-de-la-marque-hobart\/\" \/>\n<meta property=\"og:site_name\" content=\"ITW GSE\" \/>\n<meta property=\"article:publisher\" content=\"https:\/\/www.facebook.com\/ITWGSE\/\" \/>\n<meta name=\"twitter:card\" content=\"summary_large_image\" \/>\n<script type=\"application\/ld+json\" class=\"yoast-schema-graph\">{\"@context\":\"https:\/\/schema.org\",\"@graph\":[{\"@type\":\"WebPage\",\"@id\":\"https:\/\/itwgse.com\/fr\/histoire-de-la-marque-hobart\/\",\"url\":\"https:\/\/itwgse.com\/fr\/histoire-de-la-marque-hobart\/\",\"name\":\"Hobart Ground Power - Histoire de la marque Hobart | ITW GSE\",\"isPartOf\":{\"@id\":\"https:\/\/itwgse.com\/#website\"},\"datePublished\":\"2026-02-24T13:11:05+00:00\",\"description\":\"Les convertisseurs au sol Hobart ont \u00e9t\u00e9 con\u00e7us pour fournir une alimentation en courant alternatif ou continu avec les derni\u00e8res technologies en mati\u00e8re de moteur et d'\u00e9tat solide.\",\"breadcrumb\":{\"@id\":\"https:\/\/itwgse.com\/fr\/histoire-de-la-marque-hobart\/#breadcrumb\"},\"inLanguage\":\"fr-FR\",\"potentialAction\":[{\"@type\":\"ReadAction\",\"target\":[\"https:\/\/itwgse.com\/fr\/histoire-de-la-marque-hobart\/\"]}]},{\"@type\":\"BreadcrumbList\",\"@id\":\"https:\/\/itwgse.com\/fr\/histoire-de-la-marque-hobart\/#breadcrumb\",\"itemListElement\":[{\"@type\":\"ListItem\",\"position\":1,\"name\":\"Home\",\"item\":\"https:\/\/itwgse.com\/fr\/\"},{\"@type\":\"ListItem\",\"position\":2,\"name\":\"Histoire de la marque Hobart\"}]},{\"@type\":\"WebSite\",\"@id\":\"https:\/\/itwgse.com\/#website\",\"url\":\"https:\/\/itwgse.com\/\",\"name\":\"ITW GSE\",\"description\":\"It&#039;s all about connections\",\"publisher\":{\"@id\":\"https:\/\/itwgse.com\/#organization\"},\"potentialAction\":[{\"@type\":\"SearchAction\",\"target\":{\"@type\":\"EntryPoint\",\"urlTemplate\":\"https:\/\/itwgse.com\/?s={search_term_string}\"},\"query-input\":{\"@type\":\"PropertyValueSpecification\",\"valueRequired\":true,\"valueName\":\"search_term_string\"}}],\"inLanguage\":\"fr-FR\"},{\"@type\":\"Organization\",\"@id\":\"https:\/\/itwgse.com\/#organization\",\"name\":\"ITW GSE\",\"url\":\"https:\/\/itwgse.com\/\",\"logo\":{\"@type\":\"ImageObject\",\"inLanguage\":\"fr-FR\",\"@id\":\"https:\/\/itwgse.com\/#\/schema\/logo\/image\/\",\"url\":\"https:\/\/itwgse.com\/wp-content\/uploads\/2018\/11\/logo.png\",\"contentUrl\":\"https:\/\/itwgse.com\/wp-content\/uploads\/2018\/11\/logo.png\",\"width\":302,\"height\":237,\"caption\":\"ITW GSE\"},\"image\":{\"@id\":\"https:\/\/itwgse.com\/#\/schema\/logo\/image\/\"},\"sameAs\":[\"https:\/\/www.facebook.com\/ITWGSE\/\",\"https:\/\/www.linkedin.com\/company\/itw-gse\/\",\"https:\/\/www.youtube.com\/channel\/UCTUIMvyaOPfYIqzP8enZ8yw\"]}]}<\/script>\n<!-- \/ Yoast SEO plugin. -->","yoast_head_json":{"title":"Hobart Ground Power - Histoire de la marque Hobart | ITW GSE","description":"Les convertisseurs au sol Hobart ont \u00e9t\u00e9 con\u00e7us pour fournir une alimentation en courant alternatif ou continu avec les derni\u00e8res technologies en mati\u00e8re de moteur et d'\u00e9tat solide.","robots":{"index":"index","follow":"follow","max-snippet":"max-snippet:-1","max-image-preview":"max-image-preview:large","max-video-preview":"max-video-preview:-1"},"canonical":"https:\/\/itwgse.com\/fr\/histoire-de-la-marque-hobart\/","og_locale":"fr_FR","og_type":"article","og_title":"Hobart Ground Power - Histoire de la marque Hobart | ITW GSE","og_description":"Les convertisseurs au sol Hobart ont \u00e9t\u00e9 con\u00e7us pour fournir une alimentation en courant alternatif ou continu avec les derni\u00e8res technologies en mati\u00e8re de moteur et d'\u00e9tat solide.","og_url":"https:\/\/itwgse.com\/fr\/histoire-de-la-marque-hobart\/","og_site_name":"ITW GSE","article_publisher":"https:\/\/www.facebook.com\/ITWGSE\/","twitter_card":"summary_large_image","schema":{"@context":"https:\/\/schema.org","@graph":[{"@type":"WebPage","@id":"https:\/\/itwgse.com\/fr\/histoire-de-la-marque-hobart\/","url":"https:\/\/itwgse.com\/fr\/histoire-de-la-marque-hobart\/","name":"Hobart Ground Power - Histoire de la marque Hobart | ITW GSE","isPartOf":{"@id":"https:\/\/itwgse.com\/#website"},"datePublished":"2026-02-24T13:11:05+00:00","description":"Les convertisseurs au sol Hobart ont \u00e9t\u00e9 con\u00e7us pour fournir une alimentation en courant alternatif ou continu avec les derni\u00e8res technologies en mati\u00e8re de moteur et d'\u00e9tat solide.","breadcrumb":{"@id":"https:\/\/itwgse.com\/fr\/histoire-de-la-marque-hobart\/#breadcrumb"},"inLanguage":"fr-FR","potentialAction":[{"@type":"ReadAction","target":["https:\/\/itwgse.com\/fr\/histoire-de-la-marque-hobart\/"]}]},{"@type":"BreadcrumbList","@id":"https:\/\/itwgse.com\/fr\/histoire-de-la-marque-hobart\/#breadcrumb","itemListElement":[{"@type":"ListItem","position":1,"name":"Home","item":"https:\/\/itwgse.com\/fr\/"},{"@type":"ListItem","position":2,"name":"Histoire de la marque Hobart"}]},{"@type":"WebSite","@id":"https:\/\/itwgse.com\/#website","url":"https:\/\/itwgse.com\/","name":"ITW GSE","description":"It&#039;s all about connections","publisher":{"@id":"https:\/\/itwgse.com\/#organization"},"potentialAction":[{"@type":"SearchAction","target":{"@type":"EntryPoint","urlTemplate":"https:\/\/itwgse.com\/?s={search_term_string}"},"query-input":{"@type":"PropertyValueSpecification","valueRequired":true,"valueName":"search_term_string"}}],"inLanguage":"fr-FR"},{"@type":"Organization","@id":"https:\/\/itwgse.com\/#organization","name":"ITW GSE","url":"https:\/\/itwgse.com\/","logo":{"@type":"ImageObject","inLanguage":"fr-FR","@id":"https:\/\/itwgse.com\/#\/schema\/logo\/image\/","url":"https:\/\/itwgse.com\/wp-content\/uploads\/2018\/11\/logo.png","contentUrl":"https:\/\/itwgse.com\/wp-content\/uploads\/2018\/11\/logo.png","width":302,"height":237,"caption":"ITW GSE"},"image":{"@id":"https:\/\/itwgse.com\/#\/schema\/logo\/image\/"},"sameAs":["https:\/\/www.facebook.com\/ITWGSE\/","https:\/\/www.linkedin.com\/company\/itw-gse\/","https:\/\/www.youtube.com\/channel\/UCTUIMvyaOPfYIqzP8enZ8yw"]}]}},"_links":{"self":[{"href":"https:\/\/itwgse.com\/fr\/wp-json\/wp\/v2\/pages\/28751","targetHints":{"allow":["GET"]}}],"collection":[{"href":"https:\/\/itwgse.com\/fr\/wp-json\/wp\/v2\/pages"}],"about":[{"href":"https:\/\/itwgse.com\/fr\/wp-json\/wp\/v2\/types\/page"}],"author":[{"embeddable":true,"href":"https:\/\/itwgse.com\/fr\/wp-json\/wp\/v2\/users\/1"}],"replies":[{"embeddable":true,"href":"https:\/\/itwgse.com\/fr\/wp-json\/wp\/v2\/comments?post=28751"}],"version-history":[{"count":0,"href":"https:\/\/itwgse.com\/fr\/wp-json\/wp\/v2\/pages\/28751\/revisions"}],"wp:attachment":[{"href":"https:\/\/itwgse.com\/fr\/wp-json\/wp\/v2\/media?parent=28751"}],"curies":[{"name":"wp","href":"https:\/\/api.w.org\/{rel}","templated":true}]}}