{"id":28755,"date":"2026-02-24T14:11:07","date_gmt":"2026-02-24T13:11:07","guid":{"rendered":"https:\/\/itwgse.com\/histoire-de-la-marque-houchin\/"},"modified":"2026-02-24T14:11:07","modified_gmt":"2026-02-24T13:11:07","slug":"histoire-de-la-marque-houchin","status":"publish","type":"page","link":"https:\/\/itwgse.com\/fr\/histoire-de-la-marque-houchin\/","title":{"rendered":"Histoire de la marque Houchin"},"content":{"rendered":"<div id=\"pl-28755\"  class=\"panel-layout\" ><div id=\"pg-28755-0\"  class=\"panel-grid panel-no-style\" ><div id=\"pgc-28755-0-0\"  class=\"panel-grid-cell\" ><div id=\"panel-28755-0-0-0\" class=\"so-panel widget widget_mtt-cover-section panel-first-child panel-last-child\" data-index=\"0\" ><div\n\t\t\t\n\t\t\tclass=\"so-widget-mtt-cover-section so-widget-mtt-cover-section-base\"\n\t\t\t\n\t\t>\n<div class=\"mtt-cover-section-wrap compact\">\n\t<div class=\"mtt-cover-curve\">\n\t\t<img decoding=\"async\"  src=\"https:\/\/itwgse.com\/wp-content\/themes\/mtt-standard-theme\/assets\/img\/cover\/itwgse_cut.svg\">\t<\/div>\n    <div class=\"mtt-cover-compact-background object-fit overlay\">\n                            <div class=\"mtt-cover-compact-image object-fit\">\n                <img decoding=\"async\"\n                    src=\"https:\/\/itwgse.com\/wp-content\/uploads\/2021\/02\/Houchin-4400_cover.png\"\n                    data-skip-lazy\n                    alt=\"\"\n                >\n            <\/div>\n                    <\/div>\n    <div class=\"mtt-cover-compact-container\">\n        <div class=\"mtt-cover-section-text\">\n            <h1>Houchin<\/h1>\n                                <div class=\"text\"><p>Une marque h\u00e9rit\u00e9e d'ITW GSE<\/p>\n<p>Retour sur l'histoire de Houchin, vieille de 100 ans !<\/p>\n<\/div>\n                            <\/div>\n    <\/div>\n<\/div>\n<\/div><\/div><\/div><\/div><div id=\"pg-28755-1\"  class=\"panel-grid panel-no-style\" ><div id=\"pgc-28755-1-0\"  class=\"panel-grid-cell\" ><div id=\"panel-28755-1-0-0\" class=\"so-panel widget widget_mtt-text-image panel-first-child\" data-index=\"1\" ><div\n\t\t\t\n\t\t\tclass=\"so-widget-mtt-text-image so-widget-mtt-text-image-base\"\n\t\t\t\n\t\t>\n<div class=\"mtt-text-image-wrap no-top-padding no-bottom-padding\">\n        <!-- Content -->\n    <div class=\"mtt-text-image-container\">\n        <div class=\"mtt-text-image-col\">\n            <div class=\"mtt-text-image-content formatted_content\">\n                <div class=\"tagline\">Marque h\u00e9rit\u00e9e d'ITW GSE<\/div>                <h2>Histoire de la marque Houchin<\/h2>\n                <p>Houchin Aerospace a \u00e9t\u00e9 cr\u00e9\u00e9e en 1921 \u00e0 Londres pour fabriquer et installer des machines tournantes.<\/p>\n<p>Houchin a commenc\u00e9 \u00e0 s'int\u00e9resser aux kits de d\u00e9marrage d'avions pendant la Seconde Guerre mondiale.<br \/>\u00c0 la fin des ann\u00e9es 1950, l'entreprise a d\u00e9m\u00e9nag\u00e9 \u00e0 Ashford dans une nouvelle usine construite sp\u00e9cialement pour la fabrication d'\u00e9quipements d'assistance au sol pour les avions \u00e0 moteur diesel.<\/p>\n<p>M. Houchin a rejoint ITW en 2005.<\/p>\n\n                            <\/div>\n        <\/div>\n                    <div class=\"mtt-text-image-col img center\">\n                <div class=\"mtt-text-image-content\">\n                    <img decoding=\"async\" width=\"2560\" height=\"1810\" src=\"https:\/\/itwgse.com\/wp-content\/uploads\/2021\/02\/George-Beasley-on-a-604-scaled.jpg\" class=\"attachment-full size-full\" alt=\"\" srcset=\"https:\/\/itwgse.com\/wp-content\/uploads\/2021\/02\/George-Beasley-on-a-604-scaled.jpg 2560w, https:\/\/itwgse.com\/wp-content\/uploads\/2021\/02\/George-Beasley-on-a-604-scaled-300x212.jpg 300w, https:\/\/itwgse.com\/wp-content\/uploads\/2021\/02\/George-Beasley-on-a-604-scaled-1024x724.jpg 1024w\" sizes=\"(max-width: 2560px) 100vw, 2560px\" \/>                \n                    \n                    \n                <\/div>\n            <\/div>\n            <\/div>\n<\/div>\n\n<script>\nfunction sendEvent(action, element) {\n    var videoTitle = jQuery(element).data('title');  \n\n    if (dataLayer && videoTitle) {\n        dataLayer.push({\n            'event': 'video',\n            'eventCategory': 'Video',\n            'eventAction': action,\n            'eventLabel': videoTitle\n        });\n    }\n    else if (ga && videoTitle) {\n        ga('send', 'event', 'Video', action, videoTitle);\n    }  \n}\n<\/script>\n<\/div><\/div><div id=\"panel-28755-1-0-1\" class=\"so-panel widget widget_mtt-text-image\" data-index=\"2\" ><div\n\t\t\t\n\t\t\tclass=\"so-widget-mtt-text-image so-widget-mtt-text-image-base\"\n\t\t\t\n\t\t>\n<div class=\"mtt-text-image-wrap flip no-top-padding less-bottom-padding\">\n        <!-- Content -->\n    <div class=\"mtt-text-image-container\">\n        <div class=\"mtt-text-image-col\">\n            <div class=\"mtt-text-image-content formatted_content\">\n                                \n                <p>Houchin \u00e9tait une marque reconnue et respect\u00e9e dans le monde entier. L'usine britannique a cess\u00e9 de produire en 2015 et la production a \u00e9t\u00e9 transf\u00e9r\u00e9e \u00e0 l'usine de Palmetto.<br \/>En 2018, Houchin a \u00e9t\u00e9 absorb\u00e9e par ITW GSE et l'\u00e9quipement a \u00e9t\u00e9 marqu\u00e9 en cons\u00e9quence. <\/p>\n<p>Parmi les anciens clients de Houchin, on trouve des compagnies a\u00e9riennes, des soci\u00e9t\u00e9s de manutention au sol, des soci\u00e9t\u00e9s de location, des a\u00e9roports et des organisations militaires en Europe, en Afrique et au Moyen-Orient.<\/p>\n<p>Depuis le changement de marque de Houchin, <a href=\"https:\/\/itwgse.com\/history-axa-power-brand\/\" target=\"_blank\" rel=\"noopener\">AXA Puissance<\/a> et <a href=\"https:\/\/itwgse.com\/history-hobart-ground-power-brand\/\" target=\"_blank\" rel=\"noopener\">Hobart<\/a> pour ITW GSE, nous avons assur\u00e9 le meilleur service possible pour maintenir les unit\u00e9s Houchin qui fonctionnent encore dans le monde entier gr\u00e2ce \u00e0 des <a href=\"https:\/\/itwgse.com\/our-team\/\" target=\"_blank\" rel=\"noopener\">techniciens de service<\/a> bas\u00e9s en Europe, en Asie-Pacifique et au Moyen-Orient, ainsi qu'\u00e0 notre r\u00e9seau mondial de distributeurs.<\/p>\n<h3>Vous \u00eates \u00e0 la recherche d'un nouvel appareil ?<\/h3>\n<p>Jetez un coup d'\u0153il sur les <a href=\"https:\/\/itwgse.com\/ground-power-units\/\" target=\"_blank\" rel=\"noopener\">convertisseurs de puissance au sol ITW GSE<\/a>(en relation avec 400Hz) redresseur (en relation avec 28 VDC).<\/p>\n\n                                    <div class=\"button-wrap\">\n                                                    <a href=\"poste : 45\" class=\"button\">\n                                Trouver de nouvelles puissances                            <\/a>\n                                                    <a href=\"poste : 17175\" class=\"button\">\n                                Obtenir de l'aide                            <\/a>\n                                            <\/div>\n                            <\/div>\n        <\/div>\n                    <div class=\"mtt-text-image-col img center\">\n                <div class=\"mtt-text-image-content\">\n                    <img decoding=\"async\" width=\"2560\" height=\"1815\" src=\"https:\/\/itwgse.com\/wp-content\/uploads\/2021\/02\/Houchin-Brochure-circa-1985-1-scaled.jpg\" class=\"attachment-full size-full\" alt=\"houchin advertising\" srcset=\"https:\/\/itwgse.com\/wp-content\/uploads\/2021\/02\/Houchin-Brochure-circa-1985-1-scaled.jpg 2560w, https:\/\/itwgse.com\/wp-content\/uploads\/2021\/02\/Houchin-Brochure-circa-1985-1-scaled-300x213.jpg 300w, https:\/\/itwgse.com\/wp-content\/uploads\/2021\/02\/Houchin-Brochure-circa-1985-1-scaled-1024x726.jpg 1024w\" sizes=\"(max-width: 2560px) 100vw, 2560px\" \/>                \n                    \n                    \n                <\/div>\n            <\/div>\n            <\/div>\n<\/div>\n\n<script>\nfunction sendEvent(action, element) {\n    var videoTitle = jQuery(element).data('title');  \n\n    if (dataLayer && videoTitle) {\n        dataLayer.push({\n            'event': 'video',\n            'eventCategory': 'Video',\n            'eventAction': action,\n            'eventLabel': videoTitle\n        });\n    }\n    else if (ga && videoTitle) {\n        ga('send', 'event', 'Video', action, videoTitle);\n    }  \n}\n<\/script>\n<\/div><\/div><div id=\"panel-28755-1-0-2\" class=\"so-panel widget widget_mtt-text-image\" data-index=\"3\" ><div\n\t\t\t\n\t\t\tclass=\"so-widget-mtt-text-image so-widget-mtt-text-image-base\"\n\t\t\t\n\t\t>\n<div class=\"mtt-text-image-wrap no-bottom-padding\">\n        <!-- Content -->\n    <div class=\"mtt-text-image-container\">\n        <div class=\"mtt-text-image-col\">\n            <div class=\"mtt-text-image-content formatted_content\">\n                                <h2>Une promenade dans le pass\u00e9<\/h2>\n                <p>En tant que professionnels de l'aviation, nous aimons voyager et c'est pourquoi nous vous invitons \u00e0 un voyage dans le temps.<\/p>\n<p>Au cours du voyage, vous verrez une ancienne brochure de Houchin et quelques vieilles photos d'\u00e9poque.<\/p>\n\n                                    <div class=\"button-wrap\">\n                                                    <a href=\"https:\/\/itwgse.com\/wp-content\/uploads\/2021\/02\/Houchin-brochure-old.pdf\" class=\"button\">\n                                Brochure sur l'h\u00e9ritage Houchin                            <\/a>\n                                            <\/div>\n                            <\/div>\n        <\/div>\n                    <div class=\"mtt-text-image-col img\">\n                <div class=\"mtt-text-image-content\">\n                    <img decoding=\"async\" width=\"2560\" height=\"1810\" src=\"https:\/\/itwgse.com\/wp-content\/uploads\/2021\/02\/Mick-Potten-3-scaled.jpg\" class=\"attachment-full size-full\" alt=\"\" srcset=\"https:\/\/itwgse.com\/wp-content\/uploads\/2021\/02\/Mick-Potten-3-scaled.jpg 2560w, https:\/\/itwgse.com\/wp-content\/uploads\/2021\/02\/Mick-Potten-3-scaled-300x212.jpg 300w, https:\/\/itwgse.com\/wp-content\/uploads\/2021\/02\/Mick-Potten-3-scaled-1024x724.jpg 1024w\" sizes=\"(max-width: 2560px) 100vw, 2560px\" \/>                \n                    \n                    \n                <\/div>\n            <\/div>\n            <\/div>\n<\/div>\n\n<script>\nfunction sendEvent(action, element) {\n    var videoTitle = jQuery(element).data('title');  \n\n    if (dataLayer && videoTitle) {\n        dataLayer.push({\n            'event': 'video',\n            'eventCategory': 'Video',\n            'eventAction': action,\n            'eventLabel': videoTitle\n        });\n    }\n    else if (ga && videoTitle) {\n        ga('send', 'event', 'Video', action, videoTitle);\n    }  \n}\n<\/script>\n<\/div><\/div><div id=\"panel-28755-1-0-3\" class=\"so-panel widget widget_mtt-two-col-text panel-last-child\" data-index=\"4\" ><div\n\t\t\t\n\t\t\tclass=\"so-widget-mtt-two-col-text so-widget-mtt-two-col-text-base\"\n\t\t\t\n\t\t>\n<div class=\"mtt-two-col-wrapper\">\n    <div class=\"mtt-two-col-container\">\n        <div class=\"mtt-two-col-content\">\n                        <div class=\"text-section\">\n                <div class=\"col formatted_content\"><p><img decoding=\"async\" class=\"aligncenter wp-image-16286 size-large\" src=\"https:\/\/itwgse.com\/wp-content\/uploads\/2021\/02\/Houchin-Newsletter-No.3-Feb-1974-Page-1-scaled-724x1024.jpg\" alt=\"\" width=\"724\" height=\"1024\" srcset=\"https:\/\/itwgse.com\/wp-content\/uploads\/2021\/02\/Houchin-Newsletter-No.3-Feb-1974-Page-1-scaled-724x1024.jpg 724w, https:\/\/itwgse.com\/wp-content\/uploads\/2021\/02\/Houchin-Newsletter-No.3-Feb-1974-Page-1-scaled-212x300.jpg 212w, https:\/\/itwgse.com\/wp-content\/uploads\/2021\/02\/Houchin-Newsletter-No.3-Feb-1974-Page-1-scaled.jpg 1810w\" sizes=\"(max-width: 724px) 100vw, 724px\" \/><\/p>\n<\/div>\n                <div class=\"col formatted_content\"><p><img decoding=\"async\" class=\"aligncenter wp-image-16292 size-large\" src=\"https:\/\/itwgse.com\/wp-content\/uploads\/2021\/02\/Model-265-scaled-744x1024.jpg\" alt=\"vieux mannequins\" width=\"744\" height=\"1024\" srcset=\"https:\/\/itwgse.com\/wp-content\/uploads\/2021\/02\/Model-265-scaled-744x1024.jpg 744w, https:\/\/itwgse.com\/wp-content\/uploads\/2021\/02\/Model-265-scaled-218x300.jpg 218w, https:\/\/itwgse.com\/wp-content\/uploads\/2021\/02\/Model-265-scaled.jpg 1860w\" sizes=\"(max-width: 744px) 100vw, 744px\" \/><\/p>\n                                    <\/div>\n            <\/div>\n                    <\/div>\n    <\/div>\n<\/div><\/div><\/div><\/div><\/div><div id=\"pg-28755-2\"  class=\"panel-grid panel-no-style\" ><div id=\"pgc-28755-2-0\"  class=\"panel-grid-cell\" ><div id=\"panel-28755-2-0-0\" class=\"so-panel widget widget_mtt-customer-support panel-first-child panel-last-child\" data-index=\"5\" ><div\n\t\t\t\n\t\t\tclass=\"so-widget-mtt-customer-support so-widget-mtt-customer-support-base\"\n\t\t\t\n\t\t>\n<div class=\"mtt-text-image-wrap less-top-padding less-bottom-padding grey-bg\">\n        <!-- Content -->\n    <div class=\"mtt-text-image-container\">\n        <div class=\"mtt-text-image-col\">\n            <div class=\"mtt-text-image-content formatted_content\">\n                                <h2>Assistance client\u00e8le<\/h2>\n                <p><strong>Comment pouvons-nous vous aider\u00a0?<\/strong><\/p>\n<p>Besoin de sch\u00e9mas, de listes de pi\u00e8ces d\u00e9tach\u00e9es ou de tutoriels vid\u00e9o\u00a0? Cliquez sur le bouton \u00ab\u00a0Assistance produit\u00a0\u00bb.<\/p>\n<p>Des questions pour l\u2019assistance client\u00e8le\u00a0? Cliquez sur le bouton \u00ab\u00a0Contacter l\u2019assistance client\u00e8le\u00a0\u00bb.<\/p>\n<p>Si votre question concerne un produit sp\u00e9cifique, veuillez indiquer son num\u00e9ro de s\u00e9rie.<\/p>\n\n                                    <div class=\"button-wrap\">\n                                                    <a href=\"https:\/\/itwgse.com\/fr\/soutien-et-service\/\" class=\"button\">\n                                Assistance produit                            <\/a>\n                                                    <a href=\"https:\/\/itwgse.com\/fr\/contact\/\" class=\"button\">\n                                Contacter l\u2019assistance client\u00e8le                            <\/a>\n                                            <\/div>\n                            <\/div>\n        <\/div>\n                    <div class=\"mtt-text-image-col img center\">\n                <div class=\"mtt-text-image-content\">\n                    <img decoding=\"async\" width=\"1800\" height=\"1023\" src=\"https:\/\/itwgse.com\/wp-content\/uploads\/2018\/06\/ITWGSE_hero_cleanest-1.jpg\" class=\"attachment-full size-full\" alt=\"\" srcset=\"https:\/\/itwgse.com\/wp-content\/uploads\/2018\/06\/ITWGSE_hero_cleanest-1.jpg 1800w, https:\/\/itwgse.com\/wp-content\/uploads\/2018\/06\/ITWGSE_hero_cleanest-1-300x171.jpg 300w, https:\/\/itwgse.com\/wp-content\/uploads\/2018\/06\/ITWGSE_hero_cleanest-1-1024x582.jpg 1024w\" sizes=\"(max-width: 1800px) 100vw, 1800px\" \/>                \n                    \n                    \n                <\/div>\n            <\/div>\n            <\/div>\n<\/div>\n\n<script>\nfunction sendEvent(action, element) {\n    var videoTitle = jQuery(element).data('title');  \n\n    if (dataLayer && videoTitle) {\n        dataLayer.push({\n            'event': 'video',\n            'eventCategory': 'Video',\n            'eventAction': action,\n            'eventLabel': videoTitle\n        });\n    }\n    else if (ga && videoTitle) {\n        ga('send', 'event', 'Video', action, videoTitle);\n    }  \n}\n<\/script>\n<\/div><\/div><\/div><\/div><\/div>","protected":false},"excerpt":{"rendered":"<p>Houchin Une marque h\u00e9rit\u00e9e d&rsquo;ITW GSE Retour sur l&rsquo;histoire de Houchin, vieille de 100 ans ! Marque h\u00e9rit\u00e9e d&rsquo;ITW GSE Histoire de la marque&#8230;<\/p>\n","protected":false},"author":1,"featured_media":0,"parent":0,"menu_order":250,"comment_status":"closed","ping_status":"closed","template":"","meta":{"_acf_changed":false,"_relevanssi_hide_post":"","_relevanssi_hide_content":"","_relevanssi_pin_for_all":"","_relevanssi_pin_keywords":"","_relevanssi_unpin_keywords":"","_relevanssi_related_keywords":"","_relevanssi_related_include_ids":"","_relevanssi_related_exclude_ids":"","_relevanssi_related_no_append":"","_relevanssi_related_not_related":"","_relevanssi_related_posts":"","_relevanssi_noindex_reason":"","footnotes":""},"class_list":["post-28755","page","type-page","status-publish","hentry"],"acf":[],"yoast_head":"<!-- This site is optimized with the Yoast SEO plugin v27.0 - https:\/\/yoast.com\/product\/yoast-seo-wordpress\/ -->\n<title>Houchin - Histoire de la marque Houchin | ITW GSE<\/title>\n<meta name=\"description\" content=\"Houchin fournit des services aux compagnies a\u00e9riennes, aux soci\u00e9t\u00e9s de manutention au sol, aux soci\u00e9t\u00e9s de location, aux a\u00e9roports et aux organisations militaires en Europe, en Afrique et au Moyen-Orient.\" \/>\n<meta name=\"robots\" content=\"index, follow, max-snippet:-1, max-image-preview:large, max-video-preview:-1\" \/>\n<link rel=\"canonical\" href=\"https:\/\/itwgse.com\/fr\/histoire-de-la-marque-houchin\/\" \/>\n<meta property=\"og:locale\" content=\"fr_FR\" \/>\n<meta property=\"og:type\" content=\"article\" \/>\n<meta property=\"og:title\" content=\"Houchin - Histoire de la marque Houchin | ITW GSE\" \/>\n<meta property=\"og:description\" content=\"Houchin fournit des services aux compagnies a\u00e9riennes, aux soci\u00e9t\u00e9s de manutention au sol, aux soci\u00e9t\u00e9s de location, aux a\u00e9roports et aux organisations militaires en Europe, en Afrique et au Moyen-Orient.\" \/>\n<meta property=\"og:url\" content=\"https:\/\/itwgse.com\/fr\/histoire-de-la-marque-houchin\/\" \/>\n<meta property=\"og:site_name\" content=\"ITW GSE\" \/>\n<meta property=\"article:publisher\" content=\"https:\/\/www.facebook.com\/ITWGSE\/\" \/>\n<meta name=\"twitter:card\" content=\"summary_large_image\" \/>\n<script type=\"application\/ld+json\" class=\"yoast-schema-graph\">{\"@context\":\"https:\/\/schema.org\",\"@graph\":[{\"@type\":\"WebPage\",\"@id\":\"https:\/\/itwgse.com\/fr\/histoire-de-la-marque-houchin\/\",\"url\":\"https:\/\/itwgse.com\/fr\/histoire-de-la-marque-houchin\/\",\"name\":\"Houchin - Histoire de la marque Houchin | ITW GSE\",\"isPartOf\":{\"@id\":\"https:\/\/itwgse.com\/#website\"},\"datePublished\":\"2026-02-24T13:11:07+00:00\",\"description\":\"Houchin fournit des services aux compagnies a\u00e9riennes, aux soci\u00e9t\u00e9s de manutention au sol, aux soci\u00e9t\u00e9s de location, aux a\u00e9roports et aux organisations militaires en Europe, en Afrique et au Moyen-Orient.\",\"breadcrumb\":{\"@id\":\"https:\/\/itwgse.com\/fr\/histoire-de-la-marque-houchin\/#breadcrumb\"},\"inLanguage\":\"fr-FR\",\"potentialAction\":[{\"@type\":\"ReadAction\",\"target\":[\"https:\/\/itwgse.com\/fr\/histoire-de-la-marque-houchin\/\"]}]},{\"@type\":\"BreadcrumbList\",\"@id\":\"https:\/\/itwgse.com\/fr\/histoire-de-la-marque-houchin\/#breadcrumb\",\"itemListElement\":[{\"@type\":\"ListItem\",\"position\":1,\"name\":\"Home\",\"item\":\"https:\/\/itwgse.com\/fr\/\"},{\"@type\":\"ListItem\",\"position\":2,\"name\":\"Histoire de la marque Houchin\"}]},{\"@type\":\"WebSite\",\"@id\":\"https:\/\/itwgse.com\/#website\",\"url\":\"https:\/\/itwgse.com\/\",\"name\":\"ITW GSE\",\"description\":\"It&#039;s all about connections\",\"publisher\":{\"@id\":\"https:\/\/itwgse.com\/#organization\"},\"potentialAction\":[{\"@type\":\"SearchAction\",\"target\":{\"@type\":\"EntryPoint\",\"urlTemplate\":\"https:\/\/itwgse.com\/?s={search_term_string}\"},\"query-input\":{\"@type\":\"PropertyValueSpecification\",\"valueRequired\":true,\"valueName\":\"search_term_string\"}}],\"inLanguage\":\"fr-FR\"},{\"@type\":\"Organization\",\"@id\":\"https:\/\/itwgse.com\/#organization\",\"name\":\"ITW GSE\",\"url\":\"https:\/\/itwgse.com\/\",\"logo\":{\"@type\":\"ImageObject\",\"inLanguage\":\"fr-FR\",\"@id\":\"https:\/\/itwgse.com\/#\/schema\/logo\/image\/\",\"url\":\"https:\/\/itwgse.com\/wp-content\/uploads\/2018\/11\/logo.png\",\"contentUrl\":\"https:\/\/itwgse.com\/wp-content\/uploads\/2018\/11\/logo.png\",\"width\":302,\"height\":237,\"caption\":\"ITW GSE\"},\"image\":{\"@id\":\"https:\/\/itwgse.com\/#\/schema\/logo\/image\/\"},\"sameAs\":[\"https:\/\/www.facebook.com\/ITWGSE\/\",\"https:\/\/www.linkedin.com\/company\/itw-gse\/\",\"https:\/\/www.youtube.com\/channel\/UCTUIMvyaOPfYIqzP8enZ8yw\"]}]}<\/script>\n<!-- \/ Yoast SEO plugin. -->","yoast_head_json":{"title":"Houchin - Histoire de la marque Houchin | ITW GSE","description":"Houchin fournit des services aux compagnies a\u00e9riennes, aux soci\u00e9t\u00e9s de manutention au sol, aux soci\u00e9t\u00e9s de location, aux a\u00e9roports et aux organisations militaires en Europe, en Afrique et au Moyen-Orient.","robots":{"index":"index","follow":"follow","max-snippet":"max-snippet:-1","max-image-preview":"max-image-preview:large","max-video-preview":"max-video-preview:-1"},"canonical":"https:\/\/itwgse.com\/fr\/histoire-de-la-marque-houchin\/","og_locale":"fr_FR","og_type":"article","og_title":"Houchin - Histoire de la marque Houchin | ITW GSE","og_description":"Houchin fournit des services aux compagnies a\u00e9riennes, aux soci\u00e9t\u00e9s de manutention au sol, aux soci\u00e9t\u00e9s de location, aux a\u00e9roports et aux organisations militaires en Europe, en Afrique et au Moyen-Orient.","og_url":"https:\/\/itwgse.com\/fr\/histoire-de-la-marque-houchin\/","og_site_name":"ITW GSE","article_publisher":"https:\/\/www.facebook.com\/ITWGSE\/","twitter_card":"summary_large_image","schema":{"@context":"https:\/\/schema.org","@graph":[{"@type":"WebPage","@id":"https:\/\/itwgse.com\/fr\/histoire-de-la-marque-houchin\/","url":"https:\/\/itwgse.com\/fr\/histoire-de-la-marque-houchin\/","name":"Houchin - Histoire de la marque Houchin | ITW GSE","isPartOf":{"@id":"https:\/\/itwgse.com\/#website"},"datePublished":"2026-02-24T13:11:07+00:00","description":"Houchin fournit des services aux compagnies a\u00e9riennes, aux soci\u00e9t\u00e9s de manutention au sol, aux soci\u00e9t\u00e9s de location, aux a\u00e9roports et aux organisations militaires en Europe, en Afrique et au Moyen-Orient.","breadcrumb":{"@id":"https:\/\/itwgse.com\/fr\/histoire-de-la-marque-houchin\/#breadcrumb"},"inLanguage":"fr-FR","potentialAction":[{"@type":"ReadAction","target":["https:\/\/itwgse.com\/fr\/histoire-de-la-marque-houchin\/"]}]},{"@type":"BreadcrumbList","@id":"https:\/\/itwgse.com\/fr\/histoire-de-la-marque-houchin\/#breadcrumb","itemListElement":[{"@type":"ListItem","position":1,"name":"Home","item":"https:\/\/itwgse.com\/fr\/"},{"@type":"ListItem","position":2,"name":"Histoire de la marque Houchin"}]},{"@type":"WebSite","@id":"https:\/\/itwgse.com\/#website","url":"https:\/\/itwgse.com\/","name":"ITW GSE","description":"It&#039;s all about connections","publisher":{"@id":"https:\/\/itwgse.com\/#organization"},"potentialAction":[{"@type":"SearchAction","target":{"@type":"EntryPoint","urlTemplate":"https:\/\/itwgse.com\/?s={search_term_string}"},"query-input":{"@type":"PropertyValueSpecification","valueRequired":true,"valueName":"search_term_string"}}],"inLanguage":"fr-FR"},{"@type":"Organization","@id":"https:\/\/itwgse.com\/#organization","name":"ITW GSE","url":"https:\/\/itwgse.com\/","logo":{"@type":"ImageObject","inLanguage":"fr-FR","@id":"https:\/\/itwgse.com\/#\/schema\/logo\/image\/","url":"https:\/\/itwgse.com\/wp-content\/uploads\/2018\/11\/logo.png","contentUrl":"https:\/\/itwgse.com\/wp-content\/uploads\/2018\/11\/logo.png","width":302,"height":237,"caption":"ITW GSE"},"image":{"@id":"https:\/\/itwgse.com\/#\/schema\/logo\/image\/"},"sameAs":["https:\/\/www.facebook.com\/ITWGSE\/","https:\/\/www.linkedin.com\/company\/itw-gse\/","https:\/\/www.youtube.com\/channel\/UCTUIMvyaOPfYIqzP8enZ8yw"]}]}},"_links":{"self":[{"href":"https:\/\/itwgse.com\/fr\/wp-json\/wp\/v2\/pages\/28755","targetHints":{"allow":["GET"]}}],"collection":[{"href":"https:\/\/itwgse.com\/fr\/wp-json\/wp\/v2\/pages"}],"about":[{"href":"https:\/\/itwgse.com\/fr\/wp-json\/wp\/v2\/types\/page"}],"author":[{"embeddable":true,"href":"https:\/\/itwgse.com\/fr\/wp-json\/wp\/v2\/users\/1"}],"replies":[{"embeddable":true,"href":"https:\/\/itwgse.com\/fr\/wp-json\/wp\/v2\/comments?post=28755"}],"version-history":[{"count":0,"href":"https:\/\/itwgse.com\/fr\/wp-json\/wp\/v2\/pages\/28755\/revisions"}],"wp:attachment":[{"href":"https:\/\/itwgse.com\/fr\/wp-json\/wp\/v2\/media?parent=28755"}],"curies":[{"name":"wp","href":"https:\/\/api.w.org\/{rel}","templated":true}]}}