{"id":28814,"date":"2026-02-24T14:14:32","date_gmt":"2026-02-24T13:14:32","guid":{"rendered":"https:\/\/itwgse.com\/service-et-support\/"},"modified":"2026-02-24T14:14:32","modified_gmt":"2026-02-24T13:14:32","slug":"service-et-support","status":"publish","type":"page","link":"https:\/\/itwgse.com\/fr\/service-et-support\/","title":{"rendered":"Service et support"},"content":{"rendered":"<div id=\"pl-28814\"  class=\"panel-layout\" ><div id=\"pg-28814-0\"  class=\"panel-grid panel-no-style\" ><div id=\"pgc-28814-0-0\"  class=\"panel-grid-cell\" ><div id=\"panel-28814-0-0-0\" class=\"so-panel widget widget_mtt-cover-section panel-first-child panel-last-child\" data-index=\"0\" ><div\n\t\t\t\n\t\t\tclass=\"so-widget-mtt-cover-section so-widget-mtt-cover-section-base\"\n\t\t\t\n\t\t>\n<div class=\"mtt-cover-section-wrap compact extra-small\">\n\t<div class=\"mtt-cover-curve\">\n\t\t<img decoding=\"async\"  src=\"https:\/\/itwgse.com\/wp-content\/themes\/mtt-standard-theme\/assets\/img\/cover\/itwgse_cut.svg\">\t<\/div>\n    <div class=\"mtt-cover-compact-background object-fit\">\n                            <\/div>\n    <div class=\"mtt-cover-compact-container\">\n        <div class=\"mtt-cover-section-text\">\n            <h1>Service et support<\/h1>\n                                <div class=\"text\"><p>\u00a0<\/p>\n<div class=\"pcl_tooltip_box\" style=\"display: none;\">Image d\u00e9j\u00e0 ajout\u00e9e\n<div class=\"arrow border\"><\/div>\n<div class=\"arrow\"><\/div>\n<\/div>\n<div class=\"pcl_global_mask\" style=\"display: none;\"><\/div>\n<\/div>\n                            <\/div>\n    <\/div>\n<\/div>\n<\/div><\/div><\/div><\/div><div id=\"pg-28814-1\"  class=\"panel-grid panel-no-style\" ><div id=\"pgc-28814-1-0\"  class=\"panel-grid-cell\" ><div id=\"panel-28814-1-0-0\" class=\"so-panel widget widget_mtt-two-col-text panel-first-child panel-last-child\" data-index=\"1\" ><div\n\t\t\t\n\t\t\tclass=\"so-widget-mtt-two-col-text so-widget-mtt-two-col-text-base\"\n\t\t\t\n\t\t>\n<div class=\"mtt-two-col-wrapper\">\n    <div class=\"mtt-two-col-container\">\n        <div class=\"mtt-two-col-content inline-titles\">\n                            <h2>Contacter le support<\/h2>\n                        <div class=\"text-section\">\n                <div class=\"col formatted_content\"><p><strong>ITW GSE ApS<\/strong><br \/>\nSmedebakken 31-33<br \/>\nDK-5270 Odense N<br \/>\nDanemark<\/p>\n<p>Tel : <a href=\"tel:+4563186000\">(+45) 63 18 60 00<\/a><br \/>\nMail : <a href=\"mailto:support@itwgse.com\">support@itwgse.com<\/a><\/p>\n<p><strong>Heures d'ouverture<\/strong><br \/>\nLundi - jeudi : 8.00 - 16.00 CET<br \/>\nVendredi : 8.00 - 15.00 CET<\/p>\n<\/div>\n                <div class=\"col formatted_content\"><p><strong>ITW GSE Inc.<\/strong><br \/>11001 US Highway 41 North<br \/>Palmetto, FL 34221<br \/>USA<\/p>\n<p>Tel : <a href=\"tel:+0019417211000\">(+1) 941 721 1000<\/a><br \/>Mail : <a href=\"mailto:support.americas@itwgse.com\">support.americas@itwgse.com<\/a><\/p>\n                                    <\/div>\n            <\/div>\n                    <\/div>\n    <\/div>\n<\/div><\/div><\/div><\/div><\/div><div id=\"pg-28814-2\"  class=\"panel-grid panel-no-style\" ><div id=\"pgc-28814-2-0\"  class=\"panel-grid-cell\" ><div id=\"panel-28814-2-0-0\" class=\"so-panel widget widget_mtt-two-col-text panel-first-child panel-last-child\" data-index=\"2\" ><div\n\t\t\t\n\t\t\tclass=\"so-widget-mtt-two-col-text so-widget-mtt-two-col-text-base\"\n\t\t\t\n\t\t>\n<div class=\"mtt-two-col-wrapper no-top-padding\">\n    <div class=\"mtt-two-col-container\">\n        <div class=\"mtt-two-col-content\">\n                        <div class=\"text-section\">\n                <div class=\"col formatted_content\"><p>Nous sommes pr\u00eats \u00e0 vous aider avec la gamme compl\u00e8te de produits ITW GSE, y compris les anciens produits AXA Puissance, Hobart, Houchin, Military, J&B Aviation et Trilectron. <\/p>\n<\/div>\n                <div class=\"col formatted_content\"><p>Les services comprennent l'assistance compl\u00e8te sur les produits, la formation, les r\u00e9parations en interne ou sur site et la recherche de pi\u00e8ces d\u00e9tach\u00e9es.<\/p>\n                                    <\/div>\n            <\/div>\n                    <\/div>\n    <\/div>\n<\/div><\/div><\/div><\/div><\/div><div id=\"pg-28814-3\"  class=\"panel-grid panel-no-style\" ><div id=\"pgc-28814-3-0\"  class=\"panel-grid-cell\" ><div id=\"panel-28814-3-0-0\" class=\"so-panel widget widget_mtt-text-image panel-first-child panel-last-child\" data-index=\"3\" ><div class=\"panel-widget-style panel-widget-style-for-28814-3-0-0\" ><div\n\t\t\t\n\t\t\tclass=\"so-widget-mtt-text-image so-widget-mtt-text-image-base\"\n\t\t\t\n\t\t>\n<div class=\"mtt-text-image-wrap\">\n        <!-- Content -->\n    <div class=\"mtt-text-image-container\">\n        <div class=\"mtt-text-image-col\">\n            <div class=\"mtt-text-image-content formatted_content\">\n                                <h2>Pouvons-nous vous aider ?<\/h2>\n                <p>Vous avez besoin de sch\u00e9mas, de listes de pi\u00e8ces d\u00e9tach\u00e9es ou de vid\u00e9os d'instruction ? Utilisez le bouton \"Assistance produit\". <\/p>\n\n                                    <div class=\"button-wrap\">\n                                                    <a href=\"https:\/\/itwgse.com\/support-and-service\/\" class=\"button\">\n                                Assistance produit                            <\/a>\n                                            <\/div>\n                            <\/div>\n        <\/div>\n                    <div class=\"mtt-text-image-col img center\">\n                <div class=\"mtt-text-image-content\">\n                    <img decoding=\"async\" width=\"1800\" height=\"1023\" src=\"https:\/\/itwgse.com\/wp-content\/uploads\/2020\/01\/ITWGSE_hero_cleanest.jpg\" class=\"attachment-full size-full\" alt=\"itw gse, itwgse, itwgse7400, itw gse 7400, itw sge 7400 eGPU, itwgse eGPU, batterdy driven gpu, batttery driven ground power unit\" srcset=\"https:\/\/itwgse.com\/wp-content\/uploads\/2020\/01\/ITWGSE_hero_cleanest.jpg 1800w, https:\/\/itwgse.com\/wp-content\/uploads\/2020\/01\/ITWGSE_hero_cleanest-300x171.jpg 300w, https:\/\/itwgse.com\/wp-content\/uploads\/2020\/01\/ITWGSE_hero_cleanest-1024x582.jpg 1024w, https:\/\/itwgse.com\/wp-content\/uploads\/2020\/01\/ITWGSE_hero_cleanest-10x6.jpg 10w\" sizes=\"(max-width: 1800px) 100vw, 1800px\" \/>                \n                    \n                    \n                <\/div>\n            <\/div>\n            <\/div>\n<\/div>\n\n<script>\nfunction sendEvent(action, element) {\n    var videoTitle = jQuery(element).data('title');  \n\n    if (dataLayer && videoTitle) {\n        dataLayer.push({\n            'event': 'video',\n            'eventCategory': 'Video',\n            'eventAction': action,\n            'eventLabel': videoTitle\n        });\n    }\n    else if (ga && videoTitle) {\n        ga('send', 'event', 'Video', action, videoTitle);\n    }  \n}\n<\/script>\n<\/div><\/div><\/div><\/div><\/div><\/div>","protected":false},"excerpt":{"rendered":"<p>Service et support \u00a0 Image d\u00e9j\u00e0 ajout\u00e9e Contacter le support ITW GSE ApS Smedebakken 31-33 DK-5270 Odense N Danemark Tel : (+45) 63 18&#8230;<\/p>\n","protected":false},"author":1,"featured_media":0,"parent":0,"menu_order":356,"comment_status":"closed","ping_status":"closed","template":"","meta":{"_acf_changed":false,"_relevanssi_hide_post":"","_relevanssi_hide_content":"","_relevanssi_pin_for_all":"","_relevanssi_pin_keywords":"","_relevanssi_unpin_keywords":"","_relevanssi_related_keywords":"","_relevanssi_related_include_ids":"","_relevanssi_related_exclude_ids":"","_relevanssi_related_no_append":"","_relevanssi_related_not_related":"","_relevanssi_related_posts":"","_relevanssi_noindex_reason":"","footnotes":""},"class_list":["post-28814","page","type-page","status-publish","hentry"],"acf":[],"yoast_head":"<!-- This site is optimized with the Yoast SEO plugin v27.0 - https:\/\/yoast.com\/product\/yoast-seo-wordpress\/ -->\n<title>Service et support - Nous sommes pr\u00eats \u00e0 vous assister | ITW GSE<\/title>\n<meta name=\"description\" content=\"Notre service et notre support sont pr\u00eats \u00e0 vous aider pour tous les produits ITW GSE, ainsi que pour les anciens produits AXA Puissance, Hobart, Houchin, Military, J&amp;B Aviation et Trilectron.\" \/>\n<meta name=\"robots\" content=\"index, follow, max-snippet:-1, max-image-preview:large, max-video-preview:-1\" \/>\n<link rel=\"canonical\" href=\"https:\/\/itwgse.com\/fr\/service-et-support\/\" \/>\n<meta property=\"og:locale\" content=\"fr_FR\" \/>\n<meta property=\"og:type\" content=\"article\" \/>\n<meta property=\"og:title\" content=\"Service et support - Nous sommes pr\u00eats \u00e0 vous assister | ITW GSE\" \/>\n<meta property=\"og:description\" content=\"Notre service et notre support sont pr\u00eats \u00e0 vous aider pour tous les produits ITW GSE, ainsi que pour les anciens produits AXA Puissance, Hobart, Houchin, Military, J&amp;B Aviation et Trilectron.\" \/>\n<meta property=\"og:url\" content=\"https:\/\/itwgse.com\/fr\/service-et-support\/\" \/>\n<meta property=\"og:site_name\" content=\"ITW GSE\" \/>\n<meta property=\"article:publisher\" content=\"https:\/\/www.facebook.com\/ITWGSE\/\" \/>\n<meta name=\"twitter:card\" content=\"summary_large_image\" \/>\n<script type=\"application\/ld+json\" class=\"yoast-schema-graph\">{\"@context\":\"https:\/\/schema.org\",\"@graph\":[{\"@type\":\"WebPage\",\"@id\":\"https:\/\/itwgse.com\/fr\/service-et-support\/\",\"url\":\"https:\/\/itwgse.com\/fr\/service-et-support\/\",\"name\":\"Service et support - Nous sommes pr\u00eats \u00e0 vous assister | ITW GSE\",\"isPartOf\":{\"@id\":\"https:\/\/itwgse.com\/#website\"},\"datePublished\":\"2026-02-24T13:14:32+00:00\",\"description\":\"Notre service et notre support sont pr\u00eats \u00e0 vous aider pour tous les produits ITW GSE, ainsi que pour les anciens produits AXA Puissance, Hobart, Houchin, Military, J&B Aviation et Trilectron.\",\"breadcrumb\":{\"@id\":\"https:\/\/itwgse.com\/fr\/service-et-support\/#breadcrumb\"},\"inLanguage\":\"fr-FR\",\"potentialAction\":[{\"@type\":\"ReadAction\",\"target\":[\"https:\/\/itwgse.com\/fr\/service-et-support\/\"]}]},{\"@type\":\"BreadcrumbList\",\"@id\":\"https:\/\/itwgse.com\/fr\/service-et-support\/#breadcrumb\",\"itemListElement\":[{\"@type\":\"ListItem\",\"position\":1,\"name\":\"Home\",\"item\":\"https:\/\/itwgse.com\/fr\/\"},{\"@type\":\"ListItem\",\"position\":2,\"name\":\"Service et support\"}]},{\"@type\":\"WebSite\",\"@id\":\"https:\/\/itwgse.com\/#website\",\"url\":\"https:\/\/itwgse.com\/\",\"name\":\"ITW GSE\",\"description\":\"It&#039;s all about connections\",\"publisher\":{\"@id\":\"https:\/\/itwgse.com\/#organization\"},\"potentialAction\":[{\"@type\":\"SearchAction\",\"target\":{\"@type\":\"EntryPoint\",\"urlTemplate\":\"https:\/\/itwgse.com\/?s={search_term_string}\"},\"query-input\":{\"@type\":\"PropertyValueSpecification\",\"valueRequired\":true,\"valueName\":\"search_term_string\"}}],\"inLanguage\":\"fr-FR\"},{\"@type\":\"Organization\",\"@id\":\"https:\/\/itwgse.com\/#organization\",\"name\":\"ITW GSE\",\"url\":\"https:\/\/itwgse.com\/\",\"logo\":{\"@type\":\"ImageObject\",\"inLanguage\":\"fr-FR\",\"@id\":\"https:\/\/itwgse.com\/#\/schema\/logo\/image\/\",\"url\":\"https:\/\/itwgse.com\/wp-content\/uploads\/2018\/11\/logo.png\",\"contentUrl\":\"https:\/\/itwgse.com\/wp-content\/uploads\/2018\/11\/logo.png\",\"width\":302,\"height\":237,\"caption\":\"ITW GSE\"},\"image\":{\"@id\":\"https:\/\/itwgse.com\/#\/schema\/logo\/image\/\"},\"sameAs\":[\"https:\/\/www.facebook.com\/ITWGSE\/\",\"https:\/\/www.linkedin.com\/company\/itw-gse\/\",\"https:\/\/www.youtube.com\/channel\/UCTUIMvyaOPfYIqzP8enZ8yw\"]}]}<\/script>\n<!-- \/ Yoast SEO plugin. -->","yoast_head_json":{"title":"Service et support - Nous sommes pr\u00eats \u00e0 vous assister | ITW GSE","description":"Notre service et notre support sont pr\u00eats \u00e0 vous aider pour tous les produits ITW GSE, ainsi que pour les anciens produits AXA Puissance, Hobart, Houchin, Military, J&B Aviation et Trilectron.","robots":{"index":"index","follow":"follow","max-snippet":"max-snippet:-1","max-image-preview":"max-image-preview:large","max-video-preview":"max-video-preview:-1"},"canonical":"https:\/\/itwgse.com\/fr\/service-et-support\/","og_locale":"fr_FR","og_type":"article","og_title":"Service et support - Nous sommes pr\u00eats \u00e0 vous assister | ITW GSE","og_description":"Notre service et notre support sont pr\u00eats \u00e0 vous aider pour tous les produits ITW GSE, ainsi que pour les anciens produits AXA Puissance, Hobart, Houchin, Military, J&B Aviation et Trilectron.","og_url":"https:\/\/itwgse.com\/fr\/service-et-support\/","og_site_name":"ITW GSE","article_publisher":"https:\/\/www.facebook.com\/ITWGSE\/","twitter_card":"summary_large_image","schema":{"@context":"https:\/\/schema.org","@graph":[{"@type":"WebPage","@id":"https:\/\/itwgse.com\/fr\/service-et-support\/","url":"https:\/\/itwgse.com\/fr\/service-et-support\/","name":"Service et support - Nous sommes pr\u00eats \u00e0 vous assister | ITW GSE","isPartOf":{"@id":"https:\/\/itwgse.com\/#website"},"datePublished":"2026-02-24T13:14:32+00:00","description":"Notre service et notre support sont pr\u00eats \u00e0 vous aider pour tous les produits ITW GSE, ainsi que pour les anciens produits AXA Puissance, Hobart, Houchin, Military, J&B Aviation et Trilectron.","breadcrumb":{"@id":"https:\/\/itwgse.com\/fr\/service-et-support\/#breadcrumb"},"inLanguage":"fr-FR","potentialAction":[{"@type":"ReadAction","target":["https:\/\/itwgse.com\/fr\/service-et-support\/"]}]},{"@type":"BreadcrumbList","@id":"https:\/\/itwgse.com\/fr\/service-et-support\/#breadcrumb","itemListElement":[{"@type":"ListItem","position":1,"name":"Home","item":"https:\/\/itwgse.com\/fr\/"},{"@type":"ListItem","position":2,"name":"Service et support"}]},{"@type":"WebSite","@id":"https:\/\/itwgse.com\/#website","url":"https:\/\/itwgse.com\/","name":"ITW GSE","description":"It&#039;s all about connections","publisher":{"@id":"https:\/\/itwgse.com\/#organization"},"potentialAction":[{"@type":"SearchAction","target":{"@type":"EntryPoint","urlTemplate":"https:\/\/itwgse.com\/?s={search_term_string}"},"query-input":{"@type":"PropertyValueSpecification","valueRequired":true,"valueName":"search_term_string"}}],"inLanguage":"fr-FR"},{"@type":"Organization","@id":"https:\/\/itwgse.com\/#organization","name":"ITW GSE","url":"https:\/\/itwgse.com\/","logo":{"@type":"ImageObject","inLanguage":"fr-FR","@id":"https:\/\/itwgse.com\/#\/schema\/logo\/image\/","url":"https:\/\/itwgse.com\/wp-content\/uploads\/2018\/11\/logo.png","contentUrl":"https:\/\/itwgse.com\/wp-content\/uploads\/2018\/11\/logo.png","width":302,"height":237,"caption":"ITW GSE"},"image":{"@id":"https:\/\/itwgse.com\/#\/schema\/logo\/image\/"},"sameAs":["https:\/\/www.facebook.com\/ITWGSE\/","https:\/\/www.linkedin.com\/company\/itw-gse\/","https:\/\/www.youtube.com\/channel\/UCTUIMvyaOPfYIqzP8enZ8yw"]}]}},"_links":{"self":[{"href":"https:\/\/itwgse.com\/fr\/wp-json\/wp\/v2\/pages\/28814","targetHints":{"allow":["GET"]}}],"collection":[{"href":"https:\/\/itwgse.com\/fr\/wp-json\/wp\/v2\/pages"}],"about":[{"href":"https:\/\/itwgse.com\/fr\/wp-json\/wp\/v2\/types\/page"}],"author":[{"embeddable":true,"href":"https:\/\/itwgse.com\/fr\/wp-json\/wp\/v2\/users\/1"}],"replies":[{"embeddable":true,"href":"https:\/\/itwgse.com\/fr\/wp-json\/wp\/v2\/comments?post=28814"}],"version-history":[{"count":0,"href":"https:\/\/itwgse.com\/fr\/wp-json\/wp\/v2\/pages\/28814\/revisions"}],"wp:attachment":[{"href":"https:\/\/itwgse.com\/fr\/wp-json\/wp\/v2\/media?parent=28814"}],"curies":[{"name":"wp","href":"https:\/\/api.w.org\/{rel}","templated":true}]}}