{"id":28824,"date":"2026-02-24T14:14:41","date_gmt":"2026-02-24T13:14:41","guid":{"rendered":"https:\/\/itwgse.com\/politique-en-matiere-de-cookies-et-de-protection-de-la-vie-privee\/"},"modified":"2026-02-24T14:14:41","modified_gmt":"2026-02-24T13:14:41","slug":"politique-en-matiere-de-cookies-et-de-protection-de-la-vie-privee","status":"publish","type":"page","link":"https:\/\/itwgse.com\/fr\/politique-en-matiere-de-cookies-et-de-protection-de-la-vie-privee\/","title":{"rendered":"Politique en mati\u00e8re de cookies et de protection de la vie priv\u00e9e"},"content":{"rendered":"<div id=\"pl-28824\"  class=\"panel-layout\" ><div id=\"pg-28824-0\"  class=\"panel-grid panel-no-style\" ><div id=\"pgc-28824-0-0\"  class=\"panel-grid-cell\" ><div id=\"panel-28824-0-0-0\" class=\"so-panel widget widget_mtt-cover-section panel-first-child panel-last-child\" data-index=\"0\" ><div\n\t\t\t\n\t\t\tclass=\"so-widget-mtt-cover-section so-widget-mtt-cover-section-base\"\n\t\t\t\n\t\t>\n<div class=\"mtt-cover-section-wrap compact extra-small\">\n\t<div class=\"mtt-cover-curve\">\n\t\t<img decoding=\"async\"  src=\"https:\/\/itwgse.com\/wp-content\/themes\/mtt-standard-theme\/assets\/img\/cover\/itwgse_cut.svg\">\t<\/div>\n    <div class=\"mtt-cover-compact-background object-fit overlay\">\n                            <\/div>\n    <div class=\"mtt-cover-compact-container\">\n        <div class=\"mtt-cover-section-text\">\n            <h1>Politique en mati\u00e8re de cookies et de protection de la vie priv\u00e9e<\/h1>\n                    <\/div>\n    <\/div>\n<\/div>\n<\/div><\/div><\/div><\/div><div id=\"pg-28824-1\"  class=\"panel-grid panel-no-style\" ><div id=\"pgc-28824-1-0\"  class=\"panel-grid-cell\" ><div id=\"panel-28824-1-0-0\" class=\"so-panel widget panel-first-child\" data-index=\"1\" ><\/div><div id=\"panel-28824-1-0-1\" class=\"so-panel widget widget_mtt-text panel-last-child\" data-index=\"2\" ><div\n\t\t\t\n\t\t\tclass=\"so-widget-mtt-text so-widget-mtt-text-base\"\n\t\t\t\n\t\t>\n<div class=\"mtt-text-wrapper\">\n    <div class=\"mtt-text-container\">\n        <div class=\"mtt-text-content\">\n                        <div class=\"text-section formatted_content\">\n                <p>Tiers ayant acc\u00e8s aux cookies<br \/>- Morningtrain<br \/><a href=\"https:\/\/morningtrain.dk\/en\/\">Morningtrain ApS<\/a> (dans la suite : Morningtrain) est une agence web tierce au service d'ITW GSE.<\/p>\n<p>Morningtrain n'a acc\u00e8s qu'\u00e0 un canal crypt\u00e9 appel\u00e9 LastPass.<\/p>\n<p>LastPass est fortement crypt\u00e9 \u00e0 l'aide d'algorithmes garantissant une s\u00e9curit\u00e9 totale dans le ciel. Les donn\u00e9es sont crypt\u00e9es au niveau de l'appareil et gard\u00e9es secr\u00e8tes pour LastPass lui-m\u00eame. Autrement dit, seuls les employ\u00e9s de Morningtrain ont acc\u00e8s aux donn\u00e9es. Le service est encore plus s\u00fbr gr\u00e2ce \u00e0 la confirmation en deux \u00e9tapes.   <\/p>\n<p>Lorsque la relation de travail d'un employ\u00e9 prend fin chez Morningtrain, l'ancien employ\u00e9 se voit retirer tous ses acc\u00e8s \u00e0 LastPass.<\/p>\n<p>Morningtrain a acc\u00e8s aux donn\u00e9es de Google Analytics. Ces donn\u00e9es sont solennellement utilis\u00e9es \u00e0 des fins de statistiques et de reporting. <\/p>\n<p>Nous utilisons Leadfeeder pour analyser le trafic sur notre site web et pour identifier les entreprises \u00e0 l'origine de ce trafic.<\/p>\n<p>Sur le site <a href=\"https:\/\/itwgse.com\/\">https:\/\/itwgse.com\/<\/a>, les visiteurs peuvent entrer en contact avec les employ\u00e9s de l'entreprise en utilisant les formulaires de contact sur des pages s\u00e9lectionn\u00e9es ainsi que par l'interm\u00e9diaire du site de contact <a href=\"https:\/\/itwgse.com\/our-team\/\">https:\/\/itwgse.com\/our-team\/.<\/a><\/p>\n<p>Les informations recueillies \u00e0 partir des demandes de renseignements envoy\u00e9es par les visiteurs du site web \u00e0 la soci\u00e9t\u00e9 par le biais des formulaires de contact du site web seront stock\u00e9es dans les bo\u00eetes aux lettres des destinataires et sur les sauvegardes du serveur de la base de donn\u00e9es de notre site web. Les informations seront automatiquement supprim\u00e9es 6 mois apr\u00e8s l'envoi d'une demande de renseignements. <\/p>\n<p>Le site est h\u00e9berg\u00e9 par Hetzner, situ\u00e9 en Allemagne.<br \/>Pour en savoir plus sur le traitement de vos donn\u00e9es par Morningtrain <a href=\"https:\/\/morningtrain.dk\/en\/privacy-policy\/\">, cliquez ici.<\/a><\/p>\n            <\/div>\n        <\/div>\n    <\/div>\n<\/div><\/div><\/div><\/div><\/div><\/div>","protected":false},"excerpt":{"rendered":"<p>Politique en mati\u00e8re de cookies et de protection de la vie priv\u00e9e Tiers ayant acc\u00e8s aux cookies- MorningtrainMorningtrain ApS (dans la suite : Morningtrain)&#8230;<\/p>\n","protected":false},"author":1,"featured_media":0,"parent":0,"menu_order":327,"comment_status":"closed","ping_status":"closed","template":"","meta":{"_acf_changed":false,"_relevanssi_hide_post":"","_relevanssi_hide_content":"","_relevanssi_pin_for_all":"","_relevanssi_pin_keywords":"","_relevanssi_unpin_keywords":"","_relevanssi_related_keywords":"","_relevanssi_related_include_ids":"","_relevanssi_related_exclude_ids":"","_relevanssi_related_no_append":"","_relevanssi_related_not_related":"","_relevanssi_related_posts":"","_relevanssi_noindex_reason":"","footnotes":""},"class_list":["post-28824","page","type-page","status-publish","hentry"],"acf":[],"yoast_head":"<!-- This site is optimized with the Yoast SEO plugin v27.0 - https:\/\/yoast.com\/product\/yoast-seo-wordpress\/ -->\n<title>Cookie and Privacy Policy - Confidentialit\u00e9 et utilisation des cookies | ITW GSE<\/title>\n<meta name=\"description\" content=\"ITW GSE utilise des cookies pour personnaliser le contenu et les publicit\u00e9s, pour fournir des fonctions de m\u00e9dias sociaux et pour analyser notre trafic. Pour en savoir plus.\" \/>\n<meta name=\"robots\" content=\"index, follow, max-snippet:-1, max-image-preview:large, max-video-preview:-1\" \/>\n<link rel=\"canonical\" href=\"https:\/\/itwgse.com\/fr\/politique-en-matiere-de-cookies-et-de-protection-de-la-vie-privee\/\" \/>\n<meta property=\"og:locale\" content=\"fr_FR\" \/>\n<meta property=\"og:type\" content=\"article\" \/>\n<meta property=\"og:title\" content=\"Cookie and Privacy Policy - Confidentialit\u00e9 et utilisation des cookies | ITW GSE\" \/>\n<meta property=\"og:description\" content=\"ITW GSE utilise des cookies pour personnaliser le contenu et les publicit\u00e9s, pour fournir des fonctions de m\u00e9dias sociaux et pour analyser notre trafic. Pour en savoir plus.\" \/>\n<meta property=\"og:url\" content=\"https:\/\/itwgse.com\/fr\/politique-en-matiere-de-cookies-et-de-protection-de-la-vie-privee\/\" \/>\n<meta property=\"og:site_name\" content=\"ITW GSE\" \/>\n<meta property=\"article:publisher\" content=\"https:\/\/www.facebook.com\/ITWGSE\/\" \/>\n<meta name=\"twitter:card\" content=\"summary_large_image\" \/>\n<script type=\"application\/ld+json\" class=\"yoast-schema-graph\">{\"@context\":\"https:\/\/schema.org\",\"@graph\":[{\"@type\":\"WebPage\",\"@id\":\"https:\/\/itwgse.com\/fr\/politique-en-matiere-de-cookies-et-de-protection-de-la-vie-privee\/\",\"url\":\"https:\/\/itwgse.com\/fr\/politique-en-matiere-de-cookies-et-de-protection-de-la-vie-privee\/\",\"name\":\"Cookie and Privacy Policy - Confidentialit\u00e9 et utilisation des cookies | ITW GSE\",\"isPartOf\":{\"@id\":\"https:\/\/itwgse.com\/#website\"},\"datePublished\":\"2026-02-24T13:14:41+00:00\",\"description\":\"ITW GSE utilise des cookies pour personnaliser le contenu et les publicit\u00e9s, pour fournir des fonctions de m\u00e9dias sociaux et pour analyser notre trafic. Pour en savoir plus.\",\"breadcrumb\":{\"@id\":\"https:\/\/itwgse.com\/fr\/politique-en-matiere-de-cookies-et-de-protection-de-la-vie-privee\/#breadcrumb\"},\"inLanguage\":\"fr-FR\",\"potentialAction\":[{\"@type\":\"ReadAction\",\"target\":[\"https:\/\/itwgse.com\/fr\/politique-en-matiere-de-cookies-et-de-protection-de-la-vie-privee\/\"]}]},{\"@type\":\"BreadcrumbList\",\"@id\":\"https:\/\/itwgse.com\/fr\/politique-en-matiere-de-cookies-et-de-protection-de-la-vie-privee\/#breadcrumb\",\"itemListElement\":[{\"@type\":\"ListItem\",\"position\":1,\"name\":\"Home\",\"item\":\"https:\/\/itwgse.com\/fr\/\"},{\"@type\":\"ListItem\",\"position\":2,\"name\":\"Politique en mati\u00e8re de cookies et de protection de la vie priv\u00e9e\"}]},{\"@type\":\"WebSite\",\"@id\":\"https:\/\/itwgse.com\/#website\",\"url\":\"https:\/\/itwgse.com\/\",\"name\":\"ITW GSE\",\"description\":\"It&#039;s all about connections\",\"publisher\":{\"@id\":\"https:\/\/itwgse.com\/#organization\"},\"potentialAction\":[{\"@type\":\"SearchAction\",\"target\":{\"@type\":\"EntryPoint\",\"urlTemplate\":\"https:\/\/itwgse.com\/?s={search_term_string}\"},\"query-input\":{\"@type\":\"PropertyValueSpecification\",\"valueRequired\":true,\"valueName\":\"search_term_string\"}}],\"inLanguage\":\"fr-FR\"},{\"@type\":\"Organization\",\"@id\":\"https:\/\/itwgse.com\/#organization\",\"name\":\"ITW GSE\",\"url\":\"https:\/\/itwgse.com\/\",\"logo\":{\"@type\":\"ImageObject\",\"inLanguage\":\"fr-FR\",\"@id\":\"https:\/\/itwgse.com\/#\/schema\/logo\/image\/\",\"url\":\"https:\/\/itwgse.com\/wp-content\/uploads\/2018\/11\/logo.png\",\"contentUrl\":\"https:\/\/itwgse.com\/wp-content\/uploads\/2018\/11\/logo.png\",\"width\":302,\"height\":237,\"caption\":\"ITW GSE\"},\"image\":{\"@id\":\"https:\/\/itwgse.com\/#\/schema\/logo\/image\/\"},\"sameAs\":[\"https:\/\/www.facebook.com\/ITWGSE\/\",\"https:\/\/www.linkedin.com\/company\/itw-gse\/\",\"https:\/\/www.youtube.com\/channel\/UCTUIMvyaOPfYIqzP8enZ8yw\"]}]}<\/script>\n<!-- \/ Yoast SEO plugin. -->","yoast_head_json":{"title":"Cookie and Privacy Policy - Confidentialit\u00e9 et utilisation des cookies | ITW GSE","description":"ITW GSE utilise des cookies pour personnaliser le contenu et les publicit\u00e9s, pour fournir des fonctions de m\u00e9dias sociaux et pour analyser notre trafic. Pour en savoir plus.","robots":{"index":"index","follow":"follow","max-snippet":"max-snippet:-1","max-image-preview":"max-image-preview:large","max-video-preview":"max-video-preview:-1"},"canonical":"https:\/\/itwgse.com\/fr\/politique-en-matiere-de-cookies-et-de-protection-de-la-vie-privee\/","og_locale":"fr_FR","og_type":"article","og_title":"Cookie and Privacy Policy - Confidentialit\u00e9 et utilisation des cookies | ITW GSE","og_description":"ITW GSE utilise des cookies pour personnaliser le contenu et les publicit\u00e9s, pour fournir des fonctions de m\u00e9dias sociaux et pour analyser notre trafic. Pour en savoir plus.","og_url":"https:\/\/itwgse.com\/fr\/politique-en-matiere-de-cookies-et-de-protection-de-la-vie-privee\/","og_site_name":"ITW GSE","article_publisher":"https:\/\/www.facebook.com\/ITWGSE\/","twitter_card":"summary_large_image","schema":{"@context":"https:\/\/schema.org","@graph":[{"@type":"WebPage","@id":"https:\/\/itwgse.com\/fr\/politique-en-matiere-de-cookies-et-de-protection-de-la-vie-privee\/","url":"https:\/\/itwgse.com\/fr\/politique-en-matiere-de-cookies-et-de-protection-de-la-vie-privee\/","name":"Cookie and Privacy Policy - Confidentialit\u00e9 et utilisation des cookies | ITW GSE","isPartOf":{"@id":"https:\/\/itwgse.com\/#website"},"datePublished":"2026-02-24T13:14:41+00:00","description":"ITW GSE utilise des cookies pour personnaliser le contenu et les publicit\u00e9s, pour fournir des fonctions de m\u00e9dias sociaux et pour analyser notre trafic. Pour en savoir plus.","breadcrumb":{"@id":"https:\/\/itwgse.com\/fr\/politique-en-matiere-de-cookies-et-de-protection-de-la-vie-privee\/#breadcrumb"},"inLanguage":"fr-FR","potentialAction":[{"@type":"ReadAction","target":["https:\/\/itwgse.com\/fr\/politique-en-matiere-de-cookies-et-de-protection-de-la-vie-privee\/"]}]},{"@type":"BreadcrumbList","@id":"https:\/\/itwgse.com\/fr\/politique-en-matiere-de-cookies-et-de-protection-de-la-vie-privee\/#breadcrumb","itemListElement":[{"@type":"ListItem","position":1,"name":"Home","item":"https:\/\/itwgse.com\/fr\/"},{"@type":"ListItem","position":2,"name":"Politique en mati\u00e8re de cookies et de protection de la vie priv\u00e9e"}]},{"@type":"WebSite","@id":"https:\/\/itwgse.com\/#website","url":"https:\/\/itwgse.com\/","name":"ITW GSE","description":"It&#039;s all about connections","publisher":{"@id":"https:\/\/itwgse.com\/#organization"},"potentialAction":[{"@type":"SearchAction","target":{"@type":"EntryPoint","urlTemplate":"https:\/\/itwgse.com\/?s={search_term_string}"},"query-input":{"@type":"PropertyValueSpecification","valueRequired":true,"valueName":"search_term_string"}}],"inLanguage":"fr-FR"},{"@type":"Organization","@id":"https:\/\/itwgse.com\/#organization","name":"ITW GSE","url":"https:\/\/itwgse.com\/","logo":{"@type":"ImageObject","inLanguage":"fr-FR","@id":"https:\/\/itwgse.com\/#\/schema\/logo\/image\/","url":"https:\/\/itwgse.com\/wp-content\/uploads\/2018\/11\/logo.png","contentUrl":"https:\/\/itwgse.com\/wp-content\/uploads\/2018\/11\/logo.png","width":302,"height":237,"caption":"ITW GSE"},"image":{"@id":"https:\/\/itwgse.com\/#\/schema\/logo\/image\/"},"sameAs":["https:\/\/www.facebook.com\/ITWGSE\/","https:\/\/www.linkedin.com\/company\/itw-gse\/","https:\/\/www.youtube.com\/channel\/UCTUIMvyaOPfYIqzP8enZ8yw"]}]}},"_links":{"self":[{"href":"https:\/\/itwgse.com\/fr\/wp-json\/wp\/v2\/pages\/28824","targetHints":{"allow":["GET"]}}],"collection":[{"href":"https:\/\/itwgse.com\/fr\/wp-json\/wp\/v2\/pages"}],"about":[{"href":"https:\/\/itwgse.com\/fr\/wp-json\/wp\/v2\/types\/page"}],"author":[{"embeddable":true,"href":"https:\/\/itwgse.com\/fr\/wp-json\/wp\/v2\/users\/1"}],"replies":[{"embeddable":true,"href":"https:\/\/itwgse.com\/fr\/wp-json\/wp\/v2\/comments?post=28824"}],"version-history":[{"count":0,"href":"https:\/\/itwgse.com\/fr\/wp-json\/wp\/v2\/pages\/28824\/revisions"}],"wp:attachment":[{"href":"https:\/\/itwgse.com\/fr\/wp-json\/wp\/v2\/media?parent=28824"}],"curies":[{"name":"wp","href":"https:\/\/api.w.org\/{rel}","templated":true}]}}