{"id":28837,"date":"2026-02-24T14:21:43","date_gmt":"2026-02-24T13:21:43","guid":{"rendered":"https:\/\/itwgse.com\/plug-play\/"},"modified":"2026-02-24T14:21:43","modified_gmt":"2026-02-24T13:21:43","slug":"plug-play","status":"publish","type":"page","link":"https:\/\/itwgse.com\/fr\/plug-play\/","title":{"rendered":"Plug &amp; Play"},"content":{"rendered":"<div id=\"pl-28837\"  class=\"panel-layout\" ><div id=\"pg-28837-0\"  class=\"panel-grid panel-no-style\" ><div id=\"pgc-28837-0-0\"  class=\"panel-grid-cell\" ><div id=\"panel-28837-0-0-0\" class=\"so-panel widget widget_mtt-cover-section panel-first-child panel-last-child\" data-index=\"0\" ><div\n\t\t\t\n\t\t\tclass=\"so-widget-mtt-cover-section so-widget-mtt-cover-section-base\"\n\t\t\t\n\t\t>\n<div class=\"mtt-cover-section-wrap compact extra-small\">\n\t<div class=\"mtt-cover-curve\">\n\t\t<img decoding=\"async\"  src=\"https:\/\/itwgse.com\/wp-content\/themes\/mtt-standard-theme\/assets\/img\/cover\/itwgse_cut.svg\">\t<\/div>\n    <div class=\"mtt-cover-compact-background object-fit\">\n                            <div class=\"mtt-cover-compact-image object-fit\">\n                <img decoding=\"async\"\n                    src=\"https:\/\/itwgse.com\/wp-content\/uploads\/2020\/07\/plug-and-play-symbol-no-text_5.png\"\n                    data-skip-lazy\n                    alt=\"\"\n                >\n            <\/div>\n                    <\/div>\n    <div class=\"mtt-cover-compact-container\">\n        <div class=\"mtt-cover-section-text\">\n            <h1>Plug & Play<\/h1>\n                    <\/div>\n    <\/div>\n<\/div>\n<\/div><\/div><\/div><\/div><div id=\"pg-28837-1\"  class=\"panel-grid panel-no-style\" ><div id=\"pgc-28837-1-0\"  class=\"panel-grid-cell\" ><div id=\"panel-28837-1-0-0\" class=\"so-panel widget widget_mtt-text-image panel-first-child panel-last-child\" data-index=\"1\" ><div\n\t\t\t\n\t\t\tclass=\"so-widget-mtt-text-image so-widget-mtt-text-image-base\"\n\t\t\t\n\t\t>\n<div class=\"mtt-text-image-wrap\">\n        <!-- Content -->\n    <div class=\"mtt-text-image-container\">\n        <div class=\"mtt-text-image-col\">\n            <div class=\"mtt-text-image-content formatted_content\">\n                                <h2>Une qualit\u00e9 de tension unique<\/h2>\n                <p>Obtenez une tension de sortie exceptionnelle l\u00e0 o\u00f9 c'est important - au niveau de la prise de l'avion.<\/p>\n<p>La r\u00e8gle g\u00e9n\u00e9rale de conception est que la tension \u00e0 la prise de l'avion doit \u00eatre de 115 V \u00b13 V.<\/p>\n\n                                    <div class=\"button-wrap\">\n                                                    <a href=\"poste : 45\" class=\"button\">\n                                Voir Puissance : unit\u00e9s de puissance                            <\/a>\n                                            <\/div>\n                            <\/div>\n        <\/div>\n                    <div class=\"mtt-text-image-col video\">\n                <div class=\"mtt-text-image-content\">\n                                    \n                                        \n                        <div class=\"mtt-text-image-video-wrap\">\n                            <div class=\"mtt-text-image-video-container\">\n\t                            <div class=\"cookieconsent-message cookieconsent-optout-marketing\">\n\t\t                            Please <a href=\"javascript:Cookiebot.renew()\">accept marketing-cookies<\/a> to watch this video.\t                            <\/div>\n                                <iframe width=\"640\" height=\"360\" data-src=\"https:\/\/www.youtube.com\/embed\/YnlV5RML4XI?enablejsapi=1&showinfo=0&rel=0\" frameborder=\"0\" allowfullscreen=\"allowfullscreen\" mozallowfullscreen=\"mozallowfullscreen\" msallowfullscreen=\"msallowfullscreen\" oallowfullscreen=\"oallowfullscreen\" webkitallowfullscreen=\"webkitallowfullscreen\" data-cookieconsent=\"marketing\">\n                                <\/iframe>\n                            <\/div>\n                        <\/div>\n\n                        \n                    \n                <\/div>\n            <\/div>\n            <\/div>\n<\/div>\n\n<script>\nfunction sendEvent(action, element) {\n    var videoTitle = jQuery(element).data('title');  \n\n    if (dataLayer && videoTitle) {\n        dataLayer.push({\n            'event': 'video',\n            'eventCategory': 'Video',\n            'eventAction': action,\n            'eventLabel': videoTitle\n        });\n    }\n    else if (ga && videoTitle) {\n        ga('send', 'event', 'Video', action, videoTitle);\n    }  \n}\n<\/script>\n<\/div><\/div><\/div><\/div><div id=\"pg-28837-2\"  class=\"panel-grid panel-no-style\" ><div id=\"pgc-28837-2-0\"  class=\"panel-grid-cell\" ><div id=\"panel-28837-2-0-0\" class=\"so-panel widget widget_mtt-two-col-text panel-first-child panel-last-child\" data-index=\"2\" ><div\n\t\t\t\n\t\t\tclass=\"so-widget-mtt-two-col-text so-widget-mtt-two-col-text-base\"\n\t\t\t\n\t\t>\n<div class=\"mtt-two-col-wrapper no-top-padding\">\n    <div class=\"mtt-two-col-container\">\n        <div class=\"mtt-two-col-content has-title\">\n                            <h2>Mais qu'en est-il des besoins futurs ?<\/h2>\n                        <div class=\"text-section\">\n                <div class=\"col formatted_content\"><p>Personne ne sait quels seront les crit\u00e8res de conception de l'avenir. Notre meilleure hypoth\u00e8se est que la tol\u00e9rance se r\u00e9duira. <\/p>\n<p>C'est pourquoi les convertisseurs au sol ITW GSE 2400 Hz sont tous \u00e9quip\u00e9s de la fonction Plug & Play - une m\u00e9thode unique et r\u00e9volutionnaire de compensation des chutes de tension dans les c\u00e2bles de distribution qui vous fournit la meilleure puissance possible l\u00e0 o\u00f9 elle est n\u00e9cessaire : c'est-\u00e0-dire au niveau de la prise de l'avion !<\/p>\n<\/div>\n                <div class=\"col formatted_content\"><p>Cela vaut aussi bien pour les avions traditionnels \u00e0 facteur de puissance 0,8 que pour les nouveaux avions \u00e0 facteur de puissance 1.<\/p>\n<p>Le syst\u00e8me ITW GSE Plug & Play identifie automatiquement tous les param\u00e8tres pertinents du c\u00e2ble pour d\u00e9terminer la chute de tension et contr\u00f4le chaque phase individuellement en fonction de n'importe quelle caract\u00e9ristique de charge.<\/p>\n                                    <\/div>\n            <\/div>\n                    <\/div>\n    <\/div>\n<\/div><\/div><\/div><\/div><\/div><div id=\"pg-28837-3\"  class=\"panel-grid panel-no-style\" ><div id=\"pgc-28837-3-0\"  class=\"panel-grid-cell\" ><div id=\"panel-28837-3-0-0\" class=\"so-panel widget widget_mtt-contact-form panel-first-child\" data-index=\"3\" ><div\n\t\t\t\n\t\t\tclass=\"so-widget-mtt-contact-form so-widget-mtt-contact-form-base\"\n\t\t\t\n\t\t>\n<div\n    class=\"mtt-cta-banner-wrapper mtt-contact-form-wrapper no-bottom-padding no-top-padding\"\n     style=\"background:#dbdbdb\">\n    \n    \n    <div\n        class=\"mtt-contact-form-container mtt-cta-banner-container\"\n        data-layout=\"center\"\n    >\n        <div\n            class=\"cta-banner-content dark-text mtt-text-content\"\n        >\n                            <h2>Parlons du Plug & Play<\/h2>\n                        <div class=\"text-section formatted_content\">\n                <p>Vous souhaitez en savoir plus sur le syst\u00e8me Plug & Play ?<\/p>\n            <\/div>\n        <\/div>\n        \n                    <div class=\"button-wrap\">\n                \n                                                                <a\n                            href=\"poste : 27119\"\n                            class=\"button link button white  button-margin\"\n                                                    >\n                            Contactez nous                        <\/a>\n                                                <\/div>\n                \n    <\/div>\n<\/div>\n<\/div><\/div><div id=\"panel-28837-3-0-1\" class=\"so-panel widget widget_mtt-text-image panel-last-child\" data-index=\"4\" ><div\n\t\t\t\n\t\t\tclass=\"so-widget-mtt-text-image so-widget-mtt-text-image-base\"\n\t\t\t\n\t\t>\n<div class=\"mtt-text-image-wrap flip less-top-padding\">\n        <!-- Content -->\n    <div class=\"mtt-text-image-container\">\n        <div class=\"mtt-text-image-col\">\n            <div class=\"mtt-text-image-content formatted_content\">\n                <div class=\"tagline\">Guide \u00e9tape par \u00e9tape<\/div>                <h2>ITW GSE Plug & Play<\/h2>\n                <p>Cette caract\u00e9ristique surpasse les syst\u00e8mes de compensation traditionnels, dans lesquels la tension est r\u00e9gul\u00e9e en fonction du courant de sortie moyen ou dans lesquels le syst\u00e8me s'appuie sur le retour de tension de la prise.<\/p>\n\n                                    <div class=\"button-wrap\">\n                                                    <a href=\"poste : 45\" class=\"button\">\n                                Voir Puissance : unit\u00e9s de puissance                            <\/a>\n                                            <\/div>\n                            <\/div>\n        <\/div>\n                    <div class=\"mtt-text-image-col video\">\n                <div class=\"mtt-text-image-content\">\n                                    \n                                        \n                        <div class=\"mtt-text-image-video-wrap\">\n                            <div class=\"mtt-text-image-video-container\">\n\t                            <div class=\"cookieconsent-message cookieconsent-optout-marketing\">\n\t\t                            Please <a href=\"javascript:Cookiebot.renew()\">accept marketing-cookies<\/a> to watch this video.\t                            <\/div>\n                                <iframe width=\"640\" height=\"360\" data-src=\"https:\/\/www.youtube.com\/embed\/3-2vPZsV6Zw?enablejsapi=1&showinfo=0&rel=0\" frameborder=\"0\" allowfullscreen=\"allowfullscreen\" mozallowfullscreen=\"mozallowfullscreen\" msallowfullscreen=\"msallowfullscreen\" oallowfullscreen=\"oallowfullscreen\" webkitallowfullscreen=\"webkitallowfullscreen\" data-cookieconsent=\"marketing\">\n                                <\/iframe>\n                            <\/div>\n                        <\/div>\n\n                        \n                    \n                <\/div>\n            <\/div>\n            <\/div>\n<\/div>\n\n<script>\nfunction sendEvent(action, element) {\n    var videoTitle = jQuery(element).data('title');  \n\n    if (dataLayer && videoTitle) {\n        dataLayer.push({\n            'event': 'video',\n            'eventCategory': 'Video',\n            'eventAction': action,\n            'eventLabel': videoTitle\n        });\n    }\n    else if (ga && videoTitle) {\n        ga('send', 'event', 'Video', action, videoTitle);\n    }  \n}\n<\/script>\n<\/div><\/div><\/div><\/div><\/div>","protected":false},"excerpt":{"rendered":"<p>Plug &#038; Play Une qualit\u00e9 de tension unique Obtenez une tension de sortie exceptionnelle l\u00e0 o\u00f9 c&rsquo;est important &#8211; au niveau de la prise&#8230;<\/p>\n","protected":false},"author":1,"featured_media":0,"parent":0,"menu_order":302,"comment_status":"closed","ping_status":"closed","template":"","meta":{"_acf_changed":false,"_relevanssi_hide_post":"","_relevanssi_hide_content":"","_relevanssi_pin_for_all":"","_relevanssi_pin_keywords":"","_relevanssi_unpin_keywords":"","_relevanssi_related_keywords":"","_relevanssi_related_include_ids":"","_relevanssi_related_exclude_ids":"","_relevanssi_related_no_append":"","_relevanssi_related_not_related":"","_relevanssi_related_posts":"","_relevanssi_noindex_reason":"","footnotes":""},"class_list":["post-28837","page","type-page","status-publish","hentry"],"acf":[],"yoast_head":"<!-- This site is optimized with the Yoast SEO plugin v27.0 - https:\/\/yoast.com\/product\/yoast-seo-wordpress\/ -->\n<title>Plug &amp; Play - Qualit\u00e9 de tension unique au niveau de la prise de l&#039;avion | ITW GSE<\/title>\n<meta name=\"description\" content=\"Les convertisseurs redresseur 400Hz ITW GSE sont tous dot\u00e9s de la fonction brevet\u00e9e Plug &amp; Play. La meilleure tension possible, \u00e0 savoir \u00e0 la prise de l&#039;avion.\" \/>\n<meta name=\"robots\" content=\"index, follow, max-snippet:-1, max-image-preview:large, max-video-preview:-1\" \/>\n<link rel=\"canonical\" href=\"https:\/\/itwgse.com\/fr\/plug-play\/\" \/>\n<meta property=\"og:locale\" content=\"fr_FR\" \/>\n<meta property=\"og:type\" content=\"article\" \/>\n<meta property=\"og:title\" content=\"Plug &amp; Play - Qualit\u00e9 de tension unique au niveau de la prise de l&#039;avion | ITW GSE\" \/>\n<meta property=\"og:description\" content=\"Les convertisseurs redresseur 400Hz ITW GSE sont tous dot\u00e9s de la fonction brevet\u00e9e Plug &amp; Play. La meilleure tension possible, \u00e0 savoir \u00e0 la prise de l&#039;avion.\" \/>\n<meta property=\"og:url\" content=\"https:\/\/itwgse.com\/fr\/plug-play\/\" \/>\n<meta property=\"og:site_name\" content=\"ITW GSE\" \/>\n<meta property=\"article:publisher\" content=\"https:\/\/www.facebook.com\/ITWGSE\/\" \/>\n<meta name=\"twitter:card\" content=\"summary_large_image\" \/>\n<script type=\"application\/ld+json\" class=\"yoast-schema-graph\">{\"@context\":\"https:\/\/schema.org\",\"@graph\":[{\"@type\":\"WebPage\",\"@id\":\"https:\/\/itwgse.com\/fr\/plug-play\/\",\"url\":\"https:\/\/itwgse.com\/fr\/plug-play\/\",\"name\":\"Plug & Play - Qualit\u00e9 de tension unique au niveau de la prise de l'avion | ITW GSE\",\"isPartOf\":{\"@id\":\"https:\/\/itwgse.com\/#website\"},\"datePublished\":\"2026-02-24T13:21:43+00:00\",\"description\":\"Les convertisseurs redresseur 400Hz ITW GSE sont tous dot\u00e9s de la fonction brevet\u00e9e Plug & Play. La meilleure tension possible, \u00e0 savoir \u00e0 la prise de l'avion.\",\"breadcrumb\":{\"@id\":\"https:\/\/itwgse.com\/fr\/plug-play\/#breadcrumb\"},\"inLanguage\":\"fr-FR\",\"potentialAction\":[{\"@type\":\"ReadAction\",\"target\":[\"https:\/\/itwgse.com\/fr\/plug-play\/\"]}]},{\"@type\":\"BreadcrumbList\",\"@id\":\"https:\/\/itwgse.com\/fr\/plug-play\/#breadcrumb\",\"itemListElement\":[{\"@type\":\"ListItem\",\"position\":1,\"name\":\"Home\",\"item\":\"https:\/\/itwgse.com\/fr\/\"},{\"@type\":\"ListItem\",\"position\":2,\"name\":\"Plug &amp; Play\"}]},{\"@type\":\"WebSite\",\"@id\":\"https:\/\/itwgse.com\/#website\",\"url\":\"https:\/\/itwgse.com\/\",\"name\":\"ITW GSE\",\"description\":\"It&#039;s all about connections\",\"publisher\":{\"@id\":\"https:\/\/itwgse.com\/#organization\"},\"potentialAction\":[{\"@type\":\"SearchAction\",\"target\":{\"@type\":\"EntryPoint\",\"urlTemplate\":\"https:\/\/itwgse.com\/?s={search_term_string}\"},\"query-input\":{\"@type\":\"PropertyValueSpecification\",\"valueRequired\":true,\"valueName\":\"search_term_string\"}}],\"inLanguage\":\"fr-FR\"},{\"@type\":\"Organization\",\"@id\":\"https:\/\/itwgse.com\/#organization\",\"name\":\"ITW GSE\",\"url\":\"https:\/\/itwgse.com\/\",\"logo\":{\"@type\":\"ImageObject\",\"inLanguage\":\"fr-FR\",\"@id\":\"https:\/\/itwgse.com\/#\/schema\/logo\/image\/\",\"url\":\"https:\/\/itwgse.com\/wp-content\/uploads\/2018\/11\/logo.png\",\"contentUrl\":\"https:\/\/itwgse.com\/wp-content\/uploads\/2018\/11\/logo.png\",\"width\":302,\"height\":237,\"caption\":\"ITW GSE\"},\"image\":{\"@id\":\"https:\/\/itwgse.com\/#\/schema\/logo\/image\/\"},\"sameAs\":[\"https:\/\/www.facebook.com\/ITWGSE\/\",\"https:\/\/www.linkedin.com\/company\/itw-gse\/\",\"https:\/\/www.youtube.com\/channel\/UCTUIMvyaOPfYIqzP8enZ8yw\"]}]}<\/script>\n<!-- \/ Yoast SEO plugin. -->","yoast_head_json":{"title":"Plug & Play - Qualit\u00e9 de tension unique au niveau de la prise de l'avion | ITW GSE","description":"Les convertisseurs redresseur 400Hz ITW GSE sont tous dot\u00e9s de la fonction brevet\u00e9e Plug & Play. La meilleure tension possible, \u00e0 savoir \u00e0 la prise de l'avion.","robots":{"index":"index","follow":"follow","max-snippet":"max-snippet:-1","max-image-preview":"max-image-preview:large","max-video-preview":"max-video-preview:-1"},"canonical":"https:\/\/itwgse.com\/fr\/plug-play\/","og_locale":"fr_FR","og_type":"article","og_title":"Plug & Play - Qualit\u00e9 de tension unique au niveau de la prise de l'avion | ITW GSE","og_description":"Les convertisseurs redresseur 400Hz ITW GSE sont tous dot\u00e9s de la fonction brevet\u00e9e Plug & Play. La meilleure tension possible, \u00e0 savoir \u00e0 la prise de l'avion.","og_url":"https:\/\/itwgse.com\/fr\/plug-play\/","og_site_name":"ITW GSE","article_publisher":"https:\/\/www.facebook.com\/ITWGSE\/","twitter_card":"summary_large_image","schema":{"@context":"https:\/\/schema.org","@graph":[{"@type":"WebPage","@id":"https:\/\/itwgse.com\/fr\/plug-play\/","url":"https:\/\/itwgse.com\/fr\/plug-play\/","name":"Plug & Play - Qualit\u00e9 de tension unique au niveau de la prise de l'avion | ITW GSE","isPartOf":{"@id":"https:\/\/itwgse.com\/#website"},"datePublished":"2026-02-24T13:21:43+00:00","description":"Les convertisseurs redresseur 400Hz ITW GSE sont tous dot\u00e9s de la fonction brevet\u00e9e Plug & Play. La meilleure tension possible, \u00e0 savoir \u00e0 la prise de l'avion.","breadcrumb":{"@id":"https:\/\/itwgse.com\/fr\/plug-play\/#breadcrumb"},"inLanguage":"fr-FR","potentialAction":[{"@type":"ReadAction","target":["https:\/\/itwgse.com\/fr\/plug-play\/"]}]},{"@type":"BreadcrumbList","@id":"https:\/\/itwgse.com\/fr\/plug-play\/#breadcrumb","itemListElement":[{"@type":"ListItem","position":1,"name":"Home","item":"https:\/\/itwgse.com\/fr\/"},{"@type":"ListItem","position":2,"name":"Plug &amp; Play"}]},{"@type":"WebSite","@id":"https:\/\/itwgse.com\/#website","url":"https:\/\/itwgse.com\/","name":"ITW GSE","description":"It&#039;s all about connections","publisher":{"@id":"https:\/\/itwgse.com\/#organization"},"potentialAction":[{"@type":"SearchAction","target":{"@type":"EntryPoint","urlTemplate":"https:\/\/itwgse.com\/?s={search_term_string}"},"query-input":{"@type":"PropertyValueSpecification","valueRequired":true,"valueName":"search_term_string"}}],"inLanguage":"fr-FR"},{"@type":"Organization","@id":"https:\/\/itwgse.com\/#organization","name":"ITW GSE","url":"https:\/\/itwgse.com\/","logo":{"@type":"ImageObject","inLanguage":"fr-FR","@id":"https:\/\/itwgse.com\/#\/schema\/logo\/image\/","url":"https:\/\/itwgse.com\/wp-content\/uploads\/2018\/11\/logo.png","contentUrl":"https:\/\/itwgse.com\/wp-content\/uploads\/2018\/11\/logo.png","width":302,"height":237,"caption":"ITW GSE"},"image":{"@id":"https:\/\/itwgse.com\/#\/schema\/logo\/image\/"},"sameAs":["https:\/\/www.facebook.com\/ITWGSE\/","https:\/\/www.linkedin.com\/company\/itw-gse\/","https:\/\/www.youtube.com\/channel\/UCTUIMvyaOPfYIqzP8enZ8yw"]}]}},"_links":{"self":[{"href":"https:\/\/itwgse.com\/fr\/wp-json\/wp\/v2\/pages\/28837","targetHints":{"allow":["GET"]}}],"collection":[{"href":"https:\/\/itwgse.com\/fr\/wp-json\/wp\/v2\/pages"}],"about":[{"href":"https:\/\/itwgse.com\/fr\/wp-json\/wp\/v2\/types\/page"}],"author":[{"embeddable":true,"href":"https:\/\/itwgse.com\/fr\/wp-json\/wp\/v2\/users\/1"}],"replies":[{"embeddable":true,"href":"https:\/\/itwgse.com\/fr\/wp-json\/wp\/v2\/comments?post=28837"}],"version-history":[{"count":0,"href":"https:\/\/itwgse.com\/fr\/wp-json\/wp\/v2\/pages\/28837\/revisions"}],"wp:attachment":[{"href":"https:\/\/itwgse.com\/fr\/wp-json\/wp\/v2\/media?parent=28837"}],"curies":[{"name":"wp","href":"https:\/\/api.w.org\/{rel}","templated":true}]}}