{"id":28841,"date":"2026-02-24T14:21:46","date_gmt":"2026-02-24T13:21:46","guid":{"rendered":"https:\/\/itwgse.com\/a-propos-de-jb-aviation\/"},"modified":"2026-02-24T14:21:46","modified_gmt":"2026-02-24T13:21:46","slug":"a-propos-de-jb-aviation","status":"publish","type":"page","link":"https:\/\/itwgse.com\/fr\/a-propos-de-jb-aviation\/","title":{"rendered":"\u00c0 propos de J&amp;B Aviation"},"content":{"rendered":"<div id=\"pl-28841\"  class=\"panel-layout\" ><div id=\"pg-28841-0\"  class=\"panel-grid panel-no-style\" ><div id=\"pgc-28841-0-0\"  class=\"panel-grid-cell\" ><div id=\"panel-28841-0-0-0\" class=\"so-panel widget widget_mtt-cover-section panel-first-child panel-last-child\" data-index=\"0\" ><div\n\t\t\t\n\t\t\tclass=\"so-widget-mtt-cover-section so-widget-mtt-cover-section-base\"\n\t\t\t\n\t\t>\n<div class=\"mtt-cover-section-wrap compact extra-small\">\n\t<div class=\"mtt-cover-curve\">\n\t\t<img decoding=\"async\"  src=\"https:\/\/itwgse.com\/wp-content\/themes\/mtt-standard-theme\/assets\/img\/cover\/itwgse_cut.svg\">\t<\/div>\n    <div class=\"mtt-cover-compact-background object-fit overlay\">\n                        <img decoding=\"async\"  src=\"https:\/\/itwgse.com\/wp-content\/themes\/mtt-standard-theme\/assets\/img\/icons\/JB-badge.svg\" class=\"badge\">    <\/div>\n    <div class=\"mtt-cover-compact-container\">\n        <div class=\"mtt-cover-section-text\">\n            <h1>J&B Aviation<\/h1>\n                                <div class=\"text\"><p>Une marque h\u00e9rit\u00e9e d'ITW GSE.<\/p>\n<\/div>\n                            <\/div>\n    <\/div>\n<\/div>\n<\/div><\/div><\/div><\/div><div id=\"pg-28841-1\"  class=\"panel-grid panel-no-style\" ><div id=\"pgc-28841-1-0\"  class=\"panel-grid-cell\" ><div id=\"panel-28841-1-0-0\" class=\"so-panel widget widget_mtt-two-col-text panel-first-child panel-last-child\" data-index=\"1\" ><div\n\t\t\t\n\t\t\tclass=\"so-widget-mtt-two-col-text so-widget-mtt-two-col-text-base\"\n\t\t\t\n\t\t>\n<div class=\"mtt-two-col-wrapper\">\n    <div class=\"mtt-two-col-container\">\n        <div class=\"mtt-two-col-content has-title\">\n                            <h2>Histoire de la marque J&B Aviation<\/h2>\n                        <div class=\"text-section\">\n                <div class=\"col formatted_content\"><p>J&B Aviation fournit des produits et des accessoires de qualit\u00e9 pour l'industrie de l'assistance au sol depuis 1991, date de sa cr\u00e9ation par Allan Janis et Bruce Warne en Californie.<\/p>\n<p>J&B Aviation \u00e9tait connue pour la qualit\u00e9 et l'innovation de ses c\u00e2bles 400Hz, 270 VDC et Banded.<\/p>\n<p>J&B Aviation propose \u00e9galement une vari\u00e9t\u00e9 d'accessoires pour tous les types d'a\u00e9ronefs, notamment des connecteurs PCA, des tuyaux, des enrouleurs et des chariots, ainsi qu'une vari\u00e9t\u00e9 de solutions de stockage de tuyaux.<\/p>\n<p>J&B Aviation a brevet\u00e9 de nombreuses conceptions. Sous la marque J&B (et continuellement sous le nom d'ITW GSE), ils ont propos\u00e9 des sections de contact rempla\u00e7ables pour les c\u00e2bles 400 I : afin de prolonger la dur\u00e9e de vie des c\u00e2bles, des protections de c\u00e2bles allant des gaines aux anneaux de protection, des connecteurs pivotants et bien d'autres choses encore. <\/p>\n<div class=\"pcl_tooltip_box\" style=\"display: none;\">\n<p>Image d\u00e9j\u00e0 ajout\u00e9e<\/p>\n<div class=\"arrow border\"><\/div>\n<div class=\"arrow\"><\/div>\n<\/div>\n<div class=\"pcl_global_mask\" style=\"display: none;\"><\/div>\n<\/div>\n                <div class=\"col formatted_content\"><p>En Ann\u00e9e : J&B Aviation a \u00e9t\u00e9 vendue \u00e0 ITW, et \u00e0 partir de 2014, les produits ont \u00e9t\u00e9 vendus \u00e0 partir de l'usine de Palmetto.<\/p>\n<p>\u00a0<\/p>\n<h3>Vous \u00eates \u00e0 la recherche de nouveaux c\u00e2bles d'avion ou de tuyaux PCA ?<\/h3>\n<p>Il suffit de passer \u00e0 la page <a href=\"https:\/\/itwgse.com\/aircraft-cables\/\">ITW GSE Cables<\/a> ou \u00e0 <a href=\"https:\/\/itwgse.com\/aircraft-hoses\/\">ITW GSE Hoses<\/a> pour trouver vos nouveaux c\u00e2bles d'avion ou tuyaux PCA.<\/p>\n                                    <\/div>\n            <\/div>\n                    <\/div>\n    <\/div>\n<\/div><\/div><\/div><\/div><\/div><div id=\"pg-28841-2\"  class=\"panel-grid panel-no-style\" ><div id=\"pgc-28841-2-0\"  class=\"panel-grid-cell\" ><div id=\"panel-28841-2-0-0\" class=\"so-panel widget widget_mtt-customer-support panel-first-child panel-last-child\" data-index=\"2\" ><div\n\t\t\t\n\t\t\tclass=\"so-widget-mtt-customer-support so-widget-mtt-customer-support-base\"\n\t\t\t\n\t\t>\n<div class=\"mtt-text-image-wrap less-top-padding less-bottom-padding grey-bg\">\n        <!-- Content -->\n    <div class=\"mtt-text-image-container\">\n        <div class=\"mtt-text-image-col\">\n            <div class=\"mtt-text-image-content formatted_content\">\n                                <h2>Assistance client\u00e8le<\/h2>\n                <p><strong>Comment pouvons-nous vous aider\u00a0?<\/strong><\/p>\n<p>Besoin de sch\u00e9mas, de listes de pi\u00e8ces d\u00e9tach\u00e9es ou de tutoriels vid\u00e9o\u00a0? Cliquez sur le bouton \u00ab\u00a0Assistance produit\u00a0\u00bb.<\/p>\n<p>Des questions pour l\u2019assistance client\u00e8le\u00a0? Cliquez sur le bouton \u00ab\u00a0Contacter l\u2019assistance client\u00e8le\u00a0\u00bb.<\/p>\n<p>Si votre question concerne un produit sp\u00e9cifique, veuillez indiquer son num\u00e9ro de s\u00e9rie.<\/p>\n\n                                    <div class=\"button-wrap\">\n                                                    <a href=\"https:\/\/itwgse.com\/fr\/soutien-et-service\/\" class=\"button\">\n                                Assistance produit                            <\/a>\n                                                    <a href=\"https:\/\/itwgse.com\/fr\/contact\/\" class=\"button\">\n                                Contacter l\u2019assistance client\u00e8le                            <\/a>\n                                            <\/div>\n                            <\/div>\n        <\/div>\n                    <div class=\"mtt-text-image-col img center\">\n                <div class=\"mtt-text-image-content\">\n                    <img decoding=\"async\" width=\"1800\" height=\"1023\" src=\"https:\/\/itwgse.com\/wp-content\/uploads\/2018\/06\/ITWGSE_hero_cleanest-1.jpg\" class=\"attachment-full size-full\" alt=\"\" srcset=\"https:\/\/itwgse.com\/wp-content\/uploads\/2018\/06\/ITWGSE_hero_cleanest-1.jpg 1800w, https:\/\/itwgse.com\/wp-content\/uploads\/2018\/06\/ITWGSE_hero_cleanest-1-300x171.jpg 300w, https:\/\/itwgse.com\/wp-content\/uploads\/2018\/06\/ITWGSE_hero_cleanest-1-1024x582.jpg 1024w\" sizes=\"(max-width: 1800px) 100vw, 1800px\" \/>                \n                    \n                    \n                <\/div>\n            <\/div>\n            <\/div>\n<\/div>\n\n<script>\nfunction sendEvent(action, element) {\n    var videoTitle = jQuery(element).data('title');  \n\n    if (dataLayer && videoTitle) {\n        dataLayer.push({\n            'event': 'video',\n            'eventCategory': 'Video',\n            'eventAction': action,\n            'eventLabel': videoTitle\n        });\n    }\n    else if (ga && videoTitle) {\n        ga('send', 'event', 'Video', action, videoTitle);\n    }  \n}\n<\/script>\n<\/div><\/div><\/div><\/div><\/div>","protected":false},"excerpt":{"rendered":"<p>J&#038;B Aviation Une marque h\u00e9rit\u00e9e d&rsquo;ITW GSE. Histoire de la marque J&#038;B Aviation J&#038;B Aviation fournit des produits et des accessoires de qualit\u00e9 pour&#8230;<\/p>\n","protected":false},"author":1,"featured_media":0,"parent":0,"menu_order":244,"comment_status":"closed","ping_status":"closed","template":"","meta":{"_acf_changed":false,"_relevanssi_hide_post":"","_relevanssi_hide_content":"","_relevanssi_pin_for_all":"","_relevanssi_pin_keywords":"","_relevanssi_unpin_keywords":"","_relevanssi_related_keywords":"","_relevanssi_related_include_ids":"","_relevanssi_related_exclude_ids":"","_relevanssi_related_no_append":"","_relevanssi_related_not_related":"","_relevanssi_related_posts":"","_relevanssi_noindex_reason":"","footnotes":""},"class_list":["post-28841","page","type-page","status-publish","hentry"],"acf":[],"yoast_head":"<!-- This site is optimized with the Yoast SEO plugin v27.0 - https:\/\/yoast.com\/product\/yoast-seo-wordpress\/ -->\n<title>J&amp;B Aviation - Histoire de la marque J&amp;B Aviation | ITW GSE<\/title>\n<meta name=\"description\" content=\"J&amp;B Aviation a toujours \u00e9t\u00e9 connu pour la qualit\u00e9 et l&#039;innovation de ses c\u00e2bles 400Hz, 270 VDC et Banded, mais aussi pour ses connecteurs PCA, ses tuyaux, ses bobines et ses chariots.\" \/>\n<meta name=\"robots\" content=\"index, follow, max-snippet:-1, max-image-preview:large, max-video-preview:-1\" \/>\n<link rel=\"canonical\" href=\"https:\/\/itwgse.com\/fr\/a-propos-de-jb-aviation\/\" \/>\n<meta property=\"og:locale\" content=\"fr_FR\" \/>\n<meta property=\"og:type\" content=\"article\" \/>\n<meta property=\"og:title\" content=\"J&amp;B Aviation - Histoire de la marque J&amp;B Aviation | ITW GSE\" \/>\n<meta property=\"og:description\" content=\"J&amp;B Aviation a toujours \u00e9t\u00e9 connu pour la qualit\u00e9 et l&#039;innovation de ses c\u00e2bles 400Hz, 270 VDC et Banded, mais aussi pour ses connecteurs PCA, ses tuyaux, ses bobines et ses chariots.\" \/>\n<meta property=\"og:url\" content=\"https:\/\/itwgse.com\/fr\/a-propos-de-jb-aviation\/\" \/>\n<meta property=\"og:site_name\" content=\"ITW GSE\" \/>\n<meta property=\"article:publisher\" content=\"https:\/\/www.facebook.com\/ITWGSE\/\" \/>\n<meta name=\"twitter:card\" content=\"summary_large_image\" \/>\n<script type=\"application\/ld+json\" class=\"yoast-schema-graph\">{\"@context\":\"https:\/\/schema.org\",\"@graph\":[{\"@type\":\"WebPage\",\"@id\":\"https:\/\/itwgse.com\/fr\/a-propos-de-jb-aviation\/\",\"url\":\"https:\/\/itwgse.com\/fr\/a-propos-de-jb-aviation\/\",\"name\":\"J&B Aviation - Histoire de la marque J&B Aviation | ITW GSE\",\"isPartOf\":{\"@id\":\"https:\/\/itwgse.com\/#website\"},\"datePublished\":\"2026-02-24T13:21:46+00:00\",\"description\":\"J&B Aviation a toujours \u00e9t\u00e9 connu pour la qualit\u00e9 et l'innovation de ses c\u00e2bles 400Hz, 270 VDC et Banded, mais aussi pour ses connecteurs PCA, ses tuyaux, ses bobines et ses chariots.\",\"breadcrumb\":{\"@id\":\"https:\/\/itwgse.com\/fr\/a-propos-de-jb-aviation\/#breadcrumb\"},\"inLanguage\":\"fr-FR\",\"potentialAction\":[{\"@type\":\"ReadAction\",\"target\":[\"https:\/\/itwgse.com\/fr\/a-propos-de-jb-aviation\/\"]}]},{\"@type\":\"BreadcrumbList\",\"@id\":\"https:\/\/itwgse.com\/fr\/a-propos-de-jb-aviation\/#breadcrumb\",\"itemListElement\":[{\"@type\":\"ListItem\",\"position\":1,\"name\":\"Home\",\"item\":\"https:\/\/itwgse.com\/fr\/\"},{\"@type\":\"ListItem\",\"position\":2,\"name\":\"\u00c0 propos de J&amp;B Aviation\"}]},{\"@type\":\"WebSite\",\"@id\":\"https:\/\/itwgse.com\/#website\",\"url\":\"https:\/\/itwgse.com\/\",\"name\":\"ITW GSE\",\"description\":\"It&#039;s all about connections\",\"publisher\":{\"@id\":\"https:\/\/itwgse.com\/#organization\"},\"potentialAction\":[{\"@type\":\"SearchAction\",\"target\":{\"@type\":\"EntryPoint\",\"urlTemplate\":\"https:\/\/itwgse.com\/?s={search_term_string}\"},\"query-input\":{\"@type\":\"PropertyValueSpecification\",\"valueRequired\":true,\"valueName\":\"search_term_string\"}}],\"inLanguage\":\"fr-FR\"},{\"@type\":\"Organization\",\"@id\":\"https:\/\/itwgse.com\/#organization\",\"name\":\"ITW GSE\",\"url\":\"https:\/\/itwgse.com\/\",\"logo\":{\"@type\":\"ImageObject\",\"inLanguage\":\"fr-FR\",\"@id\":\"https:\/\/itwgse.com\/#\/schema\/logo\/image\/\",\"url\":\"https:\/\/itwgse.com\/wp-content\/uploads\/2018\/11\/logo.png\",\"contentUrl\":\"https:\/\/itwgse.com\/wp-content\/uploads\/2018\/11\/logo.png\",\"width\":302,\"height\":237,\"caption\":\"ITW GSE\"},\"image\":{\"@id\":\"https:\/\/itwgse.com\/#\/schema\/logo\/image\/\"},\"sameAs\":[\"https:\/\/www.facebook.com\/ITWGSE\/\",\"https:\/\/www.linkedin.com\/company\/itw-gse\/\",\"https:\/\/www.youtube.com\/channel\/UCTUIMvyaOPfYIqzP8enZ8yw\"]}]}<\/script>\n<!-- \/ Yoast SEO plugin. -->","yoast_head_json":{"title":"J&B Aviation - Histoire de la marque J&B Aviation | ITW GSE","description":"J&B Aviation a toujours \u00e9t\u00e9 connu pour la qualit\u00e9 et l'innovation de ses c\u00e2bles 400Hz, 270 VDC et Banded, mais aussi pour ses connecteurs PCA, ses tuyaux, ses bobines et ses chariots.","robots":{"index":"index","follow":"follow","max-snippet":"max-snippet:-1","max-image-preview":"max-image-preview:large","max-video-preview":"max-video-preview:-1"},"canonical":"https:\/\/itwgse.com\/fr\/a-propos-de-jb-aviation\/","og_locale":"fr_FR","og_type":"article","og_title":"J&B Aviation - Histoire de la marque J&B Aviation | ITW GSE","og_description":"J&B Aviation a toujours \u00e9t\u00e9 connu pour la qualit\u00e9 et l'innovation de ses c\u00e2bles 400Hz, 270 VDC et Banded, mais aussi pour ses connecteurs PCA, ses tuyaux, ses bobines et ses chariots.","og_url":"https:\/\/itwgse.com\/fr\/a-propos-de-jb-aviation\/","og_site_name":"ITW GSE","article_publisher":"https:\/\/www.facebook.com\/ITWGSE\/","twitter_card":"summary_large_image","schema":{"@context":"https:\/\/schema.org","@graph":[{"@type":"WebPage","@id":"https:\/\/itwgse.com\/fr\/a-propos-de-jb-aviation\/","url":"https:\/\/itwgse.com\/fr\/a-propos-de-jb-aviation\/","name":"J&B Aviation - Histoire de la marque J&B Aviation | ITW GSE","isPartOf":{"@id":"https:\/\/itwgse.com\/#website"},"datePublished":"2026-02-24T13:21:46+00:00","description":"J&B Aviation a toujours \u00e9t\u00e9 connu pour la qualit\u00e9 et l'innovation de ses c\u00e2bles 400Hz, 270 VDC et Banded, mais aussi pour ses connecteurs PCA, ses tuyaux, ses bobines et ses chariots.","breadcrumb":{"@id":"https:\/\/itwgse.com\/fr\/a-propos-de-jb-aviation\/#breadcrumb"},"inLanguage":"fr-FR","potentialAction":[{"@type":"ReadAction","target":["https:\/\/itwgse.com\/fr\/a-propos-de-jb-aviation\/"]}]},{"@type":"BreadcrumbList","@id":"https:\/\/itwgse.com\/fr\/a-propos-de-jb-aviation\/#breadcrumb","itemListElement":[{"@type":"ListItem","position":1,"name":"Home","item":"https:\/\/itwgse.com\/fr\/"},{"@type":"ListItem","position":2,"name":"\u00c0 propos de J&amp;B Aviation"}]},{"@type":"WebSite","@id":"https:\/\/itwgse.com\/#website","url":"https:\/\/itwgse.com\/","name":"ITW GSE","description":"It&#039;s all about connections","publisher":{"@id":"https:\/\/itwgse.com\/#organization"},"potentialAction":[{"@type":"SearchAction","target":{"@type":"EntryPoint","urlTemplate":"https:\/\/itwgse.com\/?s={search_term_string}"},"query-input":{"@type":"PropertyValueSpecification","valueRequired":true,"valueName":"search_term_string"}}],"inLanguage":"fr-FR"},{"@type":"Organization","@id":"https:\/\/itwgse.com\/#organization","name":"ITW GSE","url":"https:\/\/itwgse.com\/","logo":{"@type":"ImageObject","inLanguage":"fr-FR","@id":"https:\/\/itwgse.com\/#\/schema\/logo\/image\/","url":"https:\/\/itwgse.com\/wp-content\/uploads\/2018\/11\/logo.png","contentUrl":"https:\/\/itwgse.com\/wp-content\/uploads\/2018\/11\/logo.png","width":302,"height":237,"caption":"ITW GSE"},"image":{"@id":"https:\/\/itwgse.com\/#\/schema\/logo\/image\/"},"sameAs":["https:\/\/www.facebook.com\/ITWGSE\/","https:\/\/www.linkedin.com\/company\/itw-gse\/","https:\/\/www.youtube.com\/channel\/UCTUIMvyaOPfYIqzP8enZ8yw"]}]}},"_links":{"self":[{"href":"https:\/\/itwgse.com\/fr\/wp-json\/wp\/v2\/pages\/28841","targetHints":{"allow":["GET"]}}],"collection":[{"href":"https:\/\/itwgse.com\/fr\/wp-json\/wp\/v2\/pages"}],"about":[{"href":"https:\/\/itwgse.com\/fr\/wp-json\/wp\/v2\/types\/page"}],"author":[{"embeddable":true,"href":"https:\/\/itwgse.com\/fr\/wp-json\/wp\/v2\/users\/1"}],"replies":[{"embeddable":true,"href":"https:\/\/itwgse.com\/fr\/wp-json\/wp\/v2\/comments?post=28841"}],"version-history":[{"count":0,"href":"https:\/\/itwgse.com\/fr\/wp-json\/wp\/v2\/pages\/28841\/revisions"}],"wp:attachment":[{"href":"https:\/\/itwgse.com\/fr\/wp-json\/wp\/v2\/media?parent=28841"}],"curies":[{"name":"wp","href":"https:\/\/api.w.org\/{rel}","templated":true}]}}