{"id":45454,"date":"2026-03-18T15:33:42","date_gmt":"2026-03-18T14:33:42","guid":{"rendered":"https:\/\/itwgse.com\/convertisseurs-400-hz-i\/"},"modified":"2026-03-18T15:33:42","modified_gmt":"2026-03-18T14:33:42","slug":"convertisseurs-400-hz-i","status":"publish","type":"page","link":"https:\/\/itwgse.com\/fr\/convertisseurs-400-hz-i\/","title":{"rendered":"Convertisseurs 400 Hz I :"},"content":{"rendered":"<div id=\"pl-45454\"  class=\"panel-layout\" ><div id=\"pg-45454-0\"  class=\"panel-grid panel-no-style\" ><div id=\"pgc-45454-0-0\"  class=\"panel-grid-cell\" ><div id=\"panel-45454-0-0-0\" class=\"so-panel widget widget_mtt-cover-section panel-first-child\" data-index=\"0\" ><div\n\t\t\t\n\t\t\tclass=\"so-widget-mtt-cover-section so-widget-mtt-cover-section-base\"\n\t\t\t\n\t\t>\n<div class=\"mtt-cover-section-wrap compact extra-small\">\n\t<div class=\"mtt-cover-curve\">\n\t\t<img decoding=\"async\"  src=\"https:\/\/itwgse.com\/wp-content\/themes\/mtt-standard-theme\/assets\/img\/cover\/itwgse_cut.svg\">\t<\/div>\n    <div class=\"mtt-cover-compact-background object-fit\">\n                    <img decoding=\"async\"\n                src=\"https:\/\/itwgse.com\/wp-content\/uploads\/2018\/03\/Aarhus-Airport-DK-ITW-GSE-2400-Compact-GPU-4-scaled.jpg\"\n                alt=\"\"\n                data-skip-lazy\n            >\n                            <\/div>\n    <div class=\"mtt-cover-compact-container\">\n        <div class=\"mtt-cover-section-text\">\n            <h1>Convertisseurs 400 Hz I :<\/h1>\n                                <div class=\"text\"><p>Pourquoi les convertisseurs 400 Hz sont-ils essentiels au Ground Support Equipment ?<\/p>\n<\/div>\n                            <\/div>\n    <\/div>\n<\/div>\n<\/div><\/div><div id=\"panel-45454-0-0-1\" class=\"so-panel widget widget_mtt-one-col-text\" data-index=\"1\" ><div\n\t\t\t\n\t\t\tclass=\"so-widget-mtt-one-col-text so-widget-mtt-one-col-text-base\"\n\t\t\t\n\t\t>\n<div class=\"mtt-two-col-wrapper\">\n    <div class=\"mtt-two-col-container\">\n        <div class=\"mtt-two-col-content formatted_content has-title-one\">\n\t\t\t                <h2>Qu'est-ce qu'un convertisseur 400 Hz I: ?<\/h2>\n                        <div class=\"text-section one-col\">\n                <p>Le <a href=\"https:\/\/itwgse.com\/products\/power\/itw-gse-2400-compact-gpu\/\">convertisseur 400 Hz<\/a> est une source d'\u00e9nergie externe, un convertisseur ( in relation 28 VDC) qui alimente les avions en \u00e9nergie lorsqu'ils sont au sol.<\/p>\n<p>L'objectif d'un tel appareil est de convertir la tension de 50\/60 Hz provenant de la compagnie d'\u00e9lectricit\u00e9 en une tension de 400 Hz.<\/p>\n<p><strong>Pourquoi 400 Hz I: ?<\/strong> Pour gagner du poids et de l'espace \u00e0 bord de l'avion.<br>Plus la fr\u00e9quence est \u00e9lev\u00e9e, plus les c\u00e2bles, les transformateurs, etc. peuvent \u00eatre petits et l\u00e9gers - plus il y a de place pour transporter des passagers ou du fret ou...<\/p>\n            <\/div>\n\n            \n                        <\/div>\n    <\/div>\n<\/div>\n<\/div><\/div><div id=\"panel-45454-0-0-2\" class=\"so-panel widget widget_mtt-text-image\" data-index=\"2\" ><div\n\t\t\t\n\t\t\tclass=\"so-widget-mtt-text-image so-widget-mtt-text-image-base\"\n\t\t\t\n\t\t>\n<div class=\"mtt-text-image-wrap no-top-padding no-bottom-padding\">\n        <!-- Content -->\n    <div class=\"mtt-text-image-container\">\n        <div class=\"mtt-text-image-col\">\n            <div class=\"mtt-text-image-content formatted_content\">\n                                <h2>Pourquoi les convertisseurs 400 Hz sont-ils importants ?<\/h2>\n                <p>400 Hz est la fr\u00e9quence standard pour les \u00e9quipements \u00e0 bord des avions.<br \/>En vol, les avions utilisent leurs propres moteurs, reli\u00e9s \u00e0 des g\u00e9n\u00e9rateurs, qui g\u00e9n\u00e8rent le courant de 400 Hz pour assurer le fonctionnement des syst\u00e8mes \u00e9lectriques et des \u00e9quipements \u00e0 bord.<\/p>\n<p>Cependant, lors des r\u00e9visions, les moteurs des avions sont arr\u00eat\u00e9s afin de limiter le bruit et les \u00e9missions sur l'aire de trafic. L'alimentation \u00e9lectrique doit donc provenir d'une source externe. <\/p>\n\n                            <\/div>\n        <\/div>\n                    <div class=\"mtt-text-image-col img center\">\n                <div class=\"mtt-text-image-content\">\n                    <img decoding=\"async\" width=\"1824\" height=\"1368\" src=\"https:\/\/itwgse.com\/wp-content\/uploads\/2018\/03\/ITW-GSE-2400_Mobile-2-1.png\" class=\"attachment-full size-full\" alt=\"mobile 2400 GPU from ITW SGE\" srcset=\"https:\/\/itwgse.com\/wp-content\/uploads\/2018\/03\/ITW-GSE-2400_Mobile-2-1.png 1824w, https:\/\/itwgse.com\/wp-content\/uploads\/2018\/03\/ITW-GSE-2400_Mobile-2-1-300x225.png 300w, https:\/\/itwgse.com\/wp-content\/uploads\/2018\/03\/ITW-GSE-2400_Mobile-2-1-1024x768.png 1024w, https:\/\/itwgse.com\/wp-content\/uploads\/2018\/03\/ITW-GSE-2400_Mobile-2-1-768x576.png 768w, https:\/\/itwgse.com\/wp-content\/uploads\/2018\/03\/ITW-GSE-2400_Mobile-2-1-1536x1152.png 1536w, https:\/\/itwgse.com\/wp-content\/uploads\/2018\/03\/ITW-GSE-2400_Mobile-2-1-600x450.png 600w, https:\/\/itwgse.com\/wp-content\/uploads\/2018\/03\/ITW-GSE-2400_Mobile-2-1-400x300.png 400w, https:\/\/itwgse.com\/wp-content\/uploads\/2018\/03\/ITW-GSE-2400_Mobile-2-1-289x217.png 289w\" sizes=\"(max-width: 1824px) 100vw, 1824px\" \/>                \n                    \n                    \n                <\/div>\n            <\/div>\n            <\/div>\n<\/div>\n\n<script>\nfunction sendEvent(action, element) {\n    var videoTitle = jQuery(element).data('title');  \n\n    if (dataLayer && videoTitle) {\n        dataLayer.push({\n            'event': 'video',\n            'eventCategory': 'Video',\n            'eventAction': action,\n            'eventLabel': videoTitle\n        });\n    }\n    else if (ga && videoTitle) {\n        ga('send', 'event', 'Video', action, videoTitle);\n    }  \n}\n<\/script>\n<\/div><\/div><div id=\"panel-45454-0-0-3\" class=\"so-panel widget widget_mtt-text-image panel-last-child\" data-index=\"3\" ><div\n\t\t\t\n\t\t\tclass=\"so-widget-mtt-text-image so-widget-mtt-text-image-base\"\n\t\t\t\n\t\t>\n<div class=\"mtt-text-image-wrap flip no-top-padding no-bottom-padding\">\n        <!-- Content -->\n    <div class=\"mtt-text-image-container\">\n        <div class=\"mtt-text-image-col\">\n            <div class=\"mtt-text-image-content formatted_content\">\n                                <h2>Comment puis-je me procurer un convertisseur 400 Hz ?<\/h2>\n                <p>Si vous \u00eates \u00e0 la recherche d'un convertisseur 400 Hz I : <a href=\"https:\/\/itwgse.com\/our-team\/\">contactez-nous<\/a>.<\/p>\n<p>Nous disposons d'une gamme compl\u00e8te de convertisseurs ( <a href=\"https:\/\/itwgse.com\/products\/power\/itw-gse-2400-compact-gpu\/\" target=\"_blank\" rel=\"noopener\">in relation 400Hz redresseur) \u00e0 semi-conducteurs<\/a> et \u00e0 <a href=\"https:\/\/itwgse.com\/products\/power\/itw-gse-7400-egpu\/\" target=\"_blank\" rel=\"noopener\">batterie<\/a>.<\/p>\n<p>Cliquez ici pour un <a href=\"https:\/\/itwgse.com\/ground-power-units\/\" target=\"_blank\" rel=\"noopener\">aper\u00e7u complet des convertisseurs 400 Hz<\/a>.<\/p>\n\n                                    <div class=\"button-wrap\">\n                                                    <a href=\"https:\/\/itwgse.com\/our-team\/\" class=\"button\">\n                                Contactez nous                            <\/a>\n                                            <\/div>\n                            <\/div>\n        <\/div>\n                    <div class=\"mtt-text-image-col img center\">\n                <div class=\"mtt-text-image-content\">\n                    <img decoding=\"async\" width=\"1056\" height=\"972\" src=\"https:\/\/itwgse.com\/wp-content\/uploads\/2019\/08\/ITW-GSE-2400_PowerCoilWithoutBridge.png\" class=\"attachment-full size-full\" alt=\"itwgse, itw-gse, itw_gse, itw gse, itw.gse, itwgsepowercoil, itwgse2400powercoil, itw-gse-2400-power-coil, 2400-power-coil,\" srcset=\"https:\/\/itwgse.com\/wp-content\/uploads\/2019\/08\/ITW-GSE-2400_PowerCoilWithoutBridge.png 1056w, https:\/\/itwgse.com\/wp-content\/uploads\/2019\/08\/ITW-GSE-2400_PowerCoilWithoutBridge-300x276.png 300w, https:\/\/itwgse.com\/wp-content\/uploads\/2019\/08\/ITW-GSE-2400_PowerCoilWithoutBridge-1024x943.png 1024w, https:\/\/itwgse.com\/wp-content\/uploads\/2019\/08\/ITW-GSE-2400_PowerCoilWithoutBridge-150x138.png 150w, https:\/\/itwgse.com\/wp-content\/uploads\/2019\/08\/ITW-GSE-2400_PowerCoilWithoutBridge-360x331.png 360w\" sizes=\"(max-width: 1056px) 100vw, 1056px\" \/>                \n                    \n                    \n                <\/div>\n            <\/div>\n            <\/div>\n<\/div>\n\n<script>\nfunction sendEvent(action, element) {\n    var videoTitle = jQuery(element).data('title');  \n\n    if (dataLayer && videoTitle) {\n        dataLayer.push({\n            'event': 'video',\n            'eventCategory': 'Video',\n            'eventAction': action,\n            'eventLabel': videoTitle\n        });\n    }\n    else if (ga && videoTitle) {\n        ga('send', 'event', 'Video', action, videoTitle);\n    }  \n}\n<\/script>\n<\/div><\/div><\/div><\/div><\/div>","protected":false},"excerpt":{"rendered":"<p>Convertisseurs 400 Hz I : Pourquoi les convertisseurs 400 Hz sont-ils essentiels au Ground Support Equipment ? Qu&rsquo;est-ce qu&rsquo;un convertisseur 400 Hz I: ?&#8230;<\/p>\n","protected":false},"author":11,"featured_media":43013,"parent":0,"menu_order":159,"comment_status":"closed","ping_status":"closed","template":"","meta":{"_acf_changed":false,"_relevanssi_hide_post":"","_relevanssi_hide_content":"","_relevanssi_pin_for_all":"","_relevanssi_pin_keywords":"","_relevanssi_unpin_keywords":"","_relevanssi_related_keywords":"","_relevanssi_related_include_ids":"","_relevanssi_related_exclude_ids":"","_relevanssi_related_no_append":"","_relevanssi_related_not_related":"","_relevanssi_related_posts":"","_relevanssi_noindex_reason":"","footnotes":""},"class_list":["post-45454","page","type-page","status-publish","has-post-thumbnail","hentry"],"acf":[],"yoast_head":"<!-- This site is optimized with the Yoast SEO plugin v27.0 - https:\/\/yoast.com\/product\/yoast-seo-wordpress\/ -->\n<title>Convertisseurs 400 Hz I : | Gagnez du poids et de l&#039;espace \u00e0 bord de l&#039;avion | ITW GSE<\/title>\n<meta name=\"description\" content=\"Le convertisseur 400 Hz est une source d&#039;\u00e9nergie externe, un convertisseur ( in relation 28 VDC) qui alimente les avions en \u00e9nergie lorsqu&#039;ils sont au sol.\" \/>\n<meta name=\"robots\" content=\"index, follow, max-snippet:-1, max-image-preview:large, max-video-preview:-1\" \/>\n<link rel=\"canonical\" href=\"https:\/\/itwgse.com\/fr\/convertisseurs-400-hz-i\/\" \/>\n<meta property=\"og:locale\" content=\"fr_FR\" \/>\n<meta property=\"og:type\" content=\"article\" \/>\n<meta property=\"og:title\" content=\"Convertisseurs 400 Hz I : | Gagnez du poids et de l&#039;espace \u00e0 bord de l&#039;avion | ITW GSE\" \/>\n<meta property=\"og:description\" content=\"Le convertisseur 400 Hz est une source d&#039;\u00e9nergie externe, un convertisseur ( in relation 28 VDC) qui alimente les avions en \u00e9nergie lorsqu&#039;ils sont au sol.\" \/>\n<meta property=\"og:url\" content=\"https:\/\/itwgse.com\/fr\/convertisseurs-400-hz-i\/\" \/>\n<meta property=\"og:site_name\" content=\"ITW GSE\" \/>\n<meta property=\"article:publisher\" content=\"https:\/\/www.facebook.com\/ITWGSE\/\" \/>\n<meta property=\"og:image\" content=\"https:\/\/itwgse.com\/wp-content\/uploads\/2018\/03\/ITW-GSE-2400_Mobile-2-1.png\" \/>\n\t<meta property=\"og:image:width\" content=\"1824\" \/>\n\t<meta property=\"og:image:height\" content=\"1368\" \/>\n\t<meta property=\"og:image:type\" content=\"image\/png\" \/>\n<meta name=\"twitter:card\" content=\"summary_large_image\" \/>\n<script type=\"application\/ld+json\" class=\"yoast-schema-graph\">{\"@context\":\"https:\/\/schema.org\",\"@graph\":[{\"@type\":\"WebPage\",\"@id\":\"https:\/\/itwgse.com\/fr\/convertisseurs-400-hz-i\/\",\"url\":\"https:\/\/itwgse.com\/fr\/convertisseurs-400-hz-i\/\",\"name\":\"Convertisseurs 400 Hz I : | Gagnez du poids et de l'espace \u00e0 bord de l'avion | ITW GSE\",\"isPartOf\":{\"@id\":\"https:\/\/itwgse.com\/#website\"},\"primaryImageOfPage\":{\"@id\":\"https:\/\/itwgse.com\/fr\/convertisseurs-400-hz-i\/#primaryimage\"},\"image\":{\"@id\":\"https:\/\/itwgse.com\/fr\/convertisseurs-400-hz-i\/#primaryimage\"},\"thumbnailUrl\":\"https:\/\/itwgse.com\/wp-content\/uploads\/2018\/03\/ITW-GSE-2400_Mobile-2-1.png\",\"datePublished\":\"2026-03-18T14:33:42+00:00\",\"description\":\"Le convertisseur 400 Hz est une source d'\u00e9nergie externe, un convertisseur ( in relation 28 VDC) qui alimente les avions en \u00e9nergie lorsqu'ils sont au sol.\",\"breadcrumb\":{\"@id\":\"https:\/\/itwgse.com\/fr\/convertisseurs-400-hz-i\/#breadcrumb\"},\"inLanguage\":\"fr-FR\",\"potentialAction\":[{\"@type\":\"ReadAction\",\"target\":[\"https:\/\/itwgse.com\/fr\/convertisseurs-400-hz-i\/\"]}]},{\"@type\":\"ImageObject\",\"inLanguage\":\"fr-FR\",\"@id\":\"https:\/\/itwgse.com\/fr\/convertisseurs-400-hz-i\/#primaryimage\",\"url\":\"https:\/\/itwgse.com\/wp-content\/uploads\/2018\/03\/ITW-GSE-2400_Mobile-2-1.png\",\"contentUrl\":\"https:\/\/itwgse.com\/wp-content\/uploads\/2018\/03\/ITW-GSE-2400_Mobile-2-1.png\",\"width\":1824,\"height\":1368,\"caption\":\"mobile 2400 GPU de ITW SGE\"},{\"@type\":\"BreadcrumbList\",\"@id\":\"https:\/\/itwgse.com\/fr\/convertisseurs-400-hz-i\/#breadcrumb\",\"itemListElement\":[{\"@type\":\"ListItem\",\"position\":1,\"name\":\"Home\",\"item\":\"https:\/\/itwgse.com\/fr\/\"},{\"@type\":\"ListItem\",\"position\":2,\"name\":\"Convertisseurs 400 Hz I :\"}]},{\"@type\":\"WebSite\",\"@id\":\"https:\/\/itwgse.com\/#website\",\"url\":\"https:\/\/itwgse.com\/\",\"name\":\"ITW GSE\",\"description\":\"It&#039;s all about connections\",\"publisher\":{\"@id\":\"https:\/\/itwgse.com\/#organization\"},\"potentialAction\":[{\"@type\":\"SearchAction\",\"target\":{\"@type\":\"EntryPoint\",\"urlTemplate\":\"https:\/\/itwgse.com\/?s={search_term_string}\"},\"query-input\":{\"@type\":\"PropertyValueSpecification\",\"valueRequired\":true,\"valueName\":\"search_term_string\"}}],\"inLanguage\":\"fr-FR\"},{\"@type\":\"Organization\",\"@id\":\"https:\/\/itwgse.com\/#organization\",\"name\":\"ITW GSE\",\"url\":\"https:\/\/itwgse.com\/\",\"logo\":{\"@type\":\"ImageObject\",\"inLanguage\":\"fr-FR\",\"@id\":\"https:\/\/itwgse.com\/#\/schema\/logo\/image\/\",\"url\":\"https:\/\/itwgse.com\/wp-content\/uploads\/2018\/11\/logo.png\",\"contentUrl\":\"https:\/\/itwgse.com\/wp-content\/uploads\/2018\/11\/logo.png\",\"width\":302,\"height\":237,\"caption\":\"ITW GSE\"},\"image\":{\"@id\":\"https:\/\/itwgse.com\/#\/schema\/logo\/image\/\"},\"sameAs\":[\"https:\/\/www.facebook.com\/ITWGSE\/\",\"https:\/\/www.linkedin.com\/company\/itw-gse\/\",\"https:\/\/www.youtube.com\/channel\/UCTUIMvyaOPfYIqzP8enZ8yw\"]}]}<\/script>\n<!-- \/ Yoast SEO plugin. -->","yoast_head_json":{"title":"Convertisseurs 400 Hz I : | Gagnez du poids et de l'espace \u00e0 bord de l'avion | ITW GSE","description":"Le convertisseur 400 Hz est une source d'\u00e9nergie externe, un convertisseur ( in relation 28 VDC) qui alimente les avions en \u00e9nergie lorsqu'ils sont au sol.","robots":{"index":"index","follow":"follow","max-snippet":"max-snippet:-1","max-image-preview":"max-image-preview:large","max-video-preview":"max-video-preview:-1"},"canonical":"https:\/\/itwgse.com\/fr\/convertisseurs-400-hz-i\/","og_locale":"fr_FR","og_type":"article","og_title":"Convertisseurs 400 Hz I : | Gagnez du poids et de l'espace \u00e0 bord de l'avion | ITW GSE","og_description":"Le convertisseur 400 Hz est une source d'\u00e9nergie externe, un convertisseur ( in relation 28 VDC) qui alimente les avions en \u00e9nergie lorsqu'ils sont au sol.","og_url":"https:\/\/itwgse.com\/fr\/convertisseurs-400-hz-i\/","og_site_name":"ITW GSE","article_publisher":"https:\/\/www.facebook.com\/ITWGSE\/","og_image":[{"width":1824,"height":1368,"url":"https:\/\/itwgse.com\/wp-content\/uploads\/2018\/03\/ITW-GSE-2400_Mobile-2-1.png","type":"image\/png"}],"twitter_card":"summary_large_image","schema":{"@context":"https:\/\/schema.org","@graph":[{"@type":"WebPage","@id":"https:\/\/itwgse.com\/fr\/convertisseurs-400-hz-i\/","url":"https:\/\/itwgse.com\/fr\/convertisseurs-400-hz-i\/","name":"Convertisseurs 400 Hz I : | Gagnez du poids et de l'espace \u00e0 bord de l'avion | ITW GSE","isPartOf":{"@id":"https:\/\/itwgse.com\/#website"},"primaryImageOfPage":{"@id":"https:\/\/itwgse.com\/fr\/convertisseurs-400-hz-i\/#primaryimage"},"image":{"@id":"https:\/\/itwgse.com\/fr\/convertisseurs-400-hz-i\/#primaryimage"},"thumbnailUrl":"https:\/\/itwgse.com\/wp-content\/uploads\/2018\/03\/ITW-GSE-2400_Mobile-2-1.png","datePublished":"2026-03-18T14:33:42+00:00","description":"Le convertisseur 400 Hz est une source d'\u00e9nergie externe, un convertisseur ( in relation 28 VDC) qui alimente les avions en \u00e9nergie lorsqu'ils sont au sol.","breadcrumb":{"@id":"https:\/\/itwgse.com\/fr\/convertisseurs-400-hz-i\/#breadcrumb"},"inLanguage":"fr-FR","potentialAction":[{"@type":"ReadAction","target":["https:\/\/itwgse.com\/fr\/convertisseurs-400-hz-i\/"]}]},{"@type":"ImageObject","inLanguage":"fr-FR","@id":"https:\/\/itwgse.com\/fr\/convertisseurs-400-hz-i\/#primaryimage","url":"https:\/\/itwgse.com\/wp-content\/uploads\/2018\/03\/ITW-GSE-2400_Mobile-2-1.png","contentUrl":"https:\/\/itwgse.com\/wp-content\/uploads\/2018\/03\/ITW-GSE-2400_Mobile-2-1.png","width":1824,"height":1368,"caption":"mobile 2400 GPU de ITW SGE"},{"@type":"BreadcrumbList","@id":"https:\/\/itwgse.com\/fr\/convertisseurs-400-hz-i\/#breadcrumb","itemListElement":[{"@type":"ListItem","position":1,"name":"Home","item":"https:\/\/itwgse.com\/fr\/"},{"@type":"ListItem","position":2,"name":"Convertisseurs 400 Hz I :"}]},{"@type":"WebSite","@id":"https:\/\/itwgse.com\/#website","url":"https:\/\/itwgse.com\/","name":"ITW GSE","description":"It&#039;s all about connections","publisher":{"@id":"https:\/\/itwgse.com\/#organization"},"potentialAction":[{"@type":"SearchAction","target":{"@type":"EntryPoint","urlTemplate":"https:\/\/itwgse.com\/?s={search_term_string}"},"query-input":{"@type":"PropertyValueSpecification","valueRequired":true,"valueName":"search_term_string"}}],"inLanguage":"fr-FR"},{"@type":"Organization","@id":"https:\/\/itwgse.com\/#organization","name":"ITW GSE","url":"https:\/\/itwgse.com\/","logo":{"@type":"ImageObject","inLanguage":"fr-FR","@id":"https:\/\/itwgse.com\/#\/schema\/logo\/image\/","url":"https:\/\/itwgse.com\/wp-content\/uploads\/2018\/11\/logo.png","contentUrl":"https:\/\/itwgse.com\/wp-content\/uploads\/2018\/11\/logo.png","width":302,"height":237,"caption":"ITW GSE"},"image":{"@id":"https:\/\/itwgse.com\/#\/schema\/logo\/image\/"},"sameAs":["https:\/\/www.facebook.com\/ITWGSE\/","https:\/\/www.linkedin.com\/company\/itw-gse\/","https:\/\/www.youtube.com\/channel\/UCTUIMvyaOPfYIqzP8enZ8yw"]}]}},"_links":{"self":[{"href":"https:\/\/itwgse.com\/fr\/wp-json\/wp\/v2\/pages\/45454","targetHints":{"allow":["GET"]}}],"collection":[{"href":"https:\/\/itwgse.com\/fr\/wp-json\/wp\/v2\/pages"}],"about":[{"href":"https:\/\/itwgse.com\/fr\/wp-json\/wp\/v2\/types\/page"}],"author":[{"embeddable":true,"href":"https:\/\/itwgse.com\/fr\/wp-json\/wp\/v2\/users\/11"}],"replies":[{"embeddable":true,"href":"https:\/\/itwgse.com\/fr\/wp-json\/wp\/v2\/comments?post=45454"}],"version-history":[{"count":0,"href":"https:\/\/itwgse.com\/fr\/wp-json\/wp\/v2\/pages\/45454\/revisions"}],"wp:featuredmedia":[{"embeddable":true,"href":"https:\/\/itwgse.com\/fr\/wp-json\/wp\/v2\/media\/43013"}],"wp:attachment":[{"href":"https:\/\/itwgse.com\/fr\/wp-json\/wp\/v2\/media?parent=45454"}],"curies":[{"name":"wp","href":"https:\/\/api.w.org\/{rel}","templated":true}]}}