{"id":45533,"date":"2026-03-23T09:07:29","date_gmt":"2026-03-23T08:07:29","guid":{"rendered":"https:\/\/itwgse.com\/galerie-des-tuyaux-pca\/"},"modified":"2026-03-23T09:07:29","modified_gmt":"2026-03-23T08:07:29","slug":"galerie-des-tuyaux-pca","status":"publish","type":"page","link":"https:\/\/itwgse.com\/fr\/galerie-des-tuyaux-pca\/","title":{"rendered":"Galerie des tuyaux PCA"},"content":{"rendered":"<div id=\"pl-45533\"  class=\"panel-layout\" ><div id=\"pg-45533-0\"  class=\"panel-grid panel-no-style\" ><div id=\"pgc-45533-0-0\"  class=\"panel-grid-cell\" ><div id=\"panel-45533-0-0-0\" class=\"so-panel widget widget_mtt-cover-section panel-first-child\" data-index=\"0\" ><div\n\t\t\t\n\t\t\tclass=\"so-widget-mtt-cover-section so-widget-mtt-cover-section-base\"\n\t\t\t\n\t\t>\n<div class=\"mtt-cover-section-wrap compact extra-small\">\n\t<div class=\"mtt-cover-curve\">\n\t\t<img decoding=\"async\"  src=\"https:\/\/itwgse.com\/wp-content\/themes\/mtt-standard-theme\/assets\/img\/cover\/itwgse_cut.svg\">\t<\/div>\n    <div class=\"mtt-cover-compact-background object-fit overlay\">\n                            <\/div>\n    <div class=\"mtt-cover-compact-container\">\n        <div class=\"mtt-cover-section-text\">\n            <h1>Galerie des tuyaux d'aviation<\/h1>\n                    <\/div>\n    <\/div>\n<\/div>\n<\/div><\/div><div id=\"panel-45533-0-0-1\" class=\"so-panel widget widget_mtt-one-col-text\" data-index=\"1\" ><div\n\t\t\t\n\t\t\tclass=\"so-widget-mtt-one-col-text so-widget-mtt-one-col-text-base\"\n\t\t\t\n\t\t>\n<div class=\"mtt-two-col-wrapper\">\n    <div class=\"mtt-two-col-container\">\n        <div class=\"mtt-two-col-content formatted_content\">\n\t\t\t            <div class=\"text-section one-col\">\n                <p>D\u00e9couvrez nos diff\u00e9rents tuyaux d'air pr\u00e9-conditionn\u00e9 dans les photos de cette page, et visitez nos produits PCA via le buttom.<\/p>\n            <\/div>\n\n            \n                    <div class=\"button-wrap\">\n                \n                                                                <a\n                            href=\"https:\/\/itwgse.com\/pca-hoses\/\"\n                            class=\"button link button  button-margin\"\n                                                    >\n                            Gamme de tuyaux PCA                        <\/a>\n                                                <\/div>\n                        <\/div>\n    <\/div>\n<\/div>\n<\/div><\/div><div id=\"panel-45533-0-0-2\" class=\"so-panel widget widget_mtt-images panel-last-child\" data-index=\"2\" ><div\n\t\t\t\n\t\t\tclass=\"so-widget-mtt-images so-widget-mtt-images-base\"\n\t\t\t\n\t\t>\n<section class=\"mtt-images\">\n    <div class=\"mtt-images__inner page_container\">\n        <div class=\"mtt-gallery-modal-wrap\">\n    <div class=\"mtt-gallery-modal\">\n        <div id=\"close-gallery-modal\"><\/div>\n        <div class=\"content\">\n            <img decoding=\"async\" src=\"\" alt=\"\" id=\"gallery-modal-img\">\n            <div class=\"mtt-gallery-modal-description\">\n                <div class=\"title\" id=\"gallery-modal-title\"><\/div>\n            <\/div>\n        <\/div>\n    <\/div>\n<\/div>\n\n<div class=\"masonry\">\n\t\t\t\t\t\t\t\t\t\t<div class=\"brick\" data-title=\"ITW GSE KinkFree Hose, Aviation GSE, The Netherlands\" data-src=\"https:\/\/itwgse.com\/wp-content\/uploads\/2024\/07\/KinkFree-SuperHose-Air-coil-8-new-png-800x600.png\">\n\t\t\t\t\t\t<img decoding=\"async\" src=\"https:\/\/itwgse.com\/wp-content\/uploads\/2024\/07\/KinkFree-SuperHose-Air-coil-8-new-png-800x600.png\" alt=\"ITW GSE KinkFree Hose, Aviation GSE, The Netherlands\">\n\n\t\t\t\t\t\t\t\t\t\t\t\t\t<div class=\"overlay\">\n\t\t\t\t\t\t\t\t<div class=\"overlay-text\">ITW GSE KinkFree Hose, Aviation GSE, The Netherlands<\/div>\n\t\t\t\t\t\t\t<\/div>\n\t\t\t\t\t\t\t\t\t\t\t<\/div>\n\t\t\t\t\t\t\t\t\t\t\t\t\t\t<div class=\"brick\" data-title=\"LGA Queens NY front side mount yoke\" data-src=\"https:\/\/itwgse.com\/wp-content\/uploads\/2023\/06\/LGA-Queens-NY-front-side-mount-yoke-450x600.jpg\">\n\t\t\t\t\t\t<img decoding=\"async\" src=\"https:\/\/itwgse.com\/wp-content\/uploads\/2023\/06\/LGA-Queens-NY-front-side-mount-yoke-450x600.jpg\" alt=\"LGA Queens NY front side mount yoke\">\n\n\t\t\t\t\t\t\t\t\t\t\t\t\t<div class=\"overlay\">\n\t\t\t\t\t\t\t\t<div class=\"overlay-text\">LGA Queens NY front side mount yoke<\/div>\n\t\t\t\t\t\t\t<\/div>\n\t\t\t\t\t\t\t\t\t\t\t<\/div>\n\t\t\t\t\t\t\t\t\t\t\t\t\t\t<div class=\"brick\" data-title=\"LGA Queens NY 3400\" data-src=\"https:\/\/itwgse.com\/wp-content\/uploads\/2023\/06\/LGA-Queens-NY-3400-2400-DL-LGA-2.jpg\">\n\t\t\t\t\t\t<img decoding=\"async\" src=\"https:\/\/itwgse.com\/wp-content\/uploads\/2023\/06\/LGA-Queens-NY-3400-2400-DL-LGA-2.jpg\" alt=\"LGA Queens NY 3400\">\n\n\t\t\t\t\t\t\t\t\t\t\t\t\t<div class=\"overlay\">\n\t\t\t\t\t\t\t\t<div class=\"overlay-text\">LGA Queens NY 3400<\/div>\n\t\t\t\t\t\t\t<\/div>\n\t\t\t\t\t\t\t\t\t\t\t<\/div>\n\t\t\t\t\t\t\t\t\t\t\t\t\t\t<div class=\"brick\" data-title=\"Keep it simple, make it work.\" data-src=\"https:\/\/itwgse.com\/wp-content\/uploads\/2023\/06\/Keep-it-simple-make-it-work.-450x600.jpg\">\n\t\t\t\t\t\t<img decoding=\"async\" src=\"https:\/\/itwgse.com\/wp-content\/uploads\/2023\/06\/Keep-it-simple-make-it-work.-450x600.jpg\" alt=\"Keep it simple, make it work.\">\n\n\t\t\t\t\t\t\t\t\t\t\t\t\t<div class=\"overlay\">\n\t\t\t\t\t\t\t\t<div class=\"overlay-text\">Keep it simple, make it work.<\/div>\n\t\t\t\t\t\t\t<\/div>\n\t\t\t\t\t\t\t\t\t\t\t<\/div>\n\t\t\t\t\t\t\t\t\t\t\t\t\t\t<div class=\"brick\" data-title=\"Ground Air Connection\" data-src=\"https:\/\/itwgse.com\/wp-content\/uploads\/2023\/06\/Ground-Air-Connection-HNL-HI-800x600.jpg\">\n\t\t\t\t\t\t<img decoding=\"async\" src=\"https:\/\/itwgse.com\/wp-content\/uploads\/2023\/06\/Ground-Air-Connection-HNL-HI-800x600.jpg\" alt=\"Ground Air Connection\">\n\n\t\t\t\t\t\t\t\t\t\t\t\t\t<div class=\"overlay\">\n\t\t\t\t\t\t\t\t<div class=\"overlay-text\">Ground Air Connection<\/div>\n\t\t\t\t\t\t\t<\/div>\n\t\t\t\t\t\t\t\t\t\t\t<\/div>\n\t\t\t\t\t\t\t\t\t\t\t\t\t\t<div class=\"brick\" data-title=\"Hoses reel and PCA\" data-src=\"https:\/\/itwgse.com\/wp-content\/uploads\/2023\/06\/JFK-New-York-scaled-800x600.jpg\">\n\t\t\t\t\t\t<img decoding=\"async\" src=\"https:\/\/itwgse.com\/wp-content\/uploads\/2023\/06\/JFK-New-York-scaled-800x600.jpg\" alt=\"Hoses reel and PCA\">\n\n\t\t\t\t\t\t\t\t\t\t\t\t\t<div class=\"overlay\">\n\t\t\t\t\t\t\t\t<div class=\"overlay-text\">Hoses reel and PCA<\/div>\n\t\t\t\t\t\t\t<\/div>\n\t\t\t\t\t\t\t\t\t\t\t<\/div>\n\t\t\t\t\t\t\t\t\t\t\t\t\t\t<div class=\"brick\" data-title=\"ITW GSE Hoses, Power Coils and PCAs\" data-src=\"https:\/\/itwgse.com\/wp-content\/uploads\/2023\/06\/ITW-GSE-Guadeloupe-800x600.jpg\">\n\t\t\t\t\t\t<img decoding=\"async\" src=\"https:\/\/itwgse.com\/wp-content\/uploads\/2023\/06\/ITW-GSE-Guadeloupe-800x600.jpg\" alt=\"ITW GSE Hoses, Power Coils and PCAs\">\n\n\t\t\t\t\t\t\t\t\t\t\t\t\t<div class=\"overlay\">\n\t\t\t\t\t\t\t\t<div class=\"overlay-text\">ITW GSE Hoses, Power Coils and PCAs<\/div>\n\t\t\t\t\t\t\t<\/div>\n\t\t\t\t\t\t\t\t\t\t\t<\/div>\n\t\t\t\t\t\t\t\t\t\t\t\t\t\t<div class=\"brick\" data-title=\"CLT Charlotte NC 3400\" data-src=\"https:\/\/itwgse.com\/wp-content\/uploads\/2023\/06\/CLT-Charlotte-NC-3400-Thyssen-Bridge-2-800x600.jpg\">\n\t\t\t\t\t\t<img decoding=\"async\" src=\"https:\/\/itwgse.com\/wp-content\/uploads\/2023\/06\/CLT-Charlotte-NC-3400-Thyssen-Bridge-2-800x600.jpg\" alt=\"CLT Charlotte NC 3400\">\n\n\t\t\t\t\t\t\t\t\t\t\t\t\t<div class=\"overlay\">\n\t\t\t\t\t\t\t\t<div class=\"overlay-text\">CLT Charlotte NC 3400<\/div>\n\t\t\t\t\t\t\t<\/div>\n\t\t\t\t\t\t\t\t\t\t\t<\/div>\n\t\t\t\t\t\t\t\t\t\t\t\t\t\t<div class=\"brick\" data-title=\"Aircraft hoses and PCA\" data-src=\"https:\/\/itwgse.com\/wp-content\/uploads\/2023\/06\/China-Fuzhou-Changle-ITW-GSE-2400-power-coil-PCA-3-scaled-800x600.jpg\">\n\t\t\t\t\t\t<img decoding=\"async\" src=\"https:\/\/itwgse.com\/wp-content\/uploads\/2023\/06\/China-Fuzhou-Changle-ITW-GSE-2400-power-coil-PCA-3-scaled-800x600.jpg\" alt=\"Aircraft hoses and PCA\">\n\n\t\t\t\t\t\t\t\t\t\t\t\t\t<div class=\"overlay\">\n\t\t\t\t\t\t\t\t<div class=\"overlay-text\">Aircraft hoses and PCA<\/div>\n\t\t\t\t\t\t\t<\/div>\n\t\t\t\t\t\t\t\t\t\t\t<\/div>\n\t\t\t\t\t\t\t\t\t\t\t\t\t\t<div class=\"brick\" data-title=\"Boston Spirit BWI U Bracket\" data-src=\"https:\/\/itwgse.com\/wp-content\/uploads\/2023\/06\/Boston-Spirit-BWI-U-Bracket-after-800x600.jpg\">\n\t\t\t\t\t\t<img decoding=\"async\" src=\"https:\/\/itwgse.com\/wp-content\/uploads\/2023\/06\/Boston-Spirit-BWI-U-Bracket-after-800x600.jpg\" alt=\"Boston Spirit BWI U Bracket\">\n\n\t\t\t\t\t\t\t\t\t\t\t\t\t<div class=\"overlay\">\n\t\t\t\t\t\t\t\t<div class=\"overlay-text\">Boston Spirit BWI U Bracket<\/div>\n\t\t\t\t\t\t\t<\/div>\n\t\t\t\t\t\t\t\t\t\t\t<\/div>\n\t\t\t\t\t\t\t\t\t\t\t\t\t\t<div class=\"brick\" data-title=\"Boston Spirit BWI D12 Reel 3\" data-src=\"https:\/\/itwgse.com\/wp-content\/uploads\/2023\/06\/Boston-Spirit-BWI-D12-Reel-3-rotated-450x600.jpg\">\n\t\t\t\t\t\t<img decoding=\"async\" src=\"https:\/\/itwgse.com\/wp-content\/uploads\/2023\/06\/Boston-Spirit-BWI-D12-Reel-3-rotated-450x600.jpg\" alt=\"Boston Spirit BWI D12 Reel 3\">\n\n\t\t\t\t\t\t\t\t\t\t\t\t\t<div class=\"overlay\">\n\t\t\t\t\t\t\t\t<div class=\"overlay-text\">Boston Spirit BWI D12 Reel 3<\/div>\n\t\t\t\t\t\t\t<\/div>\n\t\t\t\t\t\t\t\t\t\t\t<\/div>\n\t\t\t\t\t\t\t\t\t\t\t\t\t\t<div class=\"brick\" data-title=\"ITW GSE Hoses &#8211; Kuwait\" data-src=\"https:\/\/itwgse.com\/wp-content\/uploads\/2023\/06\/al-jazeera-kuwait-itw-gse-14-scaled-800x600.jpg\">\n\t\t\t\t\t\t<img decoding=\"async\" src=\"https:\/\/itwgse.com\/wp-content\/uploads\/2023\/06\/al-jazeera-kuwait-itw-gse-14-scaled-800x600.jpg\" alt=\"ITW GSE Hoses &#8211; Kuwait\">\n\n\t\t\t\t\t\t\t\t\t\t\t\t\t<div class=\"overlay\">\n\t\t\t\t\t\t\t\t<div class=\"overlay-text\">ITW GSE Hoses &#8211; Kuwait<\/div>\n\t\t\t\t\t\t\t<\/div>\n\t\t\t\t\t\t\t\t\t\t\t<\/div>\n\t\t\t\t\t\t\t\t\t\t\t\t\t\t<div class=\"brick\" data-title=\"Roll out the hoses!\" data-src=\"https:\/\/itwgse.com\/wp-content\/uploads\/2023\/06\/Roll-out-the-hoses-450x600.jpg\">\n\t\t\t\t\t\t<img decoding=\"async\" src=\"https:\/\/itwgse.com\/wp-content\/uploads\/2023\/06\/Roll-out-the-hoses-450x600.jpg\" alt=\"Roll out the hoses!\">\n\n\t\t\t\t\t\t\t\t\t\t\t\t\t<div class=\"overlay\">\n\t\t\t\t\t\t\t\t<div class=\"overlay-text\">Roll out the hoses!<\/div>\n\t\t\t\t\t\t\t<\/div>\n\t\t\t\t\t\t\t\t\t\t\t<\/div>\n\t\t\t\t\t\t\t\t\t\t\t\t\t\t<div class=\"brick\" data-title=\"Pick a gate..\" data-src=\"https:\/\/itwgse.com\/wp-content\/uploads\/2023\/06\/Pick-a-gate..-800x600.jpg\">\n\t\t\t\t\t\t<img decoding=\"async\" src=\"https:\/\/itwgse.com\/wp-content\/uploads\/2023\/06\/Pick-a-gate..-800x600.jpg\" alt=\"Pick a gate..\">\n\n\t\t\t\t\t\t\t\t\t\t\t\t\t<div class=\"overlay\">\n\t\t\t\t\t\t\t\t<div class=\"overlay-text\">Pick a gate..<\/div>\n\t\t\t\t\t\t\t<\/div>\n\t\t\t\t\t\t\t\t\t\t\t<\/div>\n\t\t\t\t\t<\/div>\n\n\n    <\/div>\n<\/section><\/div><\/div><\/div><\/div><\/div>","protected":false},"excerpt":{"rendered":"<p>Galerie des tuyaux d&rsquo;aviation D\u00e9couvrez nos diff\u00e9rents tuyaux d&rsquo;air pr\u00e9-conditionn\u00e9 dans les photos de cette page, et visitez nos produits PCA via le buttom&#8230;.<\/p>\n","protected":false},"author":11,"featured_media":0,"parent":0,"menu_order":64,"comment_status":"closed","ping_status":"closed","template":"","meta":{"_acf_changed":false,"_relevanssi_hide_post":"","_relevanssi_hide_content":"","_relevanssi_pin_for_all":"","_relevanssi_pin_keywords":"","_relevanssi_unpin_keywords":"","_relevanssi_related_keywords":"","_relevanssi_related_include_ids":"","_relevanssi_related_exclude_ids":"","_relevanssi_related_no_append":"","_relevanssi_related_not_related":"","_relevanssi_related_posts":"","_relevanssi_noindex_reason":"","footnotes":""},"class_list":["post-45533","page","type-page","status-publish","hentry"],"acf":[],"yoast_head":"<!-- This site is optimized with the Yoast SEO plugin v27.0 - https:\/\/yoast.com\/product\/yoast-seo-wordpress\/ -->\n<title>Galerie des tuyaux PCA - ITW GSE<\/title>\n<meta name=\"description\" content=\"Sortez les diff\u00e9rents tuyaux PCA de ITW GSE.\" \/>\n<meta name=\"robots\" content=\"index, follow, max-snippet:-1, max-image-preview:large, max-video-preview:-1\" \/>\n<link rel=\"canonical\" href=\"https:\/\/itwgse.com\/fr\/galerie-des-tuyaux-pca\/\" \/>\n<meta property=\"og:locale\" content=\"fr_FR\" \/>\n<meta property=\"og:type\" content=\"article\" \/>\n<meta property=\"og:title\" content=\"Galerie des tuyaux PCA - ITW GSE\" \/>\n<meta property=\"og:description\" content=\"Sortez les diff\u00e9rents tuyaux PCA de ITW GSE.\" \/>\n<meta property=\"og:url\" content=\"https:\/\/itwgse.com\/fr\/galerie-des-tuyaux-pca\/\" \/>\n<meta property=\"og:site_name\" content=\"ITW GSE\" \/>\n<meta property=\"article:publisher\" content=\"https:\/\/www.facebook.com\/ITWGSE\/\" \/>\n<meta name=\"twitter:card\" content=\"summary_large_image\" \/>\n<script type=\"application\/ld+json\" class=\"yoast-schema-graph\">{\"@context\":\"https:\/\/schema.org\",\"@graph\":[{\"@type\":\"WebPage\",\"@id\":\"https:\/\/itwgse.com\/fr\/galerie-des-tuyaux-pca\/\",\"url\":\"https:\/\/itwgse.com\/fr\/galerie-des-tuyaux-pca\/\",\"name\":\"Galerie des tuyaux PCA - ITW GSE\",\"isPartOf\":{\"@id\":\"https:\/\/itwgse.com\/#website\"},\"datePublished\":\"2026-03-23T08:07:29+00:00\",\"description\":\"Sortez les diff\u00e9rents tuyaux PCA de ITW GSE.\",\"breadcrumb\":{\"@id\":\"https:\/\/itwgse.com\/fr\/galerie-des-tuyaux-pca\/#breadcrumb\"},\"inLanguage\":\"fr-FR\",\"potentialAction\":[{\"@type\":\"ReadAction\",\"target\":[\"https:\/\/itwgse.com\/fr\/galerie-des-tuyaux-pca\/\"]}]},{\"@type\":\"BreadcrumbList\",\"@id\":\"https:\/\/itwgse.com\/fr\/galerie-des-tuyaux-pca\/#breadcrumb\",\"itemListElement\":[{\"@type\":\"ListItem\",\"position\":1,\"name\":\"Home\",\"item\":\"https:\/\/itwgse.com\/fr\/\"},{\"@type\":\"ListItem\",\"position\":2,\"name\":\"Galerie des tuyaux PCA\"}]},{\"@type\":\"WebSite\",\"@id\":\"https:\/\/itwgse.com\/#website\",\"url\":\"https:\/\/itwgse.com\/\",\"name\":\"ITW GSE\",\"description\":\"It&#039;s all about connections\",\"publisher\":{\"@id\":\"https:\/\/itwgse.com\/#organization\"},\"potentialAction\":[{\"@type\":\"SearchAction\",\"target\":{\"@type\":\"EntryPoint\",\"urlTemplate\":\"https:\/\/itwgse.com\/?s={search_term_string}\"},\"query-input\":{\"@type\":\"PropertyValueSpecification\",\"valueRequired\":true,\"valueName\":\"search_term_string\"}}],\"inLanguage\":\"fr-FR\"},{\"@type\":\"Organization\",\"@id\":\"https:\/\/itwgse.com\/#organization\",\"name\":\"ITW GSE\",\"url\":\"https:\/\/itwgse.com\/\",\"logo\":{\"@type\":\"ImageObject\",\"inLanguage\":\"fr-FR\",\"@id\":\"https:\/\/itwgse.com\/#\/schema\/logo\/image\/\",\"url\":\"https:\/\/itwgse.com\/wp-content\/uploads\/2018\/11\/logo.png\",\"contentUrl\":\"https:\/\/itwgse.com\/wp-content\/uploads\/2018\/11\/logo.png\",\"width\":302,\"height\":237,\"caption\":\"ITW GSE\"},\"image\":{\"@id\":\"https:\/\/itwgse.com\/#\/schema\/logo\/image\/\"},\"sameAs\":[\"https:\/\/www.facebook.com\/ITWGSE\/\",\"https:\/\/www.linkedin.com\/company\/itw-gse\/\",\"https:\/\/www.youtube.com\/channel\/UCTUIMvyaOPfYIqzP8enZ8yw\"]}]}<\/script>\n<!-- \/ Yoast SEO plugin. -->","yoast_head_json":{"title":"Galerie des tuyaux PCA - ITW GSE","description":"Sortez les diff\u00e9rents tuyaux PCA de ITW GSE.","robots":{"index":"index","follow":"follow","max-snippet":"max-snippet:-1","max-image-preview":"max-image-preview:large","max-video-preview":"max-video-preview:-1"},"canonical":"https:\/\/itwgse.com\/fr\/galerie-des-tuyaux-pca\/","og_locale":"fr_FR","og_type":"article","og_title":"Galerie des tuyaux PCA - ITW GSE","og_description":"Sortez les diff\u00e9rents tuyaux PCA de ITW GSE.","og_url":"https:\/\/itwgse.com\/fr\/galerie-des-tuyaux-pca\/","og_site_name":"ITW GSE","article_publisher":"https:\/\/www.facebook.com\/ITWGSE\/","twitter_card":"summary_large_image","schema":{"@context":"https:\/\/schema.org","@graph":[{"@type":"WebPage","@id":"https:\/\/itwgse.com\/fr\/galerie-des-tuyaux-pca\/","url":"https:\/\/itwgse.com\/fr\/galerie-des-tuyaux-pca\/","name":"Galerie des tuyaux PCA - ITW GSE","isPartOf":{"@id":"https:\/\/itwgse.com\/#website"},"datePublished":"2026-03-23T08:07:29+00:00","description":"Sortez les diff\u00e9rents tuyaux PCA de ITW GSE.","breadcrumb":{"@id":"https:\/\/itwgse.com\/fr\/galerie-des-tuyaux-pca\/#breadcrumb"},"inLanguage":"fr-FR","potentialAction":[{"@type":"ReadAction","target":["https:\/\/itwgse.com\/fr\/galerie-des-tuyaux-pca\/"]}]},{"@type":"BreadcrumbList","@id":"https:\/\/itwgse.com\/fr\/galerie-des-tuyaux-pca\/#breadcrumb","itemListElement":[{"@type":"ListItem","position":1,"name":"Home","item":"https:\/\/itwgse.com\/fr\/"},{"@type":"ListItem","position":2,"name":"Galerie des tuyaux PCA"}]},{"@type":"WebSite","@id":"https:\/\/itwgse.com\/#website","url":"https:\/\/itwgse.com\/","name":"ITW GSE","description":"It&#039;s all about connections","publisher":{"@id":"https:\/\/itwgse.com\/#organization"},"potentialAction":[{"@type":"SearchAction","target":{"@type":"EntryPoint","urlTemplate":"https:\/\/itwgse.com\/?s={search_term_string}"},"query-input":{"@type":"PropertyValueSpecification","valueRequired":true,"valueName":"search_term_string"}}],"inLanguage":"fr-FR"},{"@type":"Organization","@id":"https:\/\/itwgse.com\/#organization","name":"ITW GSE","url":"https:\/\/itwgse.com\/","logo":{"@type":"ImageObject","inLanguage":"fr-FR","@id":"https:\/\/itwgse.com\/#\/schema\/logo\/image\/","url":"https:\/\/itwgse.com\/wp-content\/uploads\/2018\/11\/logo.png","contentUrl":"https:\/\/itwgse.com\/wp-content\/uploads\/2018\/11\/logo.png","width":302,"height":237,"caption":"ITW GSE"},"image":{"@id":"https:\/\/itwgse.com\/#\/schema\/logo\/image\/"},"sameAs":["https:\/\/www.facebook.com\/ITWGSE\/","https:\/\/www.linkedin.com\/company\/itw-gse\/","https:\/\/www.youtube.com\/channel\/UCTUIMvyaOPfYIqzP8enZ8yw"]}]}},"_links":{"self":[{"href":"https:\/\/itwgse.com\/fr\/wp-json\/wp\/v2\/pages\/45533","targetHints":{"allow":["GET"]}}],"collection":[{"href":"https:\/\/itwgse.com\/fr\/wp-json\/wp\/v2\/pages"}],"about":[{"href":"https:\/\/itwgse.com\/fr\/wp-json\/wp\/v2\/types\/page"}],"author":[{"embeddable":true,"href":"https:\/\/itwgse.com\/fr\/wp-json\/wp\/v2\/users\/11"}],"replies":[{"embeddable":true,"href":"https:\/\/itwgse.com\/fr\/wp-json\/wp\/v2\/comments?post=45533"}],"version-history":[{"count":0,"href":"https:\/\/itwgse.com\/fr\/wp-json\/wp\/v2\/pages\/45533\/revisions"}],"wp:attachment":[{"href":"https:\/\/itwgse.com\/fr\/wp-json\/wp\/v2\/media?parent=45533"}],"curies":[{"name":"wp","href":"https:\/\/api.w.org\/{rel}","templated":true}]}}