{"id":45618,"date":"2026-04-13T16:42:48","date_gmt":"2026-04-13T14:42:48","guid":{"rendered":"https:\/\/itwgse.com\/egpu-pour-laviation\/top-gse-recommande-litw-gse-7400-egpu-pendant-le-fat\/"},"modified":"2026-04-13T16:42:48","modified_gmt":"2026-04-13T14:42:48","slug":"top-gse-recommande-litw-gse-7400-egpu-pendant-le-fat","status":"publish","type":"page","link":"https:\/\/itwgse.com\/fr\/egpu-pour-laviation\/top-gse-recommande-litw-gse-7400-egpu-pendant-le-fat\/","title":{"rendered":"TOP GSE recommande l&rsquo;ITW GSE 7400 eGPU pendant le FAT"},"content":{"rendered":"<div id=\"pl-45618\"  class=\"panel-layout\" ><div id=\"pg-45618-0\"  class=\"panel-grid panel-no-style\" ><div id=\"pgc-45618-0-0\"  class=\"panel-grid-cell\" ><div id=\"panel-45618-0-0-0\" class=\"so-panel widget widget_mtt-cover-section panel-first-child\" data-index=\"0\" ><div\n\t\t\t\n\t\t\tclass=\"so-widget-mtt-cover-section so-widget-mtt-cover-section-base\"\n\t\t\t\n\t\t>\n<div class=\"mtt-cover-section-wrap compact extra-small\">\n\t<div class=\"mtt-cover-curve\">\n\t\t<img decoding=\"async\"  src=\"https:\/\/itwgse.com\/wp-content\/themes\/mtt-standard-theme\/assets\/img\/cover\/itwgse_cut.svg\">\t<\/div>\n    <div class=\"mtt-cover-compact-background object-fit\">\n                    <img decoding=\"async\"\n                src=\"https:\/\/itwgse.com\/wp-content\/uploads\/2021\/12\/IMG_5150-scaled.jpg\"\n                alt=\"\"\n                data-skip-lazy\n            >\n                            <\/div>\n    <div class=\"mtt-cover-compact-container\">\n        <div class=\"mtt-cover-section-text no-max-width\">\n            <h1>TOP GSE recommande la 7400 eGPU pendant la FAT<\/h1>\n                                <div class=\"text\"><p>Lors d'un test de r\u00e9ception en usine dans nos locaux, TOP GSE a test\u00e9 et approuv\u00e9 le 7400 eGPU aliment\u00e9 par batterie, \u00e9tablissant ainsi une nouvelle norme pour des op\u00e9rations au sol plus propres en Espagne.<\/p>\n<\/div>\n                            <\/div>\n    <\/div>\n<\/div>\n<\/div><\/div><div id=\"panel-45618-0-0-1\" class=\"so-panel widget widget_mtt-text-image\" data-index=\"1\" ><div\n\t\t\t\n\t\t\tclass=\"so-widget-mtt-text-image so-widget-mtt-text-image-base\"\n\t\t\t\n\t\t>\n<div class=\"mtt-text-image-wrap less-top-padding less-bottom-padding\">\n        <!-- Content -->\n    <div class=\"mtt-text-image-container\">\n        <div class=\"mtt-text-image-col\">\n            <div class=\"mtt-text-image-content formatted_content\">\n                                <h2>Le t\u00e9moignage de TOP GSE<\/h2>\n                <p>Lors d'un test de r\u00e9ception en usine dans nos installations d'Odense, au Danemark, Mateo Salamanca, directeur g\u00e9n\u00e9ral de TOP GSE, a test\u00e9 la <a href=\"https:\/\/itwgse.com\/products\/power\/itw-gse-7400-egpu\/\">7400 eGPU aliment\u00e9e par batterie<\/a> avec notre \u00e9quipe.<\/p>\n<p>Dans cette vid\u00e9o, il explique pourquoi le 7400 eGPU l'a impressionn\u00e9, en soulignant \u00e0 la fois les \u00e9conomies op\u00e9rationnelles et les avantages environnementaux qui soutiennent des op\u00e9rations de manutention au sol plus propres.<\/p>\n\n                            <\/div>\n        <\/div>\n                    <div class=\"mtt-text-image-col video\">\n                <div class=\"mtt-text-image-content\">\n                                    \n                    \n                        <div class=\"mtt-text-image-video-wrap\">\n                            <div class=\"mtt-text-image-video-container\">\n                                <video preload=\"auto\" controls data-title=\"TOP GSE ITW GSE 7400 &#8211; English\" onpause=\"sendEvent('Pause', this)\" onplay=\"sendEvent('Play', this)\" onended=\"sendEvent('Ended', this)\">\n                                    <source type=\"video\/mp4\" src=\"https:\/\/itwgse.com\/wp-content\/uploads\/2020\/01\/TOP-GSE-ITW-GSE-7400-English.mp4#t=0.1\">\n                                <\/video>\n                            <\/div>\n                        <\/div>\n\n                    \n                <\/div>\n            <\/div>\n            <\/div>\n<\/div>\n\n<script>\nfunction sendEvent(action, element) {\n    var videoTitle = jQuery(element).data('title');  \n\n    if (dataLayer && videoTitle) {\n        dataLayer.push({\n            'event': 'video',\n            'eventCategory': 'Video',\n            'eventAction': action,\n            'eventLabel': videoTitle\n        });\n    }\n    else if (ga && videoTitle) {\n        ga('send', 'event', 'Video', action, videoTitle);\n    }  \n}\n<\/script>\n<\/div><\/div><div id=\"panel-45618-0-0-2\" class=\"so-panel widget widget_mtt-text\" data-index=\"2\" ><div class=\"panel-widget-style panel-widget-style-for-45618-0-0-2\" ><div\n\t\t\t\n\t\t\tclass=\"so-widget-mtt-text so-widget-mtt-text-base\"\n\t\t\t\n\t\t>\n<div class=\"mtt-text-wrapper\">\n    <div class=\"mtt-text-container\">\n        <div class=\"mtt-text-content\">\n                        <div class=\"text-section formatted_content\">\n                <p style=\"text-align: center; color: #fff;\"><em>\"<\/em><em>Les principaux avantages de cette unit\u00e9 sont non seulement les \u00e9conomies directes sur les co\u00fbts d'exploitation, mais surtout la r\u00e9duction des \u00e9missions de CO\u2082 \u00e0 z\u00e9ro.<\/em><br \/><em>Nous recommandons vivement l'utilisation de cette unit\u00e9 car nous m\u00e9ritons tous un monde meilleur.\"<\/em><br \/><em><br \/>- <strong>Mateo Salamanca, directeur g\u00e9n\u00e9ral, TOP GSE<\/strong><\/em><\/p>\n            <\/div>\n        <\/div>\n    <\/div>\n<\/div><\/div><\/div><\/div><div id=\"panel-45618-0-0-3\" class=\"so-panel widget widget_mtt-text-image\" data-index=\"3\" ><div\n\t\t\t\n\t\t\tclass=\"so-widget-mtt-text-image so-widget-mtt-text-image-base\"\n\t\t\t\n\t\t>\n<div class=\"mtt-text-image-wrap less-top-padding less-bottom-padding\">\n        <!-- Content -->\n    <div class=\"mtt-text-image-container\">\n        <div class=\"mtt-text-image-col\">\n            <div class=\"mtt-text-image-content formatted_content\">\n                                <h2>La solution ITW GSE<\/h2>\n                <p>L'<a href=\"https:\/\/itwgse.com\/products\/power\/itw-gse-7400-egpu\/\">ITW GSE 7400 eGPU<\/a> est un convertisseur redresseur aliment\u00e9 par batterie qui fournit une \u00e9nergie fiable de 400 Hz sans utiliser de combustibles fossiles.<br \/>Il aide les a\u00e9roports et les soci\u00e9t\u00e9s de manutention \u00e0 r\u00e9duire la consommation de carburant, \u00e0 diminuer les \u00e9missions et \u00e0 simplifier la maintenance - tout en conservant les performances des GPU traditionnels.<\/p>\n<p><strong>Le r\u00e9sultat :<\/strong><\/p>\n<ul>\n<li><strong>Performance v\u00e9rifi\u00e9e :<\/strong> Test\u00e9 et approuv\u00e9 avec succ\u00e8s pendant le FAT dans les installations d'ITW GSE au Danemark.<\/li>\n<li><strong>R\u00e9duction des co\u00fbts d'exploitation :<\/strong> Le fonctionnement sur batterie permet de r\u00e9aliser des \u00e9conomies directes par rapport aux unit\u00e9s diesel.<\/li>\n<li><strong>Des op\u00e9rations au sol plus propres :<\/strong> Favorise la transition vers une r\u00e9duction des \u00e9missions de CO\u2082 dans les environnements a\u00e9roportuaires.<\/li>\n<li><strong>Fiabilit\u00e9 \u00e9prouv\u00e9e :<\/strong> Con\u00e7u pour une utilisation quotidienne dans les op\u00e9rations commerciales de manutention au sol.<\/li>\n<\/ul>\n\n                            <\/div>\n        <\/div>\n                    <div class=\"mtt-text-image-col video\">\n                <div class=\"mtt-text-image-content\">\n                                    \n                    \n                        <div class=\"mtt-text-image-video-wrap\">\n                            <div class=\"mtt-text-image-video-container\">\n                                <video preload=\"auto\" controls data-title=\"ITW GSE 7400 eGPU film_PowerPoint_subs\" onpause=\"sendEvent('Pause', this)\" onplay=\"sendEvent('Play', this)\" onended=\"sendEvent('Ended', this)\">\n                                    <source type=\"video\/mp4\" src=\"https:\/\/itwgse.com\/wp-content\/uploads\/2025\/09\/ITW-GSE-7400-eGPU-film_PowerPoint_subs.mp4#t=0.1\">\n                                <\/video>\n                            <\/div>\n                        <\/div>\n\n                    \n                <\/div>\n            <\/div>\n            <\/div>\n<\/div>\n\n<script>\nfunction sendEvent(action, element) {\n    var videoTitle = jQuery(element).data('title');  \n\n    if (dataLayer && videoTitle) {\n        dataLayer.push({\n            'event': 'video',\n            'eventCategory': 'Video',\n            'eventAction': action,\n            'eventLabel': videoTitle\n        });\n    }\n    else if (ga && videoTitle) {\n        ga('send', 'event', 'Video', action, videoTitle);\n    }  \n}\n<\/script>\n<\/div><\/div><div id=\"panel-45618-0-0-4\" class=\"so-panel widget widget_mtt-contact-form\" data-index=\"4\" ><div\n\t\t\t\n\t\t\tclass=\"so-widget-mtt-contact-form so-widget-mtt-contact-form-base\"\n\t\t\t\n\t\t>\n<div\n    class=\"mtt-cta-banner-wrapper mtt-contact-form-wrapper\"\n    >\n            <div class=\"cta-banner-background video\">\n                            \n                <video playsinline autoplay muted loop>\n                    <source src=\"\" type=\"\">\n                <\/video>\n                    <\/div>\n    \n            <div class=\"cta-banner-overlay\" style=\"background:#00b0eb;opacity:1\"><\/div>\n    \n    <div\n        class=\"mtt-contact-form-container mtt-cta-banner-container\"\n        data-layout=\"center\"\n    >\n        <div\n            class=\"cta-banner-content mtt-text-content\"\n        >\n                            <h2>Donnez de la Puissance \u00e0 votre prochain projet<\/h2>\n                        <div class=\"text-section formatted_content\">\n                <p>Sortez avec notre \u00e9quipe et d\u00e9couvrez comment les eGPU d'ITW GSE peuvent rendre vos op\u00e9rations propres, fiables et rentables.<\/p>\n            <\/div>\n        <\/div>\n        \n                    <div class=\"button-wrap\">\n                \n                                                                <button\n                            class=\"button open-modal button white button-margin\"\n                            data-id=\"8a9b6167-7f15-450f-8fcf-006b9ea0d0020\"\n                        >\n                            Prenez contact avec nous                        <\/button>\n                                                                        <\/div>\n                \n    <\/div>\n<\/div>\n<\/div><\/div><div id=\"panel-45618-0-0-5\" class=\"so-panel widget widget_mtt-product-boxes panel-last-child\" data-index=\"5\" ><div\n\t\t\t\n\t\t\tclass=\"so-widget-mtt-product-boxes so-widget-mtt-product-boxes-base\"\n\t\t\t\n\t\t>\n<div class=\"mtt-product-boxes-wrap\">\n\t<div class=\"mtt-product-boxes-container mtt-product-boxes-container--per-row-3\">\n\t\t<div class=\"mtt-product-boxes-text\">\n\t\t\t<h2>En savoir plus<\/h2>\n\t\t\t<p>Apprenez-en plus sur nos convertisseurs au sol aliment\u00e9s par batterie et sur la fa\u00e7on dont ils contribuent \u00e0 des op\u00e9rations a\u00e9riennes plus propres et plus efficaces dans le monde entier.<\/p>\n\t\t<\/div>\n\t\t<div class=\"mtt-product-boxes-grid mtt-product-boxes-grid--default mtt-product-boxes-grid--font-default\">\n\t\t\t\t\t\t\t<a href=\"https:\/\/itwgse.com\/products\/power\/itw-gse-7400-egpu\/\" class=\"mtt-product-box\">\n\t\t\t\t\t<div class=\"mtt-product-box-title\">\n\t\t\t\t\t\tITW GSE 7400 eGPU\t\t\t\t\t\t<svg class=\"icon\"><use xlink:href=\"#right-arrow\" \/><\/svg>\n\t\t\t\t\t<\/div>\n                                            <div class=\"mtt-product-box-image\">\n                            <div class=\"image\">\n                                <img src='https:\/\/itwgse.com\/wp-content\/uploads\/2018\/06\/ITW_GSE_7400_Mark_II_3d_flipped_pointing-right_okt2022-2-360x208.png' alt='7400 400 Hz May2024'>\n                            <\/div>\n                            <div class=\"shadow\"><\/div>\n                            <div class=\"badge\"><\/div>\n                        <\/div>\n                    \t\t\t\t\t\t\t\t\t\t<div class=\"mtt-product-box-arrow no-text\">\n\t\t\t\t\t\t\t\t\t\t\t\t<svg class=\"icon\"><use xlink:href=\"#right-arrow\" \/><\/svg>\n\t\t\t\t\t<\/div>\n\t\t\t\t<\/a>\n\t\t\t\t\t\t\t<a href=\"https:\/\/itwgse.com\/egpu-for-aviation\/\" class=\"mtt-product-box\">\n\t\t\t\t\t<div class=\"mtt-product-box-title\">\n\t\t\t\t\t\teGPU pour l'aviation\t\t\t\t\t\t<svg class=\"icon\"><use xlink:href=\"#right-arrow\" \/><\/svg>\n\t\t\t\t\t<\/div>\n                                            <div class=\"mtt-product-box-image\">\n                            <div class=\"image\">\n                                <img src='https:\/\/itwgse.com\/wp-content\/uploads\/2018\/06\/14743_7400-series_WITH-kVAHzVDC-2-360x281.png' alt=''>\n                            <\/div>\n                            <div class=\"shadow\"><\/div>\n                            <div class=\"badge\"><\/div>\n                        <\/div>\n                    \t\t\t\t\t\t\t\t\t\t<div class=\"mtt-product-box-arrow no-text\">\n\t\t\t\t\t\t\t\t\t\t\t\t<svg class=\"icon\"><use xlink:href=\"#right-arrow\" \/><\/svg>\n\t\t\t\t\t<\/div>\n\t\t\t\t<\/a>\n\t\t\t\t\t\t\t<a href=\"https:\/\/itwgse.com\/products\/power\/itw-gse-7400-jetex-28-vdc-egpu\/\" class=\"mtt-product-box\">\n\t\t\t\t\t<div class=\"mtt-product-box-title\">\n\t\t\t\t\t\tITW GSE 7400 JetEx 28 VDC eGPU\t\t\t\t\t\t<svg class=\"icon\"><use xlink:href=\"#right-arrow\" \/><\/svg>\n\t\t\t\t\t<\/div>\n                                            <div class=\"mtt-product-box-image\">\n                            <div class=\"image\">\n                                <img src='https:\/\/itwgse.com\/wp-content\/uploads\/2019\/10\/7400_jetex_beacons-small-360x203.png' alt='itw gse, itwgse, itwgse 7400, itwgse 7400 jetex, battery driven gpu, aircraft gpu, airline gpu, hangar gpu, Ground Power Units'>\n                            <\/div>\n                            <div class=\"shadow\"><\/div>\n                            <div class=\"badge\"><\/div>\n                        <\/div>\n                    \t\t\t\t\t\t\t\t\t\t<div class=\"mtt-product-box-arrow no-text\">\n\t\t\t\t\t\t\t\t\t\t\t\t<svg class=\"icon\"><use xlink:href=\"#right-arrow\" \/><\/svg>\n\t\t\t\t\t<\/div>\n\t\t\t\t<\/a>\n\t\t\t\t\t<\/div>\n\t\t\t<\/div>\n<\/div>\n<\/div><\/div><\/div><\/div><\/div>","protected":false},"excerpt":{"rendered":"<p>TOP GSE recommande la 7400 eGPU pendant la FAT Lors d&rsquo;un test de r\u00e9ception en usine dans nos locaux, TOP GSE a test\u00e9 et&#8230;<\/p>\n","protected":false},"author":1,"featured_media":0,"parent":45511,"menu_order":31,"comment_status":"closed","ping_status":"closed","template":"","meta":{"_acf_changed":false,"_relevanssi_hide_post":"","_relevanssi_hide_content":"","_relevanssi_pin_for_all":"","_relevanssi_pin_keywords":"","_relevanssi_unpin_keywords":"","_relevanssi_related_keywords":"","_relevanssi_related_include_ids":"","_relevanssi_related_exclude_ids":"","_relevanssi_related_no_append":"","_relevanssi_related_not_related":"","_relevanssi_related_posts":"","_relevanssi_noindex_reason":"","footnotes":""},"class_list":["post-45618","page","type-page","status-publish","hentry"],"acf":[],"yoast_head":"<!-- This site is optimized with the Yoast SEO plugin v27.0 - https:\/\/yoast.com\/product\/yoast-seo-wordpress\/ -->\n<title>TOP GSE recommande l&#039;ITW GSE 7400 eGPU pendant le FAT<\/title>\n<meta name=\"description\" content=\"D\u00e9couvrez comment TOP GSE a test\u00e9 et approuv\u00e9 l&#039;ITW GSE 7400 eGPU pendant le FAT au Danemark, ouvrant la voie \u00e0 des op\u00e9rations au sol plus propres et plus efficaces en Espagne.\" \/>\n<meta name=\"robots\" content=\"index, follow, max-snippet:-1, max-image-preview:large, max-video-preview:-1\" \/>\n<link rel=\"canonical\" href=\"https:\/\/itwgse.com\/fr\/egpu-pour-laviation\/top-gse-recommande-litw-gse-7400-egpu-pendant-le-fat\/\" \/>\n<meta property=\"og:locale\" content=\"fr_FR\" \/>\n<meta property=\"og:type\" content=\"article\" \/>\n<meta property=\"og:title\" content=\"TOP GSE recommande l&#039;ITW GSE 7400 eGPU pendant le FAT\" \/>\n<meta property=\"og:description\" content=\"D\u00e9couvrez comment TOP GSE a test\u00e9 et approuv\u00e9 l&#039;ITW GSE 7400 eGPU pendant le FAT au Danemark, ouvrant la voie \u00e0 des op\u00e9rations au sol plus propres et plus efficaces en Espagne.\" \/>\n<meta property=\"og:url\" content=\"https:\/\/itwgse.com\/fr\/egpu-pour-laviation\/top-gse-recommande-litw-gse-7400-egpu-pendant-le-fat\/\" \/>\n<meta property=\"og:site_name\" content=\"ITW GSE\" \/>\n<meta property=\"article:publisher\" content=\"https:\/\/www.facebook.com\/ITWGSE\/\" \/>\n<meta name=\"twitter:card\" content=\"summary_large_image\" \/>\n<script type=\"application\/ld+json\" class=\"yoast-schema-graph\">{\"@context\":\"https:\/\/schema.org\",\"@graph\":[{\"@type\":\"WebPage\",\"@id\":\"https:\/\/itwgse.com\/fr\/egpu-pour-laviation\/top-gse-recommande-litw-gse-7400-egpu-pendant-le-fat\/\",\"url\":\"https:\/\/itwgse.com\/fr\/egpu-pour-laviation\/top-gse-recommande-litw-gse-7400-egpu-pendant-le-fat\/\",\"name\":\"TOP GSE recommande l'ITW GSE 7400 eGPU pendant le FAT\",\"isPartOf\":{\"@id\":\"https:\/\/itwgse.com\/#website\"},\"datePublished\":\"2026-04-13T14:42:48+00:00\",\"description\":\"D\u00e9couvrez comment TOP GSE a test\u00e9 et approuv\u00e9 l'ITW GSE 7400 eGPU pendant le FAT au Danemark, ouvrant la voie \u00e0 des op\u00e9rations au sol plus propres et plus efficaces en Espagne.\",\"breadcrumb\":{\"@id\":\"https:\/\/itwgse.com\/fr\/egpu-pour-laviation\/top-gse-recommande-litw-gse-7400-egpu-pendant-le-fat\/#breadcrumb\"},\"inLanguage\":\"fr-FR\",\"potentialAction\":[{\"@type\":\"ReadAction\",\"target\":[\"https:\/\/itwgse.com\/fr\/egpu-pour-laviation\/top-gse-recommande-litw-gse-7400-egpu-pendant-le-fat\/\"]}]},{\"@type\":\"BreadcrumbList\",\"@id\":\"https:\/\/itwgse.com\/fr\/egpu-pour-laviation\/top-gse-recommande-litw-gse-7400-egpu-pendant-le-fat\/#breadcrumb\",\"itemListElement\":[{\"@type\":\"ListItem\",\"position\":1,\"name\":\"Home\",\"item\":\"https:\/\/itwgse.com\/fr\/\"},{\"@type\":\"ListItem\",\"position\":2,\"name\":\"eGPU pour l&#8217;aviation\",\"item\":\"https:\/\/itwgse.com\/fr\/egpu-pour-laviation\/\"},{\"@type\":\"ListItem\",\"position\":3,\"name\":\"TOP GSE recommande l&#8217;ITW GSE 7400 eGPU pendant le FAT\"}]},{\"@type\":\"WebSite\",\"@id\":\"https:\/\/itwgse.com\/#website\",\"url\":\"https:\/\/itwgse.com\/\",\"name\":\"ITW GSE\",\"description\":\"It&#039;s all about connections\",\"publisher\":{\"@id\":\"https:\/\/itwgse.com\/#organization\"},\"potentialAction\":[{\"@type\":\"SearchAction\",\"target\":{\"@type\":\"EntryPoint\",\"urlTemplate\":\"https:\/\/itwgse.com\/?s={search_term_string}\"},\"query-input\":{\"@type\":\"PropertyValueSpecification\",\"valueRequired\":true,\"valueName\":\"search_term_string\"}}],\"inLanguage\":\"fr-FR\"},{\"@type\":\"Organization\",\"@id\":\"https:\/\/itwgse.com\/#organization\",\"name\":\"ITW GSE\",\"url\":\"https:\/\/itwgse.com\/\",\"logo\":{\"@type\":\"ImageObject\",\"inLanguage\":\"fr-FR\",\"@id\":\"https:\/\/itwgse.com\/#\/schema\/logo\/image\/\",\"url\":\"https:\/\/itwgse.com\/wp-content\/uploads\/2018\/11\/logo.png\",\"contentUrl\":\"https:\/\/itwgse.com\/wp-content\/uploads\/2018\/11\/logo.png\",\"width\":302,\"height\":237,\"caption\":\"ITW GSE\"},\"image\":{\"@id\":\"https:\/\/itwgse.com\/#\/schema\/logo\/image\/\"},\"sameAs\":[\"https:\/\/www.facebook.com\/ITWGSE\/\",\"https:\/\/www.linkedin.com\/company\/itw-gse\/\",\"https:\/\/www.youtube.com\/channel\/UCTUIMvyaOPfYIqzP8enZ8yw\"]}]}<\/script>\n<!-- \/ Yoast SEO plugin. -->","yoast_head_json":{"title":"TOP GSE recommande l'ITW GSE 7400 eGPU pendant le FAT","description":"D\u00e9couvrez comment TOP GSE a test\u00e9 et approuv\u00e9 l'ITW GSE 7400 eGPU pendant le FAT au Danemark, ouvrant la voie \u00e0 des op\u00e9rations au sol plus propres et plus efficaces en Espagne.","robots":{"index":"index","follow":"follow","max-snippet":"max-snippet:-1","max-image-preview":"max-image-preview:large","max-video-preview":"max-video-preview:-1"},"canonical":"https:\/\/itwgse.com\/fr\/egpu-pour-laviation\/top-gse-recommande-litw-gse-7400-egpu-pendant-le-fat\/","og_locale":"fr_FR","og_type":"article","og_title":"TOP GSE recommande l'ITW GSE 7400 eGPU pendant le FAT","og_description":"D\u00e9couvrez comment TOP GSE a test\u00e9 et approuv\u00e9 l'ITW GSE 7400 eGPU pendant le FAT au Danemark, ouvrant la voie \u00e0 des op\u00e9rations au sol plus propres et plus efficaces en Espagne.","og_url":"https:\/\/itwgse.com\/fr\/egpu-pour-laviation\/top-gse-recommande-litw-gse-7400-egpu-pendant-le-fat\/","og_site_name":"ITW GSE","article_publisher":"https:\/\/www.facebook.com\/ITWGSE\/","twitter_card":"summary_large_image","schema":{"@context":"https:\/\/schema.org","@graph":[{"@type":"WebPage","@id":"https:\/\/itwgse.com\/fr\/egpu-pour-laviation\/top-gse-recommande-litw-gse-7400-egpu-pendant-le-fat\/","url":"https:\/\/itwgse.com\/fr\/egpu-pour-laviation\/top-gse-recommande-litw-gse-7400-egpu-pendant-le-fat\/","name":"TOP GSE recommande l'ITW GSE 7400 eGPU pendant le FAT","isPartOf":{"@id":"https:\/\/itwgse.com\/#website"},"datePublished":"2026-04-13T14:42:48+00:00","description":"D\u00e9couvrez comment TOP GSE a test\u00e9 et approuv\u00e9 l'ITW GSE 7400 eGPU pendant le FAT au Danemark, ouvrant la voie \u00e0 des op\u00e9rations au sol plus propres et plus efficaces en Espagne.","breadcrumb":{"@id":"https:\/\/itwgse.com\/fr\/egpu-pour-laviation\/top-gse-recommande-litw-gse-7400-egpu-pendant-le-fat\/#breadcrumb"},"inLanguage":"fr-FR","potentialAction":[{"@type":"ReadAction","target":["https:\/\/itwgse.com\/fr\/egpu-pour-laviation\/top-gse-recommande-litw-gse-7400-egpu-pendant-le-fat\/"]}]},{"@type":"BreadcrumbList","@id":"https:\/\/itwgse.com\/fr\/egpu-pour-laviation\/top-gse-recommande-litw-gse-7400-egpu-pendant-le-fat\/#breadcrumb","itemListElement":[{"@type":"ListItem","position":1,"name":"Home","item":"https:\/\/itwgse.com\/fr\/"},{"@type":"ListItem","position":2,"name":"eGPU pour l&#8217;aviation","item":"https:\/\/itwgse.com\/fr\/egpu-pour-laviation\/"},{"@type":"ListItem","position":3,"name":"TOP GSE recommande l&#8217;ITW GSE 7400 eGPU pendant le FAT"}]},{"@type":"WebSite","@id":"https:\/\/itwgse.com\/#website","url":"https:\/\/itwgse.com\/","name":"ITW GSE","description":"It&#039;s all about connections","publisher":{"@id":"https:\/\/itwgse.com\/#organization"},"potentialAction":[{"@type":"SearchAction","target":{"@type":"EntryPoint","urlTemplate":"https:\/\/itwgse.com\/?s={search_term_string}"},"query-input":{"@type":"PropertyValueSpecification","valueRequired":true,"valueName":"search_term_string"}}],"inLanguage":"fr-FR"},{"@type":"Organization","@id":"https:\/\/itwgse.com\/#organization","name":"ITW GSE","url":"https:\/\/itwgse.com\/","logo":{"@type":"ImageObject","inLanguage":"fr-FR","@id":"https:\/\/itwgse.com\/#\/schema\/logo\/image\/","url":"https:\/\/itwgse.com\/wp-content\/uploads\/2018\/11\/logo.png","contentUrl":"https:\/\/itwgse.com\/wp-content\/uploads\/2018\/11\/logo.png","width":302,"height":237,"caption":"ITW GSE"},"image":{"@id":"https:\/\/itwgse.com\/#\/schema\/logo\/image\/"},"sameAs":["https:\/\/www.facebook.com\/ITWGSE\/","https:\/\/www.linkedin.com\/company\/itw-gse\/","https:\/\/www.youtube.com\/channel\/UCTUIMvyaOPfYIqzP8enZ8yw"]}]}},"_links":{"self":[{"href":"https:\/\/itwgse.com\/fr\/wp-json\/wp\/v2\/pages\/45618","targetHints":{"allow":["GET"]}}],"collection":[{"href":"https:\/\/itwgse.com\/fr\/wp-json\/wp\/v2\/pages"}],"about":[{"href":"https:\/\/itwgse.com\/fr\/wp-json\/wp\/v2\/types\/page"}],"author":[{"embeddable":true,"href":"https:\/\/itwgse.com\/fr\/wp-json\/wp\/v2\/users\/1"}],"replies":[{"embeddable":true,"href":"https:\/\/itwgse.com\/fr\/wp-json\/wp\/v2\/comments?post=45618"}],"version-history":[{"count":0,"href":"https:\/\/itwgse.com\/fr\/wp-json\/wp\/v2\/pages\/45618\/revisions"}],"up":[{"embeddable":true,"href":"https:\/\/itwgse.com\/fr\/wp-json\/wp\/v2\/pages\/45511"}],"wp:attachment":[{"href":"https:\/\/itwgse.com\/fr\/wp-json\/wp\/v2\/media?parent=45618"}],"curies":[{"name":"wp","href":"https:\/\/api.w.org\/{rel}","templated":true}]}}