{"id":45184,"date":"2018-03-19T20:37:55","date_gmt":"2018-03-19T19:37:55","guid":{"rendered":"https:\/\/itwgse.com\/products\/non class\u00e9\/tuyau-darrosage\/"},"modified":"2026-03-09T13:38:41","modified_gmt":"2026-03-09T12:38:41","slug":"tuyau-darrosage","status":"publish","type":"product","link":"https:\/\/itwgse.com\/fr\/products\/schlaeuche\/tuyau-darrosage\/","title":{"rendered":"Tuyau d&rsquo;arrosage"},"content":{"rendered":"<div id=\"pl-45184\"  class=\"panel-layout\" ><div id=\"pg-45184-0\"  class=\"panel-grid panel-no-style\" ><div id=\"pgc-45184-0-0\"  class=\"panel-grid-cell\" ><div id=\"panel-45184-0-0-0\" class=\"so-panel widget widget_mtt-cover-section panel-first-child panel-last-child\" data-index=\"0\" ><div\n\t\t\t\n\t\t\tclass=\"so-widget-mtt-cover-section so-widget-mtt-cover-section-base\"\n\t\t\t\n\t\t>\n<div class=\"mtt-cover-section-wrap product\">\n    <div class=\"mtt-cover-product-container\">\n        <div class=\"mtt-cover-section-text-wrap\">\n            <img decoding=\"async\" width=\"5447\" height=\"2378\" src=\"https:\/\/itwgse.com\/wp-content\/uploads\/2018\/03\/BLCK8955.png\" class=\"cover-product\" alt=\"Super Hose\" srcset=\"https:\/\/itwgse.com\/wp-content\/uploads\/2018\/03\/BLCK8955.png 5447w, https:\/\/itwgse.com\/wp-content\/uploads\/2018\/03\/BLCK8955-300x131.png 300w, https:\/\/itwgse.com\/wp-content\/uploads\/2018\/03\/BLCK8955-1024x447.png 1024w, https:\/\/itwgse.com\/wp-content\/uploads\/2018\/03\/BLCK8955-900x393.png 900w, https:\/\/itwgse.com\/wp-content\/uploads\/2018\/03\/BLCK8955-750x327.png 750w, https:\/\/itwgse.com\/wp-content\/uploads\/2018\/03\/BLCK8955-1200x524.png 1200w, https:\/\/itwgse.com\/wp-content\/uploads\/2018\/03\/BLCK8955-768x335.png 768w, https:\/\/itwgse.com\/wp-content\/uploads\/2018\/03\/BLCK8955-600x262.png 600w\" sizes=\"(max-width: 5447px) 100vw, 5447px\" \/>            <div class=\"mtt-cover-section-text\">\n                                <span class=\"tagline\"><\/span>\n                <h1>Tuyau d&rsquo;arrosage<\/h1>\n                <div class=\"text\"><p>Le tuyau brevet\u00e9 SuperHose d'ITW GSE<sup> <\/sup>  est le tuyau PC Air le plus l\u00e9ger et le plus solide disponible aujourd'hui. Le SuperHose est 50-65% plus l\u00e9ger que le tuyau conventionnel enduit de PVC et est 5 fois plus r\u00e9sistant \u00e0 l'abrasion. <\/p>\n<\/div>\n                <input type=\"hidden\" name=\"product\" value=\"45184\">\n\n                    <div class=\"button-wrap\">\n                        <a class=\"button mtt-support-box modal\" data-flow=\"request-quotation\" data-template=\"request-form\"\n                           data-product_id=\"45184\" data-previous_no_pagination=\"true\">Request Product<\/a>\n\n                                                                                    <a\n                                    href=\"\"\n                                    class=\"button  open-brochure-modal\"\n                                >\n                                    Brochure                                <\/a>\n                                                                        <\/div>\n\n            <\/div>\n        <\/div>\n    <\/div>\n    <div class=\"mtt-cover-product-background no-background\" >\n                <div class=\"mtt-cover-product-background-image\">\n                        <img decoding=\"async\"  src=\"https:\/\/itwgse.com\/wp-content\/themes\/mtt-standard-theme\/assets\/img\/cover\/itwgse_cut_wide.svg\" class=\"itwgse-cut\">        <\/div>\n\n        <div class=\"mtt-cover-product small\">\n            <img decoding=\"async\" width=\"1200\" height=\"740\" src=\"https:\/\/itwgse.com\/wp-content\/uploads\/2018\/03\/super-hose-1200x740.png\" class=\"attachment-1200x740x size-1200x740x\" alt=\"Aircraft hoses\" srcset=\"https:\/\/itwgse.com\/wp-content\/uploads\/2018\/03\/super-hose.png 1200w, https:\/\/itwgse.com\/wp-content\/uploads\/2018\/03\/super-hose-300x185.png 300w, https:\/\/itwgse.com\/wp-content\/uploads\/2018\/03\/super-hose-1024x631.png 1024w\" sizes=\"(max-width: 1200px) 100vw, 1200px\" \/>        <\/div>\n    <\/div>\n<\/div><\/div><\/div><\/div><\/div><div id=\"pg-45184-1\"  class=\"panel-grid panel-no-style\" ><div id=\"pgc-45184-1-0\"  class=\"panel-grid-cell\" ><div id=\"panel-45184-1-0-0\" class=\"so-panel widget widget_mtt-two-col-text panel-first-child panel-last-child\" data-index=\"1\" ><div\n\t\t\t\n\t\t\tclass=\"so-widget-mtt-two-col-text so-widget-mtt-two-col-text-base\"\n\t\t\t\n\t\t>\n<div class=\"mtt-two-col-wrapper\">\n    <div class=\"mtt-two-col-container\">\n        <div class=\"mtt-two-col-content\">\n                        <div class=\"text-section\">\n                <div class=\"col formatted_content\"><h2>Caract\u00e9ristiques<\/h2>\n<p>Son poids r\u00e9duit en fait le tuyau PC Air le plus s\u00fbr pour une utilisation sur la rampe. Un tuyau SuperHose de 60 pieds  <sup> <\/sup>ne p\u00e8se que 35 livres. En comparaison, un tuyau classique peut peser jusqu'\u00e0 100 livres. <\/p>\n<ul>\n<li>Poids plus l\u00e9ger - le tuyau de 60 pieds p\u00e8se 35 livres contre 90-100 livres pour un tuyau conventionnel.  <\/li>\n<li>Doublure int\u00e9rieure anti-goutte en nylon tiss\u00e9<\/li>\n<li>Isolation en aluminium d'un c\u00f4t\u00e9 et en poly\u00e9thyl\u00e8ne de l'autre - m\u00eame construction que les couvertures spatiales utilis\u00e9es par la NASA.<\/li>\n<\/ul>\n<\/div>\n                <div class=\"col formatted_content\"><h2>Pi\u00e8ces d\u00e9tach\u00e9es<\/h2>\n<ul>\n<li><strong>SH1483-01 :<\/strong> Adaptateur conique de 14\u2033 \u00e0 8\u2033.<\/li>\n<li><strong>SH1483-03SS :<\/strong> Section de d\u00e9marrage<\/li>\n<li><strong>SH1483-10 :<\/strong> 14\u2033 x 10\u2032 Velcro Flat Duct<\/li>\n<li><strong>SH1483-20 :<\/strong> 14\u2033 x 20\u2032 Velcro Flat Duct<\/li>\n<li><strong>SH1483-25 :<\/strong> 14\u2033 x 25\u2032 Velcro Flat Duct<\/li>\n<li><strong>SH1483-90DEG : <\/strong>Adaptateur coud\u00e9 90DEG<\/li>\n<\/ul>\n                                    <\/div>\n            <\/div>\n                    <\/div>\n    <\/div>\n<\/div><\/div><\/div><\/div><\/div><div id=\"pg-45184-2\"  class=\"panel-grid panel-no-style\" ><div id=\"pgc-45184-2-0\"  class=\"panel-grid-cell\" ><div id=\"panel-45184-2-0-0\" class=\"so-panel widget widget_mtt-product-files panel-first-child\" data-index=\"2\" ><div\n\t\t\t\n\t\t\tclass=\"so-widget-mtt-product-files so-widget-mtt-product-files-base\"\n\t\t\t\n\t\t>    <div class=\"product-files-wrapper no-top-padding\">\n        <div class=\"page_container\">\n            <h2>Downloads for Tuyau d&rsquo;arrosage<\/h2>\n            <div class=\"button-wrap\">\n                                                            <a\n                            class=\"button open-modal\"\n                            href=\"#\"\n                            data-id=\"4f21a553-8db7-494b-b01f-f8b451de39a2\"\n                        >\n                            Brochures                        <\/a>\n                                                                        <\/div>\n        <\/div>\n    <\/div>\n    <\/div><\/div><div id=\"panel-45184-2-0-1\" class=\"so-panel widget widget_mtt-two-col-text panel-last-child\" data-index=\"3\" ><div\n\t\t\t\n\t\t\tclass=\"so-widget-mtt-two-col-text so-widget-mtt-two-col-text-base\"\n\t\t\t\n\t\t>\n<div class=\"mtt-two-col-wrapper no-top-padding\">\n    <div class=\"mtt-two-col-container\">\n        <div class=\"mtt-two-col-content\">\n                        <div class=\"text-section\">\n                <div class=\"col formatted_content\"><p><img decoding=\"async\" class=\"alignnone size-full wp-image-4590\" src=\"https:\/\/itwgse.com\/wp-content\/uploads\/2018\/03\/ProductNumber-SH1483-01-BLCK8944.png\" alt=\"\" width=\"1000\" height=\"837\" srcset=\"https:\/\/itwgse.com\/wp-content\/uploads\/2018\/03\/ProductNumber-SH1483-01-BLCK8944.png 1000w, https:\/\/itwgse.com\/wp-content\/uploads\/2018\/03\/ProductNumber-SH1483-01-BLCK8944-300x251.png 300w\" sizes=\"(max-width: 1000px) 100vw, 1000px\" \/><\/p>\n<\/div>\n                <div class=\"col formatted_content\"><p><img decoding=\"async\" class=\"alignnone size-full wp-image-4589\" src=\"https:\/\/itwgse.com\/wp-content\/uploads\/2018\/03\/ProductNumber-SH1483-90DEG-BLCK8946.png\" alt=\"\" width=\"1000\" height=\"644\" srcset=\"https:\/\/itwgse.com\/wp-content\/uploads\/2018\/03\/ProductNumber-SH1483-90DEG-BLCK8946.png 1000w, https:\/\/itwgse.com\/wp-content\/uploads\/2018\/03\/ProductNumber-SH1483-90DEG-BLCK8946-300x193.png 300w\" sizes=\"(max-width: 1000px) 100vw, 1000px\" \/><\/p>\n                                    <\/div>\n            <\/div>\n                    <\/div>\n    <\/div>\n<\/div><\/div><\/div><\/div><\/div><div id=\"pg-45184-3\"  class=\"panel-grid panel-no-style\" ><div id=\"pgc-45184-3-0\"  class=\"panel-grid-cell\" ><div id=\"panel-45184-3-0-0\" class=\"so-panel widget widget_mtt-one-col-text panel-first-child\" data-index=\"4\" ><div\n\t\t\t\n\t\t\tclass=\"so-widget-mtt-one-col-text so-widget-mtt-one-col-text-base\"\n\t\t\t\n\t\t>\n<div class=\"mtt-two-col-wrapper no-top-padding\">\n    <div class=\"mtt-two-col-container\">\n        <div class=\"mtt-two-col-content formatted_content has-title-one\">\n\t\t\t                <h2>Anciennement connu sous le nom de J&B Aviation SuperHose<\/h2>\n                        <div class=\"text-section one-col\">\n                <p>Jusqu'en 2018, le SuperHose<sup> <\/sup>brevet\u00e9 par ITW GSE \u00e9tait vendu sous la marque J&B Aviation SuperHose.<\/p>\n<p>En savoir plus sur l <a href=\"https:\/\/itwgse.com\/itw-gse-history\/\" target=\"_blank\" rel=\"noopener\">'histoire de notre marque.<\/a><\/p>\n<p>\u00a0<\/p>\n<p>Vous pouvez voir <a href=\"https:\/\/itwgse.com\/aircraft-hoses\/\">ici tous les tuyaux ITW GSE<\/a> actuels.<\/p>\n            <\/div>\n\n            \n                        <\/div>\n    <\/div>\n<\/div>\n<\/div><\/div><div id=\"panel-45184-3-0-1\" class=\"so-panel widget widget_mtt-customer-support panel-last-child\" data-index=\"5\" ><div\n\t\t\t\n\t\t\tclass=\"so-widget-mtt-customer-support so-widget-mtt-customer-support-base\"\n\t\t\t\n\t\t>\n<div class=\"mtt-text-image-wrap less-top-padding less-bottom-padding grey-bg\">\n        <!-- Content -->\n    <div class=\"mtt-text-image-container\">\n        <div class=\"mtt-text-image-col\">\n            <div class=\"mtt-text-image-content formatted_content\">\n                                <h2>Assistance client\u00e8le<\/h2>\n                <p><strong>Comment pouvons-nous vous aider\u00a0?<\/strong><\/p>\n<p>Besoin de sch\u00e9mas, de listes de pi\u00e8ces d\u00e9tach\u00e9es ou de tutoriels vid\u00e9o\u00a0? Cliquez sur le bouton \u00ab\u00a0Assistance produit\u00a0\u00bb.<\/p>\n<p>Des questions pour l\u2019assistance client\u00e8le\u00a0? Cliquez sur le bouton \u00ab\u00a0Contacter l\u2019assistance client\u00e8le\u00a0\u00bb.<\/p>\n<p>Si votre question concerne un produit sp\u00e9cifique, veuillez indiquer son num\u00e9ro de s\u00e9rie.<\/p>\n\n                                    <div class=\"button-wrap\">\n                                                    <a href=\"https:\/\/itwgse.com\/fr\/soutien-et-service\/\" class=\"button\">\n                                Assistance produit                            <\/a>\n                                                    <a href=\"https:\/\/itwgse.com\/fr\/contact\/\" class=\"button\">\n                                Contacter l\u2019assistance client\u00e8le                            <\/a>\n                                            <\/div>\n                            <\/div>\n        <\/div>\n                    <div class=\"mtt-text-image-col img center\">\n                <div class=\"mtt-text-image-content\">\n                    <img decoding=\"async\" width=\"1800\" height=\"1023\" src=\"https:\/\/itwgse.com\/wp-content\/uploads\/2018\/06\/ITWGSE_hero_cleanest-1.jpg\" class=\"attachment-full size-full\" alt=\"\" srcset=\"https:\/\/itwgse.com\/wp-content\/uploads\/2018\/06\/ITWGSE_hero_cleanest-1.jpg 1800w, https:\/\/itwgse.com\/wp-content\/uploads\/2018\/06\/ITWGSE_hero_cleanest-1-300x171.jpg 300w, https:\/\/itwgse.com\/wp-content\/uploads\/2018\/06\/ITWGSE_hero_cleanest-1-1024x582.jpg 1024w\" sizes=\"(max-width: 1800px) 100vw, 1800px\" \/>                \n                    \n                    \n                <\/div>\n            <\/div>\n            <\/div>\n<\/div>\n\n<script>\nfunction sendEvent(action, element) {\n    var videoTitle = jQuery(element).data('title');  \n\n    if (dataLayer && videoTitle) {\n        dataLayer.push({\n            'event': 'video',\n            'eventCategory': 'Video',\n            'eventAction': action,\n            'eventLabel': videoTitle\n        });\n    }\n    else if (ga && videoTitle) {\n        ga('send', 'event', 'Video', action, videoTitle);\n    }  \n}\n<\/script>\n<\/div><\/div><\/div><\/div><\/div>","protected":false},"excerpt":{"rendered":"<p>Le tuyau brevet\u00e9 SuperHose d&rsquo;ITW GSE est le tuyau PC Air le plus l\u00e9ger et le plus r\u00e9sistant disponible aujourd&rsquo;hui.<\/p>\n","protected":false},"featured_media":4404,"comment_status":"open","ping_status":"closed","template":"","meta":{"_acf_changed":false,"_relevanssi_hide_post":"","_relevanssi_hide_content":"","_relevanssi_pin_for_all":"","_relevanssi_pin_keywords":"","_relevanssi_unpin_keywords":"","_relevanssi_related_keywords":"","_relevanssi_related_include_ids":"","_relevanssi_related_exclude_ids":"","_relevanssi_related_no_append":"","_relevanssi_related_not_related":"","_relevanssi_related_posts":"","_relevanssi_noindex_reason":""},"product_brand":[],"product_cat":[4554,4583,4542],"product_tag":[],"class_list":{"0":"post-45184","1":"product","2":"type-product","3":"status-publish","4":"has-post-thumbnail","6":"product_cat-brochure-catalogue","7":"product_cat-cables-et-tuyaux","8":"product_cat-schlaeuche","10":"first","11":"instock","12":"shipping-taxable","13":"purchasable","14":"product-type-simple"},"acf":[],"yoast_head":"<!-- This site is optimized with the Yoast SEO plugin v27.0 - https:\/\/yoast.com\/product\/yoast-seo-wordpress\/ -->\n<title>SuperHose - Tuyau d&#039;air PC le plus l\u00e9ger et le plus r\u00e9sistant | ITW GSE<\/title>\n<meta name=\"description\" content=\"ITW GSE SuperHose est 50-65% plus l\u00e9ger que le tuyau conventionnel enduit de PVC et est 5 fois plus r\u00e9sistant \u00e0 l&#039;abrasion. C&#039;est le tuyau d&#039;air PC le plus solide.\" \/>\n<meta name=\"robots\" content=\"index, follow, max-snippet:-1, max-image-preview:large, max-video-preview:-1\" \/>\n<link rel=\"canonical\" href=\"https:\/\/itwgse.com\/fr\/products\/hoses\/tuyau-darrosage\/\" \/>\n<meta property=\"og:locale\" content=\"fr_FR\" \/>\n<meta property=\"og:type\" content=\"article\" \/>\n<meta property=\"og:title\" content=\"SuperHose - Tuyau d&#039;air PC le plus l\u00e9ger et le plus r\u00e9sistant | ITW GSE\" \/>\n<meta property=\"og:description\" content=\"ITW GSE SuperHose est 50-65% plus l\u00e9ger que le tuyau conventionnel enduit de PVC et est 5 fois plus r\u00e9sistant \u00e0 l&#039;abrasion. C&#039;est le tuyau d&#039;air PC le plus solide.\" \/>\n<meta property=\"og:url\" content=\"https:\/\/itwgse.com\/fr\/products\/hoses\/tuyau-darrosage\/\" \/>\n<meta property=\"og:site_name\" content=\"ITW GSE\" \/>\n<meta property=\"article:publisher\" content=\"https:\/\/www.facebook.com\/ITWGSE\/\" \/>\n<meta property=\"article:modified_time\" content=\"2026-03-09T12:38:41+00:00\" \/>\n<meta property=\"og:image\" content=\"https:\/\/itwgse.com\/wp-content\/uploads\/2018\/03\/BLCK8955-1024x447.png\" \/>\n\t<meta property=\"og:image:width\" content=\"1024\" \/>\n\t<meta property=\"og:image:height\" content=\"447\" \/>\n\t<meta property=\"og:image:type\" content=\"image\/png\" \/>\n<meta name=\"twitter:card\" content=\"summary_large_image\" \/>\n<script type=\"application\/ld+json\" class=\"yoast-schema-graph\">{\"@context\":\"https:\/\/schema.org\",\"@graph\":[{\"@type\":\"WebPage\",\"@id\":\"https:\/\/itwgse.com\/fr\/products\/hoses\/tuyau-darrosage\/\",\"url\":\"https:\/\/itwgse.com\/fr\/products\/hoses\/tuyau-darrosage\/\",\"name\":\"SuperHose - Tuyau d'air PC le plus l\u00e9ger et le plus r\u00e9sistant | ITW GSE\",\"isPartOf\":{\"@id\":\"https:\/\/itwgse.com\/#website\"},\"primaryImageOfPage\":{\"@id\":\"https:\/\/itwgse.com\/fr\/products\/hoses\/tuyau-darrosage\/#primaryimage\"},\"image\":{\"@id\":\"https:\/\/itwgse.com\/fr\/products\/hoses\/tuyau-darrosage\/#primaryimage\"},\"thumbnailUrl\":\"https:\/\/itwgse.com\/wp-content\/uploads\/2018\/03\/BLCK8955.png\",\"datePublished\":\"2018-03-19T19:37:55+00:00\",\"dateModified\":\"2026-03-09T12:38:41+00:00\",\"description\":\"ITW GSE SuperHose est 50-65% plus l\u00e9ger que le tuyau conventionnel enduit de PVC et est 5 fois plus r\u00e9sistant \u00e0 l'abrasion. C'est le tuyau d'air PC le plus solide.\",\"breadcrumb\":{\"@id\":\"https:\/\/itwgse.com\/fr\/products\/hoses\/tuyau-darrosage\/#breadcrumb\"},\"inLanguage\":\"fr-FR\",\"potentialAction\":[{\"@type\":\"ReadAction\",\"target\":[\"https:\/\/itwgse.com\/fr\/products\/hoses\/tuyau-darrosage\/\"]}]},{\"@type\":\"ImageObject\",\"inLanguage\":\"fr-FR\",\"@id\":\"https:\/\/itwgse.com\/fr\/products\/hoses\/tuyau-darrosage\/#primaryimage\",\"url\":\"https:\/\/itwgse.com\/wp-content\/uploads\/2018\/03\/BLCK8955.png\",\"contentUrl\":\"https:\/\/itwgse.com\/wp-content\/uploads\/2018\/03\/BLCK8955.png\",\"width\":5447,\"height\":2378,\"caption\":\"Super Hose\"},{\"@type\":\"BreadcrumbList\",\"@id\":\"https:\/\/itwgse.com\/fr\/products\/hoses\/tuyau-darrosage\/#breadcrumb\",\"itemListElement\":[{\"@type\":\"ListItem\",\"position\":1,\"name\":\"Home\",\"item\":\"https:\/\/itwgse.com\/fr\/\"},{\"@type\":\"ListItem\",\"position\":2,\"name\":\"Tuyau d&#8217;arrosage\"}]},{\"@type\":\"WebSite\",\"@id\":\"https:\/\/itwgse.com\/#website\",\"url\":\"https:\/\/itwgse.com\/\",\"name\":\"ITW GSE\",\"description\":\"It&#039;s all about connections\",\"publisher\":{\"@id\":\"https:\/\/itwgse.com\/#organization\"},\"potentialAction\":[{\"@type\":\"SearchAction\",\"target\":{\"@type\":\"EntryPoint\",\"urlTemplate\":\"https:\/\/itwgse.com\/?s={search_term_string}\"},\"query-input\":{\"@type\":\"PropertyValueSpecification\",\"valueRequired\":true,\"valueName\":\"search_term_string\"}}],\"inLanguage\":\"fr-FR\"},{\"@type\":\"Organization\",\"@id\":\"https:\/\/itwgse.com\/#organization\",\"name\":\"ITW GSE\",\"url\":\"https:\/\/itwgse.com\/\",\"logo\":{\"@type\":\"ImageObject\",\"inLanguage\":\"fr-FR\",\"@id\":\"https:\/\/itwgse.com\/#\/schema\/logo\/image\/\",\"url\":\"https:\/\/itwgse.com\/wp-content\/uploads\/2018\/11\/logo.png\",\"contentUrl\":\"https:\/\/itwgse.com\/wp-content\/uploads\/2018\/11\/logo.png\",\"width\":302,\"height\":237,\"caption\":\"ITW GSE\"},\"image\":{\"@id\":\"https:\/\/itwgse.com\/#\/schema\/logo\/image\/\"},\"sameAs\":[\"https:\/\/www.facebook.com\/ITWGSE\/\",\"https:\/\/www.linkedin.com\/company\/itw-gse\/\",\"https:\/\/www.youtube.com\/channel\/UCTUIMvyaOPfYIqzP8enZ8yw\"]}]}<\/script>\n<!-- \/ Yoast SEO plugin. -->","yoast_head_json":{"title":"SuperHose - Tuyau d'air PC le plus l\u00e9ger et le plus r\u00e9sistant | ITW GSE","description":"ITW GSE SuperHose est 50-65% plus l\u00e9ger que le tuyau conventionnel enduit de PVC et est 5 fois plus r\u00e9sistant \u00e0 l'abrasion. C'est le tuyau d'air PC le plus solide.","robots":{"index":"index","follow":"follow","max-snippet":"max-snippet:-1","max-image-preview":"max-image-preview:large","max-video-preview":"max-video-preview:-1"},"canonical":"https:\/\/itwgse.com\/fr\/products\/hoses\/tuyau-darrosage\/","og_locale":"fr_FR","og_type":"article","og_title":"SuperHose - Tuyau d'air PC le plus l\u00e9ger et le plus r\u00e9sistant | ITW GSE","og_description":"ITW GSE SuperHose est 50-65% plus l\u00e9ger que le tuyau conventionnel enduit de PVC et est 5 fois plus r\u00e9sistant \u00e0 l'abrasion. C'est le tuyau d'air PC le plus solide.","og_url":"https:\/\/itwgse.com\/fr\/products\/hoses\/tuyau-darrosage\/","og_site_name":"ITW GSE","article_publisher":"https:\/\/www.facebook.com\/ITWGSE\/","article_modified_time":"2026-03-09T12:38:41+00:00","og_image":[{"width":1024,"height":447,"url":"https:\/\/itwgse.com\/wp-content\/uploads\/2018\/03\/BLCK8955-1024x447.png","type":"image\/png"}],"twitter_card":"summary_large_image","schema":{"@context":"https:\/\/schema.org","@graph":[{"@type":"WebPage","@id":"https:\/\/itwgse.com\/fr\/products\/hoses\/tuyau-darrosage\/","url":"https:\/\/itwgse.com\/fr\/products\/hoses\/tuyau-darrosage\/","name":"SuperHose - Tuyau d'air PC le plus l\u00e9ger et le plus r\u00e9sistant | ITW GSE","isPartOf":{"@id":"https:\/\/itwgse.com\/#website"},"primaryImageOfPage":{"@id":"https:\/\/itwgse.com\/fr\/products\/hoses\/tuyau-darrosage\/#primaryimage"},"image":{"@id":"https:\/\/itwgse.com\/fr\/products\/hoses\/tuyau-darrosage\/#primaryimage"},"thumbnailUrl":"https:\/\/itwgse.com\/wp-content\/uploads\/2018\/03\/BLCK8955.png","datePublished":"2018-03-19T19:37:55+00:00","dateModified":"2026-03-09T12:38:41+00:00","description":"ITW GSE SuperHose est 50-65% plus l\u00e9ger que le tuyau conventionnel enduit de PVC et est 5 fois plus r\u00e9sistant \u00e0 l'abrasion. C'est le tuyau d'air PC le plus solide.","breadcrumb":{"@id":"https:\/\/itwgse.com\/fr\/products\/hoses\/tuyau-darrosage\/#breadcrumb"},"inLanguage":"fr-FR","potentialAction":[{"@type":"ReadAction","target":["https:\/\/itwgse.com\/fr\/products\/hoses\/tuyau-darrosage\/"]}]},{"@type":"ImageObject","inLanguage":"fr-FR","@id":"https:\/\/itwgse.com\/fr\/products\/hoses\/tuyau-darrosage\/#primaryimage","url":"https:\/\/itwgse.com\/wp-content\/uploads\/2018\/03\/BLCK8955.png","contentUrl":"https:\/\/itwgse.com\/wp-content\/uploads\/2018\/03\/BLCK8955.png","width":5447,"height":2378,"caption":"Super Hose"},{"@type":"BreadcrumbList","@id":"https:\/\/itwgse.com\/fr\/products\/hoses\/tuyau-darrosage\/#breadcrumb","itemListElement":[{"@type":"ListItem","position":1,"name":"Home","item":"https:\/\/itwgse.com\/fr\/"},{"@type":"ListItem","position":2,"name":"Tuyau d&#8217;arrosage"}]},{"@type":"WebSite","@id":"https:\/\/itwgse.com\/#website","url":"https:\/\/itwgse.com\/","name":"ITW GSE","description":"It&#039;s all about connections","publisher":{"@id":"https:\/\/itwgse.com\/#organization"},"potentialAction":[{"@type":"SearchAction","target":{"@type":"EntryPoint","urlTemplate":"https:\/\/itwgse.com\/?s={search_term_string}"},"query-input":{"@type":"PropertyValueSpecification","valueRequired":true,"valueName":"search_term_string"}}],"inLanguage":"fr-FR"},{"@type":"Organization","@id":"https:\/\/itwgse.com\/#organization","name":"ITW GSE","url":"https:\/\/itwgse.com\/","logo":{"@type":"ImageObject","inLanguage":"fr-FR","@id":"https:\/\/itwgse.com\/#\/schema\/logo\/image\/","url":"https:\/\/itwgse.com\/wp-content\/uploads\/2018\/11\/logo.png","contentUrl":"https:\/\/itwgse.com\/wp-content\/uploads\/2018\/11\/logo.png","width":302,"height":237,"caption":"ITW GSE"},"image":{"@id":"https:\/\/itwgse.com\/#\/schema\/logo\/image\/"},"sameAs":["https:\/\/www.facebook.com\/ITWGSE\/","https:\/\/www.linkedin.com\/company\/itw-gse\/","https:\/\/www.youtube.com\/channel\/UCTUIMvyaOPfYIqzP8enZ8yw"]}]}},"_links":{"self":[{"href":"https:\/\/itwgse.com\/fr\/wp-json\/wp\/v2\/product\/45184","targetHints":{"allow":["GET"]}}],"collection":[{"href":"https:\/\/itwgse.com\/fr\/wp-json\/wp\/v2\/product"}],"about":[{"href":"https:\/\/itwgse.com\/fr\/wp-json\/wp\/v2\/types\/product"}],"replies":[{"embeddable":true,"href":"https:\/\/itwgse.com\/fr\/wp-json\/wp\/v2\/comments?post=45184"}],"wp:featuredmedia":[{"embeddable":true,"href":"https:\/\/itwgse.com\/fr\/wp-json\/wp\/v2\/media\/4404"}],"wp:attachment":[{"href":"https:\/\/itwgse.com\/fr\/wp-json\/wp\/v2\/media?parent=45184"}],"wp:term":[{"taxonomy":"product_brand","embeddable":true,"href":"https:\/\/itwgse.com\/fr\/wp-json\/wp\/v2\/product_brand?post=45184"},{"taxonomy":"product_cat","embeddable":true,"href":"https:\/\/itwgse.com\/fr\/wp-json\/wp\/v2\/product_cat?post=45184"},{"taxonomy":"product_tag","embeddable":true,"href":"https:\/\/itwgse.com\/fr\/wp-json\/wp\/v2\/product_tag?post=45184"}],"curies":[{"name":"wp","href":"https:\/\/api.w.org\/{rel}","templated":true}]}}