{"id":45186,"date":"2018-03-19T20:02:55","date_gmt":"2018-03-19T19:02:55","guid":{"rendered":"https:\/\/itwgse.com\/products\/non class\u00e9\/embout-resistant-a-labrasion\/"},"modified":"2026-03-09T13:38:46","modified_gmt":"2026-03-09T12:38:46","slug":"embout-resistant-a-labrasion","status":"publish","type":"product","link":"https:\/\/itwgse.com\/fr\/products\/cables-gse-itw\/embout-resistant-a-labrasion\/","title":{"rendered":"Embout r\u00e9sistant \u00e0 l&rsquo;abrasion"},"content":{"rendered":"<div id=\"pl-45186\"  class=\"panel-layout\" ><div id=\"pg-45186-0\"  class=\"panel-grid panel-no-style\" ><div id=\"pgc-45186-0-0\"  class=\"panel-grid-cell\" ><div id=\"panel-45186-0-0-0\" class=\"so-panel widget widget_mtt-cover-section panel-first-child panel-last-child\" data-index=\"0\" ><div\n\t\t\t\n\t\t\tclass=\"so-widget-mtt-cover-section so-widget-mtt-cover-section-base\"\n\t\t\t\n\t\t>\n<div class=\"mtt-cover-section-wrap product\">\n    <div class=\"mtt-cover-product-container\">\n        <div class=\"mtt-cover-section-text-wrap\">\n            <img decoding=\"async\" width=\"756\" height=\"623\" src=\"https:\/\/itwgse.com\/wp-content\/uploads\/2018\/03\/new-abrasion-resistant-cap_menu.png\" class=\"cover-product\" alt=\"Abrasion Resistant Cap\" srcset=\"https:\/\/itwgse.com\/wp-content\/uploads\/2018\/03\/new-abrasion-resistant-cap_menu.png 756w, https:\/\/itwgse.com\/wp-content\/uploads\/2018\/03\/new-abrasion-resistant-cap_menu-300x247.png 300w, https:\/\/itwgse.com\/wp-content\/uploads\/2018\/03\/new-abrasion-resistant-cap_menu-728x600.png 728w, https:\/\/itwgse.com\/wp-content\/uploads\/2018\/03\/new-abrasion-resistant-cap_menu-637x525.png 637w, https:\/\/itwgse.com\/wp-content\/uploads\/2018\/03\/new-abrasion-resistant-cap_menu-600x494.png 600w\" sizes=\"(max-width: 756px) 100vw, 756px\" \/>            <div class=\"mtt-cover-section-text\">\n                                <span class=\"tagline\"><\/span>\n                <h1>Embout r\u00e9sistant \u00e0 l&rsquo;abrasion<\/h1>\n                <div class=\"text\"><p>Notre bouchon rempla\u00e7able est sp\u00e9cialement con\u00e7u avec un bord effil\u00e9 pour s'adapter en toute s\u00e9curit\u00e9 \u00e0 tous les avions du march\u00e9 qui utilisent une alimentation de 400 Hz.<\/p>\n<p>Ces embouts sont sp\u00e9cifiquement con\u00e7us pour les sections de contact ITW GSE. L'\u00e9change d'embouts avec d'autres marques peut entra\u00eener des connexions d\u00e9fectueuses et annuler la garantie. <\/p>\n<\/div>\n                <input type=\"hidden\" name=\"product\" value=\"45186\">\n\n                    <div class=\"button-wrap\">\n                        <a class=\"button mtt-support-box modal\" data-flow=\"request-quotation\" data-template=\"request-form\"\n                           data-product_id=\"45186\" data-previous_no_pagination=\"true\">Request Product<\/a>\n\n                                                                                    <a\n                                    href=\"\"\n                                    class=\"button  open-brochure-modal\"\n                                >\n                                    Brochure                                <\/a>\n                                                                        <\/div>\n\n            <\/div>\n        <\/div>\n    <\/div>\n    <div class=\"mtt-cover-product-background no-background\" >\n                <div class=\"mtt-cover-product-background-image\">\n                        <img decoding=\"async\"  src=\"https:\/\/itwgse.com\/wp-content\/themes\/mtt-standard-theme\/assets\/img\/cover\/itwgse_cut_wide.svg\" class=\"itwgse-cut\">        <\/div>\n\n        <div class=\"mtt-cover-product small\">\n            <img decoding=\"async\" width=\"1200\" height=\"740\" src=\"https:\/\/itwgse.com\/wp-content\/uploads\/2018\/03\/new-abrasion-resistant-cap-1200x740.png\" class=\"attachment-1200x740x size-1200x740x\" alt=\"\" srcset=\"https:\/\/itwgse.com\/wp-content\/uploads\/2018\/03\/new-abrasion-resistant-cap.png 1200w, https:\/\/itwgse.com\/wp-content\/uploads\/2018\/03\/new-abrasion-resistant-cap-300x185.png 300w, https:\/\/itwgse.com\/wp-content\/uploads\/2018\/03\/new-abrasion-resistant-cap-1024x631.png 1024w\" sizes=\"(max-width: 1200px) 100vw, 1200px\" \/>        <\/div>\n    <\/div>\n<\/div><\/div><\/div><\/div><\/div><div id=\"pg-45186-1\"  class=\"panel-grid panel-no-style\" ><div id=\"pgc-45186-1-0\"  class=\"panel-grid-cell\" ><div id=\"panel-45186-1-0-0\" class=\"so-panel widget widget_mtt-one-col-text panel-first-child\" data-index=\"1\" ><div\n\t\t\t\n\t\t\tclass=\"so-widget-mtt-one-col-text so-widget-mtt-one-col-text-base\"\n\t\t\t\n\t\t>\n<div class=\"mtt-two-col-wrapper\">\n    <div class=\"mtt-two-col-container\">\n        <div class=\"mtt-two-col-content formatted_content\">\n\t\t\t            <div class=\"text-section one-col\">\n                <p>Ces bouchons rempla\u00e7ables \u00e0 400 Hz sont fabriqu\u00e9s dans un composite tr\u00e8s r\u00e9sistant, s\u00e9lectionn\u00e9 pour sa solidit\u00e9, sa durabilit\u00e9 et sa dur\u00e9e de vie plus longue.<\/p>\n<p>Ce nouveau bouchon est compatible avec tous les types d'a\u00e9ronefs.<\/p>\n<h3>Num\u00e9ro de pi\u00e8ce :<\/h3>\n<p>JB717-C (fonctionne pour les sections de contact jaune et verte)<\/p>\n            <\/div>\n\n            \n                        <\/div>\n    <\/div>\n<\/div>\n<\/div><\/div><div id=\"panel-45186-1-0-1\" class=\"so-panel widget widget_mtt-product-files panel-last-child\" data-index=\"2\" ><div\n\t\t\t\n\t\t\tclass=\"so-widget-mtt-product-files so-widget-mtt-product-files-base\"\n\t\t\t\n\t\t>    <div class=\"product-files-wrapper no-top-padding\">\n        <div class=\"page_container\">\n            <h2>Downloads for Embout r\u00e9sistant \u00e0 l&rsquo;abrasion<\/h2>\n            <div class=\"button-wrap\">\n                                                            <a\n                            class=\"button open-modal\"\n                            href=\"#\"\n                            data-id=\"4f21a553-8db7-494b-b01f-f8b451de39a2\"\n                        >\n                            Brochures                        <\/a>\n                                                                        <\/div>\n        <\/div>\n    <\/div>\n    <\/div><\/div><\/div><\/div><div id=\"pg-45186-2\"  class=\"panel-grid panel-no-style\" ><div id=\"pgc-45186-2-0\"  class=\"panel-grid-cell\" ><div id=\"panel-45186-2-0-0\" class=\"so-panel widget widget_mtt-one-col-text panel-first-child panel-last-child\" data-index=\"3\" ><div\n\t\t\t\n\t\t\tclass=\"so-widget-mtt-one-col-text so-widget-mtt-one-col-text-base\"\n\t\t\t\n\t\t>\n<div class=\"mtt-two-col-wrapper no-bottom-padding no-top-padding\">\n    <div class=\"mtt-two-col-container\">\n        <div class=\"mtt-two-col-content formatted_content has-title-one\">\n\t\t\t                <h2>La nouvelle casquette rempla\u00e7able r\u00e9sistante \u00e0 l'abrasion :<\/h2>\n                        <div class=\"text-section one-col\">\n                <ul>\n<li>Temps de remplacement de 2 \u00e0 3 minutes<\/li>\n<li>R\u00e9duire l'usure et prolonger la dur\u00e9e de vie des c\u00e2bles<\/li>\n<li>Prolongez la dur\u00e9e de vie de vos sections de contact de remplacement<\/li>\n<li>Augmenter les \u00e9conomies sur les r\u00e9parations et le remplacement des c\u00e2bles<\/li>\n<li>R\u00e9duire les temps d'arr\u00eat pour la maintenance de toutes les applications, ce qui permet d'\u00e9conomiser du temps et de l'argent.<\/li>\n<\/ul>\n            <\/div>\n\n            \n                        <\/div>\n    <\/div>\n<\/div>\n<\/div><\/div><\/div><\/div><div id=\"pg-45186-3\"  class=\"panel-grid panel-no-style\" ><div id=\"pgc-45186-3-0\"  class=\"panel-grid-cell\" ><div id=\"panel-45186-3-0-0\" class=\"so-panel widget widget_mtt-one-col-text panel-first-child panel-last-child\" data-index=\"4\" ><div\n\t\t\t\n\t\t\tclass=\"so-widget-mtt-one-col-text so-widget-mtt-one-col-text-base\"\n\t\t\t\n\t\t>\n<div class=\"mtt-two-col-wrapper\">\n    <div class=\"mtt-two-col-container\">\n        <div class=\"mtt-two-col-content formatted_content has-title-one\">\n\t\t\t                <h2>Quand est-il temps de remplacer la casquette r\u00e9sistante \u00e0 l'abrasion ?<\/h2>\n                        <div class=\"text-section one-col\">\n                <p>L'inspection r\u00e9guli\u00e8re des c\u00e2bles est un aspect essentiel de tout programme de maintenance pr\u00e9ventive. Lorsque vous utilisez des capuchons d'extr\u00e9mit\u00e9, les coins s'usent et exposent la section de contact, ce qui indique qu'il est temps de les remplacer. <\/p>\n            <\/div>\n\n            \n                        <\/div>\n    <\/div>\n<\/div>\n<\/div><\/div><\/div><\/div><div id=\"pg-45186-4\"  class=\"panel-grid panel-no-style\" ><div id=\"pgc-45186-4-0\"  class=\"panel-grid-cell\" ><div id=\"panel-45186-4-0-0\" class=\"so-panel widget widget_mtt-one-col-text panel-first-child\" data-index=\"5\" ><div\n\t\t\t\n\t\t\tclass=\"so-widget-mtt-one-col-text so-widget-mtt-one-col-text-base\"\n\t\t\t\n\t\t>\n<div class=\"mtt-two-col-wrapper no-top-padding\">\n    <div class=\"mtt-two-col-container\">\n        <div class=\"mtt-two-col-content formatted_content has-title-one\">\n\t\t\t                <h2>Anciennement connu sous le nom de J&B Aviation<\/h2>\n                        <div class=\"text-section one-col\">\n                <p>Jusqu'en 2018, la nouvelle casquette r\u00e9sistante \u00e0 l'abrasion \u00e9tait vendue sous la marque J&B Aviation.<\/p>\n<p>En savoir plus sur l <a href=\"https:\/\/itwgse.com\/itw-gse-history\/\" rel=\"noopener\">'histoire de notre marque.<\/a><\/p>\n<p>\u00a0<\/p>\n<p>Vous voyez <a href=\"https:\/\/itwgse.com\/aircraft-cables\/\">ici tous les c\u00e2bles ITW GSE<\/a> actuels.<\/p>\n            <\/div>\n\n            \n                        <\/div>\n    <\/div>\n<\/div>\n<\/div><\/div><div id=\"panel-45186-4-0-1\" class=\"so-panel widget widget_mtt-customer-support panel-last-child\" data-index=\"6\" ><div\n\t\t\t\n\t\t\tclass=\"so-widget-mtt-customer-support so-widget-mtt-customer-support-base\"\n\t\t\t\n\t\t>\n<div class=\"mtt-text-image-wrap less-top-padding less-bottom-padding grey-bg\">\n        <!-- Content -->\n    <div class=\"mtt-text-image-container\">\n        <div class=\"mtt-text-image-col\">\n            <div class=\"mtt-text-image-content formatted_content\">\n                                <h2>Assistance client\u00e8le<\/h2>\n                <p><strong>Comment pouvons-nous vous aider\u00a0?<\/strong><\/p>\n<p>Besoin de sch\u00e9mas, de listes de pi\u00e8ces d\u00e9tach\u00e9es ou de tutoriels vid\u00e9o\u00a0? Cliquez sur le bouton \u00ab\u00a0Assistance produit\u00a0\u00bb.<\/p>\n<p>Des questions pour l\u2019assistance client\u00e8le\u00a0? Cliquez sur le bouton \u00ab\u00a0Contacter l\u2019assistance client\u00e8le\u00a0\u00bb.<\/p>\n<p>Si votre question concerne un produit sp\u00e9cifique, veuillez indiquer son num\u00e9ro de s\u00e9rie.<\/p>\n\n                                    <div class=\"button-wrap\">\n                                                    <a href=\"https:\/\/itwgse.com\/fr\/soutien-et-service\/\" class=\"button\">\n                                Assistance produit                            <\/a>\n                                                    <a href=\"https:\/\/itwgse.com\/fr\/contact\/\" class=\"button\">\n                                Contacter l\u2019assistance client\u00e8le                            <\/a>\n                                            <\/div>\n                            <\/div>\n        <\/div>\n                    <div class=\"mtt-text-image-col img center\">\n                <div class=\"mtt-text-image-content\">\n                    <img decoding=\"async\" width=\"1800\" height=\"1023\" src=\"https:\/\/itwgse.com\/wp-content\/uploads\/2018\/06\/ITWGSE_hero_cleanest-1.jpg\" class=\"attachment-full size-full\" alt=\"\" srcset=\"https:\/\/itwgse.com\/wp-content\/uploads\/2018\/06\/ITWGSE_hero_cleanest-1.jpg 1800w, https:\/\/itwgse.com\/wp-content\/uploads\/2018\/06\/ITWGSE_hero_cleanest-1-300x171.jpg 300w, https:\/\/itwgse.com\/wp-content\/uploads\/2018\/06\/ITWGSE_hero_cleanest-1-1024x582.jpg 1024w\" sizes=\"(max-width: 1800px) 100vw, 1800px\" \/>                \n                    \n                    \n                <\/div>\n            <\/div>\n            <\/div>\n<\/div>\n\n<script>\nfunction sendEvent(action, element) {\n    var videoTitle = jQuery(element).data('title');  \n\n    if (dataLayer && videoTitle) {\n        dataLayer.push({\n            'event': 'video',\n            'eventCategory': 'Video',\n            'eventAction': action,\n            'eventLabel': videoTitle\n        });\n    }\n    else if (ga && videoTitle) {\n        ga('send', 'event', 'Video', action, videoTitle);\n    }  \n}\n<\/script>\n<\/div><\/div><\/div><\/div><\/div>","protected":false},"excerpt":{"rendered":"<p>Notre bouchon rempla\u00e7able est sp\u00e9cialement con\u00e7u avec un bord effil\u00e9 pour s&rsquo;adapter en toute s\u00e9curit\u00e9 \u00e0 tous les avions du march\u00e9 qui utilisent une alimentation de 400 Hz.<\/p>\n<p>Ces embouts sont sp\u00e9cifiquement con\u00e7us pour les sections de contact ITW GSE. L&rsquo;\u00e9change d&#8217;embouts avec d&rsquo;autres marques peut entra\u00eener des connexions d\u00e9fectueuses et annuler la garantie. <\/p>\n","protected":false},"featured_media":4557,"comment_status":"open","ping_status":"closed","template":"","meta":{"_acf_changed":false,"_relevanssi_hide_post":"","_relevanssi_hide_content":"","_relevanssi_pin_for_all":"","_relevanssi_pin_keywords":"","_relevanssi_unpin_keywords":"","_relevanssi_related_keywords":"","_relevanssi_related_include_ids":"","_relevanssi_related_exclude_ids":"","_relevanssi_related_no_append":"","_relevanssi_related_not_related":"","_relevanssi_related_posts":"","_relevanssi_noindex_reason":""},"product_brand":[],"product_cat":[4554,4582,4583,4544],"product_tag":[],"class_list":{"0":"post-45186","1":"product","2":"type-product","3":"status-publish","4":"has-post-thumbnail","6":"product_cat-brochure-catalogue","7":"product_cat-cables","8":"product_cat-cables-et-tuyaux","9":"product_cat-cables-gse-itw","11":"first","12":"instock","13":"shipping-taxable","14":"purchasable","15":"product-type-simple"},"acf":[],"yoast_head":"<!-- This site is optimized with the Yoast SEO plugin v27.0 - https:\/\/yoast.com\/product\/yoast-seo-wordpress\/ -->\n<title>Capuchon r\u00e9sistant \u00e0 l&#039;abrasion - R\u00e9sistance, durabilit\u00e9 et dur\u00e9e de vie plus longue<\/title>\n<meta name=\"description\" content=\"Notre capuchon rempla\u00e7able est sp\u00e9cialement con\u00e7u avec un bord effil\u00e9 pour s&#039;adapter en toute s\u00e9curit\u00e9 \u00e0 n&#039;importe quel avion du march\u00e9 qui utilise une puissance de 400 Hz. Ces embouts sont sp\u00e9cialement con\u00e7us pour les sections de contact ITW GSE.\" \/>\n<meta name=\"robots\" content=\"index, follow, max-snippet:-1, max-image-preview:large, max-video-preview:-1\" \/>\n<link rel=\"canonical\" href=\"https:\/\/itwgse.com\/fr\/products\/spare-parts\/cables-spares\/embout-resistant-a-labrasion\/\" \/>\n<meta property=\"og:locale\" content=\"fr_FR\" \/>\n<meta property=\"og:type\" content=\"article\" \/>\n<meta property=\"og:title\" content=\"Capuchon r\u00e9sistant \u00e0 l&#039;abrasion - R\u00e9sistance, durabilit\u00e9 et dur\u00e9e de vie plus longue\" \/>\n<meta property=\"og:description\" content=\"Notre capuchon rempla\u00e7able est sp\u00e9cialement con\u00e7u avec un bord effil\u00e9 pour s&#039;adapter en toute s\u00e9curit\u00e9 \u00e0 n&#039;importe quel avion du march\u00e9 qui utilise une puissance de 400 Hz. Ces embouts sont sp\u00e9cialement con\u00e7us pour les sections de contact ITW GSE.\" \/>\n<meta property=\"og:url\" content=\"https:\/\/itwgse.com\/fr\/products\/spare-parts\/cables-spares\/embout-resistant-a-labrasion\/\" \/>\n<meta property=\"og:site_name\" content=\"ITW GSE\" \/>\n<meta property=\"article:publisher\" content=\"https:\/\/www.facebook.com\/ITWGSE\/\" \/>\n<meta property=\"article:modified_time\" content=\"2026-03-09T12:38:46+00:00\" \/>\n<meta property=\"og:image\" content=\"https:\/\/itwgse.com\/wp-content\/uploads\/2018\/03\/new-abrasion-resistant-cap_menu.png\" \/>\n\t<meta property=\"og:image:width\" content=\"756\" \/>\n\t<meta property=\"og:image:height\" content=\"623\" \/>\n\t<meta property=\"og:image:type\" content=\"image\/png\" \/>\n<meta name=\"twitter:card\" content=\"summary_large_image\" \/>\n<script type=\"application\/ld+json\" class=\"yoast-schema-graph\">{\"@context\":\"https:\/\/schema.org\",\"@graph\":[{\"@type\":\"WebPage\",\"@id\":\"https:\/\/itwgse.com\/fr\/products\/spare-parts\/cables-spares\/embout-resistant-a-labrasion\/\",\"url\":\"https:\/\/itwgse.com\/fr\/products\/spare-parts\/cables-spares\/embout-resistant-a-labrasion\/\",\"name\":\"Capuchon r\u00e9sistant \u00e0 l'abrasion - R\u00e9sistance, durabilit\u00e9 et dur\u00e9e de vie plus longue\",\"isPartOf\":{\"@id\":\"https:\/\/itwgse.com\/#website\"},\"primaryImageOfPage\":{\"@id\":\"https:\/\/itwgse.com\/fr\/products\/spare-parts\/cables-spares\/embout-resistant-a-labrasion\/#primaryimage\"},\"image\":{\"@id\":\"https:\/\/itwgse.com\/fr\/products\/spare-parts\/cables-spares\/embout-resistant-a-labrasion\/#primaryimage\"},\"thumbnailUrl\":\"https:\/\/itwgse.com\/wp-content\/uploads\/2018\/03\/new-abrasion-resistant-cap_menu.png\",\"datePublished\":\"2018-03-19T19:02:55+00:00\",\"dateModified\":\"2026-03-09T12:38:46+00:00\",\"description\":\"Notre capuchon rempla\u00e7able est sp\u00e9cialement con\u00e7u avec un bord effil\u00e9 pour s'adapter en toute s\u00e9curit\u00e9 \u00e0 n'importe quel avion du march\u00e9 qui utilise une puissance de 400 Hz. Ces embouts sont sp\u00e9cialement con\u00e7us pour les sections de contact ITW GSE.\",\"breadcrumb\":{\"@id\":\"https:\/\/itwgse.com\/fr\/products\/spare-parts\/cables-spares\/embout-resistant-a-labrasion\/#breadcrumb\"},\"inLanguage\":\"fr-FR\",\"potentialAction\":[{\"@type\":\"ReadAction\",\"target\":[\"https:\/\/itwgse.com\/fr\/products\/spare-parts\/cables-spares\/embout-resistant-a-labrasion\/\"]}]},{\"@type\":\"ImageObject\",\"inLanguage\":\"fr-FR\",\"@id\":\"https:\/\/itwgse.com\/fr\/products\/spare-parts\/cables-spares\/embout-resistant-a-labrasion\/#primaryimage\",\"url\":\"https:\/\/itwgse.com\/wp-content\/uploads\/2018\/03\/new-abrasion-resistant-cap_menu.png\",\"contentUrl\":\"https:\/\/itwgse.com\/wp-content\/uploads\/2018\/03\/new-abrasion-resistant-cap_menu.png\",\"width\":756,\"height\":623,\"caption\":\"Abrasion Resistant Cap\"},{\"@type\":\"BreadcrumbList\",\"@id\":\"https:\/\/itwgse.com\/fr\/products\/spare-parts\/cables-spares\/embout-resistant-a-labrasion\/#breadcrumb\",\"itemListElement\":[{\"@type\":\"ListItem\",\"position\":1,\"name\":\"Home\",\"item\":\"https:\/\/itwgse.com\/fr\/\"},{\"@type\":\"ListItem\",\"position\":2,\"name\":\"Embout r\u00e9sistant \u00e0 l&#8217;abrasion\"}]},{\"@type\":\"WebSite\",\"@id\":\"https:\/\/itwgse.com\/#website\",\"url\":\"https:\/\/itwgse.com\/\",\"name\":\"ITW GSE\",\"description\":\"It&#039;s all about connections\",\"publisher\":{\"@id\":\"https:\/\/itwgse.com\/#organization\"},\"potentialAction\":[{\"@type\":\"SearchAction\",\"target\":{\"@type\":\"EntryPoint\",\"urlTemplate\":\"https:\/\/itwgse.com\/?s={search_term_string}\"},\"query-input\":{\"@type\":\"PropertyValueSpecification\",\"valueRequired\":true,\"valueName\":\"search_term_string\"}}],\"inLanguage\":\"fr-FR\"},{\"@type\":\"Organization\",\"@id\":\"https:\/\/itwgse.com\/#organization\",\"name\":\"ITW GSE\",\"url\":\"https:\/\/itwgse.com\/\",\"logo\":{\"@type\":\"ImageObject\",\"inLanguage\":\"fr-FR\",\"@id\":\"https:\/\/itwgse.com\/#\/schema\/logo\/image\/\",\"url\":\"https:\/\/itwgse.com\/wp-content\/uploads\/2018\/11\/logo.png\",\"contentUrl\":\"https:\/\/itwgse.com\/wp-content\/uploads\/2018\/11\/logo.png\",\"width\":302,\"height\":237,\"caption\":\"ITW GSE\"},\"image\":{\"@id\":\"https:\/\/itwgse.com\/#\/schema\/logo\/image\/\"},\"sameAs\":[\"https:\/\/www.facebook.com\/ITWGSE\/\",\"https:\/\/www.linkedin.com\/company\/itw-gse\/\",\"https:\/\/www.youtube.com\/channel\/UCTUIMvyaOPfYIqzP8enZ8yw\"]}]}<\/script>\n<!-- \/ Yoast SEO plugin. -->","yoast_head_json":{"title":"Capuchon r\u00e9sistant \u00e0 l'abrasion - R\u00e9sistance, durabilit\u00e9 et dur\u00e9e de vie plus longue","description":"Notre capuchon rempla\u00e7able est sp\u00e9cialement con\u00e7u avec un bord effil\u00e9 pour s'adapter en toute s\u00e9curit\u00e9 \u00e0 n'importe quel avion du march\u00e9 qui utilise une puissance de 400 Hz. Ces embouts sont sp\u00e9cialement con\u00e7us pour les sections de contact ITW GSE.","robots":{"index":"index","follow":"follow","max-snippet":"max-snippet:-1","max-image-preview":"max-image-preview:large","max-video-preview":"max-video-preview:-1"},"canonical":"https:\/\/itwgse.com\/fr\/products\/spare-parts\/cables-spares\/embout-resistant-a-labrasion\/","og_locale":"fr_FR","og_type":"article","og_title":"Capuchon r\u00e9sistant \u00e0 l'abrasion - R\u00e9sistance, durabilit\u00e9 et dur\u00e9e de vie plus longue","og_description":"Notre capuchon rempla\u00e7able est sp\u00e9cialement con\u00e7u avec un bord effil\u00e9 pour s'adapter en toute s\u00e9curit\u00e9 \u00e0 n'importe quel avion du march\u00e9 qui utilise une puissance de 400 Hz. Ces embouts sont sp\u00e9cialement con\u00e7us pour les sections de contact ITW GSE.","og_url":"https:\/\/itwgse.com\/fr\/products\/spare-parts\/cables-spares\/embout-resistant-a-labrasion\/","og_site_name":"ITW GSE","article_publisher":"https:\/\/www.facebook.com\/ITWGSE\/","article_modified_time":"2026-03-09T12:38:46+00:00","og_image":[{"width":756,"height":623,"url":"https:\/\/itwgse.com\/wp-content\/uploads\/2018\/03\/new-abrasion-resistant-cap_menu.png","type":"image\/png"}],"twitter_card":"summary_large_image","schema":{"@context":"https:\/\/schema.org","@graph":[{"@type":"WebPage","@id":"https:\/\/itwgse.com\/fr\/products\/spare-parts\/cables-spares\/embout-resistant-a-labrasion\/","url":"https:\/\/itwgse.com\/fr\/products\/spare-parts\/cables-spares\/embout-resistant-a-labrasion\/","name":"Capuchon r\u00e9sistant \u00e0 l'abrasion - R\u00e9sistance, durabilit\u00e9 et dur\u00e9e de vie plus longue","isPartOf":{"@id":"https:\/\/itwgse.com\/#website"},"primaryImageOfPage":{"@id":"https:\/\/itwgse.com\/fr\/products\/spare-parts\/cables-spares\/embout-resistant-a-labrasion\/#primaryimage"},"image":{"@id":"https:\/\/itwgse.com\/fr\/products\/spare-parts\/cables-spares\/embout-resistant-a-labrasion\/#primaryimage"},"thumbnailUrl":"https:\/\/itwgse.com\/wp-content\/uploads\/2018\/03\/new-abrasion-resistant-cap_menu.png","datePublished":"2018-03-19T19:02:55+00:00","dateModified":"2026-03-09T12:38:46+00:00","description":"Notre capuchon rempla\u00e7able est sp\u00e9cialement con\u00e7u avec un bord effil\u00e9 pour s'adapter en toute s\u00e9curit\u00e9 \u00e0 n'importe quel avion du march\u00e9 qui utilise une puissance de 400 Hz. Ces embouts sont sp\u00e9cialement con\u00e7us pour les sections de contact ITW GSE.","breadcrumb":{"@id":"https:\/\/itwgse.com\/fr\/products\/spare-parts\/cables-spares\/embout-resistant-a-labrasion\/#breadcrumb"},"inLanguage":"fr-FR","potentialAction":[{"@type":"ReadAction","target":["https:\/\/itwgse.com\/fr\/products\/spare-parts\/cables-spares\/embout-resistant-a-labrasion\/"]}]},{"@type":"ImageObject","inLanguage":"fr-FR","@id":"https:\/\/itwgse.com\/fr\/products\/spare-parts\/cables-spares\/embout-resistant-a-labrasion\/#primaryimage","url":"https:\/\/itwgse.com\/wp-content\/uploads\/2018\/03\/new-abrasion-resistant-cap_menu.png","contentUrl":"https:\/\/itwgse.com\/wp-content\/uploads\/2018\/03\/new-abrasion-resistant-cap_menu.png","width":756,"height":623,"caption":"Abrasion Resistant Cap"},{"@type":"BreadcrumbList","@id":"https:\/\/itwgse.com\/fr\/products\/spare-parts\/cables-spares\/embout-resistant-a-labrasion\/#breadcrumb","itemListElement":[{"@type":"ListItem","position":1,"name":"Home","item":"https:\/\/itwgse.com\/fr\/"},{"@type":"ListItem","position":2,"name":"Embout r\u00e9sistant \u00e0 l&#8217;abrasion"}]},{"@type":"WebSite","@id":"https:\/\/itwgse.com\/#website","url":"https:\/\/itwgse.com\/","name":"ITW GSE","description":"It&#039;s all about connections","publisher":{"@id":"https:\/\/itwgse.com\/#organization"},"potentialAction":[{"@type":"SearchAction","target":{"@type":"EntryPoint","urlTemplate":"https:\/\/itwgse.com\/?s={search_term_string}"},"query-input":{"@type":"PropertyValueSpecification","valueRequired":true,"valueName":"search_term_string"}}],"inLanguage":"fr-FR"},{"@type":"Organization","@id":"https:\/\/itwgse.com\/#organization","name":"ITW GSE","url":"https:\/\/itwgse.com\/","logo":{"@type":"ImageObject","inLanguage":"fr-FR","@id":"https:\/\/itwgse.com\/#\/schema\/logo\/image\/","url":"https:\/\/itwgse.com\/wp-content\/uploads\/2018\/11\/logo.png","contentUrl":"https:\/\/itwgse.com\/wp-content\/uploads\/2018\/11\/logo.png","width":302,"height":237,"caption":"ITW GSE"},"image":{"@id":"https:\/\/itwgse.com\/#\/schema\/logo\/image\/"},"sameAs":["https:\/\/www.facebook.com\/ITWGSE\/","https:\/\/www.linkedin.com\/company\/itw-gse\/","https:\/\/www.youtube.com\/channel\/UCTUIMvyaOPfYIqzP8enZ8yw"]}]}},"_links":{"self":[{"href":"https:\/\/itwgse.com\/fr\/wp-json\/wp\/v2\/product\/45186","targetHints":{"allow":["GET"]}}],"collection":[{"href":"https:\/\/itwgse.com\/fr\/wp-json\/wp\/v2\/product"}],"about":[{"href":"https:\/\/itwgse.com\/fr\/wp-json\/wp\/v2\/types\/product"}],"replies":[{"embeddable":true,"href":"https:\/\/itwgse.com\/fr\/wp-json\/wp\/v2\/comments?post=45186"}],"wp:featuredmedia":[{"embeddable":true,"href":"https:\/\/itwgse.com\/fr\/wp-json\/wp\/v2\/media\/4557"}],"wp:attachment":[{"href":"https:\/\/itwgse.com\/fr\/wp-json\/wp\/v2\/media?parent=45186"}],"wp:term":[{"taxonomy":"product_brand","embeddable":true,"href":"https:\/\/itwgse.com\/fr\/wp-json\/wp\/v2\/product_brand?post=45186"},{"taxonomy":"product_cat","embeddable":true,"href":"https:\/\/itwgse.com\/fr\/wp-json\/wp\/v2\/product_cat?post=45186"},{"taxonomy":"product_tag","embeddable":true,"href":"https:\/\/itwgse.com\/fr\/wp-json\/wp\/v2\/product_tag?post=45186"}],"curies":[{"name":"wp","href":"https:\/\/api.w.org\/{rel}","templated":true}]}}