{"id":45190,"date":"2018-03-19T18:49:44","date_gmt":"2018-03-19T17:49:44","guid":{"rendered":"https:\/\/itwgse.com\/products\/non class\u00e9\/chariot-pour-enrouleur-de-gaine-plate\/"},"modified":"2026-03-09T13:39:01","modified_gmt":"2026-03-09T12:39:01","slug":"chariot-pour-enrouleur-de-gaine-plate","status":"publish","type":"product","link":"https:\/\/itwgse.com\/fr\/products\/schlaeuche\/chariot-pour-enrouleur-de-gaine-plate\/","title":{"rendered":"Chariot pour enrouleur de gaine plate"},"content":{"rendered":"<div id=\"pl-45190\"  class=\"panel-layout\" ><div id=\"pg-45190-0\"  class=\"panel-grid panel-no-style\" ><div id=\"pgc-45190-0-0\"  class=\"panel-grid-cell\" ><div id=\"panel-45190-0-0-0\" class=\"so-panel widget widget_mtt-cover-section panel-first-child panel-last-child\" data-index=\"0\" ><div\n\t\t\t\n\t\t\tclass=\"so-widget-mtt-cover-section so-widget-mtt-cover-section-base\"\n\t\t\t\n\t\t>\n<div class=\"mtt-cover-section-wrap product\">\n    <div class=\"mtt-cover-product-container\">\n        <div class=\"mtt-cover-section-text-wrap\">\n            <img decoding=\"async\" width=\"740\" height=\"740\" src=\"https:\/\/itwgse.com\/wp-content\/uploads\/2018\/03\/flat-duct-reel-cart-menu.png\" class=\"cover-product\" alt=\"Flat Duct Reel Cart\" srcset=\"https:\/\/itwgse.com\/wp-content\/uploads\/2018\/03\/flat-duct-reel-cart-menu.png 740w, https:\/\/itwgse.com\/wp-content\/uploads\/2018\/03\/flat-duct-reel-cart-menu-150x150.png 150w, https:\/\/itwgse.com\/wp-content\/uploads\/2018\/03\/flat-duct-reel-cart-menu-300x300.png 300w, https:\/\/itwgse.com\/wp-content\/uploads\/2018\/03\/flat-duct-reel-cart-menu-266x266.png 266w, https:\/\/itwgse.com\/wp-content\/uploads\/2018\/03\/flat-duct-reel-cart-menu-250x250.png 250w, https:\/\/itwgse.com\/wp-content\/uploads\/2018\/03\/flat-duct-reel-cart-menu-600x600.png 600w, https:\/\/itwgse.com\/wp-content\/uploads\/2018\/03\/flat-duct-reel-cart-menu-525x525.png 525w\" sizes=\"(max-width: 740px) 100vw, 740px\" \/>            <div class=\"mtt-cover-section-text\">\n                                <span class=\"tagline\"><\/span>\n                <h1>Chariot pour enrouleur de gaine plate<\/h1>\n                <div class=\"text\"><p>Le chariot d'enrouleur de gaine plate ITW GSE permet un stockage pratique c\u00f4t\u00e9 piste en \u00e9liminant les obstructions sur la rampe. Il r\u00e9duit l'usure de votre tuyau PC Air et des connecteurs PC Air, prolongeant ainsi la dur\u00e9e de vie de ces composants importants de votre op\u00e9ration.<br>Une vari\u00e9t\u00e9 de configurations est disponible pour r\u00e9pondre \u00e0 vos besoins. <\/p>\n<\/div>\n                <input type=\"hidden\" name=\"product\" value=\"45190\">\n\n                    <div class=\"button-wrap\">\n                        <a class=\"button mtt-support-box modal\" data-flow=\"request-quotation\" data-template=\"request-form\"\n                           data-product_id=\"45190\" data-previous_no_pagination=\"true\">Request Product<\/a>\n\n                                                                                    <a\n                                    href=\"\"\n                                    class=\"button  open-brochure-modal\"\n                                >\n                                    Brochure                                <\/a>\n                                                                        <\/div>\n\n            <\/div>\n        <\/div>\n    <\/div>\n    <div class=\"mtt-cover-product-background no-background\" >\n                <div class=\"mtt-cover-product-background-image\">\n                        <img decoding=\"async\"  src=\"https:\/\/itwgse.com\/wp-content\/themes\/mtt-standard-theme\/assets\/img\/cover\/itwgse_cut_wide.svg\" class=\"itwgse-cut\">        <\/div>\n\n        <div class=\"mtt-cover-product small\">\n            <img decoding=\"async\" width=\"1200\" height=\"740\" src=\"https:\/\/itwgse.com\/wp-content\/uploads\/2018\/03\/flat-duct-reel-cart-1200x740.png\" class=\"attachment-1200x740x size-1200x740x\" alt=\"\" srcset=\"https:\/\/itwgse.com\/wp-content\/uploads\/2018\/03\/flat-duct-reel-cart.png 1200w, https:\/\/itwgse.com\/wp-content\/uploads\/2018\/03\/flat-duct-reel-cart-300x185.png 300w, https:\/\/itwgse.com\/wp-content\/uploads\/2018\/03\/flat-duct-reel-cart-1024x631.png 1024w, https:\/\/itwgse.com\/wp-content\/uploads\/2018\/03\/flat-duct-reel-cart-280x173.png 280w\" sizes=\"(max-width: 1200px) 100vw, 1200px\" \/>        <\/div>\n    <\/div>\n<\/div><\/div><\/div><\/div><\/div><div id=\"pg-45190-1\"  class=\"panel-grid panel-no-style\" ><div id=\"pgc-45190-1-0\"  class=\"panel-grid-cell\" ><div id=\"panel-45190-1-0-0\" class=\"so-panel widget widget_mtt-one-col-text panel-first-child panel-last-child\" data-index=\"1\" ><div\n\t\t\t\n\t\t\tclass=\"so-widget-mtt-one-col-text so-widget-mtt-one-col-text-base\"\n\t\t\t\n\t\t>\n<div class=\"mtt-two-col-wrapper\">\n    <div class=\"mtt-two-col-container\">\n        <div class=\"mtt-two-col-content formatted_content has-title-one\">\n\t\t\t                <h2>Caract\u00e9ristiques<\/h2>\n                        <div class=\"text-section one-col\">\n                <ul>\n<li>\u00c9quip\u00e9 de freins de pied<\/li>\n<li>Entr\u00e9e en couleur jaune s\u00e9curit\u00e9<\/li>\n<li>R\u00e9duit les obstructions sur la rampe<\/li>\n<\/ul>\n            <\/div>\n\n            \n                        <\/div>\n    <\/div>\n<\/div>\n<\/div><\/div><\/div><\/div><div id=\"pg-45190-2\"  class=\"panel-grid panel-no-style\" ><div id=\"pgc-45190-2-0\"  class=\"panel-grid-cell\" ><div id=\"panel-45190-2-0-0\" class=\"so-panel widget widget_mtt-product-files panel-first-child\" data-index=\"2\" ><div\n\t\t\t\n\t\t\tclass=\"so-widget-mtt-product-files so-widget-mtt-product-files-base\"\n\t\t\t\n\t\t>    <div class=\"product-files-wrapper no-top-padding\">\n        <div class=\"page_container\">\n            <h2>Downloads for Chariot pour enrouleur de gaine plate<\/h2>\n            <div class=\"button-wrap\">\n                                                            <a\n                            class=\"button open-modal\"\n                            href=\"#\"\n                            data-id=\"4f21a553-8db7-494b-b01f-f8b451de39a2\"\n                        >\n                            Brochures                        <\/a>\n                                                                        <\/div>\n        <\/div>\n    <\/div>\n    <\/div><\/div><div id=\"panel-45190-2-0-1\" class=\"so-panel widget widget_mtt-one-col-text\" data-index=\"3\" ><div\n\t\t\t\n\t\t\tclass=\"so-widget-mtt-one-col-text so-widget-mtt-one-col-text-base\"\n\t\t\t\n\t\t>\n<div class=\"mtt-two-col-wrapper no-top-padding\">\n    <div class=\"mtt-two-col-container\">\n        <div class=\"mtt-two-col-content formatted_content has-title-one\">\n\t\t\t                <h2>Anciennement connu sous le nom de J&B Aviation<\/h2>\n                        <div class=\"text-section one-col\">\n                <p>Jusqu'en 2018, le Flat duct Reel Cart \u00e9tait vendu sous la marque J&B Aviation.<\/p>\n<p>En savoir plus sur l <a href=\"https:\/\/itwgse.com\/about-itw-gse\/\" target=\"_blank\" rel=\"noopener\">'histoire de notre marque.<\/a><\/p>\n<p>\u00a0<\/p>\n<p>Vous pouvez voir <a href=\"https:\/\/itwgse.com\/aircraft-hoses\/\">ici tous les tuyaux ITW GSE<\/a> actuels.<\/p>\n            <\/div>\n\n            \n                        <\/div>\n    <\/div>\n<\/div>\n<\/div><\/div><div id=\"panel-45190-2-0-2\" class=\"so-panel widget widget_mtt-customer-support panel-last-child\" data-index=\"4\" ><div\n\t\t\t\n\t\t\tclass=\"so-widget-mtt-customer-support so-widget-mtt-customer-support-base\"\n\t\t\t\n\t\t>\n<div class=\"mtt-text-image-wrap less-top-padding less-bottom-padding grey-bg\">\n        <!-- Content -->\n    <div class=\"mtt-text-image-container\">\n        <div class=\"mtt-text-image-col\">\n            <div class=\"mtt-text-image-content formatted_content\">\n                                <h2>Assistance client\u00e8le<\/h2>\n                <p><strong>Comment pouvons-nous vous aider\u00a0?<\/strong><\/p>\n<p>Besoin de sch\u00e9mas, de listes de pi\u00e8ces d\u00e9tach\u00e9es ou de tutoriels vid\u00e9o\u00a0? Cliquez sur le bouton \u00ab\u00a0Assistance produit\u00a0\u00bb.<\/p>\n<p>Des questions pour l\u2019assistance client\u00e8le\u00a0? Cliquez sur le bouton \u00ab\u00a0Contacter l\u2019assistance client\u00e8le\u00a0\u00bb.<\/p>\n<p>Si votre question concerne un produit sp\u00e9cifique, veuillez indiquer son num\u00e9ro de s\u00e9rie.<\/p>\n\n                                    <div class=\"button-wrap\">\n                                                    <a href=\"https:\/\/itwgse.com\/fr\/soutien-et-service\/\" class=\"button\">\n                                Assistance produit                            <\/a>\n                                                    <a href=\"https:\/\/itwgse.com\/fr\/contact\/\" class=\"button\">\n                                Contacter l\u2019assistance client\u00e8le                            <\/a>\n                                            <\/div>\n                            <\/div>\n        <\/div>\n                    <div class=\"mtt-text-image-col img center\">\n                <div class=\"mtt-text-image-content\">\n                    <img decoding=\"async\" width=\"1800\" height=\"1023\" src=\"https:\/\/itwgse.com\/wp-content\/uploads\/2018\/06\/ITWGSE_hero_cleanest-1.jpg\" class=\"attachment-full size-full\" alt=\"\" srcset=\"https:\/\/itwgse.com\/wp-content\/uploads\/2018\/06\/ITWGSE_hero_cleanest-1.jpg 1800w, https:\/\/itwgse.com\/wp-content\/uploads\/2018\/06\/ITWGSE_hero_cleanest-1-300x171.jpg 300w, https:\/\/itwgse.com\/wp-content\/uploads\/2018\/06\/ITWGSE_hero_cleanest-1-1024x582.jpg 1024w\" sizes=\"(max-width: 1800px) 100vw, 1800px\" \/>                \n                    \n                    \n                <\/div>\n            <\/div>\n            <\/div>\n<\/div>\n\n<script>\nfunction sendEvent(action, element) {\n    var videoTitle = jQuery(element).data('title');  \n\n    if (dataLayer && videoTitle) {\n        dataLayer.push({\n            'event': 'video',\n            'eventCategory': 'Video',\n            'eventAction': action,\n            'eventLabel': videoTitle\n        });\n    }\n    else if (ga && videoTitle) {\n        ga('send', 'event', 'Video', action, videoTitle);\n    }  \n}\n<\/script>\n<\/div><\/div><\/div><\/div><\/div>","protected":false},"excerpt":{"rendered":"<p>ITW GSE Flat Duct Reel Cart, JB680, permet un stockage pratique c\u00f4t\u00e9 piste en \u00e9liminant les obstructions sur l&rsquo;aire de trafic.<\/p>\n","protected":false},"featured_media":4569,"comment_status":"open","ping_status":"closed","template":"","meta":{"_acf_changed":false,"_relevanssi_hide_post":"","_relevanssi_hide_content":"","_relevanssi_pin_for_all":"","_relevanssi_pin_keywords":"","_relevanssi_unpin_keywords":"","_relevanssi_related_keywords":"","_relevanssi_related_include_ids":"","_relevanssi_related_exclude_ids":"","_relevanssi_related_no_append":"","_relevanssi_related_not_related":"","_relevanssi_related_posts":"","_relevanssi_noindex_reason":""},"product_brand":[],"product_cat":[4554,4583,4581,4542],"product_tag":[],"class_list":{"0":"post-45190","1":"product","2":"type-product","3":"status-publish","4":"has-post-thumbnail","6":"product_cat-brochure-catalogue","7":"product_cat-cables-et-tuyaux","8":"product_cat-produits-militaires","9":"product_cat-schlaeuche","11":"first","12":"instock","13":"shipping-taxable","14":"purchasable","15":"product-type-simple"},"acf":[],"yoast_head":"<!-- This site is optimized with the Yoast SEO plugin v27.0 - https:\/\/yoast.com\/product\/yoast-seo-wordpress\/ -->\n<title>Chariot pour enrouleur de gaine plate - Stockage pratique c\u00f4t\u00e9 piste | ITW GSE<\/title>\n<meta name=\"description\" content=\"Flat Duct Reel Cart r\u00e9duit l&#039;usure de votre tuyau PC Air et des connecteurs PC Air. Il permet \u00e9galement un rangement pratique c\u00f4t\u00e9 piste.\" \/>\n<meta name=\"robots\" content=\"index, follow, max-snippet:-1, max-image-preview:large, max-video-preview:-1\" \/>\n<link rel=\"canonical\" href=\"https:\/\/itwgse.com\/fr\/products\/hoses\/chariot-pour-enrouleur-de-gaine-plate\/\" \/>\n<meta property=\"og:locale\" content=\"fr_FR\" \/>\n<meta property=\"og:type\" content=\"article\" \/>\n<meta property=\"og:title\" content=\"Chariot pour enrouleur de gaine plate - Stockage pratique c\u00f4t\u00e9 piste | ITW GSE\" \/>\n<meta property=\"og:description\" content=\"Flat Duct Reel Cart r\u00e9duit l&#039;usure de votre tuyau PC Air et des connecteurs PC Air. Il permet \u00e9galement un rangement pratique c\u00f4t\u00e9 piste.\" \/>\n<meta property=\"og:url\" content=\"https:\/\/itwgse.com\/fr\/products\/hoses\/chariot-pour-enrouleur-de-gaine-plate\/\" \/>\n<meta property=\"og:site_name\" content=\"ITW GSE\" \/>\n<meta property=\"article:publisher\" content=\"https:\/\/www.facebook.com\/ITWGSE\/\" \/>\n<meta property=\"article:modified_time\" content=\"2026-03-09T12:39:01+00:00\" \/>\n<meta property=\"og:image\" content=\"https:\/\/itwgse.com\/wp-content\/uploads\/2018\/03\/flat-duct-reel-cart-menu.png\" \/>\n\t<meta property=\"og:image:width\" content=\"740\" \/>\n\t<meta property=\"og:image:height\" content=\"740\" \/>\n\t<meta property=\"og:image:type\" content=\"image\/png\" \/>\n<meta name=\"twitter:card\" content=\"summary_large_image\" \/>\n<script type=\"application\/ld+json\" class=\"yoast-schema-graph\">{\"@context\":\"https:\/\/schema.org\",\"@graph\":[{\"@type\":\"WebPage\",\"@id\":\"https:\/\/itwgse.com\/fr\/products\/hoses\/chariot-pour-enrouleur-de-gaine-plate\/\",\"url\":\"https:\/\/itwgse.com\/fr\/products\/hoses\/chariot-pour-enrouleur-de-gaine-plate\/\",\"name\":\"Chariot pour enrouleur de gaine plate - Stockage pratique c\u00f4t\u00e9 piste | ITW GSE\",\"isPartOf\":{\"@id\":\"https:\/\/itwgse.com\/#website\"},\"primaryImageOfPage\":{\"@id\":\"https:\/\/itwgse.com\/fr\/products\/hoses\/chariot-pour-enrouleur-de-gaine-plate\/#primaryimage\"},\"image\":{\"@id\":\"https:\/\/itwgse.com\/fr\/products\/hoses\/chariot-pour-enrouleur-de-gaine-plate\/#primaryimage\"},\"thumbnailUrl\":\"https:\/\/itwgse.com\/wp-content\/uploads\/2018\/03\/flat-duct-reel-cart-menu.png\",\"datePublished\":\"2018-03-19T17:49:44+00:00\",\"dateModified\":\"2026-03-09T12:39:01+00:00\",\"description\":\"Flat Duct Reel Cart r\u00e9duit l'usure de votre tuyau PC Air et des connecteurs PC Air. Il permet \u00e9galement un rangement pratique c\u00f4t\u00e9 piste.\",\"breadcrumb\":{\"@id\":\"https:\/\/itwgse.com\/fr\/products\/hoses\/chariot-pour-enrouleur-de-gaine-plate\/#breadcrumb\"},\"inLanguage\":\"fr-FR\",\"potentialAction\":[{\"@type\":\"ReadAction\",\"target\":[\"https:\/\/itwgse.com\/fr\/products\/hoses\/chariot-pour-enrouleur-de-gaine-plate\/\"]}]},{\"@type\":\"ImageObject\",\"inLanguage\":\"fr-FR\",\"@id\":\"https:\/\/itwgse.com\/fr\/products\/hoses\/chariot-pour-enrouleur-de-gaine-plate\/#primaryimage\",\"url\":\"https:\/\/itwgse.com\/wp-content\/uploads\/2018\/03\/flat-duct-reel-cart-menu.png\",\"contentUrl\":\"https:\/\/itwgse.com\/wp-content\/uploads\/2018\/03\/flat-duct-reel-cart-menu.png\",\"width\":740,\"height\":740,\"caption\":\"Flat Duct Reel Cart\"},{\"@type\":\"BreadcrumbList\",\"@id\":\"https:\/\/itwgse.com\/fr\/products\/hoses\/chariot-pour-enrouleur-de-gaine-plate\/#breadcrumb\",\"itemListElement\":[{\"@type\":\"ListItem\",\"position\":1,\"name\":\"Home\",\"item\":\"https:\/\/itwgse.com\/fr\/\"},{\"@type\":\"ListItem\",\"position\":2,\"name\":\"Chariot pour enrouleur de gaine plate\"}]},{\"@type\":\"WebSite\",\"@id\":\"https:\/\/itwgse.com\/#website\",\"url\":\"https:\/\/itwgse.com\/\",\"name\":\"ITW GSE\",\"description\":\"It&#039;s all about connections\",\"publisher\":{\"@id\":\"https:\/\/itwgse.com\/#organization\"},\"potentialAction\":[{\"@type\":\"SearchAction\",\"target\":{\"@type\":\"EntryPoint\",\"urlTemplate\":\"https:\/\/itwgse.com\/?s={search_term_string}\"},\"query-input\":{\"@type\":\"PropertyValueSpecification\",\"valueRequired\":true,\"valueName\":\"search_term_string\"}}],\"inLanguage\":\"fr-FR\"},{\"@type\":\"Organization\",\"@id\":\"https:\/\/itwgse.com\/#organization\",\"name\":\"ITW GSE\",\"url\":\"https:\/\/itwgse.com\/\",\"logo\":{\"@type\":\"ImageObject\",\"inLanguage\":\"fr-FR\",\"@id\":\"https:\/\/itwgse.com\/#\/schema\/logo\/image\/\",\"url\":\"https:\/\/itwgse.com\/wp-content\/uploads\/2018\/11\/logo.png\",\"contentUrl\":\"https:\/\/itwgse.com\/wp-content\/uploads\/2018\/11\/logo.png\",\"width\":302,\"height\":237,\"caption\":\"ITW GSE\"},\"image\":{\"@id\":\"https:\/\/itwgse.com\/#\/schema\/logo\/image\/\"},\"sameAs\":[\"https:\/\/www.facebook.com\/ITWGSE\/\",\"https:\/\/www.linkedin.com\/company\/itw-gse\/\",\"https:\/\/www.youtube.com\/channel\/UCTUIMvyaOPfYIqzP8enZ8yw\"]}]}<\/script>\n<!-- \/ Yoast SEO plugin. -->","yoast_head_json":{"title":"Chariot pour enrouleur de gaine plate - Stockage pratique c\u00f4t\u00e9 piste | ITW GSE","description":"Flat Duct Reel Cart r\u00e9duit l'usure de votre tuyau PC Air et des connecteurs PC Air. Il permet \u00e9galement un rangement pratique c\u00f4t\u00e9 piste.","robots":{"index":"index","follow":"follow","max-snippet":"max-snippet:-1","max-image-preview":"max-image-preview:large","max-video-preview":"max-video-preview:-1"},"canonical":"https:\/\/itwgse.com\/fr\/products\/hoses\/chariot-pour-enrouleur-de-gaine-plate\/","og_locale":"fr_FR","og_type":"article","og_title":"Chariot pour enrouleur de gaine plate - Stockage pratique c\u00f4t\u00e9 piste | ITW GSE","og_description":"Flat Duct Reel Cart r\u00e9duit l'usure de votre tuyau PC Air et des connecteurs PC Air. Il permet \u00e9galement un rangement pratique c\u00f4t\u00e9 piste.","og_url":"https:\/\/itwgse.com\/fr\/products\/hoses\/chariot-pour-enrouleur-de-gaine-plate\/","og_site_name":"ITW GSE","article_publisher":"https:\/\/www.facebook.com\/ITWGSE\/","article_modified_time":"2026-03-09T12:39:01+00:00","og_image":[{"width":740,"height":740,"url":"https:\/\/itwgse.com\/wp-content\/uploads\/2018\/03\/flat-duct-reel-cart-menu.png","type":"image\/png"}],"twitter_card":"summary_large_image","schema":{"@context":"https:\/\/schema.org","@graph":[{"@type":"WebPage","@id":"https:\/\/itwgse.com\/fr\/products\/hoses\/chariot-pour-enrouleur-de-gaine-plate\/","url":"https:\/\/itwgse.com\/fr\/products\/hoses\/chariot-pour-enrouleur-de-gaine-plate\/","name":"Chariot pour enrouleur de gaine plate - Stockage pratique c\u00f4t\u00e9 piste | ITW GSE","isPartOf":{"@id":"https:\/\/itwgse.com\/#website"},"primaryImageOfPage":{"@id":"https:\/\/itwgse.com\/fr\/products\/hoses\/chariot-pour-enrouleur-de-gaine-plate\/#primaryimage"},"image":{"@id":"https:\/\/itwgse.com\/fr\/products\/hoses\/chariot-pour-enrouleur-de-gaine-plate\/#primaryimage"},"thumbnailUrl":"https:\/\/itwgse.com\/wp-content\/uploads\/2018\/03\/flat-duct-reel-cart-menu.png","datePublished":"2018-03-19T17:49:44+00:00","dateModified":"2026-03-09T12:39:01+00:00","description":"Flat Duct Reel Cart r\u00e9duit l'usure de votre tuyau PC Air et des connecteurs PC Air. Il permet \u00e9galement un rangement pratique c\u00f4t\u00e9 piste.","breadcrumb":{"@id":"https:\/\/itwgse.com\/fr\/products\/hoses\/chariot-pour-enrouleur-de-gaine-plate\/#breadcrumb"},"inLanguage":"fr-FR","potentialAction":[{"@type":"ReadAction","target":["https:\/\/itwgse.com\/fr\/products\/hoses\/chariot-pour-enrouleur-de-gaine-plate\/"]}]},{"@type":"ImageObject","inLanguage":"fr-FR","@id":"https:\/\/itwgse.com\/fr\/products\/hoses\/chariot-pour-enrouleur-de-gaine-plate\/#primaryimage","url":"https:\/\/itwgse.com\/wp-content\/uploads\/2018\/03\/flat-duct-reel-cart-menu.png","contentUrl":"https:\/\/itwgse.com\/wp-content\/uploads\/2018\/03\/flat-duct-reel-cart-menu.png","width":740,"height":740,"caption":"Flat Duct Reel Cart"},{"@type":"BreadcrumbList","@id":"https:\/\/itwgse.com\/fr\/products\/hoses\/chariot-pour-enrouleur-de-gaine-plate\/#breadcrumb","itemListElement":[{"@type":"ListItem","position":1,"name":"Home","item":"https:\/\/itwgse.com\/fr\/"},{"@type":"ListItem","position":2,"name":"Chariot pour enrouleur de gaine plate"}]},{"@type":"WebSite","@id":"https:\/\/itwgse.com\/#website","url":"https:\/\/itwgse.com\/","name":"ITW GSE","description":"It&#039;s all about connections","publisher":{"@id":"https:\/\/itwgse.com\/#organization"},"potentialAction":[{"@type":"SearchAction","target":{"@type":"EntryPoint","urlTemplate":"https:\/\/itwgse.com\/?s={search_term_string}"},"query-input":{"@type":"PropertyValueSpecification","valueRequired":true,"valueName":"search_term_string"}}],"inLanguage":"fr-FR"},{"@type":"Organization","@id":"https:\/\/itwgse.com\/#organization","name":"ITW GSE","url":"https:\/\/itwgse.com\/","logo":{"@type":"ImageObject","inLanguage":"fr-FR","@id":"https:\/\/itwgse.com\/#\/schema\/logo\/image\/","url":"https:\/\/itwgse.com\/wp-content\/uploads\/2018\/11\/logo.png","contentUrl":"https:\/\/itwgse.com\/wp-content\/uploads\/2018\/11\/logo.png","width":302,"height":237,"caption":"ITW GSE"},"image":{"@id":"https:\/\/itwgse.com\/#\/schema\/logo\/image\/"},"sameAs":["https:\/\/www.facebook.com\/ITWGSE\/","https:\/\/www.linkedin.com\/company\/itw-gse\/","https:\/\/www.youtube.com\/channel\/UCTUIMvyaOPfYIqzP8enZ8yw"]}]}},"_links":{"self":[{"href":"https:\/\/itwgse.com\/fr\/wp-json\/wp\/v2\/product\/45190","targetHints":{"allow":["GET"]}}],"collection":[{"href":"https:\/\/itwgse.com\/fr\/wp-json\/wp\/v2\/product"}],"about":[{"href":"https:\/\/itwgse.com\/fr\/wp-json\/wp\/v2\/types\/product"}],"replies":[{"embeddable":true,"href":"https:\/\/itwgse.com\/fr\/wp-json\/wp\/v2\/comments?post=45190"}],"wp:featuredmedia":[{"embeddable":true,"href":"https:\/\/itwgse.com\/fr\/wp-json\/wp\/v2\/media\/4569"}],"wp:attachment":[{"href":"https:\/\/itwgse.com\/fr\/wp-json\/wp\/v2\/media?parent=45190"}],"wp:term":[{"taxonomy":"product_brand","embeddable":true,"href":"https:\/\/itwgse.com\/fr\/wp-json\/wp\/v2\/product_brand?post=45190"},{"taxonomy":"product_cat","embeddable":true,"href":"https:\/\/itwgse.com\/fr\/wp-json\/wp\/v2\/product_cat?post=45190"},{"taxonomy":"product_tag","embeddable":true,"href":"https:\/\/itwgse.com\/fr\/wp-json\/wp\/v2\/product_tag?post=45190"}],"curies":[{"name":"wp","href":"https:\/\/api.w.org\/{rel}","templated":true}]}}