{"id":45197,"date":"2018-03-19T13:07:37","date_gmt":"2018-03-19T12:07:37","guid":{"rendered":"https:\/\/itwgse.com\/products\/non class\u00e9\/adaptateur-pivotant-pour-avion\/"},"modified":"2026-03-09T13:39:16","modified_gmt":"2026-03-09T12:39:16","slug":"adaptateur-pivotant-pour-avion","status":"publish","type":"product","link":"https:\/\/itwgse.com\/fr\/products\/schlaeuche\/adaptateur-pivotant-pour-avion\/","title":{"rendered":"Adaptateur pivotant pour avion"},"content":{"rendered":"<div id=\"pl-45197\"  class=\"panel-layout\" ><div id=\"pg-45197-0\"  class=\"panel-grid panel-no-style\" ><div id=\"pgc-45197-0-0\"  class=\"panel-grid-cell\" ><div id=\"panel-45197-0-0-0\" class=\"so-panel widget widget_mtt-cover-section panel-first-child\" data-index=\"0\" ><div\n\t\t\t\n\t\t\tclass=\"so-widget-mtt-cover-section so-widget-mtt-cover-section-base\"\n\t\t\t\n\t\t>\n<div class=\"mtt-cover-section-wrap product\">\n    <div class=\"mtt-cover-product-container\">\n        <div class=\"mtt-cover-section-text-wrap\">\n            <img decoding=\"async\" width=\"1107\" height=\"507\" src=\"https:\/\/itwgse.com\/wp-content\/uploads\/2018\/03\/Swivel_Aircraft_Adapter_menu.png\" class=\"cover-product\" alt=\"Swivel Aircraft Adapter Aircraft hoses\" srcset=\"https:\/\/itwgse.com\/wp-content\/uploads\/2018\/03\/Swivel_Aircraft_Adapter_menu.png 1107w, https:\/\/itwgse.com\/wp-content\/uploads\/2018\/03\/Swivel_Aircraft_Adapter_menu-300x137.png 300w, https:\/\/itwgse.com\/wp-content\/uploads\/2018\/03\/Swivel_Aircraft_Adapter_menu-1024x469.png 1024w, https:\/\/itwgse.com\/wp-content\/uploads\/2018\/03\/Swivel_Aircraft_Adapter_menu-900x412.png 900w, https:\/\/itwgse.com\/wp-content\/uploads\/2018\/03\/Swivel_Aircraft_Adapter_menu-750x343.png 750w, https:\/\/itwgse.com\/wp-content\/uploads\/2018\/03\/Swivel_Aircraft_Adapter_menu-768x352.png 768w, https:\/\/itwgse.com\/wp-content\/uploads\/2018\/03\/Swivel_Aircraft_Adapter_menu-600x275.png 600w\" sizes=\"(max-width: 1107px) 100vw, 1107px\" \/>            <div class=\"mtt-cover-section-text\">\n                                <span class=\"tagline\"><\/span>\n                <h1>Adaptateur pivotant pour avion<\/h1>\n                <div class=\"text\"><p>Num\u00e9ro de brevet US 8016325<\/p>\n<\/div>\n                <input type=\"hidden\" name=\"product\" value=\"45197\">\n\n                    <div class=\"button-wrap\">\n                        <a class=\"button mtt-support-box modal\" data-flow=\"request-quotation\" data-template=\"request-form\"\n                           data-product_id=\"45197\" data-previous_no_pagination=\"true\">Request Product<\/a>\n\n                                                                                    <a\n                                    href=\"\"\n                                    class=\"button  open-brochure-modal\"\n                                >\n                                    Brochure                                <\/a>\n                                                                        <\/div>\n\n            <\/div>\n        <\/div>\n    <\/div>\n    <div class=\"mtt-cover-product-background no-background\" >\n                <div class=\"mtt-cover-product-background-image\">\n                        <img decoding=\"async\"  src=\"https:\/\/itwgse.com\/wp-content\/themes\/mtt-standard-theme\/assets\/img\/cover\/itwgse_cut_wide.svg\" class=\"itwgse-cut\">        <\/div>\n\n        <div class=\"mtt-cover-product small\">\n            <img decoding=\"async\" width=\"1200\" height=\"740\" src=\"https:\/\/itwgse.com\/wp-content\/uploads\/2018\/03\/Swivel-Aircraft-Adapter-1200x740.png\" class=\"attachment-1200x740x size-1200x740x\" alt=\"Aircraft hoses\" srcset=\"https:\/\/itwgse.com\/wp-content\/uploads\/2018\/03\/Swivel-Aircraft-Adapter.png 1200w, https:\/\/itwgse.com\/wp-content\/uploads\/2018\/03\/Swivel-Aircraft-Adapter-300x185.png 300w, https:\/\/itwgse.com\/wp-content\/uploads\/2018\/03\/Swivel-Aircraft-Adapter-1024x631.png 1024w\" sizes=\"(max-width: 1200px) 100vw, 1200px\" \/>        <\/div>\n    <\/div>\n<\/div><\/div><\/div><div id=\"panel-45197-0-0-1\" class=\"so-panel widget widget_mtt-two-col-text\" data-index=\"1\" ><div\n\t\t\t\n\t\t\tclass=\"so-widget-mtt-two-col-text so-widget-mtt-two-col-text-base\"\n\t\t\t\n\t\t>\n<div class=\"mtt-two-col-wrapper no-bottom-padding\">\n    <div class=\"mtt-two-col-container\">\n        <div class=\"mtt-two-col-content\">\n                        <div class=\"text-section\">\n                <div class=\"col formatted_content\"><p><img decoding=\"async\" class=\"size-medium wp-image-4472 alignleft\" src=\"https:\/\/itwgse.com\/wp-content\/uploads\/2018\/03\/BLCK9008-189x300.png\" alt=\"Adaptateur pivotant pour avion ITW GSE\" width=\"189\" height=\"300\" srcset=\"https:\/\/itwgse.com\/wp-content\/uploads\/2018\/03\/BLCK9008-189x300.png 189w, https:\/\/itwgse.com\/wp-content\/uploads\/2018\/03\/BLCK9008-646x1024.png 646w\" sizes=\"(max-width: 189px) 100vw, 189px\" \/>Le connecteur pivotant pour avion d'ITW GSE peut \u00eatre utilis\u00e9 pour le chauffage ou la climatisation. Il est r\u00e9sistant aux UV et con\u00e7u pour supporter les produits chimiques, les carburants et les solvants que l'on trouve dans l'environnement difficile de l'assistance au sol. Son poids l\u00e9ger en fait un composant indispensable pour toutes les unit\u00e9s PCA.  <\/p>\n<p>Le JB360 Swivel Aircraft Adapter doit son nom \u00e0 la rotation de 360 degr\u00e9s qu'il permet.<\/p>\n<p>\u00a0<\/p>\n<p>\u00a0<\/p>\n<p>\u00a0<\/p>\n<div class=\"pcl_tooltip_box\" style=\"display: none;\">\n<p>Image d\u00e9j\u00e0 ajout\u00e9e<\/p>\n<div class=\"arrow border\"><\/div>\n<div class=\"arrow\"><\/div>\n<\/div>\n<div class=\"pcl_global_mask\" style=\"display: none;\"><\/div>\n<\/div>\n                <div class=\"col formatted_content\"><h3>Caract\u00e9ristiques<\/h3>\n<ul>\n<li>Tous les colliers et tuyaux n\u00e9cessaires sont inclus pour fonctionner avec le connecteur PCA.<\/li>\n<li>La conception brevet\u00e9e compense les torsions, les plis et les probl\u00e8mes d'alignement que les tuyaux PCA rencontrent dans le cadre d'une utilisation normale.<\/li>\n<li>L'adaptateur pivotant PCA permet de maximiser le flux d'air vers l'avion.<\/li>\n<li>Lib\u00e8re le personnel de piste de la t\u00e2che de s'arr\u00eater pour redresser le tuyau et r\u00e9parer les coudes.<\/li>\n<li>Disponible dans les longueurs de tuyau suivantes : 13\", 48\" et 96\".<\/li>\n<\/ul>\n<div class=\"pcl_tooltip_box\" style=\"display: none;\">\n<p>Image d\u00e9j\u00e0 ajout\u00e9e<\/p>\n<div class=\"arrow border\"><\/div>\n<div class=\"arrow\"><\/div>\n<\/div>\n<div class=\"pcl_global_mask\" style=\"display: none;\"><\/div>\n                                    <\/div>\n            <\/div>\n                    <\/div>\n    <\/div>\n<\/div><\/div><\/div><div id=\"panel-45197-0-0-2\" class=\"so-panel widget widget_mtt-product-files\" data-index=\"2\" ><div\n\t\t\t\n\t\t\tclass=\"so-widget-mtt-product-files so-widget-mtt-product-files-base\"\n\t\t\t\n\t\t>    <div class=\"product-files-wrapper no-top-padding\">\n        <div class=\"page_container\">\n            <h2>Downloads for Adaptateur pivotant pour avion<\/h2>\n            <div class=\"button-wrap\">\n                                                            <a\n                            class=\"button open-modal\"\n                            href=\"#\"\n                            data-id=\"9610b577-6841-422b-bc3e-858fa43130ba\"\n                        >\n                            Brochures                        <\/a>\n                                                                        <\/div>\n        <\/div>\n    <\/div>\n    <\/div><\/div><div id=\"panel-45197-0-0-3\" class=\"so-panel widget widget_mtt-two-col-text\" data-index=\"3\" ><div\n\t\t\t\n\t\t\tclass=\"so-widget-mtt-two-col-text so-widget-mtt-two-col-text-base\"\n\t\t\t\n\t\t>\n<div class=\"mtt-two-col-wrapper no-bottom-padding no-top-padding\">\n    <div class=\"mtt-two-col-container\">\n        <div class=\"mtt-two-col-content\">\n                        <div class=\"text-section\">\n                <div class=\"col formatted_content\"><p><img decoding=\"async\" class=\"aligncenter wp-image-4587 size-full\" src=\"https:\/\/itwgse.com\/wp-content\/uploads\/2018\/03\/ProductNumber-JB360-BLCK9137.png\" alt=\"\" width=\"1000\" height=\"505\" srcset=\"https:\/\/itwgse.com\/wp-content\/uploads\/2018\/03\/ProductNumber-JB360-BLCK9137.png 1000w, https:\/\/itwgse.com\/wp-content\/uploads\/2018\/03\/ProductNumber-JB360-BLCK9137-300x152.png 300w\" sizes=\"(max-width: 1000px) 100vw, 1000px\" \/><\/p>\n<\/div>\n                <div class=\"col formatted_content\"><p><img decoding=\"async\" class=\"aligncenter wp-image-4588 size-large\" src=\"https:\/\/itwgse.com\/wp-content\/uploads\/2018\/03\/ProductNumber-JB730SC-48-360-BLCK9006-843x1024.png\" alt=\"\" width=\"843\" height=\"1024\" srcset=\"https:\/\/itwgse.com\/wp-content\/uploads\/2018\/03\/ProductNumber-JB730SC-48-360-BLCK9006-843x1024.png 843w, https:\/\/itwgse.com\/wp-content\/uploads\/2018\/03\/ProductNumber-JB730SC-48-360-BLCK9006-247x300.png 247w, https:\/\/itwgse.com\/wp-content\/uploads\/2018\/03\/ProductNumber-JB730SC-48-360-BLCK9006.png 1000w\" sizes=\"(max-width: 843px) 100vw, 843px\" \/><\/p>\n                                    <\/div>\n            <\/div>\n                    <\/div>\n    <\/div>\n<\/div><\/div><\/div><div id=\"panel-45197-0-0-4\" class=\"so-panel widget widget_mtt-one-col-text\" data-index=\"4\" ><div\n\t\t\t\n\t\t\tclass=\"so-widget-mtt-one-col-text so-widget-mtt-one-col-text-base\"\n\t\t\t\n\t\t>\n<div class=\"mtt-two-col-wrapper no-top-padding\">\n    <div class=\"mtt-two-col-container\">\n        <div class=\"mtt-two-col-content formatted_content has-title-one\">\n\t\t\t                <h2>Anciennement connu sous le nom de J&B Aviation<\/h2>\n                        <div class=\"text-section one-col\">\n                <p>Jusqu'en 2018, l'adaptateur pivotant pour avion \u00e9tait vendu sous la marque J&B Aviation.<\/p>\n<p>En savoir plus sur l <a href=\"https:\/\/itwgse.com\/about-itw-gse\/\" target=\"_blank\" rel=\"noopener\">'histoire de notre marque.<\/a><\/p>\n<p>\u00a0<\/p>\n<p>Vous pouvez voir <a href=\"https:\/\/itwgse.com\/aircraft-hoses\/\">ici tous les tuyaux ITW GSE<\/a> actuels.<\/p>\n            <\/div>\n\n            \n                        <\/div>\n    <\/div>\n<\/div>\n<\/div><\/div><div id=\"panel-45197-0-0-5\" class=\"so-panel widget widget_mtt-customer-support panel-last-child\" data-index=\"5\" ><div\n\t\t\t\n\t\t\tclass=\"so-widget-mtt-customer-support so-widget-mtt-customer-support-base\"\n\t\t\t\n\t\t>\n<div class=\"mtt-text-image-wrap less-top-padding less-bottom-padding grey-bg\">\n        <!-- Content -->\n    <div class=\"mtt-text-image-container\">\n        <div class=\"mtt-text-image-col\">\n            <div class=\"mtt-text-image-content formatted_content\">\n                                <h2>Assistance client\u00e8le<\/h2>\n                <p><strong>Comment pouvons-nous vous aider\u00a0?<\/strong><\/p>\n<p>Besoin de sch\u00e9mas, de listes de pi\u00e8ces d\u00e9tach\u00e9es ou de tutoriels vid\u00e9o\u00a0? Cliquez sur le bouton \u00ab\u00a0Assistance produit\u00a0\u00bb.<\/p>\n<p>Des questions pour l\u2019assistance client\u00e8le\u00a0? Cliquez sur le bouton \u00ab\u00a0Contacter l\u2019assistance client\u00e8le\u00a0\u00bb.<\/p>\n<p>Si votre question concerne un produit sp\u00e9cifique, veuillez indiquer son num\u00e9ro de s\u00e9rie.<\/p>\n\n                                    <div class=\"button-wrap\">\n                                                    <a href=\"https:\/\/itwgse.com\/fr\/soutien-et-service\/\" class=\"button\">\n                                Assistance produit                            <\/a>\n                                                    <a href=\"https:\/\/itwgse.com\/fr\/contact\/\" class=\"button\">\n                                Contacter l\u2019assistance client\u00e8le                            <\/a>\n                                            <\/div>\n                            <\/div>\n        <\/div>\n                    <div class=\"mtt-text-image-col img center\">\n                <div class=\"mtt-text-image-content\">\n                    <img decoding=\"async\" width=\"1800\" height=\"1023\" src=\"https:\/\/itwgse.com\/wp-content\/uploads\/2018\/06\/ITWGSE_hero_cleanest-1.jpg\" class=\"attachment-full size-full\" alt=\"\" srcset=\"https:\/\/itwgse.com\/wp-content\/uploads\/2018\/06\/ITWGSE_hero_cleanest-1.jpg 1800w, https:\/\/itwgse.com\/wp-content\/uploads\/2018\/06\/ITWGSE_hero_cleanest-1-300x171.jpg 300w, https:\/\/itwgse.com\/wp-content\/uploads\/2018\/06\/ITWGSE_hero_cleanest-1-1024x582.jpg 1024w\" sizes=\"(max-width: 1800px) 100vw, 1800px\" \/>                \n                    \n                    \n                <\/div>\n            <\/div>\n            <\/div>\n<\/div>\n\n<script>\nfunction sendEvent(action, element) {\n    var videoTitle = jQuery(element).data('title');  \n\n    if (dataLayer && videoTitle) {\n        dataLayer.push({\n            'event': 'video',\n            'eventCategory': 'Video',\n            'eventAction': action,\n            'eventLabel': videoTitle\n        });\n    }\n    else if (ga && videoTitle) {\n        ga('send', 'event', 'Video', action, videoTitle);\n    }  \n}\n<\/script>\n<\/div><\/div><\/div><\/div><\/div>","protected":false},"excerpt":{"rendered":"<p>La conception brevet\u00e9e de l&rsquo;adaptateur pivotant pour avion d&rsquo;ITW GSE compense les torsions, les plis et les probl\u00e8mes d&rsquo;alignement des tuyaux PCA.<\/p>\n","protected":false},"featured_media":4546,"comment_status":"open","ping_status":"closed","template":"","meta":{"_acf_changed":false,"_relevanssi_hide_post":"","_relevanssi_hide_content":"","_relevanssi_pin_for_all":"","_relevanssi_pin_keywords":"","_relevanssi_unpin_keywords":"","_relevanssi_related_keywords":"","_relevanssi_related_include_ids":"","_relevanssi_related_exclude_ids":"","_relevanssi_related_no_append":"","_relevanssi_related_not_related":"","_relevanssi_related_posts":"","_relevanssi_noindex_reason":""},"product_brand":[],"product_cat":[4554,4583,4581,4542],"product_tag":[],"class_list":{"0":"post-45197","1":"product","2":"type-product","3":"status-publish","4":"has-post-thumbnail","6":"product_cat-brochure-catalogue","7":"product_cat-cables-et-tuyaux","8":"product_cat-produits-militaires","9":"product_cat-schlaeuche","11":"first","12":"instock","13":"shipping-taxable","14":"purchasable","15":"product-type-simple"},"acf":[],"yoast_head":"<!-- This site is optimized with the Yoast SEO plugin v27.0 - https:\/\/yoast.com\/product\/yoast-seo-wordpress\/ -->\n<title>Adaptateur pivotant pour avion - Pour chauffage ou climatisation | ITW GSE<\/title>\n<meta name=\"description\" content=\"L&#039;adaptateur pivotant pour avion est l\u00e9ger, ce qui en fait un composant n\u00e9cessaire pour toutes les unit\u00e9s PCA telles que les tuyaux PCA. Ce connecteur PCA permet un d\u00e9bit d&#039;air maximal.\" \/>\n<meta name=\"robots\" content=\"index, follow, max-snippet:-1, max-image-preview:large, max-video-preview:-1\" \/>\n<link rel=\"canonical\" href=\"https:\/\/itwgse.com\/fr\/products\/hoses\/adaptateur-pivotant-pour-avion\/\" \/>\n<meta property=\"og:locale\" content=\"fr_FR\" \/>\n<meta property=\"og:type\" content=\"article\" \/>\n<meta property=\"og:title\" content=\"Adaptateur pivotant pour avion - Pour chauffage ou climatisation | ITW GSE\" \/>\n<meta property=\"og:description\" content=\"L&#039;adaptateur pivotant pour avion est l\u00e9ger, ce qui en fait un composant n\u00e9cessaire pour toutes les unit\u00e9s PCA telles que les tuyaux PCA. Ce connecteur PCA permet un d\u00e9bit d&#039;air maximal.\" \/>\n<meta property=\"og:url\" content=\"https:\/\/itwgse.com\/fr\/products\/hoses\/adaptateur-pivotant-pour-avion\/\" \/>\n<meta property=\"og:site_name\" content=\"ITW GSE\" \/>\n<meta property=\"article:publisher\" content=\"https:\/\/www.facebook.com\/ITWGSE\/\" \/>\n<meta property=\"article:modified_time\" content=\"2026-03-09T12:39:16+00:00\" \/>\n<meta property=\"og:image\" content=\"https:\/\/itwgse.com\/wp-content\/uploads\/2018\/03\/Swivel_Aircraft_Adapter_menu.png\" \/>\n\t<meta property=\"og:image:width\" content=\"1107\" \/>\n\t<meta property=\"og:image:height\" content=\"507\" \/>\n\t<meta property=\"og:image:type\" content=\"image\/png\" \/>\n<meta name=\"twitter:card\" content=\"summary_large_image\" \/>\n<script type=\"application\/ld+json\" class=\"yoast-schema-graph\">{\"@context\":\"https:\/\/schema.org\",\"@graph\":[{\"@type\":\"WebPage\",\"@id\":\"https:\/\/itwgse.com\/fr\/products\/hoses\/adaptateur-pivotant-pour-avion\/\",\"url\":\"https:\/\/itwgse.com\/fr\/products\/hoses\/adaptateur-pivotant-pour-avion\/\",\"name\":\"Adaptateur pivotant pour avion - Pour chauffage ou climatisation | ITW GSE\",\"isPartOf\":{\"@id\":\"https:\/\/itwgse.com\/#website\"},\"primaryImageOfPage\":{\"@id\":\"https:\/\/itwgse.com\/fr\/products\/hoses\/adaptateur-pivotant-pour-avion\/#primaryimage\"},\"image\":{\"@id\":\"https:\/\/itwgse.com\/fr\/products\/hoses\/adaptateur-pivotant-pour-avion\/#primaryimage\"},\"thumbnailUrl\":\"https:\/\/itwgse.com\/wp-content\/uploads\/2018\/03\/Swivel_Aircraft_Adapter_menu.png\",\"datePublished\":\"2018-03-19T12:07:37+00:00\",\"dateModified\":\"2026-03-09T12:39:16+00:00\",\"description\":\"L'adaptateur pivotant pour avion est l\u00e9ger, ce qui en fait un composant n\u00e9cessaire pour toutes les unit\u00e9s PCA telles que les tuyaux PCA. Ce connecteur PCA permet un d\u00e9bit d'air maximal.\",\"breadcrumb\":{\"@id\":\"https:\/\/itwgse.com\/fr\/products\/hoses\/adaptateur-pivotant-pour-avion\/#breadcrumb\"},\"inLanguage\":\"fr-FR\",\"potentialAction\":[{\"@type\":\"ReadAction\",\"target\":[\"https:\/\/itwgse.com\/fr\/products\/hoses\/adaptateur-pivotant-pour-avion\/\"]}]},{\"@type\":\"ImageObject\",\"inLanguage\":\"fr-FR\",\"@id\":\"https:\/\/itwgse.com\/fr\/products\/hoses\/adaptateur-pivotant-pour-avion\/#primaryimage\",\"url\":\"https:\/\/itwgse.com\/wp-content\/uploads\/2018\/03\/Swivel_Aircraft_Adapter_menu.png\",\"contentUrl\":\"https:\/\/itwgse.com\/wp-content\/uploads\/2018\/03\/Swivel_Aircraft_Adapter_menu.png\",\"width\":1107,\"height\":507,\"caption\":\"Swivel Aircraft Adapter Aircraft hoses\"},{\"@type\":\"BreadcrumbList\",\"@id\":\"https:\/\/itwgse.com\/fr\/products\/hoses\/adaptateur-pivotant-pour-avion\/#breadcrumb\",\"itemListElement\":[{\"@type\":\"ListItem\",\"position\":1,\"name\":\"Home\",\"item\":\"https:\/\/itwgse.com\/fr\/\"},{\"@type\":\"ListItem\",\"position\":2,\"name\":\"Adaptateur pivotant pour avion\"}]},{\"@type\":\"WebSite\",\"@id\":\"https:\/\/itwgse.com\/#website\",\"url\":\"https:\/\/itwgse.com\/\",\"name\":\"ITW GSE\",\"description\":\"It&#039;s all about connections\",\"publisher\":{\"@id\":\"https:\/\/itwgse.com\/#organization\"},\"potentialAction\":[{\"@type\":\"SearchAction\",\"target\":{\"@type\":\"EntryPoint\",\"urlTemplate\":\"https:\/\/itwgse.com\/?s={search_term_string}\"},\"query-input\":{\"@type\":\"PropertyValueSpecification\",\"valueRequired\":true,\"valueName\":\"search_term_string\"}}],\"inLanguage\":\"fr-FR\"},{\"@type\":\"Organization\",\"@id\":\"https:\/\/itwgse.com\/#organization\",\"name\":\"ITW GSE\",\"url\":\"https:\/\/itwgse.com\/\",\"logo\":{\"@type\":\"ImageObject\",\"inLanguage\":\"fr-FR\",\"@id\":\"https:\/\/itwgse.com\/#\/schema\/logo\/image\/\",\"url\":\"https:\/\/itwgse.com\/wp-content\/uploads\/2018\/11\/logo.png\",\"contentUrl\":\"https:\/\/itwgse.com\/wp-content\/uploads\/2018\/11\/logo.png\",\"width\":302,\"height\":237,\"caption\":\"ITW GSE\"},\"image\":{\"@id\":\"https:\/\/itwgse.com\/#\/schema\/logo\/image\/\"},\"sameAs\":[\"https:\/\/www.facebook.com\/ITWGSE\/\",\"https:\/\/www.linkedin.com\/company\/itw-gse\/\",\"https:\/\/www.youtube.com\/channel\/UCTUIMvyaOPfYIqzP8enZ8yw\"]}]}<\/script>\n<!-- \/ Yoast SEO plugin. -->","yoast_head_json":{"title":"Adaptateur pivotant pour avion - Pour chauffage ou climatisation | ITW GSE","description":"L'adaptateur pivotant pour avion est l\u00e9ger, ce qui en fait un composant n\u00e9cessaire pour toutes les unit\u00e9s PCA telles que les tuyaux PCA. Ce connecteur PCA permet un d\u00e9bit d'air maximal.","robots":{"index":"index","follow":"follow","max-snippet":"max-snippet:-1","max-image-preview":"max-image-preview:large","max-video-preview":"max-video-preview:-1"},"canonical":"https:\/\/itwgse.com\/fr\/products\/hoses\/adaptateur-pivotant-pour-avion\/","og_locale":"fr_FR","og_type":"article","og_title":"Adaptateur pivotant pour avion - Pour chauffage ou climatisation | ITW GSE","og_description":"L'adaptateur pivotant pour avion est l\u00e9ger, ce qui en fait un composant n\u00e9cessaire pour toutes les unit\u00e9s PCA telles que les tuyaux PCA. Ce connecteur PCA permet un d\u00e9bit d'air maximal.","og_url":"https:\/\/itwgse.com\/fr\/products\/hoses\/adaptateur-pivotant-pour-avion\/","og_site_name":"ITW GSE","article_publisher":"https:\/\/www.facebook.com\/ITWGSE\/","article_modified_time":"2026-03-09T12:39:16+00:00","og_image":[{"width":1107,"height":507,"url":"https:\/\/itwgse.com\/wp-content\/uploads\/2018\/03\/Swivel_Aircraft_Adapter_menu.png","type":"image\/png"}],"twitter_card":"summary_large_image","schema":{"@context":"https:\/\/schema.org","@graph":[{"@type":"WebPage","@id":"https:\/\/itwgse.com\/fr\/products\/hoses\/adaptateur-pivotant-pour-avion\/","url":"https:\/\/itwgse.com\/fr\/products\/hoses\/adaptateur-pivotant-pour-avion\/","name":"Adaptateur pivotant pour avion - Pour chauffage ou climatisation | ITW GSE","isPartOf":{"@id":"https:\/\/itwgse.com\/#website"},"primaryImageOfPage":{"@id":"https:\/\/itwgse.com\/fr\/products\/hoses\/adaptateur-pivotant-pour-avion\/#primaryimage"},"image":{"@id":"https:\/\/itwgse.com\/fr\/products\/hoses\/adaptateur-pivotant-pour-avion\/#primaryimage"},"thumbnailUrl":"https:\/\/itwgse.com\/wp-content\/uploads\/2018\/03\/Swivel_Aircraft_Adapter_menu.png","datePublished":"2018-03-19T12:07:37+00:00","dateModified":"2026-03-09T12:39:16+00:00","description":"L'adaptateur pivotant pour avion est l\u00e9ger, ce qui en fait un composant n\u00e9cessaire pour toutes les unit\u00e9s PCA telles que les tuyaux PCA. Ce connecteur PCA permet un d\u00e9bit d'air maximal.","breadcrumb":{"@id":"https:\/\/itwgse.com\/fr\/products\/hoses\/adaptateur-pivotant-pour-avion\/#breadcrumb"},"inLanguage":"fr-FR","potentialAction":[{"@type":"ReadAction","target":["https:\/\/itwgse.com\/fr\/products\/hoses\/adaptateur-pivotant-pour-avion\/"]}]},{"@type":"ImageObject","inLanguage":"fr-FR","@id":"https:\/\/itwgse.com\/fr\/products\/hoses\/adaptateur-pivotant-pour-avion\/#primaryimage","url":"https:\/\/itwgse.com\/wp-content\/uploads\/2018\/03\/Swivel_Aircraft_Adapter_menu.png","contentUrl":"https:\/\/itwgse.com\/wp-content\/uploads\/2018\/03\/Swivel_Aircraft_Adapter_menu.png","width":1107,"height":507,"caption":"Swivel Aircraft Adapter Aircraft hoses"},{"@type":"BreadcrumbList","@id":"https:\/\/itwgse.com\/fr\/products\/hoses\/adaptateur-pivotant-pour-avion\/#breadcrumb","itemListElement":[{"@type":"ListItem","position":1,"name":"Home","item":"https:\/\/itwgse.com\/fr\/"},{"@type":"ListItem","position":2,"name":"Adaptateur pivotant pour avion"}]},{"@type":"WebSite","@id":"https:\/\/itwgse.com\/#website","url":"https:\/\/itwgse.com\/","name":"ITW GSE","description":"It&#039;s all about connections","publisher":{"@id":"https:\/\/itwgse.com\/#organization"},"potentialAction":[{"@type":"SearchAction","target":{"@type":"EntryPoint","urlTemplate":"https:\/\/itwgse.com\/?s={search_term_string}"},"query-input":{"@type":"PropertyValueSpecification","valueRequired":true,"valueName":"search_term_string"}}],"inLanguage":"fr-FR"},{"@type":"Organization","@id":"https:\/\/itwgse.com\/#organization","name":"ITW GSE","url":"https:\/\/itwgse.com\/","logo":{"@type":"ImageObject","inLanguage":"fr-FR","@id":"https:\/\/itwgse.com\/#\/schema\/logo\/image\/","url":"https:\/\/itwgse.com\/wp-content\/uploads\/2018\/11\/logo.png","contentUrl":"https:\/\/itwgse.com\/wp-content\/uploads\/2018\/11\/logo.png","width":302,"height":237,"caption":"ITW GSE"},"image":{"@id":"https:\/\/itwgse.com\/#\/schema\/logo\/image\/"},"sameAs":["https:\/\/www.facebook.com\/ITWGSE\/","https:\/\/www.linkedin.com\/company\/itw-gse\/","https:\/\/www.youtube.com\/channel\/UCTUIMvyaOPfYIqzP8enZ8yw"]}]}},"_links":{"self":[{"href":"https:\/\/itwgse.com\/fr\/wp-json\/wp\/v2\/product\/45197","targetHints":{"allow":["GET"]}}],"collection":[{"href":"https:\/\/itwgse.com\/fr\/wp-json\/wp\/v2\/product"}],"about":[{"href":"https:\/\/itwgse.com\/fr\/wp-json\/wp\/v2\/types\/product"}],"replies":[{"embeddable":true,"href":"https:\/\/itwgse.com\/fr\/wp-json\/wp\/v2\/comments?post=45197"}],"wp:featuredmedia":[{"embeddable":true,"href":"https:\/\/itwgse.com\/fr\/wp-json\/wp\/v2\/media\/4546"}],"wp:attachment":[{"href":"https:\/\/itwgse.com\/fr\/wp-json\/wp\/v2\/media?parent=45197"}],"wp:term":[{"taxonomy":"product_brand","embeddable":true,"href":"https:\/\/itwgse.com\/fr\/wp-json\/wp\/v2\/product_brand?post=45197"},{"taxonomy":"product_cat","embeddable":true,"href":"https:\/\/itwgse.com\/fr\/wp-json\/wp\/v2\/product_cat?post=45197"},{"taxonomy":"product_tag","embeddable":true,"href":"https:\/\/itwgse.com\/fr\/wp-json\/wp\/v2\/product_tag?post=45197"}],"curies":[{"name":"wp","href":"https:\/\/api.w.org\/{rel}","templated":true}]}}