{"id":45199,"date":"2018-03-19T14:40:10","date_gmt":"2018-03-19T13:40:10","guid":{"rendered":"https:\/\/itwgse.com\/products\/non class\u00e9\/pca-conduit-en-fil-enroule-velcro-et-fermeture-a-glissiere\/"},"modified":"2026-03-09T13:39:19","modified_gmt":"2026-03-09T12:39:19","slug":"pca-conduit-en-fil-enroule-velcro-et-fermeture-a-glissiere","status":"publish","type":"product","link":"https:\/\/itwgse.com\/fr\/products\/schlaeuche\/pca-conduit-en-fil-enroule-velcro-et-fermeture-a-glissiere\/","title":{"rendered":"PCA Conduit en fil enroul\u00e9 Velcro et fermeture \u00e0 glissi\u00e8re"},"content":{"rendered":"<div id=\"pl-45199\"  class=\"panel-layout\" ><div id=\"pg-45199-0\"  class=\"panel-grid panel-no-style\" ><div id=\"pgc-45199-0-0\"  class=\"panel-grid-cell\" ><div id=\"panel-45199-0-0-0\" class=\"so-panel widget widget_mtt-cover-section panel-first-child\" data-index=\"0\" ><div\n\t\t\t\n\t\t\tclass=\"so-widget-mtt-cover-section so-widget-mtt-cover-section-base\"\n\t\t\t\n\t\t>\n<div class=\"mtt-cover-section-wrap product\">\n    <div class=\"mtt-cover-product-container\">\n        <div class=\"mtt-cover-section-text-wrap\">\n            <img decoding=\"async\" width=\"776\" height=\"512\" src=\"https:\/\/itwgse.com\/wp-content\/uploads\/2018\/03\/pca-wire-wound-duct-velcro-and-zipper-menu.png\" class=\"cover-product\" alt=\"PCA Wire Wound Duct Velcro and Zipper\" srcset=\"https:\/\/itwgse.com\/wp-content\/uploads\/2018\/03\/pca-wire-wound-duct-velcro-and-zipper-menu.png 776w, https:\/\/itwgse.com\/wp-content\/uploads\/2018\/03\/pca-wire-wound-duct-velcro-and-zipper-menu-300x198.png 300w, https:\/\/itwgse.com\/wp-content\/uploads\/2018\/03\/pca-wire-wound-duct-velcro-and-zipper-menu-750x495.png 750w, https:\/\/itwgse.com\/wp-content\/uploads\/2018\/03\/pca-wire-wound-duct-velcro-and-zipper-menu-768x507.png 768w, https:\/\/itwgse.com\/wp-content\/uploads\/2018\/03\/pca-wire-wound-duct-velcro-and-zipper-menu-600x396.png 600w\" sizes=\"(max-width: 776px) 100vw, 776px\" \/>            <div class=\"mtt-cover-section-text\">\n                                <span class=\"tagline\"><\/span>\n                <h1>PCA Conduit en fil enroul\u00e9 Velcro et fermeture \u00e0 glissi\u00e8re<\/h1>\n                <div class=\"text\"><p>Tuyaux d'air conditionn\u00e9<\/p>\n<\/div>\n                <input type=\"hidden\" name=\"product\" value=\"45199\">\n\n                    <div class=\"button-wrap\">\n                        <a class=\"button mtt-support-box modal\" data-flow=\"request-quotation\" data-template=\"request-form\"\n                           data-product_id=\"45199\" data-previous_no_pagination=\"true\">Request Product<\/a>\n\n                                                                                    <a\n                                    href=\"\"\n                                    class=\"button  open-brochure-modal\"\n                                >\n                                    Brochure                                <\/a>\n                                                                        <\/div>\n\n            <\/div>\n        <\/div>\n    <\/div>\n    <div class=\"mtt-cover-product-background no-background\" >\n                <div class=\"mtt-cover-product-background-image\">\n                        <img decoding=\"async\"  src=\"https:\/\/itwgse.com\/wp-content\/themes\/mtt-standard-theme\/assets\/img\/cover\/itwgse_cut_wide.svg\" class=\"itwgse-cut\">        <\/div>\n\n        <div class=\"mtt-cover-product small\">\n            <img decoding=\"async\" width=\"1200\" height=\"740\" src=\"https:\/\/itwgse.com\/wp-content\/uploads\/2018\/03\/pca-wire-wound-duct-velcro-and-zipper-1200x740.png\" class=\"attachment-1200x740x size-1200x740x\" alt=\"\" srcset=\"https:\/\/itwgse.com\/wp-content\/uploads\/2018\/03\/pca-wire-wound-duct-velcro-and-zipper.png 1200w, https:\/\/itwgse.com\/wp-content\/uploads\/2018\/03\/pca-wire-wound-duct-velcro-and-zipper-300x185.png 300w, https:\/\/itwgse.com\/wp-content\/uploads\/2018\/03\/pca-wire-wound-duct-velcro-and-zipper-1024x631.png 1024w\" sizes=\"(max-width: 1200px) 100vw, 1200px\" \/>        <\/div>\n    <\/div>\n<\/div><\/div><\/div><div id=\"panel-45199-0-0-1\" class=\"so-panel widget widget_mtt-two-col-text\" data-index=\"1\" ><div\n\t\t\t\n\t\t\tclass=\"so-widget-mtt-two-col-text so-widget-mtt-two-col-text-base\"\n\t\t\t\n\t\t>\n<div class=\"mtt-two-col-wrapper no-bottom-padding\">\n    <div class=\"mtt-two-col-container\">\n        <div class=\"mtt-two-col-content\">\n                        <div class=\"text-section\">\n                <div class=\"col formatted_content\"><p>ITW GSE est le premier fournisseur de tuyaux PCA. La gaine isol\u00e9e PCA est une gaine de chauffage et de climatisation extr\u00eamement flexible. Il est construit avec un renfort en fil de fer pour une meilleure durabilit\u00e9. Le tuyau PCA est fabriqu\u00e9 \u00e0 partir d'un tissu enduit de vinyle \u00e0 deux couches, flexible et tr\u00e8s r\u00e9sistant \u00e0 l'abrasion. L'int\u00e9rieur est en nylon anti-grippant avec une isolation anti-humidit\u00e9 entre les plis. Ces gaines sont munies de fermetures \u00e9clair et de bandes velcro permettant d'attacher facilement des sections suppl\u00e9mentaires pour former des ensembles de gaines plus longs.     <\/p>\n<p>\u00a0<\/p>\n<h3>Caract\u00e9ristiques<\/h3>\n<ul>\n<li>La fermeture \u00e0 glissi\u00e8re et les bandes Velcro permettent d'assembler des gaines plus longues.<\/li>\n<li>Disponible avec des diam\u00e8tres int\u00e9rieurs de 14\u2033.<\/li>\n<li>Tol\u00e9rance aux variations de temp\u00e9rature de -40\u00ba F \u00e0 +125\u00ba F<\/li>\n<li>Valeur R minimale de 8,0 ou plus<\/li>\n<li>Bandes de frottement r\u00e9sistantes \u00e0 l'abrasion automatiquement incluses<\/li>\n<\/ul>\n<\/div>\n                <div class=\"col formatted_content\"><p><img decoding=\"async\" class=\"alignnone wp-image-4600 size-large\" src=\"https:\/\/itwgse.com\/wp-content\/uploads\/2018\/03\/BLCK8981-1-975x1024.png\" alt=\"\" width=\"975\" height=\"1024\" srcset=\"https:\/\/itwgse.com\/wp-content\/uploads\/2018\/03\/BLCK8981-1-975x1024.png 975w, https:\/\/itwgse.com\/wp-content\/uploads\/2018\/03\/BLCK8981-1-286x300.png 286w, https:\/\/itwgse.com\/wp-content\/uploads\/2018\/03\/BLCK8981-1.png 1000w\" sizes=\"(max-width: 975px) 100vw, 975px\" \/><\/p>\n                                    <\/div>\n            <\/div>\n                    <\/div>\n    <\/div>\n<\/div><\/div><\/div><div id=\"panel-45199-0-0-2\" class=\"so-panel widget widget_mtt-product-files\" data-index=\"2\" ><div\n\t\t\t\n\t\t\tclass=\"so-widget-mtt-product-files so-widget-mtt-product-files-base\"\n\t\t\t\n\t\t>    <div class=\"product-files-wrapper\">\n        <div class=\"page_container\">\n            <h2>Downloads for PCA Conduit en fil enroul\u00e9 Velcro et fermeture \u00e0 glissi\u00e8re<\/h2>\n            <div class=\"button-wrap\">\n                                                            <a\n                            class=\"button open-modal\"\n                            href=\"#\"\n                            data-id=\"5f57db8c-26f0-41cf-8f08-d7fec49c3337\"\n                        >\n                            Brochures                        <\/a>\n                                                                        <\/div>\n        <\/div>\n    <\/div>\n    <\/div><\/div><div id=\"panel-45199-0-0-3\" class=\"so-panel widget widget_mtt-one-col-text\" data-index=\"3\" ><div\n\t\t\t\n\t\t\tclass=\"so-widget-mtt-one-col-text so-widget-mtt-one-col-text-base\"\n\t\t\t\n\t\t>\n<div class=\"mtt-two-col-wrapper no-top-padding\">\n    <div class=\"mtt-two-col-container\">\n        <div class=\"mtt-two-col-content formatted_content has-title-one\">\n\t\t\t                <h2>Anciennement connu sous le nom de J&B Aviation Premium Hose<\/h2>\n                        <div class=\"text-section one-col\">\n                <p>Jusqu'en 2018, les gaines \u00e0 enroulement m\u00e9tallique et les fermetures \u00e0 glissi\u00e8re de la PCA \u00e9taient vendues sous la marque J&B Aviation Premium Hose.<\/p>\n<p>En savoir plus sur l <a href=\"https:\/\/itwgse.com\/about-itw-gse\/\" target=\"_blank\" rel=\"noopener\">'histoire de notre marque.<\/a><\/p>\n<p>\u00a0<\/p>\n<p>Vous pouvez voir <a href=\"https:\/\/itwgse.com\/aircraft-hoses\/\">ici tous les tuyaux ITW GSE<\/a> actuels.<\/p>\n            <\/div>\n\n            \n                        <\/div>\n    <\/div>\n<\/div>\n<\/div><\/div><div id=\"panel-45199-0-0-4\" class=\"so-panel widget widget_mtt-customer-support panel-last-child\" data-index=\"4\" ><div\n\t\t\t\n\t\t\tclass=\"so-widget-mtt-customer-support so-widget-mtt-customer-support-base\"\n\t\t\t\n\t\t>\n<div class=\"mtt-text-image-wrap less-top-padding less-bottom-padding grey-bg\">\n        <!-- Content -->\n    <div class=\"mtt-text-image-container\">\n        <div class=\"mtt-text-image-col\">\n            <div class=\"mtt-text-image-content formatted_content\">\n                                <h2>Assistance client\u00e8le<\/h2>\n                <p><strong>Comment pouvons-nous vous aider\u00a0?<\/strong><\/p>\n<p>Besoin de sch\u00e9mas, de listes de pi\u00e8ces d\u00e9tach\u00e9es ou de tutoriels vid\u00e9o\u00a0? Cliquez sur le bouton \u00ab\u00a0Assistance produit\u00a0\u00bb.<\/p>\n<p>Des questions pour l\u2019assistance client\u00e8le\u00a0? Cliquez sur le bouton \u00ab\u00a0Contacter l\u2019assistance client\u00e8le\u00a0\u00bb.<\/p>\n<p>Si votre question concerne un produit sp\u00e9cifique, veuillez indiquer son num\u00e9ro de s\u00e9rie.<\/p>\n\n                                    <div class=\"button-wrap\">\n                                                    <a href=\"https:\/\/itwgse.com\/fr\/soutien-et-service\/\" class=\"button\">\n                                Assistance produit                            <\/a>\n                                                    <a href=\"https:\/\/itwgse.com\/fr\/contact\/\" class=\"button\">\n                                Contacter l\u2019assistance client\u00e8le                            <\/a>\n                                            <\/div>\n                            <\/div>\n        <\/div>\n                    <div class=\"mtt-text-image-col img center\">\n                <div class=\"mtt-text-image-content\">\n                    <img decoding=\"async\" width=\"1800\" height=\"1023\" src=\"https:\/\/itwgse.com\/wp-content\/uploads\/2018\/06\/ITWGSE_hero_cleanest-1.jpg\" class=\"attachment-full size-full\" alt=\"\" srcset=\"https:\/\/itwgse.com\/wp-content\/uploads\/2018\/06\/ITWGSE_hero_cleanest-1.jpg 1800w, https:\/\/itwgse.com\/wp-content\/uploads\/2018\/06\/ITWGSE_hero_cleanest-1-300x171.jpg 300w, https:\/\/itwgse.com\/wp-content\/uploads\/2018\/06\/ITWGSE_hero_cleanest-1-1024x582.jpg 1024w\" sizes=\"(max-width: 1800px) 100vw, 1800px\" \/>                \n                    \n                    \n                <\/div>\n            <\/div>\n            <\/div>\n<\/div>\n\n<script>\nfunction sendEvent(action, element) {\n    var videoTitle = jQuery(element).data('title');  \n\n    if (dataLayer && videoTitle) {\n        dataLayer.push({\n            'event': 'video',\n            'eventCategory': 'Video',\n            'eventAction': action,\n            'eventLabel': videoTitle\n        });\n    }\n    else if (ga && videoTitle) {\n        ga('send', 'event', 'Video', action, videoTitle);\n    }  \n}\n<\/script>\n<\/div><\/div><\/div><\/div><\/div>","protected":false},"excerpt":{"rendered":"<p>Tuyaux d&rsquo;air conditionn\u00e9<\/p>\n","protected":false},"featured_media":4565,"comment_status":"open","ping_status":"closed","template":"","meta":{"_acf_changed":false,"_relevanssi_hide_post":"","_relevanssi_hide_content":"","_relevanssi_pin_for_all":"","_relevanssi_pin_keywords":"","_relevanssi_unpin_keywords":"","_relevanssi_related_keywords":"","_relevanssi_related_include_ids":"","_relevanssi_related_exclude_ids":"","_relevanssi_related_no_append":"","_relevanssi_related_not_related":"","_relevanssi_related_posts":"","_relevanssi_noindex_reason":""},"product_brand":[],"product_cat":[4554,4583,4581,4542],"product_tag":[],"class_list":{"0":"post-45199","1":"product","2":"type-product","3":"status-publish","4":"has-post-thumbnail","6":"product_cat-brochure-catalogue","7":"product_cat-cables-et-tuyaux","8":"product_cat-produits-militaires","9":"product_cat-schlaeuche","11":"first","12":"instock","13":"shipping-taxable","14":"purchasable","15":"product-type-simple"},"acf":[],"yoast_head":"<!-- This site is optimized with the Yoast SEO plugin v27.0 - https:\/\/yoast.com\/product\/yoast-seo-wordpress\/ -->\n<title>Gaine en fil m\u00e9tallique PCA - Velcro et fermeture \u00e0 glissi\u00e8re | ITW GSE<\/title>\n<meta name=\"description\" content=\"La gaine isol\u00e9e PCA \u00e0 enroulement filaire est une gaine de chauffage et de climatisation extr\u00eamement flexible. Elle est livr\u00e9e avec des bandes de frottement r\u00e9sistantes \u00e0 l&#039;abrasion.\" \/>\n<meta name=\"robots\" content=\"index, follow, max-snippet:-1, max-image-preview:large, max-video-preview:-1\" \/>\n<link rel=\"canonical\" href=\"https:\/\/itwgse.com\/fr\/products\/hoses\/pca-conduit-en-fil-enroule-velcro-et-fermeture-a-glissiere\/\" \/>\n<meta property=\"og:locale\" content=\"fr_FR\" \/>\n<meta property=\"og:type\" content=\"article\" \/>\n<meta property=\"og:title\" content=\"Gaine en fil m\u00e9tallique PCA - Velcro et fermeture \u00e0 glissi\u00e8re | ITW GSE\" \/>\n<meta property=\"og:description\" content=\"La gaine isol\u00e9e PCA \u00e0 enroulement filaire est une gaine de chauffage et de climatisation extr\u00eamement flexible. Elle est livr\u00e9e avec des bandes de frottement r\u00e9sistantes \u00e0 l&#039;abrasion.\" \/>\n<meta property=\"og:url\" content=\"https:\/\/itwgse.com\/fr\/products\/hoses\/pca-conduit-en-fil-enroule-velcro-et-fermeture-a-glissiere\/\" \/>\n<meta property=\"og:site_name\" content=\"ITW GSE\" \/>\n<meta property=\"article:publisher\" content=\"https:\/\/www.facebook.com\/ITWGSE\/\" \/>\n<meta property=\"article:modified_time\" content=\"2026-03-09T12:39:19+00:00\" \/>\n<meta property=\"og:image\" content=\"https:\/\/itwgse.com\/wp-content\/uploads\/2018\/03\/pca-wire-wound-duct-velcro-and-zipper-menu.png\" \/>\n\t<meta property=\"og:image:width\" content=\"776\" \/>\n\t<meta property=\"og:image:height\" content=\"512\" \/>\n\t<meta property=\"og:image:type\" content=\"image\/png\" \/>\n<meta name=\"twitter:card\" content=\"summary_large_image\" \/>\n<script type=\"application\/ld+json\" class=\"yoast-schema-graph\">{\"@context\":\"https:\/\/schema.org\",\"@graph\":[{\"@type\":\"WebPage\",\"@id\":\"https:\/\/itwgse.com\/fr\/products\/hoses\/pca-conduit-en-fil-enroule-velcro-et-fermeture-a-glissiere\/\",\"url\":\"https:\/\/itwgse.com\/fr\/products\/hoses\/pca-conduit-en-fil-enroule-velcro-et-fermeture-a-glissiere\/\",\"name\":\"Gaine en fil m\u00e9tallique PCA - Velcro et fermeture \u00e0 glissi\u00e8re | ITW GSE\",\"isPartOf\":{\"@id\":\"https:\/\/itwgse.com\/#website\"},\"primaryImageOfPage\":{\"@id\":\"https:\/\/itwgse.com\/fr\/products\/hoses\/pca-conduit-en-fil-enroule-velcro-et-fermeture-a-glissiere\/#primaryimage\"},\"image\":{\"@id\":\"https:\/\/itwgse.com\/fr\/products\/hoses\/pca-conduit-en-fil-enroule-velcro-et-fermeture-a-glissiere\/#primaryimage\"},\"thumbnailUrl\":\"https:\/\/itwgse.com\/wp-content\/uploads\/2018\/03\/pca-wire-wound-duct-velcro-and-zipper-menu.png\",\"datePublished\":\"2018-03-19T13:40:10+00:00\",\"dateModified\":\"2026-03-09T12:39:19+00:00\",\"description\":\"La gaine isol\u00e9e PCA \u00e0 enroulement filaire est une gaine de chauffage et de climatisation extr\u00eamement flexible. Elle est livr\u00e9e avec des bandes de frottement r\u00e9sistantes \u00e0 l'abrasion.\",\"breadcrumb\":{\"@id\":\"https:\/\/itwgse.com\/fr\/products\/hoses\/pca-conduit-en-fil-enroule-velcro-et-fermeture-a-glissiere\/#breadcrumb\"},\"inLanguage\":\"fr-FR\",\"potentialAction\":[{\"@type\":\"ReadAction\",\"target\":[\"https:\/\/itwgse.com\/fr\/products\/hoses\/pca-conduit-en-fil-enroule-velcro-et-fermeture-a-glissiere\/\"]}]},{\"@type\":\"ImageObject\",\"inLanguage\":\"fr-FR\",\"@id\":\"https:\/\/itwgse.com\/fr\/products\/hoses\/pca-conduit-en-fil-enroule-velcro-et-fermeture-a-glissiere\/#primaryimage\",\"url\":\"https:\/\/itwgse.com\/wp-content\/uploads\/2018\/03\/pca-wire-wound-duct-velcro-and-zipper-menu.png\",\"contentUrl\":\"https:\/\/itwgse.com\/wp-content\/uploads\/2018\/03\/pca-wire-wound-duct-velcro-and-zipper-menu.png\",\"width\":776,\"height\":512,\"caption\":\"PCA Wire Wound Duct Velcro and Zipper\"},{\"@type\":\"BreadcrumbList\",\"@id\":\"https:\/\/itwgse.com\/fr\/products\/hoses\/pca-conduit-en-fil-enroule-velcro-et-fermeture-a-glissiere\/#breadcrumb\",\"itemListElement\":[{\"@type\":\"ListItem\",\"position\":1,\"name\":\"Home\",\"item\":\"https:\/\/itwgse.com\/fr\/\"},{\"@type\":\"ListItem\",\"position\":2,\"name\":\"PCA Conduit en fil enroul\u00e9 Velcro et fermeture \u00e0 glissi\u00e8re\"}]},{\"@type\":\"WebSite\",\"@id\":\"https:\/\/itwgse.com\/#website\",\"url\":\"https:\/\/itwgse.com\/\",\"name\":\"ITW GSE\",\"description\":\"It&#039;s all about connections\",\"publisher\":{\"@id\":\"https:\/\/itwgse.com\/#organization\"},\"potentialAction\":[{\"@type\":\"SearchAction\",\"target\":{\"@type\":\"EntryPoint\",\"urlTemplate\":\"https:\/\/itwgse.com\/?s={search_term_string}\"},\"query-input\":{\"@type\":\"PropertyValueSpecification\",\"valueRequired\":true,\"valueName\":\"search_term_string\"}}],\"inLanguage\":\"fr-FR\"},{\"@type\":\"Organization\",\"@id\":\"https:\/\/itwgse.com\/#organization\",\"name\":\"ITW GSE\",\"url\":\"https:\/\/itwgse.com\/\",\"logo\":{\"@type\":\"ImageObject\",\"inLanguage\":\"fr-FR\",\"@id\":\"https:\/\/itwgse.com\/#\/schema\/logo\/image\/\",\"url\":\"https:\/\/itwgse.com\/wp-content\/uploads\/2018\/11\/logo.png\",\"contentUrl\":\"https:\/\/itwgse.com\/wp-content\/uploads\/2018\/11\/logo.png\",\"width\":302,\"height\":237,\"caption\":\"ITW GSE\"},\"image\":{\"@id\":\"https:\/\/itwgse.com\/#\/schema\/logo\/image\/\"},\"sameAs\":[\"https:\/\/www.facebook.com\/ITWGSE\/\",\"https:\/\/www.linkedin.com\/company\/itw-gse\/\",\"https:\/\/www.youtube.com\/channel\/UCTUIMvyaOPfYIqzP8enZ8yw\"]}]}<\/script>\n<!-- \/ Yoast SEO plugin. -->","yoast_head_json":{"title":"Gaine en fil m\u00e9tallique PCA - Velcro et fermeture \u00e0 glissi\u00e8re | ITW GSE","description":"La gaine isol\u00e9e PCA \u00e0 enroulement filaire est une gaine de chauffage et de climatisation extr\u00eamement flexible. Elle est livr\u00e9e avec des bandes de frottement r\u00e9sistantes \u00e0 l'abrasion.","robots":{"index":"index","follow":"follow","max-snippet":"max-snippet:-1","max-image-preview":"max-image-preview:large","max-video-preview":"max-video-preview:-1"},"canonical":"https:\/\/itwgse.com\/fr\/products\/hoses\/pca-conduit-en-fil-enroule-velcro-et-fermeture-a-glissiere\/","og_locale":"fr_FR","og_type":"article","og_title":"Gaine en fil m\u00e9tallique PCA - Velcro et fermeture \u00e0 glissi\u00e8re | ITW GSE","og_description":"La gaine isol\u00e9e PCA \u00e0 enroulement filaire est une gaine de chauffage et de climatisation extr\u00eamement flexible. Elle est livr\u00e9e avec des bandes de frottement r\u00e9sistantes \u00e0 l'abrasion.","og_url":"https:\/\/itwgse.com\/fr\/products\/hoses\/pca-conduit-en-fil-enroule-velcro-et-fermeture-a-glissiere\/","og_site_name":"ITW GSE","article_publisher":"https:\/\/www.facebook.com\/ITWGSE\/","article_modified_time":"2026-03-09T12:39:19+00:00","og_image":[{"width":776,"height":512,"url":"https:\/\/itwgse.com\/wp-content\/uploads\/2018\/03\/pca-wire-wound-duct-velcro-and-zipper-menu.png","type":"image\/png"}],"twitter_card":"summary_large_image","schema":{"@context":"https:\/\/schema.org","@graph":[{"@type":"WebPage","@id":"https:\/\/itwgse.com\/fr\/products\/hoses\/pca-conduit-en-fil-enroule-velcro-et-fermeture-a-glissiere\/","url":"https:\/\/itwgse.com\/fr\/products\/hoses\/pca-conduit-en-fil-enroule-velcro-et-fermeture-a-glissiere\/","name":"Gaine en fil m\u00e9tallique PCA - Velcro et fermeture \u00e0 glissi\u00e8re | ITW GSE","isPartOf":{"@id":"https:\/\/itwgse.com\/#website"},"primaryImageOfPage":{"@id":"https:\/\/itwgse.com\/fr\/products\/hoses\/pca-conduit-en-fil-enroule-velcro-et-fermeture-a-glissiere\/#primaryimage"},"image":{"@id":"https:\/\/itwgse.com\/fr\/products\/hoses\/pca-conduit-en-fil-enroule-velcro-et-fermeture-a-glissiere\/#primaryimage"},"thumbnailUrl":"https:\/\/itwgse.com\/wp-content\/uploads\/2018\/03\/pca-wire-wound-duct-velcro-and-zipper-menu.png","datePublished":"2018-03-19T13:40:10+00:00","dateModified":"2026-03-09T12:39:19+00:00","description":"La gaine isol\u00e9e PCA \u00e0 enroulement filaire est une gaine de chauffage et de climatisation extr\u00eamement flexible. Elle est livr\u00e9e avec des bandes de frottement r\u00e9sistantes \u00e0 l'abrasion.","breadcrumb":{"@id":"https:\/\/itwgse.com\/fr\/products\/hoses\/pca-conduit-en-fil-enroule-velcro-et-fermeture-a-glissiere\/#breadcrumb"},"inLanguage":"fr-FR","potentialAction":[{"@type":"ReadAction","target":["https:\/\/itwgse.com\/fr\/products\/hoses\/pca-conduit-en-fil-enroule-velcro-et-fermeture-a-glissiere\/"]}]},{"@type":"ImageObject","inLanguage":"fr-FR","@id":"https:\/\/itwgse.com\/fr\/products\/hoses\/pca-conduit-en-fil-enroule-velcro-et-fermeture-a-glissiere\/#primaryimage","url":"https:\/\/itwgse.com\/wp-content\/uploads\/2018\/03\/pca-wire-wound-duct-velcro-and-zipper-menu.png","contentUrl":"https:\/\/itwgse.com\/wp-content\/uploads\/2018\/03\/pca-wire-wound-duct-velcro-and-zipper-menu.png","width":776,"height":512,"caption":"PCA Wire Wound Duct Velcro and Zipper"},{"@type":"BreadcrumbList","@id":"https:\/\/itwgse.com\/fr\/products\/hoses\/pca-conduit-en-fil-enroule-velcro-et-fermeture-a-glissiere\/#breadcrumb","itemListElement":[{"@type":"ListItem","position":1,"name":"Home","item":"https:\/\/itwgse.com\/fr\/"},{"@type":"ListItem","position":2,"name":"PCA Conduit en fil enroul\u00e9 Velcro et fermeture \u00e0 glissi\u00e8re"}]},{"@type":"WebSite","@id":"https:\/\/itwgse.com\/#website","url":"https:\/\/itwgse.com\/","name":"ITW GSE","description":"It&#039;s all about connections","publisher":{"@id":"https:\/\/itwgse.com\/#organization"},"potentialAction":[{"@type":"SearchAction","target":{"@type":"EntryPoint","urlTemplate":"https:\/\/itwgse.com\/?s={search_term_string}"},"query-input":{"@type":"PropertyValueSpecification","valueRequired":true,"valueName":"search_term_string"}}],"inLanguage":"fr-FR"},{"@type":"Organization","@id":"https:\/\/itwgse.com\/#organization","name":"ITW GSE","url":"https:\/\/itwgse.com\/","logo":{"@type":"ImageObject","inLanguage":"fr-FR","@id":"https:\/\/itwgse.com\/#\/schema\/logo\/image\/","url":"https:\/\/itwgse.com\/wp-content\/uploads\/2018\/11\/logo.png","contentUrl":"https:\/\/itwgse.com\/wp-content\/uploads\/2018\/11\/logo.png","width":302,"height":237,"caption":"ITW GSE"},"image":{"@id":"https:\/\/itwgse.com\/#\/schema\/logo\/image\/"},"sameAs":["https:\/\/www.facebook.com\/ITWGSE\/","https:\/\/www.linkedin.com\/company\/itw-gse\/","https:\/\/www.youtube.com\/channel\/UCTUIMvyaOPfYIqzP8enZ8yw"]}]}},"_links":{"self":[{"href":"https:\/\/itwgse.com\/fr\/wp-json\/wp\/v2\/product\/45199","targetHints":{"allow":["GET"]}}],"collection":[{"href":"https:\/\/itwgse.com\/fr\/wp-json\/wp\/v2\/product"}],"about":[{"href":"https:\/\/itwgse.com\/fr\/wp-json\/wp\/v2\/types\/product"}],"replies":[{"embeddable":true,"href":"https:\/\/itwgse.com\/fr\/wp-json\/wp\/v2\/comments?post=45199"}],"wp:featuredmedia":[{"embeddable":true,"href":"https:\/\/itwgse.com\/fr\/wp-json\/wp\/v2\/media\/4565"}],"wp:attachment":[{"href":"https:\/\/itwgse.com\/fr\/wp-json\/wp\/v2\/media?parent=45199"}],"wp:term":[{"taxonomy":"product_brand","embeddable":true,"href":"https:\/\/itwgse.com\/fr\/wp-json\/wp\/v2\/product_brand?post=45199"},{"taxonomy":"product_cat","embeddable":true,"href":"https:\/\/itwgse.com\/fr\/wp-json\/wp\/v2\/product_cat?post=45199"},{"taxonomy":"product_tag","embeddable":true,"href":"https:\/\/itwgse.com\/fr\/wp-json\/wp\/v2\/product_tag?post=45199"}],"curies":[{"name":"wp","href":"https:\/\/api.w.org\/{rel}","templated":true}]}}