{"id":45201,"date":"2018-03-19T12:13:51","date_gmt":"2018-03-19T11:13:51","guid":{"rendered":"https:\/\/itwgse.com\/products\/non class\u00e9\/pca-products-velcro-no-scuff\/"},"modified":"2026-03-09T13:39:27","modified_gmt":"2026-03-09T12:39:27","slug":"pca-products-velcro-no-scuff","status":"publish","type":"product","link":"https:\/\/itwgse.com\/fr\/products\/schlaeuche\/pca-products-velcro-no-scuff\/","title":{"rendered":"PCA Products Velcro &#8211; No Scuff"},"content":{"rendered":"<div id=\"pl-45201\"  class=\"panel-layout\" ><div id=\"pg-45201-0\"  class=\"panel-grid panel-no-style\" ><div id=\"pgc-45201-0-0\"  class=\"panel-grid-cell\" ><div id=\"panel-45201-0-0-0\" class=\"so-panel widget widget_mtt-cover-section panel-first-child\" data-index=\"0\" ><div\n\t\t\t\n\t\t\tclass=\"so-widget-mtt-cover-section so-widget-mtt-cover-section-base\"\n\t\t\t\n\t\t>\n<div class=\"mtt-cover-section-wrap product\">\n    <div class=\"mtt-cover-product-container\">\n        <div class=\"mtt-cover-section-text-wrap\">\n            <img decoding=\"async\" width=\"1130\" height=\"465\" src=\"https:\/\/itwgse.com\/wp-content\/uploads\/2018\/03\/PCA-Products-Velcro-\u2013-No-Scuff_menu.png\" class=\"cover-product\" alt=\"PCA Products Velcro \u2013 No Scuff Aircraft hoses\" srcset=\"https:\/\/itwgse.com\/wp-content\/uploads\/2018\/03\/PCA-Products-Velcro-\u2013-No-Scuff_menu.png 1130w, https:\/\/itwgse.com\/wp-content\/uploads\/2018\/03\/PCA-Products-Velcro-\u2013-No-Scuff_menu-300x123.png 300w, https:\/\/itwgse.com\/wp-content\/uploads\/2018\/03\/PCA-Products-Velcro-\u2013-No-Scuff_menu-1024x421.png 1024w, https:\/\/itwgse.com\/wp-content\/uploads\/2018\/03\/PCA-Products-Velcro-\u2013-No-Scuff_menu-900x370.png 900w, https:\/\/itwgse.com\/wp-content\/uploads\/2018\/03\/PCA-Products-Velcro-\u2013-No-Scuff_menu-750x309.png 750w, https:\/\/itwgse.com\/wp-content\/uploads\/2018\/03\/PCA-Products-Velcro-\u2013-No-Scuff_menu-768x316.png 768w, https:\/\/itwgse.com\/wp-content\/uploads\/2018\/03\/PCA-Products-Velcro-\u2013-No-Scuff_menu-600x247.png 600w\" sizes=\"(max-width: 1130px) 100vw, 1130px\" \/>            <div class=\"mtt-cover-section-text\">\n                                <span class=\"tagline\"><\/span>\n                <h1>PCA Products Velcro &#8211; No Scuff<\/h1>\n                <div class=\"text\"><p>ITW GSE est le premier fournisseur de tuyaux PCA. La gaine plate PCA, compacte et isol\u00e9e, est une gaine de chauffage et de climatisation extr\u00eamement flexible. Elle est construite sans armature m\u00e9tallique, ce qui lui permet d'\u00eatre aplatie et roul\u00e9e lorsqu'elle n'est pas utilis\u00e9e pour un stockage compact.  <\/p>\n<\/div>\n                <input type=\"hidden\" name=\"product\" value=\"45201\">\n\n                    <div class=\"button-wrap\">\n                        <a class=\"button mtt-support-box modal\" data-flow=\"request-quotation\" data-template=\"request-form\"\n                           data-product_id=\"45201\" data-previous_no_pagination=\"true\">Request Product<\/a>\n\n                                                                                    <a\n                                    href=\"\"\n                                    class=\"button  open-brochure-modal\"\n                                >\n                                    Brochure                                <\/a>\n                                                                        <\/div>\n\n            <\/div>\n        <\/div>\n    <\/div>\n    <div class=\"mtt-cover-product-background no-background\" >\n                <div class=\"mtt-cover-product-background-image\">\n                        <img decoding=\"async\"  src=\"https:\/\/itwgse.com\/wp-content\/themes\/mtt-standard-theme\/assets\/img\/cover\/itwgse_cut_wide.svg\" class=\"itwgse-cut\">        <\/div>\n\n        <div class=\"mtt-cover-product small\">\n            <img decoding=\"async\" width=\"1200\" height=\"740\" src=\"https:\/\/itwgse.com\/wp-content\/uploads\/2018\/03\/PCA-Products-Velcro-\u2013-No-Scuff-2-1200x740.png\" class=\"attachment-1200x740x size-1200x740x\" alt=\"Aircraft hoses\" srcset=\"https:\/\/itwgse.com\/wp-content\/uploads\/2018\/03\/PCA-Products-Velcro-\u2013-No-Scuff-2.png 1200w, https:\/\/itwgse.com\/wp-content\/uploads\/2018\/03\/PCA-Products-Velcro-\u2013-No-Scuff-2-300x185.png 300w, https:\/\/itwgse.com\/wp-content\/uploads\/2018\/03\/PCA-Products-Velcro-\u2013-No-Scuff-2-1024x631.png 1024w\" sizes=\"(max-width: 1200px) 100vw, 1200px\" \/>        <\/div>\n    <\/div>\n<\/div><\/div><\/div><div id=\"panel-45201-0-0-1\" class=\"so-panel widget widget_mtt-two-col-text\" data-index=\"1\" ><div\n\t\t\t\n\t\t\tclass=\"so-widget-mtt-two-col-text so-widget-mtt-two-col-text-base\"\n\t\t\t\n\t\t>\n<div class=\"mtt-two-col-wrapper no-bottom-padding\">\n    <div class=\"mtt-two-col-container\">\n        <div class=\"mtt-two-col-content\">\n                        <div class=\"text-section\">\n                <div class=\"col formatted_content\"><p>Le tuyau plat est fabriqu\u00e9 \u00e0 partir d'un tissu enduit de vinyle \u00e0 deux couches, flexible et tr\u00e8s r\u00e9sistant \u00e0 l'abrasion. L'int\u00e9rieur est en nylon antiglisse avec une isolation anti-humidit\u00e9 entre les plis. Ces gaines plates sont dot\u00e9es d'une bande Velcro qui permet de fixer facilement des sections suppl\u00e9mentaires pour former des ensembles de gaines plus longs.  <\/p>\n<div class=\"pcl_tooltip_box\" style=\"display: none;\">\n<p>Image d\u00e9j\u00e0 ajout\u00e9e<\/p>\n<div class=\"arrow border\"><\/div>\n<div class=\"arrow\"><\/div>\n<\/div>\n<div class=\"pcl_global_mask\" style=\"display: none;\"><\/div>\n<\/div>\n                <div class=\"col formatted_content\"><h3>Caract\u00e9ristiques<\/h3>\n<ul>\n<li>Les bandes Velcro des manchettes permettent de r\u00e9aliser des assemblages de gaines plus longs.<\/li>\n<li>Disponible avec des diam\u00e8tres int\u00e9rieurs de 14\u2033.<\/li>\n<li>Tol\u00e9rance aux variations de temp\u00e9rature de -40\u00ba F \u00e0 +125\u00ba F<\/li>\n<li>Valeur R minimale de 8,0 ou plus<\/li>\n<li>Conduits renforc\u00e9s par enroulement filaire \u00e9galement disponibles<\/li>\n<\/ul>\n<p><em>Veuillez <a href=\"https:\/\/itwgse.com\/our-team\/?employee_expertise%5B0%5D=hoses\">contacter votre responsable r\u00e9gional des ventes<\/a> pour plus de d\u00e9tails et d'options.<\/em><\/p>\n<div class=\"pcl_tooltip_box\" style=\"display: none;\">\n<p>Image d\u00e9j\u00e0 ajout\u00e9e<\/p>\n<div class=\"arrow border\"><\/div>\n<div class=\"arrow\"><\/div>\n<\/div>\n<div class=\"pcl_global_mask\" style=\"display: none;\"><\/div>\n                                    <\/div>\n            <\/div>\n                    <\/div>\n    <\/div>\n<\/div><\/div><\/div><div id=\"panel-45201-0-0-2\" class=\"so-panel widget widget_mtt-product-files\" data-index=\"2\" ><div\n\t\t\t\n\t\t\tclass=\"so-widget-mtt-product-files so-widget-mtt-product-files-base\"\n\t\t\t\n\t\t>    <div class=\"product-files-wrapper\">\n        <div class=\"page_container\">\n            <h2>Downloads for PCA Products Velcro &#8211; No Scuff<\/h2>\n            <div class=\"button-wrap\">\n                                                            <a\n                            class=\"button open-modal\"\n                            href=\"#\"\n                            data-id=\"4b261431-ddab-4710-9ec9-e92a4d52cd0f\"\n                        >\n                            Brochures                        <\/a>\n                                                                        <\/div>\n        <\/div>\n    <\/div>\n    <\/div><\/div><div id=\"panel-45201-0-0-3\" class=\"so-panel widget widget_mtt-one-col-text\" data-index=\"3\" ><div\n\t\t\t\n\t\t\tclass=\"so-widget-mtt-one-col-text so-widget-mtt-one-col-text-base\"\n\t\t\t\n\t\t>\n<div class=\"mtt-two-col-wrapper no-top-padding\">\n    <div class=\"mtt-two-col-container\">\n        <div class=\"mtt-two-col-content formatted_content\">\n\t\t\t            <div class=\"text-section one-col\">\n                <img decoding=\"async\" class=\"size-full wp-image-4595 aligncenter\" src=\"https:\/\/itwgse.com\/wp-content\/uploads\/2018\/03\/pca-duct-with-velcro.png\" alt=\"\" width=\"1000\" height=\"267\" srcset=\"https:\/\/itwgse.com\/wp-content\/uploads\/2018\/03\/pca-duct-with-velcro.png 1000w, https:\/\/itwgse.com\/wp-content\/uploads\/2018\/03\/pca-duct-with-velcro-300x80.png 300w\" sizes=\"(max-width: 1000px) 100vw, 1000px\" \/>            <\/div>\n\n            \n                        <\/div>\n    <\/div>\n<\/div>\n<\/div><\/div><div id=\"panel-45201-0-0-4\" class=\"so-panel widget widget_mtt-one-col-text\" data-index=\"4\" ><div\n\t\t\t\n\t\t\tclass=\"so-widget-mtt-one-col-text so-widget-mtt-one-col-text-base\"\n\t\t\t\n\t\t>\n<div class=\"mtt-two-col-wrapper no-top-padding\">\n    <div class=\"mtt-two-col-container\">\n        <div class=\"mtt-two-col-content formatted_content has-title-one\">\n\t\t\t                <h2>Anciennement connu sous le nom de J&B Aviation Air-A-Plane hose<\/h2>\n                        <div class=\"text-section one-col\">\n                <p>Jusqu'en 2018, le Velcro - Non Scuff de PCA Products \u00e9tait vendu sous la marque de tuyau Air-A-Plane de J&B Aviation.<\/p>\n<p>En savoir plus sur l <a href=\"https:\/\/itwgse.com\/about-itw-gse\/\" target=\"_blank\" rel=\"noopener\">'histoire de notre marque.<\/a><\/p>\n<p>\u00a0<\/p>\n<p>Vous pouvez voir <a href=\"https:\/\/itwgse.com\/aircraft-hoses\/\">ici tous les tuyaux ITW GSE<\/a> actuels.<\/p>\n            <\/div>\n\n            \n                        <\/div>\n    <\/div>\n<\/div>\n<\/div><\/div><div id=\"panel-45201-0-0-5\" class=\"so-panel widget widget_mtt-customer-support panel-last-child\" data-index=\"5\" ><div\n\t\t\t\n\t\t\tclass=\"so-widget-mtt-customer-support so-widget-mtt-customer-support-base\"\n\t\t\t\n\t\t>\n<div class=\"mtt-text-image-wrap less-top-padding less-bottom-padding grey-bg\">\n        <!-- Content -->\n    <div class=\"mtt-text-image-container\">\n        <div class=\"mtt-text-image-col\">\n            <div class=\"mtt-text-image-content formatted_content\">\n                                <h2>Assistance client\u00e8le<\/h2>\n                <p><strong>Comment pouvons-nous vous aider\u00a0?<\/strong><\/p>\n<p>Besoin de sch\u00e9mas, de listes de pi\u00e8ces d\u00e9tach\u00e9es ou de tutoriels vid\u00e9o\u00a0? Cliquez sur le bouton \u00ab\u00a0Assistance produit\u00a0\u00bb.<\/p>\n<p>Des questions pour l\u2019assistance client\u00e8le\u00a0? Cliquez sur le bouton \u00ab\u00a0Contacter l\u2019assistance client\u00e8le\u00a0\u00bb.<\/p>\n<p>Si votre question concerne un produit sp\u00e9cifique, veuillez indiquer son num\u00e9ro de s\u00e9rie.<\/p>\n\n                                    <div class=\"button-wrap\">\n                                                    <a href=\"https:\/\/itwgse.com\/fr\/soutien-et-service\/\" class=\"button\">\n                                Assistance produit                            <\/a>\n                                                    <a href=\"https:\/\/itwgse.com\/fr\/contact\/\" class=\"button\">\n                                Contacter l\u2019assistance client\u00e8le                            <\/a>\n                                            <\/div>\n                            <\/div>\n        <\/div>\n                    <div class=\"mtt-text-image-col img center\">\n                <div class=\"mtt-text-image-content\">\n                    <img decoding=\"async\" width=\"1800\" height=\"1023\" src=\"https:\/\/itwgse.com\/wp-content\/uploads\/2018\/06\/ITWGSE_hero_cleanest-1.jpg\" class=\"attachment-full size-full\" alt=\"\" srcset=\"https:\/\/itwgse.com\/wp-content\/uploads\/2018\/06\/ITWGSE_hero_cleanest-1.jpg 1800w, https:\/\/itwgse.com\/wp-content\/uploads\/2018\/06\/ITWGSE_hero_cleanest-1-300x171.jpg 300w, https:\/\/itwgse.com\/wp-content\/uploads\/2018\/06\/ITWGSE_hero_cleanest-1-1024x582.jpg 1024w\" sizes=\"(max-width: 1800px) 100vw, 1800px\" \/>                \n                    \n                    \n                <\/div>\n            <\/div>\n            <\/div>\n<\/div>\n\n<script>\nfunction sendEvent(action, element) {\n    var videoTitle = jQuery(element).data('title');  \n\n    if (dataLayer && videoTitle) {\n        dataLayer.push({\n            'event': 'video',\n            'eventCategory': 'Video',\n            'eventAction': action,\n            'eventLabel': videoTitle\n        });\n    }\n    else if (ga && videoTitle) {\n        ga('send', 'event', 'Video', action, videoTitle);\n    }  \n}\n<\/script>\n<\/div><\/div><\/div><\/div><\/div>","protected":false},"excerpt":{"rendered":"<p>Tuyaux d&rsquo;air conditionn\u00e9<\/p>\n","protected":false},"featured_media":4543,"comment_status":"open","ping_status":"closed","template":"","meta":{"_acf_changed":false,"_relevanssi_hide_post":"","_relevanssi_hide_content":"","_relevanssi_pin_for_all":"","_relevanssi_pin_keywords":"","_relevanssi_unpin_keywords":"","_relevanssi_related_keywords":"","_relevanssi_related_include_ids":"","_relevanssi_related_exclude_ids":"","_relevanssi_related_no_append":"","_relevanssi_related_not_related":"","_relevanssi_related_posts":"","_relevanssi_noindex_reason":""},"product_brand":[],"product_cat":[4554,4583,4542],"product_tag":[],"class_list":{"0":"post-45201","1":"product","2":"type-product","3":"status-publish","4":"has-post-thumbnail","6":"product_cat-brochure-catalogue","7":"product_cat-cables-et-tuyaux","8":"product_cat-schlaeuche","10":"first","11":"instock","12":"shipping-taxable","13":"purchasable","14":"product-type-simple"},"acf":[],"yoast_head":"<!-- This site is optimized with the Yoast SEO plugin v27.0 - https:\/\/yoast.com\/product\/yoast-seo-wordpress\/ -->\n<title>PCA Products Velcro - Gaine plate compacte et isol\u00e9e PCA | ITW GSE<\/title>\n<meta name=\"description\" content=\"PCA Products Velcro with no scuff est une gaine plate PCA extr\u00eamement flexible pour le chauffage et la climatisation. ITW GSE est le premier fournisseur de tuyaux PCA.\" \/>\n<meta name=\"robots\" content=\"index, follow, max-snippet:-1, max-image-preview:large, max-video-preview:-1\" \/>\n<link rel=\"canonical\" href=\"https:\/\/itwgse.com\/fr\/products\/hoses\/pca-products-velcro-no-scuff\/\" \/>\n<meta property=\"og:locale\" content=\"fr_FR\" \/>\n<meta property=\"og:type\" content=\"article\" \/>\n<meta property=\"og:title\" content=\"PCA Products Velcro - Gaine plate compacte et isol\u00e9e PCA | ITW GSE\" \/>\n<meta property=\"og:description\" content=\"PCA Products Velcro with no scuff est une gaine plate PCA extr\u00eamement flexible pour le chauffage et la climatisation. ITW GSE est le premier fournisseur de tuyaux PCA.\" \/>\n<meta property=\"og:url\" content=\"https:\/\/itwgse.com\/fr\/products\/hoses\/pca-products-velcro-no-scuff\/\" \/>\n<meta property=\"og:site_name\" content=\"ITW GSE\" \/>\n<meta property=\"article:publisher\" content=\"https:\/\/www.facebook.com\/ITWGSE\/\" \/>\n<meta property=\"article:modified_time\" content=\"2026-03-09T12:39:27+00:00\" \/>\n<meta property=\"og:image\" content=\"https:\/\/itwgse.com\/wp-content\/uploads\/2018\/03\/PCA-Products-Velcro-\u2013-No-Scuff_menu.png\" \/>\n\t<meta property=\"og:image:width\" content=\"1130\" \/>\n\t<meta property=\"og:image:height\" content=\"465\" \/>\n\t<meta property=\"og:image:type\" content=\"image\/png\" \/>\n<meta name=\"twitter:card\" content=\"summary_large_image\" \/>\n<script type=\"application\/ld+json\" class=\"yoast-schema-graph\">{\"@context\":\"https:\/\/schema.org\",\"@graph\":[{\"@type\":\"WebPage\",\"@id\":\"https:\/\/itwgse.com\/fr\/products\/hoses\/pca-products-velcro-no-scuff\/\",\"url\":\"https:\/\/itwgse.com\/fr\/products\/hoses\/pca-products-velcro-no-scuff\/\",\"name\":\"PCA Products Velcro - Gaine plate compacte et isol\u00e9e PCA | ITW GSE\",\"isPartOf\":{\"@id\":\"https:\/\/itwgse.com\/#website\"},\"primaryImageOfPage\":{\"@id\":\"https:\/\/itwgse.com\/fr\/products\/hoses\/pca-products-velcro-no-scuff\/#primaryimage\"},\"image\":{\"@id\":\"https:\/\/itwgse.com\/fr\/products\/hoses\/pca-products-velcro-no-scuff\/#primaryimage\"},\"thumbnailUrl\":\"https:\/\/itwgse.com\/wp-content\/uploads\/2018\/03\/PCA-Products-Velcro-\u2013-No-Scuff_menu.png\",\"datePublished\":\"2018-03-19T11:13:51+00:00\",\"dateModified\":\"2026-03-09T12:39:27+00:00\",\"description\":\"PCA Products Velcro with no scuff est une gaine plate PCA extr\u00eamement flexible pour le chauffage et la climatisation. ITW GSE est le premier fournisseur de tuyaux PCA.\",\"breadcrumb\":{\"@id\":\"https:\/\/itwgse.com\/fr\/products\/hoses\/pca-products-velcro-no-scuff\/#breadcrumb\"},\"inLanguage\":\"fr-FR\",\"potentialAction\":[{\"@type\":\"ReadAction\",\"target\":[\"https:\/\/itwgse.com\/fr\/products\/hoses\/pca-products-velcro-no-scuff\/\"]}]},{\"@type\":\"ImageObject\",\"inLanguage\":\"fr-FR\",\"@id\":\"https:\/\/itwgse.com\/fr\/products\/hoses\/pca-products-velcro-no-scuff\/#primaryimage\",\"url\":\"https:\/\/itwgse.com\/wp-content\/uploads\/2018\/03\/PCA-Products-Velcro-\u2013-No-Scuff_menu.png\",\"contentUrl\":\"https:\/\/itwgse.com\/wp-content\/uploads\/2018\/03\/PCA-Products-Velcro-\u2013-No-Scuff_menu.png\",\"width\":1130,\"height\":465,\"caption\":\"PCA Products Velcro \u2013 No Scuff Aircraft hoses\"},{\"@type\":\"BreadcrumbList\",\"@id\":\"https:\/\/itwgse.com\/fr\/products\/hoses\/pca-products-velcro-no-scuff\/#breadcrumb\",\"itemListElement\":[{\"@type\":\"ListItem\",\"position\":1,\"name\":\"Home\",\"item\":\"https:\/\/itwgse.com\/fr\/\"},{\"@type\":\"ListItem\",\"position\":2,\"name\":\"PCA Products Velcro &#8211; No Scuff\"}]},{\"@type\":\"WebSite\",\"@id\":\"https:\/\/itwgse.com\/#website\",\"url\":\"https:\/\/itwgse.com\/\",\"name\":\"ITW GSE\",\"description\":\"It&#039;s all about connections\",\"publisher\":{\"@id\":\"https:\/\/itwgse.com\/#organization\"},\"potentialAction\":[{\"@type\":\"SearchAction\",\"target\":{\"@type\":\"EntryPoint\",\"urlTemplate\":\"https:\/\/itwgse.com\/?s={search_term_string}\"},\"query-input\":{\"@type\":\"PropertyValueSpecification\",\"valueRequired\":true,\"valueName\":\"search_term_string\"}}],\"inLanguage\":\"fr-FR\"},{\"@type\":\"Organization\",\"@id\":\"https:\/\/itwgse.com\/#organization\",\"name\":\"ITW GSE\",\"url\":\"https:\/\/itwgse.com\/\",\"logo\":{\"@type\":\"ImageObject\",\"inLanguage\":\"fr-FR\",\"@id\":\"https:\/\/itwgse.com\/#\/schema\/logo\/image\/\",\"url\":\"https:\/\/itwgse.com\/wp-content\/uploads\/2018\/11\/logo.png\",\"contentUrl\":\"https:\/\/itwgse.com\/wp-content\/uploads\/2018\/11\/logo.png\",\"width\":302,\"height\":237,\"caption\":\"ITW GSE\"},\"image\":{\"@id\":\"https:\/\/itwgse.com\/#\/schema\/logo\/image\/\"},\"sameAs\":[\"https:\/\/www.facebook.com\/ITWGSE\/\",\"https:\/\/www.linkedin.com\/company\/itw-gse\/\",\"https:\/\/www.youtube.com\/channel\/UCTUIMvyaOPfYIqzP8enZ8yw\"]}]}<\/script>\n<!-- \/ Yoast SEO plugin. -->","yoast_head_json":{"title":"PCA Products Velcro - Gaine plate compacte et isol\u00e9e PCA | ITW GSE","description":"PCA Products Velcro with no scuff est une gaine plate PCA extr\u00eamement flexible pour le chauffage et la climatisation. ITW GSE est le premier fournisseur de tuyaux PCA.","robots":{"index":"index","follow":"follow","max-snippet":"max-snippet:-1","max-image-preview":"max-image-preview:large","max-video-preview":"max-video-preview:-1"},"canonical":"https:\/\/itwgse.com\/fr\/products\/hoses\/pca-products-velcro-no-scuff\/","og_locale":"fr_FR","og_type":"article","og_title":"PCA Products Velcro - Gaine plate compacte et isol\u00e9e PCA | ITW GSE","og_description":"PCA Products Velcro with no scuff est une gaine plate PCA extr\u00eamement flexible pour le chauffage et la climatisation. ITW GSE est le premier fournisseur de tuyaux PCA.","og_url":"https:\/\/itwgse.com\/fr\/products\/hoses\/pca-products-velcro-no-scuff\/","og_site_name":"ITW GSE","article_publisher":"https:\/\/www.facebook.com\/ITWGSE\/","article_modified_time":"2026-03-09T12:39:27+00:00","og_image":[{"width":1130,"height":465,"url":"https:\/\/itwgse.com\/wp-content\/uploads\/2018\/03\/PCA-Products-Velcro-\u2013-No-Scuff_menu.png","type":"image\/png"}],"twitter_card":"summary_large_image","schema":{"@context":"https:\/\/schema.org","@graph":[{"@type":"WebPage","@id":"https:\/\/itwgse.com\/fr\/products\/hoses\/pca-products-velcro-no-scuff\/","url":"https:\/\/itwgse.com\/fr\/products\/hoses\/pca-products-velcro-no-scuff\/","name":"PCA Products Velcro - Gaine plate compacte et isol\u00e9e PCA | ITW GSE","isPartOf":{"@id":"https:\/\/itwgse.com\/#website"},"primaryImageOfPage":{"@id":"https:\/\/itwgse.com\/fr\/products\/hoses\/pca-products-velcro-no-scuff\/#primaryimage"},"image":{"@id":"https:\/\/itwgse.com\/fr\/products\/hoses\/pca-products-velcro-no-scuff\/#primaryimage"},"thumbnailUrl":"https:\/\/itwgse.com\/wp-content\/uploads\/2018\/03\/PCA-Products-Velcro-\u2013-No-Scuff_menu.png","datePublished":"2018-03-19T11:13:51+00:00","dateModified":"2026-03-09T12:39:27+00:00","description":"PCA Products Velcro with no scuff est une gaine plate PCA extr\u00eamement flexible pour le chauffage et la climatisation. ITW GSE est le premier fournisseur de tuyaux PCA.","breadcrumb":{"@id":"https:\/\/itwgse.com\/fr\/products\/hoses\/pca-products-velcro-no-scuff\/#breadcrumb"},"inLanguage":"fr-FR","potentialAction":[{"@type":"ReadAction","target":["https:\/\/itwgse.com\/fr\/products\/hoses\/pca-products-velcro-no-scuff\/"]}]},{"@type":"ImageObject","inLanguage":"fr-FR","@id":"https:\/\/itwgse.com\/fr\/products\/hoses\/pca-products-velcro-no-scuff\/#primaryimage","url":"https:\/\/itwgse.com\/wp-content\/uploads\/2018\/03\/PCA-Products-Velcro-\u2013-No-Scuff_menu.png","contentUrl":"https:\/\/itwgse.com\/wp-content\/uploads\/2018\/03\/PCA-Products-Velcro-\u2013-No-Scuff_menu.png","width":1130,"height":465,"caption":"PCA Products Velcro \u2013 No Scuff Aircraft hoses"},{"@type":"BreadcrumbList","@id":"https:\/\/itwgse.com\/fr\/products\/hoses\/pca-products-velcro-no-scuff\/#breadcrumb","itemListElement":[{"@type":"ListItem","position":1,"name":"Home","item":"https:\/\/itwgse.com\/fr\/"},{"@type":"ListItem","position":2,"name":"PCA Products Velcro &#8211; No Scuff"}]},{"@type":"WebSite","@id":"https:\/\/itwgse.com\/#website","url":"https:\/\/itwgse.com\/","name":"ITW GSE","description":"It&#039;s all about connections","publisher":{"@id":"https:\/\/itwgse.com\/#organization"},"potentialAction":[{"@type":"SearchAction","target":{"@type":"EntryPoint","urlTemplate":"https:\/\/itwgse.com\/?s={search_term_string}"},"query-input":{"@type":"PropertyValueSpecification","valueRequired":true,"valueName":"search_term_string"}}],"inLanguage":"fr-FR"},{"@type":"Organization","@id":"https:\/\/itwgse.com\/#organization","name":"ITW GSE","url":"https:\/\/itwgse.com\/","logo":{"@type":"ImageObject","inLanguage":"fr-FR","@id":"https:\/\/itwgse.com\/#\/schema\/logo\/image\/","url":"https:\/\/itwgse.com\/wp-content\/uploads\/2018\/11\/logo.png","contentUrl":"https:\/\/itwgse.com\/wp-content\/uploads\/2018\/11\/logo.png","width":302,"height":237,"caption":"ITW GSE"},"image":{"@id":"https:\/\/itwgse.com\/#\/schema\/logo\/image\/"},"sameAs":["https:\/\/www.facebook.com\/ITWGSE\/","https:\/\/www.linkedin.com\/company\/itw-gse\/","https:\/\/www.youtube.com\/channel\/UCTUIMvyaOPfYIqzP8enZ8yw"]}]}},"_links":{"self":[{"href":"https:\/\/itwgse.com\/fr\/wp-json\/wp\/v2\/product\/45201","targetHints":{"allow":["GET"]}}],"collection":[{"href":"https:\/\/itwgse.com\/fr\/wp-json\/wp\/v2\/product"}],"about":[{"href":"https:\/\/itwgse.com\/fr\/wp-json\/wp\/v2\/types\/product"}],"replies":[{"embeddable":true,"href":"https:\/\/itwgse.com\/fr\/wp-json\/wp\/v2\/comments?post=45201"}],"wp:featuredmedia":[{"embeddable":true,"href":"https:\/\/itwgse.com\/fr\/wp-json\/wp\/v2\/media\/4543"}],"wp:attachment":[{"href":"https:\/\/itwgse.com\/fr\/wp-json\/wp\/v2\/media?parent=45201"}],"wp:term":[{"taxonomy":"product_brand","embeddable":true,"href":"https:\/\/itwgse.com\/fr\/wp-json\/wp\/v2\/product_brand?post=45201"},{"taxonomy":"product_cat","embeddable":true,"href":"https:\/\/itwgse.com\/fr\/wp-json\/wp\/v2\/product_cat?post=45201"},{"taxonomy":"product_tag","embeddable":true,"href":"https:\/\/itwgse.com\/fr\/wp-json\/wp\/v2\/product_tag?post=45201"}],"curies":[{"name":"wp","href":"https:\/\/api.w.org\/{rel}","templated":true}]}}