{"id":45204,"date":"2018-03-18T15:48:39","date_gmt":"2018-03-18T14:48:39","guid":{"rendered":"https:\/\/itwgse.com\/products\/non class\u00e9\/connecteur-pca-en-nylon\/"},"modified":"2026-03-09T13:39:37","modified_gmt":"2026-03-09T12:39:37","slug":"connecteur-pca-en-nylon","status":"publish","type":"product","link":"https:\/\/itwgse.com\/fr\/products\/schlaeuche\/connecteur-pca-en-nylon\/","title":{"rendered":"Connecteur PCA en nylon"},"content":{"rendered":"<div id=\"pl-45204\"  class=\"panel-layout\" ><div id=\"pg-45204-0\"  class=\"panel-grid panel-no-style\" ><div id=\"pgc-45204-0-0\"  class=\"panel-grid-cell\" ><div id=\"panel-45204-0-0-0\" class=\"so-panel widget widget_mtt-cover-section panel-first-child\" data-index=\"0\" ><div\n\t\t\t\n\t\t\tclass=\"so-widget-mtt-cover-section so-widget-mtt-cover-section-base\"\n\t\t\t\n\t\t>\n<div class=\"mtt-cover-section-wrap product\">\n    <div class=\"mtt-cover-product-container\">\n        <div class=\"mtt-cover-section-text-wrap\">\n            <img decoding=\"async\" width=\"744\" height=\"692\" src=\"https:\/\/itwgse.com\/wp-content\/uploads\/2018\/03\/JB729SC_BLCK9020.png\" class=\"cover-product\" alt=\"Nylon PCA Connector, Aircraft hoses\" srcset=\"https:\/\/itwgse.com\/wp-content\/uploads\/2018\/03\/JB729SC_BLCK9020.png 744w, https:\/\/itwgse.com\/wp-content\/uploads\/2018\/03\/JB729SC_BLCK9020-300x279.png 300w, https:\/\/itwgse.com\/wp-content\/uploads\/2018\/03\/JB729SC_BLCK9020-269x250.png 269w, https:\/\/itwgse.com\/wp-content\/uploads\/2018\/03\/JB729SC_BLCK9020-564x525.png 564w, https:\/\/itwgse.com\/wp-content\/uploads\/2018\/03\/JB729SC_BLCK9020-645x600.png 645w, https:\/\/itwgse.com\/wp-content\/uploads\/2018\/03\/JB729SC_BLCK9020-600x558.png 600w\" sizes=\"(max-width: 744px) 100vw, 744px\" \/>            <div class=\"mtt-cover-section-text\">\n                                <span class=\"tagline\"><\/span>\n                <h1>Connecteur PCA en nylon<\/h1>\n                <div class=\"text\"><p>ITW GSE est fier de vous pr\u00e9senter le connecteur PCA en nylon JB730 avec un joint encliquetable. Notre connecteur PCA en nylon brevet\u00e9 est le plus durable de sa cat\u00e9gorie dans l'industrie ! <\/p>\n<div class=\"pcl_tooltip_box\" style=\"display: none;\">\n<p>Image d\u00e9j\u00e0 ajout\u00e9e<\/p>\n<div class=\"arrow border\"><\/div>\n<div class=\"arrow\"><\/div>\n<\/div>\n<div class=\"pcl_global_mask\" style=\"display: none;\"><\/div>\n<\/div>\n                <input type=\"hidden\" name=\"product\" value=\"45204\">\n\n                    <div class=\"button-wrap\">\n                        <a class=\"button mtt-support-box modal\" data-flow=\"request-quotation\" data-template=\"request-form\"\n                           data-product_id=\"45204\" data-previous_no_pagination=\"true\">Request Product<\/a>\n\n                                                                                    <a\n                                    href=\"\"\n                                    class=\"button  open-brochure-modal\"\n                                >\n                                    Brochure                                <\/a>\n                                                                        <\/div>\n\n            <\/div>\n        <\/div>\n    <\/div>\n    <div class=\"mtt-cover-product-background no-background\" >\n                <div class=\"mtt-cover-product-background-image\">\n                        <img decoding=\"async\"  src=\"https:\/\/itwgse.com\/wp-content\/themes\/mtt-standard-theme\/assets\/img\/cover\/itwgse_cut_wide.svg\" class=\"itwgse-cut\">        <\/div>\n\n        <div class=\"mtt-cover-product small\">\n            <img decoding=\"async\" width=\"1200\" height=\"740\" src=\"https:\/\/itwgse.com\/wp-content\/uploads\/2018\/03\/nylon-pca-connector-1200x740.png\" class=\"attachment-1200x740x size-1200x740x\" alt=\"Aircraft hoses\" srcset=\"https:\/\/itwgse.com\/wp-content\/uploads\/2018\/03\/nylon-pca-connector.png 1200w, https:\/\/itwgse.com\/wp-content\/uploads\/2018\/03\/nylon-pca-connector-300x185.png 300w, https:\/\/itwgse.com\/wp-content\/uploads\/2018\/03\/nylon-pca-connector-1024x631.png 1024w\" sizes=\"(max-width: 1200px) 100vw, 1200px\" \/>        <\/div>\n    <\/div>\n<\/div><\/div><\/div><div id=\"panel-45204-0-0-1\" class=\"so-panel widget widget_mtt-two-col-text\" data-index=\"1\" ><div\n\t\t\t\n\t\t\tclass=\"so-widget-mtt-two-col-text so-widget-mtt-two-col-text-base\"\n\t\t\t\n\t\t>\n<div class=\"mtt-two-col-wrapper\">\n    <div class=\"mtt-two-col-container\">\n        <div class=\"mtt-two-col-content has-title\">\n                            <h2>Le plus durable de sa cat\u00e9gorie<\/h2>\n                        <div class=\"text-section\">\n                <div class=\"col formatted_content\"><p>ITW GSE a rendu le remplacement des joints de nos connecteurs PCA en nylon plus facile et plus efficace avec le joint JB730 Snap-On Gasket ! Le JB730 est fabriqu\u00e9 \u00e0 partir d'un composite de nylon de haute qualit\u00e9, mais offre un joint Snap-On qui peut \u00eatre remplac\u00e9 en quelques minutes au lieu de plusieurs heures. Le joint encliquetable permet \u00e0 l'\u00e9quipe de maintenance de remplacer les joints us\u00e9s sur les connecteurs PCA en nylon alors qu'elle est encore sur le terrain.  <\/p>\n<p>Notre proc\u00e9d\u00e9 brevet\u00e9 de fabrication sans soudure permet de mouler le corps du m\u00e9canisme de verrouillage dans le connecteur lui-m\u00eame, ce qui lui conf\u00e8re une r\u00e9sistance et une stabilit\u00e9 accrues. Il peut \u00eatre utilis\u00e9 pour le chauffage ou la climatisation et \u00e9limine la n\u00e9cessit\u00e9 d'acheter des articles suppl\u00e9mentaires. <\/p>\n<p>Ce connecteur PCA en nylon est r\u00e9sistant aux UV et est con\u00e7u pour supporter les produits chimiques, les carburants et les solvants que l'on trouve g\u00e9n\u00e9ralement dans l'environnement difficile du soutien au sol. Malgr\u00e9 sa construction et sa conception robustes, il est l\u00e9ger, ce qui en fait un composant indispensable pour toutes les unit\u00e9s PCA. <\/p>\n<p>Le connecteur PCA en nylon brevet\u00e9 par ITW GSE Services est \u00e9galement disponible avec un \u00e9cran en acier inoxydable en option, offrant une protection suppl\u00e9mentaire contre les contaminants plus importants qui p\u00e9n\u00e8trent dans le syst\u00e8me de chauffage ou de refroidissement de l'avion.<\/p>\n<div class=\"pcl_tooltip_box\" style=\"display: none;\">\n<p>Image d\u00e9j\u00e0 ajout\u00e9e<\/p>\n<div class=\"arrow border\"><\/div>\n<div class=\"arrow\"><\/div>\n<\/div>\n<div class=\"pcl_global_mask\" style=\"display: none;\"><\/div>\n<\/div>\n                <div class=\"col formatted_content\"><h3>Options<\/h3>\n<ul>\n<li>JB729 - Connecteur PCA composite en nylon avec joint en n\u00e9opr\u00e8ne<\/li>\n<li>JB729SC - Connecteur PCA blind\u00e9 en composite de nylon avec joint en n\u00e9opr\u00e8ne<\/li>\n<li>JB730 - Connecteur PCA composite en nylon avec joint encliquetable<\/li>\n<li>JB730SC - Connecteur PCA blind\u00e9 en composite nylon avec joint encliquetable<\/li>\n<\/ul>\n<p>\u00a0<\/p>\n<p><img decoding=\"async\" class=\"alignnone size-full wp-image-4586\" src=\"https:\/\/itwgse.com\/wp-content\/uploads\/2018\/03\/ProductNumber-JB730-BLCK9034.png\" alt=\"\" width=\"2000\" height=\"1261\" srcset=\"https:\/\/itwgse.com\/wp-content\/uploads\/2018\/03\/ProductNumber-JB730-BLCK9034.png 2000w, https:\/\/itwgse.com\/wp-content\/uploads\/2018\/03\/ProductNumber-JB730-BLCK9034-300x189.png 300w, https:\/\/itwgse.com\/wp-content\/uploads\/2018\/03\/ProductNumber-JB730-BLCK9034-1024x646.png 1024w\" sizes=\"(max-width: 2000px) 100vw, 2000px\" \/><\/p>\n<div class=\"pcl_tooltip_box\" style=\"display: none;\">\n<p>Image d\u00e9j\u00e0 ajout\u00e9e<\/p>\n<div class=\"arrow border\"><\/div>\n<div class=\"arrow\"><\/div>\n<\/div>\n<div class=\"pcl_global_mask\" style=\"display: none;\"><\/div>\n                                    <\/div>\n            <\/div>\n                    <\/div>\n    <\/div>\n<\/div><\/div><\/div><div id=\"panel-45204-0-0-2\" class=\"so-panel widget widget_mtt-product-files\" data-index=\"2\" ><div\n\t\t\t\n\t\t\tclass=\"so-widget-mtt-product-files so-widget-mtt-product-files-base\"\n\t\t\t\n\t\t>    <div class=\"product-files-wrapper no-top-padding\">\n        <div class=\"page_container\">\n            <h2>Downloads for Connecteur PCA en nylon<\/h2>\n            <div class=\"button-wrap\">\n                                                            <a\n                            class=\"button open-modal\"\n                            href=\"#\"\n                            data-id=\"41c161c7-61ef-4381-b226-22f43b9df68d\"\n                        >\n                            Brochures                        <\/a>\n                                                                        <\/div>\n        <\/div>\n    <\/div>\n    <\/div><\/div><div id=\"panel-45204-0-0-3\" class=\"so-panel widget widget_mtt-one-col-text\" data-index=\"3\" ><div\n\t\t\t\n\t\t\tclass=\"so-widget-mtt-one-col-text so-widget-mtt-one-col-text-base\"\n\t\t\t\n\t\t>\n<div class=\"mtt-two-col-wrapper no-top-padding\">\n    <div class=\"mtt-two-col-container\">\n        <div class=\"mtt-two-col-content formatted_content has-title-one\">\n\t\t\t                <h2>Anciennement connu sous le nom de J&B Aviation<\/h2>\n                        <div class=\"text-section one-col\">\n                <p>Jusqu'en 2018, le connecteur PCA en nylon \u00e9tait vendu sous la marque J&B Aviation.<\/p>\n<p>En savoir plus sur l <a href=\"https:\/\/itwgse.com\/about-itw-gse\/\" target=\"_blank\" rel=\"noopener\">'histoire de notre marque.<\/a><\/p>\n<p>\u00a0<\/p>\n<p>Vous pouvez voir <a href=\"https:\/\/itwgse.com\/aircraft-hoses\/\">ici tous les tuyaux ITW GSE<\/a> actuels.<\/p>\n            <\/div>\n\n            \n                        <\/div>\n    <\/div>\n<\/div>\n<\/div><\/div><div id=\"panel-45204-0-0-4\" class=\"so-panel widget widget_mtt-customer-support panel-last-child\" data-index=\"4\" ><div\n\t\t\t\n\t\t\tclass=\"so-widget-mtt-customer-support so-widget-mtt-customer-support-base\"\n\t\t\t\n\t\t>\n<div class=\"mtt-text-image-wrap less-top-padding less-bottom-padding grey-bg\">\n        <!-- Content -->\n    <div class=\"mtt-text-image-container\">\n        <div class=\"mtt-text-image-col\">\n            <div class=\"mtt-text-image-content formatted_content\">\n                                <h2>Assistance client\u00e8le<\/h2>\n                <p><strong>Comment pouvons-nous vous aider\u00a0?<\/strong><\/p>\n<p>Besoin de sch\u00e9mas, de listes de pi\u00e8ces d\u00e9tach\u00e9es ou de tutoriels vid\u00e9o\u00a0? Cliquez sur le bouton \u00ab\u00a0Assistance produit\u00a0\u00bb.<\/p>\n<p>Des questions pour l\u2019assistance client\u00e8le\u00a0? Cliquez sur le bouton \u00ab\u00a0Contacter l\u2019assistance client\u00e8le\u00a0\u00bb.<\/p>\n<p>Si votre question concerne un produit sp\u00e9cifique, veuillez indiquer son num\u00e9ro de s\u00e9rie.<\/p>\n\n                                    <div class=\"button-wrap\">\n                                                    <a href=\"https:\/\/itwgse.com\/fr\/soutien-et-service\/\" class=\"button\">\n                                Assistance produit                            <\/a>\n                                                    <a href=\"https:\/\/itwgse.com\/fr\/contact\/\" class=\"button\">\n                                Contacter l\u2019assistance client\u00e8le                            <\/a>\n                                            <\/div>\n                            <\/div>\n        <\/div>\n                    <div class=\"mtt-text-image-col img center\">\n                <div class=\"mtt-text-image-content\">\n                    <img decoding=\"async\" width=\"1800\" height=\"1023\" src=\"https:\/\/itwgse.com\/wp-content\/uploads\/2018\/06\/ITWGSE_hero_cleanest-1.jpg\" class=\"attachment-full size-full\" alt=\"\" srcset=\"https:\/\/itwgse.com\/wp-content\/uploads\/2018\/06\/ITWGSE_hero_cleanest-1.jpg 1800w, https:\/\/itwgse.com\/wp-content\/uploads\/2018\/06\/ITWGSE_hero_cleanest-1-300x171.jpg 300w, https:\/\/itwgse.com\/wp-content\/uploads\/2018\/06\/ITWGSE_hero_cleanest-1-1024x582.jpg 1024w\" sizes=\"(max-width: 1800px) 100vw, 1800px\" \/>                \n                    \n                    \n                <\/div>\n            <\/div>\n            <\/div>\n<\/div>\n\n<script>\nfunction sendEvent(action, element) {\n    var videoTitle = jQuery(element).data('title');  \n\n    if (dataLayer && videoTitle) {\n        dataLayer.push({\n            'event': 'video',\n            'eventCategory': 'Video',\n            'eventAction': action,\n            'eventLabel': videoTitle\n        });\n    }\n    else if (ga && videoTitle) {\n        ga('send', 'event', 'Video', action, videoTitle);\n    }  \n}\n<\/script>\n<\/div><\/div><\/div><\/div><\/div>","protected":false},"excerpt":{"rendered":"<p>Le connecteur PCA en nylon brevet\u00e9 par ITW GSE est le plus durable de sa cat\u00e9gorie dans l&rsquo;industrie !<\/p>\n","protected":false},"featured_media":4395,"comment_status":"open","ping_status":"closed","template":"","meta":{"_acf_changed":false,"_relevanssi_hide_post":"","_relevanssi_hide_content":"","_relevanssi_pin_for_all":"","_relevanssi_pin_keywords":"","_relevanssi_unpin_keywords":"","_relevanssi_related_keywords":"","_relevanssi_related_include_ids":"","_relevanssi_related_exclude_ids":"","_relevanssi_related_no_append":"","_relevanssi_related_not_related":"","_relevanssi_related_posts":"","_relevanssi_noindex_reason":""},"product_brand":[],"product_cat":[4554,4583,4581,4542],"product_tag":[],"class_list":{"0":"post-45204","1":"product","2":"type-product","3":"status-publish","4":"has-post-thumbnail","6":"product_cat-brochure-catalogue","7":"product_cat-cables-et-tuyaux","8":"product_cat-produits-militaires","9":"product_cat-schlaeuche","11":"first","12":"instock","13":"shipping-taxable","14":"purchasable","15":"product-type-simple"},"acf":[],"yoast_head":"<!-- This site is optimized with the Yoast SEO plugin v27.0 - https:\/\/yoast.com\/product\/yoast-seo-wordpress\/ -->\n<title>Connecteur PCA en nylon - Le plus durable de sa cat\u00e9gorie | ITW GSE<\/title>\n<meta name=\"description\" content=\"Le connecteur PCA en nylon est r\u00e9sistant aux UV et est con\u00e7u pour r\u00e9sister aux produits chimiques, aux carburants et aux solvants. Sa construction et sa conception sont robustes, mais il reste l\u00e9ger.\" \/>\n<meta name=\"robots\" content=\"index, follow, max-snippet:-1, max-image-preview:large, max-video-preview:-1\" \/>\n<link rel=\"canonical\" href=\"https:\/\/itwgse.com\/fr\/products\/hoses\/connecteur-pca-en-nylon\/\" \/>\n<meta property=\"og:locale\" content=\"fr_FR\" \/>\n<meta property=\"og:type\" content=\"article\" \/>\n<meta property=\"og:title\" content=\"Connecteur PCA en nylon - Le plus durable de sa cat\u00e9gorie | ITW GSE\" \/>\n<meta property=\"og:description\" content=\"Le connecteur PCA en nylon est r\u00e9sistant aux UV et est con\u00e7u pour r\u00e9sister aux produits chimiques, aux carburants et aux solvants. Sa construction et sa conception sont robustes, mais il reste l\u00e9ger.\" \/>\n<meta property=\"og:url\" content=\"https:\/\/itwgse.com\/fr\/products\/hoses\/connecteur-pca-en-nylon\/\" \/>\n<meta property=\"og:site_name\" content=\"ITW GSE\" \/>\n<meta property=\"article:publisher\" content=\"https:\/\/www.facebook.com\/ITWGSE\/\" \/>\n<meta property=\"article:modified_time\" content=\"2026-03-09T12:39:37+00:00\" \/>\n<meta property=\"og:image\" content=\"https:\/\/itwgse.com\/wp-content\/uploads\/2018\/03\/JB729SC_BLCK9020.png\" \/>\n\t<meta property=\"og:image:width\" content=\"744\" \/>\n\t<meta property=\"og:image:height\" content=\"692\" \/>\n\t<meta property=\"og:image:type\" content=\"image\/png\" \/>\n<meta name=\"twitter:card\" content=\"summary_large_image\" \/>\n<script type=\"application\/ld+json\" class=\"yoast-schema-graph\">{\"@context\":\"https:\/\/schema.org\",\"@graph\":[{\"@type\":\"WebPage\",\"@id\":\"https:\/\/itwgse.com\/fr\/products\/hoses\/connecteur-pca-en-nylon\/\",\"url\":\"https:\/\/itwgse.com\/fr\/products\/hoses\/connecteur-pca-en-nylon\/\",\"name\":\"Connecteur PCA en nylon - Le plus durable de sa cat\u00e9gorie | ITW GSE\",\"isPartOf\":{\"@id\":\"https:\/\/itwgse.com\/#website\"},\"primaryImageOfPage\":{\"@id\":\"https:\/\/itwgse.com\/fr\/products\/hoses\/connecteur-pca-en-nylon\/#primaryimage\"},\"image\":{\"@id\":\"https:\/\/itwgse.com\/fr\/products\/hoses\/connecteur-pca-en-nylon\/#primaryimage\"},\"thumbnailUrl\":\"https:\/\/itwgse.com\/wp-content\/uploads\/2018\/03\/JB729SC_BLCK9020.png\",\"datePublished\":\"2018-03-18T14:48:39+00:00\",\"dateModified\":\"2026-03-09T12:39:37+00:00\",\"description\":\"Le connecteur PCA en nylon est r\u00e9sistant aux UV et est con\u00e7u pour r\u00e9sister aux produits chimiques, aux carburants et aux solvants. Sa construction et sa conception sont robustes, mais il reste l\u00e9ger.\",\"breadcrumb\":{\"@id\":\"https:\/\/itwgse.com\/fr\/products\/hoses\/connecteur-pca-en-nylon\/#breadcrumb\"},\"inLanguage\":\"fr-FR\",\"potentialAction\":[{\"@type\":\"ReadAction\",\"target\":[\"https:\/\/itwgse.com\/fr\/products\/hoses\/connecteur-pca-en-nylon\/\"]}]},{\"@type\":\"ImageObject\",\"inLanguage\":\"fr-FR\",\"@id\":\"https:\/\/itwgse.com\/fr\/products\/hoses\/connecteur-pca-en-nylon\/#primaryimage\",\"url\":\"https:\/\/itwgse.com\/wp-content\/uploads\/2018\/03\/JB729SC_BLCK9020.png\",\"contentUrl\":\"https:\/\/itwgse.com\/wp-content\/uploads\/2018\/03\/JB729SC_BLCK9020.png\",\"width\":744,\"height\":692,\"caption\":\"Nylon PCA Connector, Aircraft hoses\"},{\"@type\":\"BreadcrumbList\",\"@id\":\"https:\/\/itwgse.com\/fr\/products\/hoses\/connecteur-pca-en-nylon\/#breadcrumb\",\"itemListElement\":[{\"@type\":\"ListItem\",\"position\":1,\"name\":\"Home\",\"item\":\"https:\/\/itwgse.com\/fr\/\"},{\"@type\":\"ListItem\",\"position\":2,\"name\":\"Connecteur PCA en nylon\"}]},{\"@type\":\"WebSite\",\"@id\":\"https:\/\/itwgse.com\/#website\",\"url\":\"https:\/\/itwgse.com\/\",\"name\":\"ITW GSE\",\"description\":\"It&#039;s all about connections\",\"publisher\":{\"@id\":\"https:\/\/itwgse.com\/#organization\"},\"potentialAction\":[{\"@type\":\"SearchAction\",\"target\":{\"@type\":\"EntryPoint\",\"urlTemplate\":\"https:\/\/itwgse.com\/?s={search_term_string}\"},\"query-input\":{\"@type\":\"PropertyValueSpecification\",\"valueRequired\":true,\"valueName\":\"search_term_string\"}}],\"inLanguage\":\"fr-FR\"},{\"@type\":\"Organization\",\"@id\":\"https:\/\/itwgse.com\/#organization\",\"name\":\"ITW GSE\",\"url\":\"https:\/\/itwgse.com\/\",\"logo\":{\"@type\":\"ImageObject\",\"inLanguage\":\"fr-FR\",\"@id\":\"https:\/\/itwgse.com\/#\/schema\/logo\/image\/\",\"url\":\"https:\/\/itwgse.com\/wp-content\/uploads\/2018\/11\/logo.png\",\"contentUrl\":\"https:\/\/itwgse.com\/wp-content\/uploads\/2018\/11\/logo.png\",\"width\":302,\"height\":237,\"caption\":\"ITW GSE\"},\"image\":{\"@id\":\"https:\/\/itwgse.com\/#\/schema\/logo\/image\/\"},\"sameAs\":[\"https:\/\/www.facebook.com\/ITWGSE\/\",\"https:\/\/www.linkedin.com\/company\/itw-gse\/\",\"https:\/\/www.youtube.com\/channel\/UCTUIMvyaOPfYIqzP8enZ8yw\"]}]}<\/script>\n<!-- \/ Yoast SEO plugin. -->","yoast_head_json":{"title":"Connecteur PCA en nylon - Le plus durable de sa cat\u00e9gorie | ITW GSE","description":"Le connecteur PCA en nylon est r\u00e9sistant aux UV et est con\u00e7u pour r\u00e9sister aux produits chimiques, aux carburants et aux solvants. Sa construction et sa conception sont robustes, mais il reste l\u00e9ger.","robots":{"index":"index","follow":"follow","max-snippet":"max-snippet:-1","max-image-preview":"max-image-preview:large","max-video-preview":"max-video-preview:-1"},"canonical":"https:\/\/itwgse.com\/fr\/products\/hoses\/connecteur-pca-en-nylon\/","og_locale":"fr_FR","og_type":"article","og_title":"Connecteur PCA en nylon - Le plus durable de sa cat\u00e9gorie | ITW GSE","og_description":"Le connecteur PCA en nylon est r\u00e9sistant aux UV et est con\u00e7u pour r\u00e9sister aux produits chimiques, aux carburants et aux solvants. Sa construction et sa conception sont robustes, mais il reste l\u00e9ger.","og_url":"https:\/\/itwgse.com\/fr\/products\/hoses\/connecteur-pca-en-nylon\/","og_site_name":"ITW GSE","article_publisher":"https:\/\/www.facebook.com\/ITWGSE\/","article_modified_time":"2026-03-09T12:39:37+00:00","og_image":[{"width":744,"height":692,"url":"https:\/\/itwgse.com\/wp-content\/uploads\/2018\/03\/JB729SC_BLCK9020.png","type":"image\/png"}],"twitter_card":"summary_large_image","schema":{"@context":"https:\/\/schema.org","@graph":[{"@type":"WebPage","@id":"https:\/\/itwgse.com\/fr\/products\/hoses\/connecteur-pca-en-nylon\/","url":"https:\/\/itwgse.com\/fr\/products\/hoses\/connecteur-pca-en-nylon\/","name":"Connecteur PCA en nylon - Le plus durable de sa cat\u00e9gorie | ITW GSE","isPartOf":{"@id":"https:\/\/itwgse.com\/#website"},"primaryImageOfPage":{"@id":"https:\/\/itwgse.com\/fr\/products\/hoses\/connecteur-pca-en-nylon\/#primaryimage"},"image":{"@id":"https:\/\/itwgse.com\/fr\/products\/hoses\/connecteur-pca-en-nylon\/#primaryimage"},"thumbnailUrl":"https:\/\/itwgse.com\/wp-content\/uploads\/2018\/03\/JB729SC_BLCK9020.png","datePublished":"2018-03-18T14:48:39+00:00","dateModified":"2026-03-09T12:39:37+00:00","description":"Le connecteur PCA en nylon est r\u00e9sistant aux UV et est con\u00e7u pour r\u00e9sister aux produits chimiques, aux carburants et aux solvants. Sa construction et sa conception sont robustes, mais il reste l\u00e9ger.","breadcrumb":{"@id":"https:\/\/itwgse.com\/fr\/products\/hoses\/connecteur-pca-en-nylon\/#breadcrumb"},"inLanguage":"fr-FR","potentialAction":[{"@type":"ReadAction","target":["https:\/\/itwgse.com\/fr\/products\/hoses\/connecteur-pca-en-nylon\/"]}]},{"@type":"ImageObject","inLanguage":"fr-FR","@id":"https:\/\/itwgse.com\/fr\/products\/hoses\/connecteur-pca-en-nylon\/#primaryimage","url":"https:\/\/itwgse.com\/wp-content\/uploads\/2018\/03\/JB729SC_BLCK9020.png","contentUrl":"https:\/\/itwgse.com\/wp-content\/uploads\/2018\/03\/JB729SC_BLCK9020.png","width":744,"height":692,"caption":"Nylon PCA Connector, Aircraft hoses"},{"@type":"BreadcrumbList","@id":"https:\/\/itwgse.com\/fr\/products\/hoses\/connecteur-pca-en-nylon\/#breadcrumb","itemListElement":[{"@type":"ListItem","position":1,"name":"Home","item":"https:\/\/itwgse.com\/fr\/"},{"@type":"ListItem","position":2,"name":"Connecteur PCA en nylon"}]},{"@type":"WebSite","@id":"https:\/\/itwgse.com\/#website","url":"https:\/\/itwgse.com\/","name":"ITW GSE","description":"It&#039;s all about connections","publisher":{"@id":"https:\/\/itwgse.com\/#organization"},"potentialAction":[{"@type":"SearchAction","target":{"@type":"EntryPoint","urlTemplate":"https:\/\/itwgse.com\/?s={search_term_string}"},"query-input":{"@type":"PropertyValueSpecification","valueRequired":true,"valueName":"search_term_string"}}],"inLanguage":"fr-FR"},{"@type":"Organization","@id":"https:\/\/itwgse.com\/#organization","name":"ITW GSE","url":"https:\/\/itwgse.com\/","logo":{"@type":"ImageObject","inLanguage":"fr-FR","@id":"https:\/\/itwgse.com\/#\/schema\/logo\/image\/","url":"https:\/\/itwgse.com\/wp-content\/uploads\/2018\/11\/logo.png","contentUrl":"https:\/\/itwgse.com\/wp-content\/uploads\/2018\/11\/logo.png","width":302,"height":237,"caption":"ITW GSE"},"image":{"@id":"https:\/\/itwgse.com\/#\/schema\/logo\/image\/"},"sameAs":["https:\/\/www.facebook.com\/ITWGSE\/","https:\/\/www.linkedin.com\/company\/itw-gse\/","https:\/\/www.youtube.com\/channel\/UCTUIMvyaOPfYIqzP8enZ8yw"]}]}},"_links":{"self":[{"href":"https:\/\/itwgse.com\/fr\/wp-json\/wp\/v2\/product\/45204","targetHints":{"allow":["GET"]}}],"collection":[{"href":"https:\/\/itwgse.com\/fr\/wp-json\/wp\/v2\/product"}],"about":[{"href":"https:\/\/itwgse.com\/fr\/wp-json\/wp\/v2\/types\/product"}],"replies":[{"embeddable":true,"href":"https:\/\/itwgse.com\/fr\/wp-json\/wp\/v2\/comments?post=45204"}],"wp:featuredmedia":[{"embeddable":true,"href":"https:\/\/itwgse.com\/fr\/wp-json\/wp\/v2\/media\/4395"}],"wp:attachment":[{"href":"https:\/\/itwgse.com\/fr\/wp-json\/wp\/v2\/media?parent=45204"}],"wp:term":[{"taxonomy":"product_brand","embeddable":true,"href":"https:\/\/itwgse.com\/fr\/wp-json\/wp\/v2\/product_brand?post=45204"},{"taxonomy":"product_cat","embeddable":true,"href":"https:\/\/itwgse.com\/fr\/wp-json\/wp\/v2\/product_cat?post=45204"},{"taxonomy":"product_tag","embeddable":true,"href":"https:\/\/itwgse.com\/fr\/wp-json\/wp\/v2\/product_tag?post=45204"}],"curies":[{"name":"wp","href":"https:\/\/api.w.org\/{rel}","templated":true}]}}